{"id":123076,"date":"2021-03-26T14:40:50","date_gmt":"2021-03-26T13:40:50","guid":{"rendered":"https:\/\/www.exitfest.org\/?page_id=123076"},"modified":"2024-08-07T12:01:08","modified_gmt":"2024-08-07T10:01:08","slug":"about","status":"publish","type":"page","link":"https:\/\/www.exitfest.org\/de\/about","title":{"rendered":"\u00dcber EXIT"},"content":{"rendered":"<div class=\"wpb-content-wrapper\"><p>[vc_row el_class=&#8220;container-single uk-container-center&#8220; css=&#8220;.vc_custom_1547721991391{padding-top: 40px !important;}&#8220;][vc_column css_animation=&#8220;none&#8220; offset=&#8220;vc_col-lg-offset-2 vc_col-lg-8 vc_col-md-offset-2 vc_col-md-8&#8243;][vc_column_text css_animation=&#8220;none&#8220; css=&#8220;.vc_custom_1639062327848{margin-bottom: 10px !important;}&#8220;]EXIT ist ein preisgekr\u00f6ntes Musikfestival im Sommer, das in der Festung Petrovaradin in Novi Sad, Serbien mit mehr als 1000 K\u00fcnstlern stattfindet, die auf \u00fcber 40 B\u00fchnen und Festival Areas spielen.<\/p>\n<p>Im Universit\u00e4tspark als Studentenbewegung gegr\u00fcndet, die f\u00fcr Demokratie und Freiheit in Serbien und am Balkan k\u00e4mpft, fand das EXIT im Jahr 2000 das erste Mal statt. Nach den jugoslawischen Parlamentswahlen im Jahr 2000 zog EXIT im Jahr 2001 in die Festung Petrovaradin um.<\/p>\n<p>Da das Festival im Geiste echter Jugendrebellion, als Bewegung f\u00fcr die Freiheit in Serbien und den Frieden auf dem Balkan gegr\u00fcndet wurde, war das Leitbild des Festivals von Anfang an klar &#8211; mit Musik sozialen Wandel zu erreichen. Soziale Verantwortung ist immer noch der Schl\u00fcsselaspekt der Festivalaktivit\u00e4ten, mit dem Hauptaugenmerk auf Umwelt- und humanit\u00e4re Aktivit\u00e4ten, die Entwicklung der Kreativwirtschaft sowie die regionale Zusammenarbeit.[\/vc_column_text][vc_single_image image=&#8220;148043&#8243; img_size=&#8220;full&#8220; alignment=&#8220;center&#8220;][vc_column_text]In seiner 20-j\u00e4hrigen Geschichte hat EXIT international gefeierte Musikstars wie die Pet Shop Boys, Billy Idol, The Cure, The Killers, Guns N&#8216; Roses, Franz Ferdinand, Mot\u00f6rhead, Iggy Pop, David Guetta, Massive Attack, Liam Gallagher, Grace Jones, Fatboy Slim, Cypress Hill, Beastie Boys, Snoop Dogg, Wu-Tang Clan, The Prodigy, Migos, Sex Pistols, Kraftwerk, Korn, Moby, Arctic Monkeys, Chemical Brothers, Faith No More, LCD Soundsystem, Nick Cave and The Bad Seeds, Pulp, Jamiroquai, M.I.A., Slayer, Ellie Goulding, Hardwell, Carl Cox, Avicii, Nina Kraviz und viele andere beherbergt.<\/p>\n<p>Das EXIT Festival wurde bei den EU Festival Awards 2013 und 2017 offiziell als &#8222;Bestes gro\u00dfe europ\u00e4ische Festival&#8220; ausgezeichnet. EXIT hat auch die Auszeichnung &#8222;Best Overseas Festival&#8220; bei den UK Festival Awards im Jahr 2007 gewonnen, sowie den Titel &#8222;Best Summer Music Festival in Europe&#8220; in 2016 vom Reiseportal &#8222;European Best Destinations&#8220; in Zusammenarbeit mit der Europ\u00e4ischen Kommission. Im M\u00e4rz 2018 wurde das EXIT Festival vom Regional Cooperation Council als &#8222;Champion of Regional Cooperation&#8220; f\u00fcr 2017 ausgezeichnet.[\/vc_column_text][vc_single_image image=&#8220;148051&#8243; img_size=&#8220;full&#8220; alignment=&#8220;center&#8220;][vc_column_text]Im Laufe der Jahre hat EXIT die internationale Medienaufmerksamkeit erlangt und wurde in Artikeln von CNN (&#8222;World&#8217;s Top 5 Festivals&#8220;), The Guardian (&#8222;World&#8217;s Best Festival&#8220;), The Sun (&#8222;One of Europe&#8217;s most popular music events&#8220;), Euronews, New York Times, BBC (&#8222;Top 3 Music Festivals&#8220;), Forbes (&#8222;Dank EXIT ist Serbien ein Festival-Hotspot, der Ihre Aufmerksamkeit verdient&#8220;), The Times (&#8222;Best European Festival&#8220;), MTV (World&#8217;s Best Festival&#8220;) und vielen mehr vorgestellt.[\/vc_column_text][vc_empty_space height=&#8220;30px&#8220; bb_tab_container=&#8220;&#8220;][vc_raw_html css=&#8220;&#8220; bb_tab_container=&#8220;&#8220;]JTNDZGl2JTIwc3R5bGUlM0QlMjJsZWZ0JTNBJTIwMCUzQiUyMHdpZHRoJTNBJTIwMTAwJTI1JTNCJTIwaGVpZ2h0JTNBJTIwMCUzQiUyMHBvc2l0aW9uJTNBJTIwcmVsYXRpdmUlM0IlMjBwYWRkaW5nLWJvdHRvbSUzQSUyMDU2LjI1JTI1JTNCJTIyJTNFJTNDaWZyYW1lJTIwc3JjJTNEJTIyaHR0cHMlM0ElMkYlMkZ3d3cueW91dHViZS5jb20lMkZlbWJlZCUyRmg4STNLSzJ0Z0ljJTNGc2klM0RxQ1JwUzA0Vm1Ecm13c2kyJTIyJTIwc3R5bGUlM0QlMjJib3JkZXIlM0ElMjAwJTNCJTIwdG9wJTNBJTIwMCUzQiUyMGxlZnQlM0ElMjAwJTNCJTIwd2lkdGglM0ElMjAxMDAlMjUlM0IlMjBoZWlnaHQlM0ElMjAxMDAlMjUlM0IlMjBwb3NpdGlvbiUzQSUyMGFic29sdXRlJTNCJTIyJTIwYWxsb3dmdWxsc2NyZWVuJTIwc2Nyb2xsaW5nJTNEJTIybm8lMjIlMjBhbGxvdyUzRCUyMmVuY3J5cHRlZC1tZWRpYSUzQiUyMGFjY2VsZXJvbWV0ZXIlM0IlMjBneXJvc2NvcGUlM0IlMjBwaWN0dXJlLWluLXBpY3R1cmUlMjIlM0UlM0MlMkZpZnJhbWUlM0UlM0MlMkZkaXYlM0U=[\/vc_raw_html][vc_empty_space height=&#8220;30px&#8220; bb_tab_container=&#8220;&#8220;][vc_column_text]Das EXIT-Team organisiert f\u00fcnf Veranstaltungen an f\u00fcnf verschiedenen Orten in vier L\u00e4ndern in S\u00fcdosteuropa: EXIT Festival (Novi Sad, Serbien) im Juli, Sea Dance Festival (Budva, Montenegro) im August, Sea Star Festival (Umag, Kroatien) im Mai, No Sleep Festival (Belgrad, Serbien) im November und Revolution Festival (Timi\u0219oara, Rum\u00e4nien) im August.[\/vc_column_text][vc_empty_space height=&#8220;30px&#8220; bb_tab_container=&#8220;&#8220;][\/vc_column][\/vc_row]<\/p>\n<\/div>","protected":false},"excerpt":{"rendered":"<p>[vc_row el_class=&#8220;container-single uk-container-center&#8220; css=&#8220;.vc_custom_1547721991391{padding-top: 40px !important;}&#8220;][vc_column css_animation=&#8220;none&#8220; offset=&#8220;vc_col-lg-offset-2 vc_col-lg-8 vc_col-md-offset-2 vc_col-md-8&#8243;][vc_column_text css_animation=&#8220;none&#8220; css=&#8220;.vc_custom_1639062327848{margin-bottom: 10px !important;}&#8220;]EXIT ist ein preisgekr\u00f6ntes Musikfestival im Sommer, das in der Festung Petrovaradin in Novi Sad, Serbien<\/p>\n","protected":false},"author":10,"featured_media":123090,"parent":0,"menu_order":41,"comment_status":"closed","ping_status":"closed","template":"page-with-hero.php","meta":{"_acf_changed":false,"footnotes":""},"class_list":["post-123076","page","type-page","status-publish","has-post-thumbnail","hentry"],"acf":[],"yoast_head":"<!-- This site is optimized with the Yoast SEO plugin v25.6 - https:\/\/yoast.com\/wordpress\/plugins\/seo\/ -->\n<title>\u00dcber EXIT - EXIT Festival 2025<\/title>\n<meta name=\"description\" content=\"EXIT ist ein preisgekr\u00f6ntes Musikfestival im Sommer, das in der Festung Petrovaradin in Novi Sad, Serbien mit mehr als 1000 K\u00fcnstlern stattfindet, die auf \u00fcber 40 B\u00fchnen und Festival Areas spielen.\" \/>\n<meta name=\"robots\" content=\"index, follow, max-snippet:-1, max-image-preview:large, max-video-preview:-1\" \/>\n<link rel=\"canonical\" href=\"https:\/\/www.exitfest.org\/de\/about\" \/>\n<meta property=\"og:locale\" content=\"de_DE\" \/>\n<meta property=\"og:type\" content=\"article\" \/>\n<meta property=\"og:title\" content=\"\u00dcber EXIT - EXIT Festival 2025\" \/>\n<meta property=\"og:description\" content=\"EXIT ist ein preisgekr\u00f6ntes Musikfestival im Sommer, das in der Festung Petrovaradin in Novi Sad, Serbien mit mehr als 1000 K\u00fcnstlern stattfindet, die auf \u00fcber 40 B\u00fchnen und Festival Areas spielen.\" \/>\n<meta property=\"og:url\" content=\"https:\/\/www.exitfest.org\/de\/about\" \/>\n<meta property=\"og:site_name\" content=\"EXIT Festival 2025\" \/>\n<meta property=\"article:publisher\" content=\"https:\/\/www.facebook.com\/exit.festival\" \/>\n<meta property=\"article:modified_time\" content=\"2024-08-07T10:01:08+00:00\" \/>\n<meta property=\"og:image\" content=\"https:\/\/www.exitfest.org\/wp-content\/uploads\/2019\/10\/exit-about-featured-image-fortress-da.jpg\" \/>\n\t<meta property=\"og:image:width\" content=\"1300\" \/>\n\t<meta property=\"og:image:height\" content=\"600\" \/>\n\t<meta property=\"og:image:type\" content=\"image\/jpeg\" \/>\n<meta name=\"twitter:card\" content=\"summary_large_image\" \/>\n<meta name=\"twitter:site\" content=\"@exitfestival\" \/>\n<script type=\"application\/ld+json\" class=\"yoast-schema-graph\">{\"@context\":\"https:\/\/schema.org\",\"@graph\":[{\"@type\":\"WebPage\",\"@id\":\"https:\/\/www.exitfest.org\/de\/about\",\"url\":\"https:\/\/www.exitfest.org\/de\/about\",\"name\":\"\u00dcber EXIT - EXIT Festival 2025\",\"isPartOf\":{\"@id\":\"https:\/\/www.exitfest.org\/de#website\"},\"primaryImageOfPage\":{\"@id\":\"https:\/\/www.exitfest.org\/de\/about#primaryimage\"},\"image\":{\"@id\":\"https:\/\/www.exitfest.org\/de\/about#primaryimage\"},\"thumbnailUrl\":\"https:\/\/www.exitfest.org\/wp-content\/uploads\/2019\/10\/exit-about-featured-image-fortress-da.jpg\",\"datePublished\":\"2021-03-26T13:40:50+00:00\",\"dateModified\":\"2024-08-07T10:01:08+00:00\",\"description\":\"EXIT ist ein preisgekr\u00f6ntes Musikfestival im Sommer, das in der Festung Petrovaradin in Novi Sad, Serbien mit mehr als 1000 K\u00fcnstlern stattfindet, die auf \u00fcber 40 B\u00fchnen und Festival Areas spielen.\",\"breadcrumb\":{\"@id\":\"https:\/\/www.exitfest.org\/de\/about#breadcrumb\"},\"inLanguage\":\"de\",\"potentialAction\":[{\"@type\":\"ReadAction\",\"target\":[\"https:\/\/www.exitfest.org\/de\/about\"]}]},{\"@type\":\"ImageObject\",\"inLanguage\":\"de\",\"@id\":\"https:\/\/www.exitfest.org\/de\/about#primaryimage\",\"url\":\"https:\/\/www.exitfest.org\/wp-content\/uploads\/2019\/10\/exit-about-featured-image-fortress-da.jpg\",\"contentUrl\":\"https:\/\/www.exitfest.org\/wp-content\/uploads\/2019\/10\/exit-about-featured-image-fortress-da.jpg\",\"width\":1300,\"height\":600},{\"@type\":\"BreadcrumbList\",\"@id\":\"https:\/\/www.exitfest.org\/de\/about#breadcrumb\",\"itemListElement\":[{\"@type\":\"ListItem\",\"position\":1,\"name\":\"Po\u010detna\",\"item\":\"https:\/\/www.exitfest.org\/de\"},{\"@type\":\"ListItem\",\"position\":2,\"name\":\"\u00dcber EXIT\"}]},{\"@type\":\"WebSite\",\"@id\":\"https:\/\/www.exitfest.org\/de#website\",\"url\":\"https:\/\/www.exitfest.org\/de\",\"name\":\"EXIT Festival 2025\",\"description\":\"\",\"publisher\":{\"@id\":\"https:\/\/www.exitfest.org\/de#organization\"},\"alternateName\":\"EXIT Festival\",\"potentialAction\":[{\"@type\":\"SearchAction\",\"target\":{\"@type\":\"EntryPoint\",\"urlTemplate\":\"https:\/\/www.exitfest.org\/de?s={search_term_string}\"},\"query-input\":{\"@type\":\"PropertyValueSpecification\",\"valueRequired\":true,\"valueName\":\"search_term_string\"}}],\"inLanguage\":\"de\"},{\"@type\":\"Organization\",\"@id\":\"https:\/\/www.exitfest.org\/de#organization\",\"name\":\"EXIT Festival\",\"alternateName\":\"EXIT\",\"url\":\"https:\/\/www.exitfest.org\/de\",\"logo\":{\"@type\":\"ImageObject\",\"inLanguage\":\"de\",\"@id\":\"https:\/\/www.exitfest.org\/de#\/schema\/logo\/image\/\",\"url\":\"https:\/\/www.exitfest.org\/wp-content\/uploads\/2023\/04\/exit-logo-696px.svg\",\"contentUrl\":\"https:\/\/www.exitfest.org\/wp-content\/uploads\/2023\/04\/exit-logo-696px.svg\",\"width\":1,\"height\":1,\"caption\":\"EXIT Festival\"},\"image\":{\"@id\":\"https:\/\/www.exitfest.org\/de#\/schema\/logo\/image\/\"},\"sameAs\":[\"https:\/\/www.facebook.com\/exit.festival\",\"https:\/\/x.com\/exitfestival\",\"https:\/\/instagram.com\/exitfestival\",\"https:\/\/www.linkedin.com\/company\/exit-festival\/\",\"https:\/\/www.youtube.com\/user\/EXITFestivalTV\",\"https:\/\/en.wikipedia.org\/wiki\/Exit_festival\",\"https:\/\/www.tiktok.com\/@exit_festival\",\"https:\/\/www.flickr.com\/photos\/exitfestival\",\"https:\/\/soundcloud.com\/exitfestival\",\"https:\/\/www.mixcloud.com\/exitfestival\/\",\"https:\/\/vb.me\/b827f5\",\"https:\/\/www.deezer.com\/en\/profile\/1441778382\",\"https:\/\/vk.com\/exitfestival\"]}]}<\/script>\n<!-- \/ Yoast SEO plugin. -->","yoast_head_json":{"title":"\u00dcber EXIT - EXIT Festival 2025","description":"EXIT ist ein preisgekr\u00f6ntes Musikfestival im Sommer, das in der Festung Petrovaradin in Novi Sad, Serbien mit mehr als 1000 K\u00fcnstlern stattfindet, die auf \u00fcber 40 B\u00fchnen und Festival Areas spielen.","robots":{"index":"index","follow":"follow","max-snippet":"max-snippet:-1","max-image-preview":"max-image-preview:large","max-video-preview":"max-video-preview:-1"},"canonical":"https:\/\/www.exitfest.org\/de\/about","og_locale":"de_DE","og_type":"article","og_title":"\u00dcber EXIT - EXIT Festival 2025","og_description":"EXIT ist ein preisgekr\u00f6ntes Musikfestival im Sommer, das in der Festung Petrovaradin in Novi Sad, Serbien mit mehr als 1000 K\u00fcnstlern stattfindet, die auf \u00fcber 40 B\u00fchnen und Festival Areas spielen.","og_url":"https:\/\/www.exitfest.org\/de\/about","og_site_name":"EXIT Festival 2025","article_publisher":"https:\/\/www.facebook.com\/exit.festival","article_modified_time":"2024-08-07T10:01:08+00:00","og_image":[{"width":1300,"height":600,"url":"https:\/\/www.exitfest.org\/wp-content\/uploads\/2019\/10\/exit-about-featured-image-fortress-da.jpg","type":"image\/jpeg"}],"twitter_card":"summary_large_image","twitter_site":"@exitfestival","schema":{"@context":"https:\/\/schema.org","@graph":[{"@type":"WebPage","@id":"https:\/\/www.exitfest.org\/de\/about","url":"https:\/\/www.exitfest.org\/de\/about","name":"\u00dcber EXIT - EXIT Festival 2025","isPartOf":{"@id":"https:\/\/www.exitfest.org\/de#website"},"primaryImageOfPage":{"@id":"https:\/\/www.exitfest.org\/de\/about#primaryimage"},"image":{"@id":"https:\/\/www.exitfest.org\/de\/about#primaryimage"},"thumbnailUrl":"https:\/\/www.exitfest.org\/wp-content\/uploads\/2019\/10\/exit-about-featured-image-fortress-da.jpg","datePublished":"2021-03-26T13:40:50+00:00","dateModified":"2024-08-07T10:01:08+00:00","description":"EXIT ist ein preisgekr\u00f6ntes Musikfestival im Sommer, das in der Festung Petrovaradin in Novi Sad, Serbien mit mehr als 1000 K\u00fcnstlern stattfindet, die auf \u00fcber 40 B\u00fchnen und Festival Areas spielen.","breadcrumb":{"@id":"https:\/\/www.exitfest.org\/de\/about#breadcrumb"},"inLanguage":"de","potentialAction":[{"@type":"ReadAction","target":["https:\/\/www.exitfest.org\/de\/about"]}]},{"@type":"ImageObject","inLanguage":"de","@id":"https:\/\/www.exitfest.org\/de\/about#primaryimage","url":"https:\/\/www.exitfest.org\/wp-content\/uploads\/2019\/10\/exit-about-featured-image-fortress-da.jpg","contentUrl":"https:\/\/www.exitfest.org\/wp-content\/uploads\/2019\/10\/exit-about-featured-image-fortress-da.jpg","width":1300,"height":600},{"@type":"BreadcrumbList","@id":"https:\/\/www.exitfest.org\/de\/about#breadcrumb","itemListElement":[{"@type":"ListItem","position":1,"name":"Po\u010detna","item":"https:\/\/www.exitfest.org\/de"},{"@type":"ListItem","position":2,"name":"\u00dcber EXIT"}]},{"@type":"WebSite","@id":"https:\/\/www.exitfest.org\/de#website","url":"https:\/\/www.exitfest.org\/de","name":"EXIT Festival 2025","description":"","publisher":{"@id":"https:\/\/www.exitfest.org\/de#organization"},"alternateName":"EXIT Festival","potentialAction":[{"@type":"SearchAction","target":{"@type":"EntryPoint","urlTemplate":"https:\/\/www.exitfest.org\/de?s={search_term_string}"},"query-input":{"@type":"PropertyValueSpecification","valueRequired":true,"valueName":"search_term_string"}}],"inLanguage":"de"},{"@type":"Organization","@id":"https:\/\/www.exitfest.org\/de#organization","name":"EXIT Festival","alternateName":"EXIT","url":"https:\/\/www.exitfest.org\/de","logo":{"@type":"ImageObject","inLanguage":"de","@id":"https:\/\/www.exitfest.org\/de#\/schema\/logo\/image\/","url":"https:\/\/www.exitfest.org\/wp-content\/uploads\/2023\/04\/exit-logo-696px.svg","contentUrl":"https:\/\/www.exitfest.org\/wp-content\/uploads\/2023\/04\/exit-logo-696px.svg","width":1,"height":1,"caption":"EXIT Festival"},"image":{"@id":"https:\/\/www.exitfest.org\/de#\/schema\/logo\/image\/"},"sameAs":["https:\/\/www.facebook.com\/exit.festival","https:\/\/x.com\/exitfestival","https:\/\/instagram.com\/exitfestival","https:\/\/www.linkedin.com\/company\/exit-festival\/","https:\/\/www.youtube.com\/user\/EXITFestivalTV","https:\/\/en.wikipedia.org\/wiki\/Exit_festival","https:\/\/www.tiktok.com\/@exit_festival","https:\/\/www.flickr.com\/photos\/exitfestival","https:\/\/soundcloud.com\/exitfestival","https:\/\/www.mixcloud.com\/exitfestival\/","https:\/\/vb.me\/b827f5","https:\/\/www.deezer.com\/en\/profile\/1441778382","https:\/\/vk.com\/exitfestival"]}]}},"_links":{"self":[{"href":"https:\/\/www.exitfest.org\/de\/wp-json\/wp\/v2\/pages\/123076","targetHints":{"allow":["GET"]}}],"collection":[{"href":"https:\/\/www.exitfest.org\/de\/wp-json\/wp\/v2\/pages"}],"about":[{"href":"https:\/\/www.exitfest.org\/de\/wp-json\/wp\/v2\/types\/page"}],"author":[{"embeddable":true,"href":"https:\/\/www.exitfest.org\/de\/wp-json\/wp\/v2\/users\/10"}],"replies":[{"embeddable":true,"href":"https:\/\/www.exitfest.org\/de\/wp-json\/wp\/v2\/comments?post=123076"}],"version-history":[{"count":1,"href":"https:\/\/www.exitfest.org\/de\/wp-json\/wp\/v2\/pages\/123076\/revisions"}],"predecessor-version":[{"id":286184,"href":"https:\/\/www.exitfest.org\/de\/wp-json\/wp\/v2\/pages\/123076\/revisions\/286184"}],"wp:featuredmedia":[{"embeddable":true,"href":"https:\/\/www.exitfest.org\/de\/wp-json\/wp\/v2\/media\/123090"}],"wp:attachment":[{"href":"https:\/\/www.exitfest.org\/de\/wp-json\/wp\/v2\/media?parent=123076"}],"curies":[{"name":"wp","href":"https:\/\/api.w.org\/{rel}","templated":true}]}}