{"id":123093,"date":"2021-03-26T15:05:30","date_gmt":"2021-03-26T14:05:30","guid":{"rendered":"https:\/\/www.exitfest.org\/?page_id=123093"},"modified":"2021-11-10T07:38:48","modified_gmt":"2021-11-10T06:38:48","slug":"petrovarardin-festung","status":"publish","type":"page","link":"https:\/\/www.exitfest.org\/de\/petrovarardin-festung","title":{"rendered":"Petrovarardin Festung"},"content":{"rendered":"<div class=\"wpb-content-wrapper\"><p>[vc_row el_class=&#8220;container-single uk-container-center&#8220; css=&#8220;.vc_custom_1547721991391{padding-top: 40px !important;}&#8220;][vc_column css_animation=&#8220;none&#8220; offset=&#8220;vc_col-lg-offset-2 vc_col-lg-8 vc_col-md-offset-2 vc_col-md-8&#8243;][vc_column_text css_animation=&#8220;none&#8220; css=&#8220;.vc_custom_1617276324031{margin-bottom: 10px !important;}&#8220;]Nach den neuesten arch\u00e4ologischen Nachforschungen wurde die erste und \u00e4lteste Siedlung in Petrovaradin von Angeh\u00f6rigen der Vin\u010da-Kultur in der sp\u00e4ten Steinzeit, zwischen 4500 und 3200 v. Chr., gegr\u00fcndet, w\u00e4hrend die erste Festung in der Kupferzeit (vor etwa 5000 Jahren) gebaut wurde. Von seinen pr\u00e4historischen Anf\u00e4ngen an war Petrovaradin Teil des m\u00e4chtigen R\u00f6mischen Reiches, des K\u00f6nigreichs Ungarn, des Osmanischen Reiches und der Habsburger Monarchie, wobei die Festung mehrmals abgerissen und wieder aufgebaut wurde, aber immer ihre instrumentelle milit\u00e4rische und strategische Bedeutung behielt.[\/vc_column_text][vc_single_image image=&#8220;123099&#8243; img_size=&#8220;full&#8220; alignment=&#8220;center&#8220;][vc_column_text css_animation=&#8220;none&#8220; css=&#8220;.vc_custom_1617276333304{margin-bottom: 10px !important;}&#8220;]Die Festung, so wie wir sie heute kennen, wurde \u00fcber einen Zeitraum von fast 88 Jahren gebaut, mit l\u00e4ngeren oder k\u00fcrzeren Unterbrechungen w\u00e4hrend der Herrschaft der Habsburger Monarchie. Die schwierigen Baubedingungen forderten den Tod vieler Arbeiter, in den Zeiten der intensivsten Arbeiten waren es 40 bis 70 Tote pro Tag. Als sie schlie\u00dflich fertiggestellt war, galt sie als die st\u00e4rkste Festung der Habsburger Monarchie. Dieser Teil Europas erhielt den Namen Gibraltar an der Donau. Sie ist ein einzigartiges Beispiel der Milit\u00e4rarchitektur aus dieser Zeit, da sie eine der wenigen ist, die weitgehend erhalten geblieben ist. Nach der ungarischen Revolution wurde die Festung als gro\u00dfes Lager und Gef\u00e4ngnis genutzt, in dem viele ber\u00fchmte Pers\u00f6nlichkeiten wie der Nobelpreistr\u00e4ger Ivo Andri\u0107, Vasa Pelagi\u0107, Ja\u0161a Tomi\u0107, Vladimir Jovanovi\u0107 und viele andere inhaftiert waren.[\/vc_column_text][vc_single_image image=&#8220;123102&#8243; img_size=&#8220;full&#8220; alignment=&#8220;center&#8220;][vc_column_text css_animation=&#8220;none&#8220; css=&#8220;.vc_custom_1617276343750{margin-bottom: 10px !important;}&#8220;]Die Festung wurde w\u00e4hrend des Ersten und Zweiten Weltkriegs sowie in der Zeit zwischen den beiden gro\u00dfen Kriegen besch\u00e4digt. Aber nach dem Zweiten Weltkrieg wurde sie unter staatlichen Schutz gestellt, was dazu f\u00fchrte, dass Teile der Festung rekonstruiert und f\u00fcr die Bed\u00fcrfnisse von Kultur- und Bildungseinrichtungen angepasst wurden, von denen einige noch heute dort sind. So zum Beispiel das Stadtmuseum und zahlreiche Ateliers f\u00fcr bildende und angewandte Kunst. Heute beherbergt die Festung eine Reihe gro\u00dfer kultureller Veranstaltungen wie das EXIT Festival und bekommt endlich die Aufmerksamkeit, die sie verdient.[\/vc_column_text][vc_single_image image=&#8220;123103&#8243; img_size=&#8220;full&#8220; alignment=&#8220;center&#8220;][vc_column_text css_animation=&#8220;none&#8220; css=&#8220;.vc_custom_1617276356467{margin-bottom: 10px !important;}&#8220;]Zahlreiche Legenden sind mit der Festung Petrovaradin verbunden, die ber\u00fchmteste davon ist die mit dem geheimen Tunnel unter dem Flussbett, der die Festung mit dem linken Donauufer verbindet und der 1913 dem letzten \u00f6sterreichisch-ungarischen Soldaten und seiner Verlobten als Durchgang diente. Au\u00dferdem gibt es eine bekannte Legende, nach der die Erbauer der Festung zu Beginn des 17. Jahrhunderts lebende Katzen in die Fundamente der neuen Festung legten, um die Langlebigkeit der Festung zu gew\u00e4hrleisten, was aus dem Glauben her stammt, dass Katzen neun Leben haben. Die Legende der Katzen wird teilweise durch das Steinrelief eines Katzenkopfes gest\u00fctzt, das in den W\u00e4llen gefunden wurde und heute im Stadtmuseum aufbewahrt wird. Aber auch durch die Geschichte, dass Arbeiter beim Wiederaufbau der Festung nach dem Zweiten Weltkrieg mumifizierte \u00dcberreste von Katzen gefunden haben, die sich bei Ber\u00fchrung in Staub verwandelten.[\/vc_column_text][vc_single_image image=&#8220;123105&#8243; img_size=&#8220;full&#8220; alignment=&#8220;center&#8220;][vc_column_text css_animation=&#8220;none&#8220; css=&#8220;.vc_custom_1617276369189{margin-bottom: 10px !important;}&#8220;]Heute ist die Festung mit zahlreichen kulturellen Einrichtungen und erkennbaren Symbolen geschm\u00fcckt. So befinden sich auf der Festung das Hauptgeb\u00e4ude des Museums der Stadt Novi Sad, die Institution zur Herstellung von Wandteppichen Atelje 61, die Sternwarte und das Planetarium der Astronomischen Gesellschaft von Novi Sad sowie die gr\u00f6\u00dfte informelle Kunstkolonie der Welt &#8211; Likovni krug (Der Kunstkreis). Neben der gr\u00f6\u00dften Touristenattraktion, den unterirdischen Milit\u00e4rgalerien, ist das bekannteste Merkmal der Festung Petrovaradin ihr Uhrenturm. Die Besonderheit des mehr als 300 Jahre alten Uhrwerks besteht darin, dass der kleine Zeiger die Minuten anzeigt, w\u00e4hrend der gro\u00dfe Zeiger die Stunden anzeigt, und selbst in den seltenen Momenten, in denen er nicht funktioniert, zeigt er viermal am Tag die richtige Zeit an. Au\u00dferdem erhielt sie den Beinamen &#8222;S\u00e4uferuhr&#8220; aufgrund der Tatsache, dass diese Uhr bei kaltem Wetter l\u00e4nger l\u00e4uft und bei sch\u00f6nem und warmem Wetter schneller geht.[\/vc_column_text][vc_empty_space height=&#8220;30px&#8220; bb_tab_container=&#8220;&#8220;][vc_column_text css_animation=&#8220;none&#8220; css=&#8220;.vc_custom_1616767730148{margin-bottom: 10px !important;}&#8220;]<\/p>\n<p style=\"text-align: left;\">Machen Sie eine virtuelle Tour durch die Petrovaradin-Festung <strong><a href=\"https:\/\/petrovaradin.exitfondacija.org\/en#gornji-deo-13\">hier<\/a>.<\/strong><\/p>\n<p>[\/vc_column_text][vc_empty_space height=&#8220;30px&#8220; bb_tab_container=&#8220;&#8220;][\/vc_column][\/vc_row]<\/p>\n<\/div>","protected":false},"excerpt":{"rendered":"<p>[vc_row el_class=&#8220;container-single uk-container-center&#8220; css=&#8220;.vc_custom_1547721991391{padding-top: 40px !important;}&#8220;][vc_column css_animation=&#8220;none&#8220; offset=&#8220;vc_col-lg-offset-2 vc_col-lg-8 vc_col-md-offset-2 vc_col-md-8&#8243;][vc_column_text css_animation=&#8220;none&#8220; css=&#8220;.vc_custom_1617276324031{margin-bottom: 10px !important;}&#8220;]Nach den neuesten arch\u00e4ologischen Nachforschungen wurde die erste und \u00e4lteste Siedlung in Petrovaradin von Angeh\u00f6rigen der<\/p>\n","protected":false},"author":10,"featured_media":124012,"parent":0,"menu_order":41,"comment_status":"closed","ping_status":"closed","template":"page-with-hero.php","meta":{"_acf_changed":false,"footnotes":""},"class_list":["post-123093","page","type-page","status-publish","has-post-thumbnail","hentry"],"acf":[],"yoast_head":"<!-- This site is optimized with the Yoast SEO plugin v25.6 - https:\/\/yoast.com\/wordpress\/plugins\/seo\/ -->\n<title>Petrovarardin Festung - EXIT Festival 2025<\/title>\n<meta name=\"description\" content=\"Nach den neuesten arch\u00e4ologischen Nachforschungen wurde die erste und \u00e4lteste Siedlung in Petrovaradin von Angeh\u00f6rigen der Vin\u010da-Kultur in der sp\u00e4ten Steinzeit, zwischen 4500 und 3200 v. Chr., gegr\u00fcndet, w\u00e4hrend die erste Festung in der Kupferzeit (vor etwa 5000 Jahren) gebaut wurde.\" \/>\n<meta name=\"robots\" content=\"index, follow, max-snippet:-1, max-image-preview:large, max-video-preview:-1\" \/>\n<link rel=\"canonical\" href=\"https:\/\/www.exitfest.org\/de\/petrovarardin-festung\" \/>\n<meta property=\"og:locale\" content=\"de_DE\" \/>\n<meta property=\"og:type\" content=\"article\" \/>\n<meta property=\"og:title\" content=\"Petrovarardin Festung - EXIT Festival 2025\" \/>\n<meta property=\"og:description\" content=\"Nach den neuesten arch\u00e4ologischen Nachforschungen wurde die erste und \u00e4lteste Siedlung in Petrovaradin von Angeh\u00f6rigen der Vin\u010da-Kultur in der sp\u00e4ten Steinzeit, zwischen 4500 und 3200 v. Chr., gegr\u00fcndet, w\u00e4hrend die erste Festung in der Kupferzeit (vor etwa 5000 Jahren) gebaut wurde.\" \/>\n<meta property=\"og:url\" content=\"https:\/\/www.exitfest.org\/de\/petrovarardin-festung\" \/>\n<meta property=\"og:site_name\" content=\"EXIT Festival 2025\" \/>\n<meta property=\"article:publisher\" content=\"https:\/\/www.facebook.com\/exit.festival\" \/>\n<meta property=\"article:modified_time\" content=\"2021-11-10T06:38:48+00:00\" \/>\n<meta property=\"og:image\" content=\"https:\/\/www.exitfest.org\/wp-content\/uploads\/2021\/04\/lokacija_04.jpg\" \/>\n\t<meta property=\"og:image:width\" content=\"1200\" \/>\n\t<meta property=\"og:image:height\" content=\"674\" \/>\n\t<meta property=\"og:image:type\" content=\"image\/jpeg\" \/>\n<meta name=\"twitter:card\" content=\"summary_large_image\" \/>\n<meta name=\"twitter:site\" content=\"@exitfestival\" \/>\n<script type=\"application\/ld+json\" class=\"yoast-schema-graph\">{\"@context\":\"https:\/\/schema.org\",\"@graph\":[{\"@type\":\"WebPage\",\"@id\":\"https:\/\/www.exitfest.org\/de\/petrovarardin-festung\",\"url\":\"https:\/\/www.exitfest.org\/de\/petrovarardin-festung\",\"name\":\"Petrovarardin Festung - EXIT Festival 2025\",\"isPartOf\":{\"@id\":\"https:\/\/www.exitfest.org\/de#website\"},\"primaryImageOfPage\":{\"@id\":\"https:\/\/www.exitfest.org\/de\/petrovarardin-festung#primaryimage\"},\"image\":{\"@id\":\"https:\/\/www.exitfest.org\/de\/petrovarardin-festung#primaryimage\"},\"thumbnailUrl\":\"https:\/\/www.exitfest.org\/wp-content\/uploads\/2021\/04\/lokacija_04.jpg\",\"datePublished\":\"2021-03-26T14:05:30+00:00\",\"dateModified\":\"2021-11-10T06:38:48+00:00\",\"description\":\"Nach den neuesten arch\u00e4ologischen Nachforschungen wurde die erste und \u00e4lteste Siedlung in Petrovaradin von Angeh\u00f6rigen der Vin\u010da-Kultur in der sp\u00e4ten Steinzeit, zwischen 4500 und 3200 v. Chr., gegr\u00fcndet, w\u00e4hrend die erste Festung in der Kupferzeit (vor etwa 5000 Jahren) gebaut wurde.\",\"breadcrumb\":{\"@id\":\"https:\/\/www.exitfest.org\/de\/petrovarardin-festung#breadcrumb\"},\"inLanguage\":\"de\",\"potentialAction\":[{\"@type\":\"ReadAction\",\"target\":[\"https:\/\/www.exitfest.org\/de\/petrovarardin-festung\"]}]},{\"@type\":\"ImageObject\",\"inLanguage\":\"de\",\"@id\":\"https:\/\/www.exitfest.org\/de\/petrovarardin-festung#primaryimage\",\"url\":\"https:\/\/www.exitfest.org\/wp-content\/uploads\/2021\/04\/lokacija_04.jpg\",\"contentUrl\":\"https:\/\/www.exitfest.org\/wp-content\/uploads\/2021\/04\/lokacija_04.jpg\",\"width\":1200,\"height\":674,\"caption\":\"EXIT Festival lokacija\"},{\"@type\":\"BreadcrumbList\",\"@id\":\"https:\/\/www.exitfest.org\/de\/petrovarardin-festung#breadcrumb\",\"itemListElement\":[{\"@type\":\"ListItem\",\"position\":1,\"name\":\"Po\u010detna\",\"item\":\"https:\/\/www.exitfest.org\/de\"},{\"@type\":\"ListItem\",\"position\":2,\"name\":\"Petrovarardin Festung\"}]},{\"@type\":\"WebSite\",\"@id\":\"https:\/\/www.exitfest.org\/de#website\",\"url\":\"https:\/\/www.exitfest.org\/de\",\"name\":\"EXIT Festival 2025\",\"description\":\"\",\"publisher\":{\"@id\":\"https:\/\/www.exitfest.org\/de#organization\"},\"alternateName\":\"EXIT Festival\",\"potentialAction\":[{\"@type\":\"SearchAction\",\"target\":{\"@type\":\"EntryPoint\",\"urlTemplate\":\"https:\/\/www.exitfest.org\/de?s={search_term_string}\"},\"query-input\":{\"@type\":\"PropertyValueSpecification\",\"valueRequired\":true,\"valueName\":\"search_term_string\"}}],\"inLanguage\":\"de\"},{\"@type\":\"Organization\",\"@id\":\"https:\/\/www.exitfest.org\/de#organization\",\"name\":\"EXIT Festival\",\"alternateName\":\"EXIT\",\"url\":\"https:\/\/www.exitfest.org\/de\",\"logo\":{\"@type\":\"ImageObject\",\"inLanguage\":\"de\",\"@id\":\"https:\/\/www.exitfest.org\/de#\/schema\/logo\/image\/\",\"url\":\"https:\/\/www.exitfest.org\/wp-content\/uploads\/2023\/04\/exit-logo-696px.svg\",\"contentUrl\":\"https:\/\/www.exitfest.org\/wp-content\/uploads\/2023\/04\/exit-logo-696px.svg\",\"width\":1,\"height\":1,\"caption\":\"EXIT Festival\"},\"image\":{\"@id\":\"https:\/\/www.exitfest.org\/de#\/schema\/logo\/image\/\"},\"sameAs\":[\"https:\/\/www.facebook.com\/exit.festival\",\"https:\/\/x.com\/exitfestival\",\"https:\/\/instagram.com\/exitfestival\",\"https:\/\/www.linkedin.com\/company\/exit-festival\/\",\"https:\/\/www.youtube.com\/user\/EXITFestivalTV\",\"https:\/\/en.wikipedia.org\/wiki\/Exit_festival\",\"https:\/\/www.tiktok.com\/@exit_festival\",\"https:\/\/www.flickr.com\/photos\/exitfestival\",\"https:\/\/soundcloud.com\/exitfestival\",\"https:\/\/www.mixcloud.com\/exitfestival\/\",\"https:\/\/vb.me\/b827f5\",\"https:\/\/www.deezer.com\/en\/profile\/1441778382\",\"https:\/\/vk.com\/exitfestival\"]}]}<\/script>\n<!-- \/ Yoast SEO plugin. -->","yoast_head_json":{"title":"Petrovarardin Festung - EXIT Festival 2025","description":"Nach den neuesten arch\u00e4ologischen Nachforschungen wurde die erste und \u00e4lteste Siedlung in Petrovaradin von Angeh\u00f6rigen der Vin\u010da-Kultur in der sp\u00e4ten Steinzeit, zwischen 4500 und 3200 v. Chr., gegr\u00fcndet, w\u00e4hrend die erste Festung in der Kupferzeit (vor etwa 5000 Jahren) gebaut wurde.","robots":{"index":"index","follow":"follow","max-snippet":"max-snippet:-1","max-image-preview":"max-image-preview:large","max-video-preview":"max-video-preview:-1"},"canonical":"https:\/\/www.exitfest.org\/de\/petrovarardin-festung","og_locale":"de_DE","og_type":"article","og_title":"Petrovarardin Festung - EXIT Festival 2025","og_description":"Nach den neuesten arch\u00e4ologischen Nachforschungen wurde die erste und \u00e4lteste Siedlung in Petrovaradin von Angeh\u00f6rigen der Vin\u010da-Kultur in der sp\u00e4ten Steinzeit, zwischen 4500 und 3200 v. Chr., gegr\u00fcndet, w\u00e4hrend die erste Festung in der Kupferzeit (vor etwa 5000 Jahren) gebaut wurde.","og_url":"https:\/\/www.exitfest.org\/de\/petrovarardin-festung","og_site_name":"EXIT Festival 2025","article_publisher":"https:\/\/www.facebook.com\/exit.festival","article_modified_time":"2021-11-10T06:38:48+00:00","og_image":[{"width":1200,"height":674,"url":"https:\/\/www.exitfest.org\/wp-content\/uploads\/2021\/04\/lokacija_04.jpg","type":"image\/jpeg"}],"twitter_card":"summary_large_image","twitter_site":"@exitfestival","schema":{"@context":"https:\/\/schema.org","@graph":[{"@type":"WebPage","@id":"https:\/\/www.exitfest.org\/de\/petrovarardin-festung","url":"https:\/\/www.exitfest.org\/de\/petrovarardin-festung","name":"Petrovarardin Festung - EXIT Festival 2025","isPartOf":{"@id":"https:\/\/www.exitfest.org\/de#website"},"primaryImageOfPage":{"@id":"https:\/\/www.exitfest.org\/de\/petrovarardin-festung#primaryimage"},"image":{"@id":"https:\/\/www.exitfest.org\/de\/petrovarardin-festung#primaryimage"},"thumbnailUrl":"https:\/\/www.exitfest.org\/wp-content\/uploads\/2021\/04\/lokacija_04.jpg","datePublished":"2021-03-26T14:05:30+00:00","dateModified":"2021-11-10T06:38:48+00:00","description":"Nach den neuesten arch\u00e4ologischen Nachforschungen wurde die erste und \u00e4lteste Siedlung in Petrovaradin von Angeh\u00f6rigen der Vin\u010da-Kultur in der sp\u00e4ten Steinzeit, zwischen 4500 und 3200 v. Chr., gegr\u00fcndet, w\u00e4hrend die erste Festung in der Kupferzeit (vor etwa 5000 Jahren) gebaut wurde.","breadcrumb":{"@id":"https:\/\/www.exitfest.org\/de\/petrovarardin-festung#breadcrumb"},"inLanguage":"de","potentialAction":[{"@type":"ReadAction","target":["https:\/\/www.exitfest.org\/de\/petrovarardin-festung"]}]},{"@type":"ImageObject","inLanguage":"de","@id":"https:\/\/www.exitfest.org\/de\/petrovarardin-festung#primaryimage","url":"https:\/\/www.exitfest.org\/wp-content\/uploads\/2021\/04\/lokacija_04.jpg","contentUrl":"https:\/\/www.exitfest.org\/wp-content\/uploads\/2021\/04\/lokacija_04.jpg","width":1200,"height":674,"caption":"EXIT Festival lokacija"},{"@type":"BreadcrumbList","@id":"https:\/\/www.exitfest.org\/de\/petrovarardin-festung#breadcrumb","itemListElement":[{"@type":"ListItem","position":1,"name":"Po\u010detna","item":"https:\/\/www.exitfest.org\/de"},{"@type":"ListItem","position":2,"name":"Petrovarardin Festung"}]},{"@type":"WebSite","@id":"https:\/\/www.exitfest.org\/de#website","url":"https:\/\/www.exitfest.org\/de","name":"EXIT Festival 2025","description":"","publisher":{"@id":"https:\/\/www.exitfest.org\/de#organization"},"alternateName":"EXIT Festival","potentialAction":[{"@type":"SearchAction","target":{"@type":"EntryPoint","urlTemplate":"https:\/\/www.exitfest.org\/de?s={search_term_string}"},"query-input":{"@type":"PropertyValueSpecification","valueRequired":true,"valueName":"search_term_string"}}],"inLanguage":"de"},{"@type":"Organization","@id":"https:\/\/www.exitfest.org\/de#organization","name":"EXIT Festival","alternateName":"EXIT","url":"https:\/\/www.exitfest.org\/de","logo":{"@type":"ImageObject","inLanguage":"de","@id":"https:\/\/www.exitfest.org\/de#\/schema\/logo\/image\/","url":"https:\/\/www.exitfest.org\/wp-content\/uploads\/2023\/04\/exit-logo-696px.svg","contentUrl":"https:\/\/www.exitfest.org\/wp-content\/uploads\/2023\/04\/exit-logo-696px.svg","width":1,"height":1,"caption":"EXIT Festival"},"image":{"@id":"https:\/\/www.exitfest.org\/de#\/schema\/logo\/image\/"},"sameAs":["https:\/\/www.facebook.com\/exit.festival","https:\/\/x.com\/exitfestival","https:\/\/instagram.com\/exitfestival","https:\/\/www.linkedin.com\/company\/exit-festival\/","https:\/\/www.youtube.com\/user\/EXITFestivalTV","https:\/\/en.wikipedia.org\/wiki\/Exit_festival","https:\/\/www.tiktok.com\/@exit_festival","https:\/\/www.flickr.com\/photos\/exitfestival","https:\/\/soundcloud.com\/exitfestival","https:\/\/www.mixcloud.com\/exitfestival\/","https:\/\/vb.me\/b827f5","https:\/\/www.deezer.com\/en\/profile\/1441778382","https:\/\/vk.com\/exitfestival"]}]}},"_links":{"self":[{"href":"https:\/\/www.exitfest.org\/de\/wp-json\/wp\/v2\/pages\/123093","targetHints":{"allow":["GET"]}}],"collection":[{"href":"https:\/\/www.exitfest.org\/de\/wp-json\/wp\/v2\/pages"}],"about":[{"href":"https:\/\/www.exitfest.org\/de\/wp-json\/wp\/v2\/types\/page"}],"author":[{"embeddable":true,"href":"https:\/\/www.exitfest.org\/de\/wp-json\/wp\/v2\/users\/10"}],"replies":[{"embeddable":true,"href":"https:\/\/www.exitfest.org\/de\/wp-json\/wp\/v2\/comments?post=123093"}],"version-history":[{"count":1,"href":"https:\/\/www.exitfest.org\/de\/wp-json\/wp\/v2\/pages\/123093\/revisions"}],"predecessor-version":[{"id":293723,"href":"https:\/\/www.exitfest.org\/de\/wp-json\/wp\/v2\/pages\/123093\/revisions\/293723"}],"wp:featuredmedia":[{"embeddable":true,"href":"https:\/\/www.exitfest.org\/de\/wp-json\/wp\/v2\/media\/124012"}],"wp:attachment":[{"href":"https:\/\/www.exitfest.org\/de\/wp-json\/wp\/v2\/media?parent=123093"}],"curies":[{"name":"wp","href":"https:\/\/api.w.org\/{rel}","templated":true}]}}