{"id":123158,"date":"2021-03-26T15:19:46","date_gmt":"2021-03-26T14:19:46","guid":{"rendered":"https:\/\/www.exitfest.org\/?page_id=123158"},"modified":"2025-06-23T14:20:00","modified_gmt":"2025-06-23T12:20:00","slug":"buhnen","status":"publish","type":"page","link":"https:\/\/www.exitfest.org\/de\/buhnen","title":{"rendered":"B\u00fchnen"},"content":{"rendered":"<div class=\"wpb-content-wrapper\"><p>[vc_row][vc_column][vc_column_text el_class=&#8220;uk-text-large&#8220;]Auf mehr als 40 B\u00fchnen und Areas verteilt und versteckt hinter den Mauern der Petrovaradin Festung pr\u00e4sentiert das EXIT Festival Auftritte von Top-Acts und ein unheimlich gro\u00dfes Spektrum an Genres.[\/vc_column_text][\/vc_column][\/vc_row]<\/p>\n<\/div>","protected":false},"excerpt":{"rendered":"<p>[vc_row][vc_column][vc_column_text el_class=&#8220;uk-text-large&#8220;]Auf mehr als 40 B\u00fchnen und Areas verteilt und versteckt hinter den Mauern der Petrovaradin Festung pr\u00e4sentiert das EXIT Festival Auftritte von Top-Acts und ein unheimlich gro\u00dfes Spektrum an<\/p>\n","protected":false},"author":10,"featured_media":288934,"parent":0,"menu_order":61,"comment_status":"closed","ping_status":"closed","template":"page-bine.php","meta":{"_acf_changed":false,"footnotes":""},"class_list":["post-123158","page","type-page","status-publish","has-post-thumbnail","hentry"],"acf":[],"yoast_head":"<!-- This site is optimized with the Yoast SEO plugin v25.6 - https:\/\/yoast.com\/wordpress\/plugins\/seo\/ -->\n<title>B\u00fchnen - EXIT Festival 2025<\/title>\n<meta name=\"description\" content=\"Auf mehr als 40 B\u00fchnen und Areas verteilt und versteckt hinter den Mauern der Petrovaradin Festung pr\u00e4sentiert das EXIT Festival Auftritte von Top Acts und ein gro\u00dfes Spektrum an Genres.\" \/>\n<meta name=\"robots\" content=\"index, follow, max-snippet:-1, max-image-preview:large, max-video-preview:-1\" \/>\n<link rel=\"canonical\" href=\"https:\/\/www.exitfest.org\/de\/buhnen\" \/>\n<meta property=\"og:locale\" content=\"de_DE\" \/>\n<meta property=\"og:type\" content=\"article\" \/>\n<meta property=\"og:title\" content=\"B\u00fchnen - EXIT Festival 2025\" \/>\n<meta property=\"og:description\" content=\"Auf mehr als 40 B\u00fchnen und Areas verteilt und versteckt hinter den Mauern der Petrovaradin Festung pr\u00e4sentiert das EXIT Festival Auftritte von Top Acts und ein gro\u00dfes Spektrum an Genres.\" \/>\n<meta property=\"og:url\" content=\"https:\/\/www.exitfest.org\/de\/buhnen\" \/>\n<meta property=\"og:site_name\" content=\"EXIT Festival 2025\" \/>\n<meta property=\"article:publisher\" content=\"https:\/\/www.facebook.com\/exit.festival\" \/>\n<meta property=\"article:modified_time\" content=\"2025-06-23T12:20:00+00:00\" \/>\n<meta property=\"og:image\" content=\"https:\/\/www.exitfest.org\/wp-content\/uploads\/2024\/11\/state-of-exit-og-image-2025-exit.jpg\" \/>\n\t<meta property=\"og:image:width\" content=\"1920\" \/>\n\t<meta property=\"og:image:height\" content=\"1080\" \/>\n\t<meta property=\"og:image:type\" content=\"image\/jpeg\" \/>\n<meta name=\"twitter:card\" content=\"summary_large_image\" \/>\n<meta name=\"twitter:site\" content=\"@exitfestival\" \/>\n<script type=\"application\/ld+json\" class=\"yoast-schema-graph\">{\"@context\":\"https:\/\/schema.org\",\"@graph\":[{\"@type\":\"WebPage\",\"@id\":\"https:\/\/www.exitfest.org\/de\/buhnen\",\"url\":\"https:\/\/www.exitfest.org\/de\/buhnen\",\"name\":\"B\u00fchnen - EXIT Festival 2025\",\"isPartOf\":{\"@id\":\"https:\/\/www.exitfest.org\/de#website\"},\"primaryImageOfPage\":{\"@id\":\"https:\/\/www.exitfest.org\/de\/buhnen#primaryimage\"},\"image\":{\"@id\":\"https:\/\/www.exitfest.org\/de\/buhnen#primaryimage\"},\"thumbnailUrl\":\"https:\/\/www.exitfest.org\/wp-content\/uploads\/2024\/11\/state-of-exit-og-image-2025-exit.jpg\",\"datePublished\":\"2021-03-26T14:19:46+00:00\",\"dateModified\":\"2025-06-23T12:20:00+00:00\",\"description\":\"Auf mehr als 40 B\u00fchnen und Areas verteilt und versteckt hinter den Mauern der Petrovaradin Festung pr\u00e4sentiert das EXIT Festival Auftritte von Top Acts und ein gro\u00dfes Spektrum an Genres.\",\"breadcrumb\":{\"@id\":\"https:\/\/www.exitfest.org\/de\/buhnen#breadcrumb\"},\"inLanguage\":\"de\",\"potentialAction\":[{\"@type\":\"ReadAction\",\"target\":[\"https:\/\/www.exitfest.org\/de\/buhnen\"]}]},{\"@type\":\"ImageObject\",\"inLanguage\":\"de\",\"@id\":\"https:\/\/www.exitfest.org\/de\/buhnen#primaryimage\",\"url\":\"https:\/\/www.exitfest.org\/wp-content\/uploads\/2024\/11\/state-of-exit-og-image-2025-exit.jpg\",\"contentUrl\":\"https:\/\/www.exitfest.org\/wp-content\/uploads\/2024\/11\/state-of-exit-og-image-2025-exit.jpg\",\"width\":1920,\"height\":1080,\"caption\":\"Hurt\"},{\"@type\":\"BreadcrumbList\",\"@id\":\"https:\/\/www.exitfest.org\/de\/buhnen#breadcrumb\",\"itemListElement\":[{\"@type\":\"ListItem\",\"position\":1,\"name\":\"Po\u010detna\",\"item\":\"https:\/\/www.exitfest.org\/de\"},{\"@type\":\"ListItem\",\"position\":2,\"name\":\"B\u00fchnen\"}]},{\"@type\":\"WebSite\",\"@id\":\"https:\/\/www.exitfest.org\/de#website\",\"url\":\"https:\/\/www.exitfest.org\/de\",\"name\":\"EXIT Festival 2025\",\"description\":\"\",\"publisher\":{\"@id\":\"https:\/\/www.exitfest.org\/de#organization\"},\"alternateName\":\"EXIT Festival\",\"potentialAction\":[{\"@type\":\"SearchAction\",\"target\":{\"@type\":\"EntryPoint\",\"urlTemplate\":\"https:\/\/www.exitfest.org\/de?s={search_term_string}\"},\"query-input\":{\"@type\":\"PropertyValueSpecification\",\"valueRequired\":true,\"valueName\":\"search_term_string\"}}],\"inLanguage\":\"de\"},{\"@type\":\"Organization\",\"@id\":\"https:\/\/www.exitfest.org\/de#organization\",\"name\":\"EXIT Festival\",\"alternateName\":\"EXIT\",\"url\":\"https:\/\/www.exitfest.org\/de\",\"logo\":{\"@type\":\"ImageObject\",\"inLanguage\":\"de\",\"@id\":\"https:\/\/www.exitfest.org\/de#\/schema\/logo\/image\/\",\"url\":\"https:\/\/www.exitfest.org\/wp-content\/uploads\/2023\/04\/exit-logo-696px.svg\",\"contentUrl\":\"https:\/\/www.exitfest.org\/wp-content\/uploads\/2023\/04\/exit-logo-696px.svg\",\"width\":1,\"height\":1,\"caption\":\"EXIT Festival\"},\"image\":{\"@id\":\"https:\/\/www.exitfest.org\/de#\/schema\/logo\/image\/\"},\"sameAs\":[\"https:\/\/www.facebook.com\/exit.festival\",\"https:\/\/x.com\/exitfestival\",\"https:\/\/instagram.com\/exitfestival\",\"https:\/\/www.linkedin.com\/company\/exit-festival\/\",\"https:\/\/www.youtube.com\/user\/EXITFestivalTV\",\"https:\/\/en.wikipedia.org\/wiki\/Exit_festival\",\"https:\/\/www.tiktok.com\/@exit_festival\",\"https:\/\/www.flickr.com\/photos\/exitfestival\",\"https:\/\/soundcloud.com\/exitfestival\",\"https:\/\/www.mixcloud.com\/exitfestival\/\",\"https:\/\/vb.me\/b827f5\",\"https:\/\/www.deezer.com\/en\/profile\/1441778382\",\"https:\/\/vk.com\/exitfestival\"]}]}<\/script>\n<!-- \/ Yoast SEO plugin. -->","yoast_head_json":{"title":"B\u00fchnen - EXIT Festival 2025","description":"Auf mehr als 40 B\u00fchnen und Areas verteilt und versteckt hinter den Mauern der Petrovaradin Festung pr\u00e4sentiert das EXIT Festival Auftritte von Top Acts und ein gro\u00dfes Spektrum an Genres.","robots":{"index":"index","follow":"follow","max-snippet":"max-snippet:-1","max-image-preview":"max-image-preview:large","max-video-preview":"max-video-preview:-1"},"canonical":"https:\/\/www.exitfest.org\/de\/buhnen","og_locale":"de_DE","og_type":"article","og_title":"B\u00fchnen - EXIT Festival 2025","og_description":"Auf mehr als 40 B\u00fchnen und Areas verteilt und versteckt hinter den Mauern der Petrovaradin Festung pr\u00e4sentiert das EXIT Festival Auftritte von Top Acts und ein gro\u00dfes Spektrum an Genres.","og_url":"https:\/\/www.exitfest.org\/de\/buhnen","og_site_name":"EXIT Festival 2025","article_publisher":"https:\/\/www.facebook.com\/exit.festival","article_modified_time":"2025-06-23T12:20:00+00:00","og_image":[{"width":1920,"height":1080,"url":"https:\/\/www.exitfest.org\/wp-content\/uploads\/2024\/11\/state-of-exit-og-image-2025-exit.jpg","type":"image\/jpeg"}],"twitter_card":"summary_large_image","twitter_site":"@exitfestival","schema":{"@context":"https:\/\/schema.org","@graph":[{"@type":"WebPage","@id":"https:\/\/www.exitfest.org\/de\/buhnen","url":"https:\/\/www.exitfest.org\/de\/buhnen","name":"B\u00fchnen - EXIT Festival 2025","isPartOf":{"@id":"https:\/\/www.exitfest.org\/de#website"},"primaryImageOfPage":{"@id":"https:\/\/www.exitfest.org\/de\/buhnen#primaryimage"},"image":{"@id":"https:\/\/www.exitfest.org\/de\/buhnen#primaryimage"},"thumbnailUrl":"https:\/\/www.exitfest.org\/wp-content\/uploads\/2024\/11\/state-of-exit-og-image-2025-exit.jpg","datePublished":"2021-03-26T14:19:46+00:00","dateModified":"2025-06-23T12:20:00+00:00","description":"Auf mehr als 40 B\u00fchnen und Areas verteilt und versteckt hinter den Mauern der Petrovaradin Festung pr\u00e4sentiert das EXIT Festival Auftritte von Top Acts und ein gro\u00dfes Spektrum an Genres.","breadcrumb":{"@id":"https:\/\/www.exitfest.org\/de\/buhnen#breadcrumb"},"inLanguage":"de","potentialAction":[{"@type":"ReadAction","target":["https:\/\/www.exitfest.org\/de\/buhnen"]}]},{"@type":"ImageObject","inLanguage":"de","@id":"https:\/\/www.exitfest.org\/de\/buhnen#primaryimage","url":"https:\/\/www.exitfest.org\/wp-content\/uploads\/2024\/11\/state-of-exit-og-image-2025-exit.jpg","contentUrl":"https:\/\/www.exitfest.org\/wp-content\/uploads\/2024\/11\/state-of-exit-og-image-2025-exit.jpg","width":1920,"height":1080,"caption":"Hurt"},{"@type":"BreadcrumbList","@id":"https:\/\/www.exitfest.org\/de\/buhnen#breadcrumb","itemListElement":[{"@type":"ListItem","position":1,"name":"Po\u010detna","item":"https:\/\/www.exitfest.org\/de"},{"@type":"ListItem","position":2,"name":"B\u00fchnen"}]},{"@type":"WebSite","@id":"https:\/\/www.exitfest.org\/de#website","url":"https:\/\/www.exitfest.org\/de","name":"EXIT Festival 2025","description":"","publisher":{"@id":"https:\/\/www.exitfest.org\/de#organization"},"alternateName":"EXIT Festival","potentialAction":[{"@type":"SearchAction","target":{"@type":"EntryPoint","urlTemplate":"https:\/\/www.exitfest.org\/de?s={search_term_string}"},"query-input":{"@type":"PropertyValueSpecification","valueRequired":true,"valueName":"search_term_string"}}],"inLanguage":"de"},{"@type":"Organization","@id":"https:\/\/www.exitfest.org\/de#organization","name":"EXIT Festival","alternateName":"EXIT","url":"https:\/\/www.exitfest.org\/de","logo":{"@type":"ImageObject","inLanguage":"de","@id":"https:\/\/www.exitfest.org\/de#\/schema\/logo\/image\/","url":"https:\/\/www.exitfest.org\/wp-content\/uploads\/2023\/04\/exit-logo-696px.svg","contentUrl":"https:\/\/www.exitfest.org\/wp-content\/uploads\/2023\/04\/exit-logo-696px.svg","width":1,"height":1,"caption":"EXIT Festival"},"image":{"@id":"https:\/\/www.exitfest.org\/de#\/schema\/logo\/image\/"},"sameAs":["https:\/\/www.facebook.com\/exit.festival","https:\/\/x.com\/exitfestival","https:\/\/instagram.com\/exitfestival","https:\/\/www.linkedin.com\/company\/exit-festival\/","https:\/\/www.youtube.com\/user\/EXITFestivalTV","https:\/\/en.wikipedia.org\/wiki\/Exit_festival","https:\/\/www.tiktok.com\/@exit_festival","https:\/\/www.flickr.com\/photos\/exitfestival","https:\/\/soundcloud.com\/exitfestival","https:\/\/www.mixcloud.com\/exitfestival\/","https:\/\/vb.me\/b827f5","https:\/\/www.deezer.com\/en\/profile\/1441778382","https:\/\/vk.com\/exitfestival"]}]}},"_links":{"self":[{"href":"https:\/\/www.exitfest.org\/de\/wp-json\/wp\/v2\/pages\/123158","targetHints":{"allow":["GET"]}}],"collection":[{"href":"https:\/\/www.exitfest.org\/de\/wp-json\/wp\/v2\/pages"}],"about":[{"href":"https:\/\/www.exitfest.org\/de\/wp-json\/wp\/v2\/types\/page"}],"author":[{"embeddable":true,"href":"https:\/\/www.exitfest.org\/de\/wp-json\/wp\/v2\/users\/10"}],"replies":[{"embeddable":true,"href":"https:\/\/www.exitfest.org\/de\/wp-json\/wp\/v2\/comments?post=123158"}],"version-history":[{"count":2,"href":"https:\/\/www.exitfest.org\/de\/wp-json\/wp\/v2\/pages\/123158\/revisions"}],"predecessor-version":[{"id":251742,"href":"https:\/\/www.exitfest.org\/de\/wp-json\/wp\/v2\/pages\/123158\/revisions\/251742"}],"wp:featuredmedia":[{"embeddable":true,"href":"https:\/\/www.exitfest.org\/de\/wp-json\/wp\/v2\/media\/288934"}],"wp:attachment":[{"href":"https:\/\/www.exitfest.org\/de\/wp-json\/wp\/v2\/media?parent=123158"}],"curies":[{"name":"wp","href":"https:\/\/api.w.org\/{rel}","templated":true}]}}