{"id":123196,"date":"2021-03-26T15:43:46","date_gmt":"2021-03-26T14:43:46","guid":{"rendered":"https:\/\/www.exitfest.org\/?page_id=123196"},"modified":"2021-11-10T07:38:50","modified_gmt":"2021-11-10T06:38:50","slug":"exit-tv","status":"publish","type":"page","link":"https:\/\/www.exitfest.org\/de\/exit-tv","title":{"rendered":"EXIT TV"},"content":{"rendered":"<div class=\"wpb-content-wrapper\"><p>[vc_row css=&#8220;.vc_custom_1585051946381{background-color: #000000 !important;}&#8220;][vc_column][vc_row_inner el_class=&#8220;container-single uk-container-center&#8220;][vc_column_inner][vc_single_image image=&#8220;123208&#8243; img_size=&#8220;full&#8220; alignment=&#8220;center&#8220; css_animation=&#8220;flipInX&#8220;][\/vc_column_inner][\/vc_row_inner][vc_row_inner el_class=&#8220;container-single uk-container-center&#8220;][vc_column_inner offset=&#8220;vc_hidden-xs&#8220;][vc_single_image image=&#8220;132046&#8243; img_size=&#8220;full&#8220; alignment=&#8220;center&#8220; css_animation=&#8220;flipInX&#8220;][\/vc_column_inner][\/vc_row_inner][vc_row_inner el_class=&#8220;container-single uk-container-center&#8220;][vc_column_inner offset=&#8220;vc_hidden-lg vc_hidden-md vc_hidden-sm&#8220; css=&#8220;.vc_custom_1585070691758{padding-right: 0px !important;padding-left: 0px !important;}&#8220;][vc_single_image image=&#8220;132039&#8243; img_size=&#8220;full&#8220; alignment=&#8220;center&#8220; css_animation=&#8220;flipInX&#8220;][\/vc_column_inner][\/vc_row_inner][vc_row_inner el_class=&#8220;container-single uk-container-center&#8220;][vc_column_inner][vc_column_text css_animation=&#8220;fadeInUp&#8220; el_class=&#8220;introtext&#8220;]Das EXIT Festival bereitet sich auf das 20-j\u00e4hrige Jubil\u00e4um vom 8. bis 11. Juli in der Festung Petrovaradin vor. Eingel\u00e4utet werden die Feierlichkeiten mit einer neuen Reihe von Premiere-Festivalshows aus der glorreichen Geschichte des EXIT Festivals. Die erste Show der neuen EXIT TV-Saison, ist f\u00fcr Samstag, den 27. M\u00e4rz geplant und zeigt Emeli Sande, die EXIT im Jahr 2015 er\u00f6ffnete und aufgrund ihrer emotionalen Leistung f\u00fcr viele Festivalfans unvergesslich blieb. Am darauffolgenden Samstag, dem 3. April, kommt die britische Drum-n-Bass-Crew Bad Company UK aus dem Jahr 2017 auf die Screens. Am 10. April gibt es das unglaubliche B2B-Set von Adam Beyer und Ida Engberg aus der mts Dance Arena 2018. Der Skrillex Auftritt aus 2014 ist f\u00fcr den 17. April geplant und wird allen noch einmal verdeutlichen, warum dieser Youngster einer der gr\u00f6\u00dften Stars der Welt ist. Am 24. April sehen wir schlie\u00dflich die Show des Hip-Hop-Superstars French Montana. Die Shows starten jeden Samstag um 20:21 Uhr. Anfang 2020 sendete das EXIT Festival \u00fcber die EXIT-TV-Plattform ein spezielles Programm mit einigen der besten Shows aus der Geschichte des Festivals sowie exklusive Auftritte von DJs, die Sets in ihren eigenen vier W\u00e4nden spielen.[\/vc_column_text][\/vc_column_inner][\/vc_row_inner][vc_row_inner el_class=&#8220;container-single uk-container-center&#8220; css=&#8220;.vc_custom_1585072355096{padding-top: 10px !important;padding-bottom: 5% !important;}&#8220;][vc_column_inner css=&#8220;.vc_custom_1585055297030{padding-right: 0px !important;padding-left: 0px !important;}&#8220;][vc_separator color=&#8220;custom&#8220; border_width=&#8220;3&#8243; css_animation=&#8220;fadeIn&#8220; accent_color=&#8220;#353535&#8243;][vc_separator color=&#8220;custom&#8220; border_width=&#8220;3&#8243; css_animation=&#8220;fadeIn&#8220; accent_color=&#8220;#353535&#8243; css=&#8220;.vc_custom_1585072026385{padding-top: 7% !important;}&#8220;][\/vc_column_inner][\/vc_row_inner][\/vc_column][\/vc_row]<\/p>\n<\/div>","protected":false},"excerpt":{"rendered":"<p>[vc_row css=&#8220;.vc_custom_1585051946381{background-color: #000000 !important;}&#8220;][vc_column][vc_row_inner el_class=&#8220;container-single uk-container-center&#8220;][vc_column_inner][vc_single_image image=&#8220;123208&#8243; img_size=&#8220;full&#8220; alignment=&#8220;center&#8220; css_animation=&#8220;flipInX&#8220;][\/vc_column_inner][\/vc_row_inner][vc_row_inner el_class=&#8220;container-single uk-container-center&#8220;][vc_column_inner offset=&#8220;vc_hidden-xs&#8220;][vc_single_image image=&#8220;132046&#8243; img_size=&#8220;full&#8220; alignment=&#8220;center&#8220; css_animation=&#8220;flipInX&#8220;][\/vc_column_inner][\/vc_row_inner][vc_row_inner el_class=&#8220;container-single uk-container-center&#8220;][vc_column_inner offset=&#8220;vc_hidden-lg vc_hidden-md vc_hidden-sm&#8220; css=&#8220;.vc_custom_1585070691758{padding-right: 0px !important;padding-left: 0px !important;}&#8220;][vc_single_image image=&#8220;132039&#8243; img_size=&#8220;full&#8220; alignment=&#8220;center&#8220;<\/p>\n","protected":false},"author":10,"featured_media":126660,"parent":0,"menu_order":99,"comment_status":"closed","ping_status":"closed","template":"","meta":{"_acf_changed":false,"footnotes":""},"class_list":["post-123196","page","type-page","status-publish","has-post-thumbnail","hentry"],"acf":[],"yoast_head":"<!-- This site is optimized with the Yoast SEO plugin v25.6 - https:\/\/yoast.com\/wordpress\/plugins\/seo\/ -->\n<title>EXIT TV - EXIT Festival 2025<\/title>\n<meta name=\"description\" content=\"EXIT TV kontinuirano donosi ekskluzivne snimke iz bogate istorije EXIT festivala, uz specijalni vi\u0161esatni novogodi\u0161nji program koji se emituje 31. decembra na Facebook stranici i YouTube kanalu, kao i na zvani\u010dnom sajtu festivala.\" \/>\n<meta name=\"robots\" content=\"index, follow, max-snippet:-1, max-image-preview:large, max-video-preview:-1\" \/>\n<link rel=\"canonical\" href=\"https:\/\/www.exitfest.org\/de\/exit-tv\" \/>\n<meta property=\"og:locale\" content=\"de_DE\" \/>\n<meta property=\"og:type\" content=\"article\" \/>\n<meta property=\"og:title\" content=\"EXIT TV - EXIT Festival 2025\" \/>\n<meta property=\"og:description\" content=\"EXIT TV kontinuirano donosi ekskluzivne snimke iz bogate istorije EXIT festivala, uz specijalni vi\u0161esatni novogodi\u0161nji program koji se emituje 31. decembra na Facebook stranici i YouTube kanalu, kao i na zvani\u010dnom sajtu festivala.\" \/>\n<meta property=\"og:url\" content=\"https:\/\/www.exitfest.org\/de\/exit-tv\" \/>\n<meta property=\"og:site_name\" content=\"EXIT Festival 2025\" \/>\n<meta property=\"article:publisher\" content=\"https:\/\/www.facebook.com\/exit.festival\" \/>\n<meta property=\"article:modified_time\" content=\"2021-11-10T06:38:50+00:00\" \/>\n<meta property=\"og:image\" content=\"https:\/\/www.exitfest.org\/wp-content\/uploads\/2021\/05\/1200x630_EXIT-TV-vol4.jpg\" \/>\n\t<meta property=\"og:image:width\" content=\"1200\" \/>\n\t<meta property=\"og:image:height\" content=\"630\" \/>\n\t<meta property=\"og:image:type\" content=\"image\/jpeg\" \/>\n<meta name=\"twitter:card\" content=\"summary_large_image\" \/>\n<meta name=\"twitter:site\" content=\"@exitfestival\" \/>\n<script type=\"application\/ld+json\" class=\"yoast-schema-graph\">{\"@context\":\"https:\/\/schema.org\",\"@graph\":[{\"@type\":\"WebPage\",\"@id\":\"https:\/\/www.exitfest.org\/de\/exit-tv\",\"url\":\"https:\/\/www.exitfest.org\/de\/exit-tv\",\"name\":\"EXIT TV - EXIT Festival 2025\",\"isPartOf\":{\"@id\":\"https:\/\/www.exitfest.org\/de#website\"},\"primaryImageOfPage\":{\"@id\":\"https:\/\/www.exitfest.org\/de\/exit-tv#primaryimage\"},\"image\":{\"@id\":\"https:\/\/www.exitfest.org\/de\/exit-tv#primaryimage\"},\"thumbnailUrl\":\"https:\/\/www.exitfest.org\/wp-content\/uploads\/2021\/05\/1200x630_EXIT-TV-vol4.jpg\",\"datePublished\":\"2021-03-26T14:43:46+00:00\",\"dateModified\":\"2021-11-10T06:38:50+00:00\",\"description\":\"EXIT TV kontinuirano donosi ekskluzivne snimke iz bogate istorije EXIT festivala, uz specijalni vi\u0161esatni novogodi\u0161nji program koji se emituje 31. decembra na Facebook stranici i YouTube kanalu, kao i na zvani\u010dnom sajtu festivala.\",\"breadcrumb\":{\"@id\":\"https:\/\/www.exitfest.org\/de\/exit-tv#breadcrumb\"},\"inLanguage\":\"de\",\"potentialAction\":[{\"@type\":\"ReadAction\",\"target\":[\"https:\/\/www.exitfest.org\/de\/exit-tv\"]}]},{\"@type\":\"ImageObject\",\"inLanguage\":\"de\",\"@id\":\"https:\/\/www.exitfest.org\/de\/exit-tv#primaryimage\",\"url\":\"https:\/\/www.exitfest.org\/wp-content\/uploads\/2021\/05\/1200x630_EXIT-TV-vol4.jpg\",\"contentUrl\":\"https:\/\/www.exitfest.org\/wp-content\/uploads\/2021\/05\/1200x630_EXIT-TV-vol4.jpg\",\"width\":1200,\"height\":630,\"caption\":\"EXIT TV\"},{\"@type\":\"BreadcrumbList\",\"@id\":\"https:\/\/www.exitfest.org\/de\/exit-tv#breadcrumb\",\"itemListElement\":[{\"@type\":\"ListItem\",\"position\":1,\"name\":\"Po\u010detna\",\"item\":\"https:\/\/www.exitfest.org\/de\"},{\"@type\":\"ListItem\",\"position\":2,\"name\":\"EXIT TV\"}]},{\"@type\":\"WebSite\",\"@id\":\"https:\/\/www.exitfest.org\/de#website\",\"url\":\"https:\/\/www.exitfest.org\/de\",\"name\":\"EXIT Festival 2025\",\"description\":\"\",\"publisher\":{\"@id\":\"https:\/\/www.exitfest.org\/de#organization\"},\"alternateName\":\"EXIT Festival\",\"potentialAction\":[{\"@type\":\"SearchAction\",\"target\":{\"@type\":\"EntryPoint\",\"urlTemplate\":\"https:\/\/www.exitfest.org\/de?s={search_term_string}\"},\"query-input\":{\"@type\":\"PropertyValueSpecification\",\"valueRequired\":true,\"valueName\":\"search_term_string\"}}],\"inLanguage\":\"de\"},{\"@type\":\"Organization\",\"@id\":\"https:\/\/www.exitfest.org\/de#organization\",\"name\":\"EXIT Festival\",\"alternateName\":\"EXIT\",\"url\":\"https:\/\/www.exitfest.org\/de\",\"logo\":{\"@type\":\"ImageObject\",\"inLanguage\":\"de\",\"@id\":\"https:\/\/www.exitfest.org\/de#\/schema\/logo\/image\/\",\"url\":\"https:\/\/www.exitfest.org\/wp-content\/uploads\/2023\/04\/exit-logo-696px.svg\",\"contentUrl\":\"https:\/\/www.exitfest.org\/wp-content\/uploads\/2023\/04\/exit-logo-696px.svg\",\"width\":1,\"height\":1,\"caption\":\"EXIT Festival\"},\"image\":{\"@id\":\"https:\/\/www.exitfest.org\/de#\/schema\/logo\/image\/\"},\"sameAs\":[\"https:\/\/www.facebook.com\/exit.festival\",\"https:\/\/x.com\/exitfestival\",\"https:\/\/instagram.com\/exitfestival\",\"https:\/\/www.linkedin.com\/company\/exit-festival\/\",\"https:\/\/www.youtube.com\/user\/EXITFestivalTV\",\"https:\/\/en.wikipedia.org\/wiki\/Exit_festival\",\"https:\/\/www.tiktok.com\/@exit_festival\",\"https:\/\/www.flickr.com\/photos\/exitfestival\",\"https:\/\/soundcloud.com\/exitfestival\",\"https:\/\/www.mixcloud.com\/exitfestival\/\",\"https:\/\/vb.me\/b827f5\",\"https:\/\/www.deezer.com\/en\/profile\/1441778382\",\"https:\/\/vk.com\/exitfestival\"]}]}<\/script>\n<!-- \/ Yoast SEO plugin. -->","yoast_head_json":{"title":"EXIT TV - EXIT Festival 2025","description":"EXIT TV kontinuirano donosi ekskluzivne snimke iz bogate istorije EXIT festivala, uz specijalni vi\u0161esatni novogodi\u0161nji program koji se emituje 31. decembra na Facebook stranici i YouTube kanalu, kao i na zvani\u010dnom sajtu festivala.","robots":{"index":"index","follow":"follow","max-snippet":"max-snippet:-1","max-image-preview":"max-image-preview:large","max-video-preview":"max-video-preview:-1"},"canonical":"https:\/\/www.exitfest.org\/de\/exit-tv","og_locale":"de_DE","og_type":"article","og_title":"EXIT TV - EXIT Festival 2025","og_description":"EXIT TV kontinuirano donosi ekskluzivne snimke iz bogate istorije EXIT festivala, uz specijalni vi\u0161esatni novogodi\u0161nji program koji se emituje 31. decembra na Facebook stranici i YouTube kanalu, kao i na zvani\u010dnom sajtu festivala.","og_url":"https:\/\/www.exitfest.org\/de\/exit-tv","og_site_name":"EXIT Festival 2025","article_publisher":"https:\/\/www.facebook.com\/exit.festival","article_modified_time":"2021-11-10T06:38:50+00:00","og_image":[{"width":1200,"height":630,"url":"https:\/\/www.exitfest.org\/wp-content\/uploads\/2021\/05\/1200x630_EXIT-TV-vol4.jpg","type":"image\/jpeg"}],"twitter_card":"summary_large_image","twitter_site":"@exitfestival","schema":{"@context":"https:\/\/schema.org","@graph":[{"@type":"WebPage","@id":"https:\/\/www.exitfest.org\/de\/exit-tv","url":"https:\/\/www.exitfest.org\/de\/exit-tv","name":"EXIT TV - EXIT Festival 2025","isPartOf":{"@id":"https:\/\/www.exitfest.org\/de#website"},"primaryImageOfPage":{"@id":"https:\/\/www.exitfest.org\/de\/exit-tv#primaryimage"},"image":{"@id":"https:\/\/www.exitfest.org\/de\/exit-tv#primaryimage"},"thumbnailUrl":"https:\/\/www.exitfest.org\/wp-content\/uploads\/2021\/05\/1200x630_EXIT-TV-vol4.jpg","datePublished":"2021-03-26T14:43:46+00:00","dateModified":"2021-11-10T06:38:50+00:00","description":"EXIT TV kontinuirano donosi ekskluzivne snimke iz bogate istorije EXIT festivala, uz specijalni vi\u0161esatni novogodi\u0161nji program koji se emituje 31. decembra na Facebook stranici i YouTube kanalu, kao i na zvani\u010dnom sajtu festivala.","breadcrumb":{"@id":"https:\/\/www.exitfest.org\/de\/exit-tv#breadcrumb"},"inLanguage":"de","potentialAction":[{"@type":"ReadAction","target":["https:\/\/www.exitfest.org\/de\/exit-tv"]}]},{"@type":"ImageObject","inLanguage":"de","@id":"https:\/\/www.exitfest.org\/de\/exit-tv#primaryimage","url":"https:\/\/www.exitfest.org\/wp-content\/uploads\/2021\/05\/1200x630_EXIT-TV-vol4.jpg","contentUrl":"https:\/\/www.exitfest.org\/wp-content\/uploads\/2021\/05\/1200x630_EXIT-TV-vol4.jpg","width":1200,"height":630,"caption":"EXIT TV"},{"@type":"BreadcrumbList","@id":"https:\/\/www.exitfest.org\/de\/exit-tv#breadcrumb","itemListElement":[{"@type":"ListItem","position":1,"name":"Po\u010detna","item":"https:\/\/www.exitfest.org\/de"},{"@type":"ListItem","position":2,"name":"EXIT TV"}]},{"@type":"WebSite","@id":"https:\/\/www.exitfest.org\/de#website","url":"https:\/\/www.exitfest.org\/de","name":"EXIT Festival 2025","description":"","publisher":{"@id":"https:\/\/www.exitfest.org\/de#organization"},"alternateName":"EXIT Festival","potentialAction":[{"@type":"SearchAction","target":{"@type":"EntryPoint","urlTemplate":"https:\/\/www.exitfest.org\/de?s={search_term_string}"},"query-input":{"@type":"PropertyValueSpecification","valueRequired":true,"valueName":"search_term_string"}}],"inLanguage":"de"},{"@type":"Organization","@id":"https:\/\/www.exitfest.org\/de#organization","name":"EXIT Festival","alternateName":"EXIT","url":"https:\/\/www.exitfest.org\/de","logo":{"@type":"ImageObject","inLanguage":"de","@id":"https:\/\/www.exitfest.org\/de#\/schema\/logo\/image\/","url":"https:\/\/www.exitfest.org\/wp-content\/uploads\/2023\/04\/exit-logo-696px.svg","contentUrl":"https:\/\/www.exitfest.org\/wp-content\/uploads\/2023\/04\/exit-logo-696px.svg","width":1,"height":1,"caption":"EXIT Festival"},"image":{"@id":"https:\/\/www.exitfest.org\/de#\/schema\/logo\/image\/"},"sameAs":["https:\/\/www.facebook.com\/exit.festival","https:\/\/x.com\/exitfestival","https:\/\/instagram.com\/exitfestival","https:\/\/www.linkedin.com\/company\/exit-festival\/","https:\/\/www.youtube.com\/user\/EXITFestivalTV","https:\/\/en.wikipedia.org\/wiki\/Exit_festival","https:\/\/www.tiktok.com\/@exit_festival","https:\/\/www.flickr.com\/photos\/exitfestival","https:\/\/soundcloud.com\/exitfestival","https:\/\/www.mixcloud.com\/exitfestival\/","https:\/\/vb.me\/b827f5","https:\/\/www.deezer.com\/en\/profile\/1441778382","https:\/\/vk.com\/exitfestival"]}]}},"_links":{"self":[{"href":"https:\/\/www.exitfest.org\/de\/wp-json\/wp\/v2\/pages\/123196","targetHints":{"allow":["GET"]}}],"collection":[{"href":"https:\/\/www.exitfest.org\/de\/wp-json\/wp\/v2\/pages"}],"about":[{"href":"https:\/\/www.exitfest.org\/de\/wp-json\/wp\/v2\/types\/page"}],"author":[{"embeddable":true,"href":"https:\/\/www.exitfest.org\/de\/wp-json\/wp\/v2\/users\/10"}],"replies":[{"embeddable":true,"href":"https:\/\/www.exitfest.org\/de\/wp-json\/wp\/v2\/comments?post=123196"}],"version-history":[{"count":0,"href":"https:\/\/www.exitfest.org\/de\/wp-json\/wp\/v2\/pages\/123196\/revisions"}],"wp:featuredmedia":[{"embeddable":true,"href":"https:\/\/www.exitfest.org\/de\/wp-json\/wp\/v2\/media\/126660"}],"wp:attachment":[{"href":"https:\/\/www.exitfest.org\/de\/wp-json\/wp\/v2\/media?parent=123196"}],"curies":[{"name":"wp","href":"https:\/\/api.w.org\/{rel}","templated":true}]}}