{"id":123667,"date":"2021-04-01T13:34:23","date_gmt":"2021-04-01T11:34:23","guid":{"rendered":"https:\/\/www.exitfest.org\/?page_id=123667"},"modified":"2025-06-24T14:22:25","modified_gmt":"2025-06-24T12:22:25","slug":"presse","status":"publish","type":"page","link":"https:\/\/www.exitfest.org\/de\/presse","title":{"rendered":"Presse"},"content":{"rendered":"<div class=\"wpb-content-wrapper\"><p>[vc_row el_class=&#8220;container-single uk-container-center&#8220; css=&#8220;.vc_custom_1747313862796{padding-top: 40px !important;padding-bottom: 70px !important;}&#8220;][vc_column][vc_column_text css=&#8220;&#8220;]<\/p>\n<h2>Medienakkreditierung f\u00fcr das EXIT Festival 2025 ist jetzt geschlossen<\/h2>\n<p>[\/vc_column_text][vc_separator][vc_column_text css=&#8220;&#8220;]Der Akkreditierungsprozess f\u00fcr Medienvertreter:innen beim EXIT Festival 2025 ist offiziell abgeschlossen. Wir danken allen f\u00fcr ihr Interesse.<\/p>\n<p>Alle Medien, deren Akkreditierung genehmigt wurde, werden sp\u00e4testens bis zum <strong>25. Juni 2025<\/strong> per E-Mail kontaktiert.<\/p>\n<p>F\u00fcr weitere Fragen oder Informationen k\u00f6nnt ihr uns gerne unter folgender Adresse kontaktieren: <a href=\"mailto:accreditation@exitfest.org\">accreditation@exitfest.org<\/a>[\/vc_column_text][\/vc_column][\/vc_row][vc_row el_class=&#8220;container-single uk-container-center&#8220; css=&#8220;.vc_custom_1721645839282{padding-top: 40px !important;padding-bottom: 70px !important;}&#8220;][vc_column][vc_column_text]<\/p>\n<h2>Danke f\u00fcr dein Interesse am EXIT Festival!<\/h2>\n<p>[\/vc_column_text][vc_separator][vc_column_text css=&#8220;&#8220;]<\/p>\n<h3>Fotos<\/h3>\n<p>F\u00fcr EXIT 2024-Fotomaterial kannst du gerne Fotos aus unserem Flickr-Stream unter <strong><a href=\"https:\/\/www.flickr.com\/photos\/exitfestival\/\" target=\"_blank\" rel=\"noopener\">diesem Link<\/a><\/strong> verwenden. Alle Fotos k\u00f6nnen mit dem EXIT Photo Team Credit versehen werden. Solltest du ein Foto in hoher Aufl\u00f6sung ben\u00f6tigen, kontaktiere uns bitte unter <strong><a href=\"mailto:press@exitfest.org\">press@exitfest.org<\/a><\/strong>.[\/vc_column_text][vc_column_text]<\/p>\n<h3>Video<\/h3>\n<p>F\u00fcr Videomaterial besuche den offiziellen YouTube-Kanal des EXIT-Festivals unter <a href=\"https:\/\/www.youtube.com\/channel\/UCa_xJKsllwjLgZ1qkm1aW7g\" target=\"_blank\" rel=\"noopener\">diesem Link<\/a>. Solltest du zus\u00e4tzliches HD-Videomaterial ben\u00f6tigen, z\u00f6gere nicht uns zu kontaktieren: <a href=\"mailto:press@exitfest.org\" target=\"_blank\" rel=\"noopener\"><strong>press@exitfest.org<\/strong><\/a>.[\/vc_column_text][\/vc_column][\/vc_row]<\/p>\n<\/div>","protected":false},"excerpt":{"rendered":"<p>[vc_row el_class=&#8220;container-single uk-container-center&#8220; css=&#8220;.vc_custom_1747313862796{padding-top: 40px !important;padding-bottom: 70px !important;}&#8220;][vc_column][vc_column_text css=&#8220;&#8220;] Medienakkreditierung f\u00fcr das EXIT Festival 2025 ist jetzt geschlossen [\/vc_column_text][vc_separator][vc_column_text css=&#8220;&#8220;]Der Akkreditierungsprozess f\u00fcr Medienvertreter:innen beim EXIT Festival 2025 ist offiziell abgeschlossen.<\/p>\n","protected":false},"author":10,"featured_media":0,"parent":0,"menu_order":74,"comment_status":"closed","ping_status":"closed","template":"page-with-hero.php","meta":{"_acf_changed":false,"footnotes":""},"class_list":["post-123667","page","type-page","status-publish","hentry"],"acf":[],"yoast_head":"<!-- This site is optimized with the Yoast SEO plugin v25.6 - https:\/\/yoast.com\/wordpress\/plugins\/seo\/ -->\n<title>Presse - EXIT Festival 2025<\/title>\n<meta name=\"description\" content=\"Vielen Dank f\u00fcr dein Interesse am EXIT Festival! F\u00fcr weitere Informationen, kontaktiere uns via press@exitfest.org zu\" \/>\n<meta name=\"robots\" content=\"index, follow, max-snippet:-1, max-image-preview:large, max-video-preview:-1\" \/>\n<link rel=\"canonical\" href=\"https:\/\/www.exitfest.org\/de\/presse\" \/>\n<meta property=\"og:locale\" content=\"de_DE\" \/>\n<meta property=\"og:type\" content=\"article\" \/>\n<meta property=\"og:title\" content=\"Presse - EXIT Festival 2025\" \/>\n<meta property=\"og:description\" content=\"Vielen Dank f\u00fcr dein Interesse am EXIT Festival! F\u00fcr weitere Informationen, kontaktiere uns via press@exitfest.org zu\" \/>\n<meta property=\"og:url\" content=\"https:\/\/www.exitfest.org\/de\/presse\" \/>\n<meta property=\"og:site_name\" content=\"EXIT Festival 2025\" \/>\n<meta property=\"article:publisher\" content=\"https:\/\/www.facebook.com\/exit.festival\" \/>\n<meta property=\"article:modified_time\" content=\"2025-06-24T12:22:25+00:00\" \/>\n<meta property=\"og:image\" content=\"https:\/\/www.exitfest.org\/wp-content\/uploads\/2024\/11\/state-of-exit-og-image-2025-exit.jpg\" \/>\n\t<meta property=\"og:image:width\" content=\"1920\" \/>\n\t<meta property=\"og:image:height\" content=\"1080\" \/>\n\t<meta property=\"og:image:type\" content=\"image\/jpeg\" \/>\n<meta name=\"twitter:card\" content=\"summary_large_image\" \/>\n<meta name=\"twitter:site\" content=\"@exitfestival\" \/>\n<script type=\"application\/ld+json\" class=\"yoast-schema-graph\">{\"@context\":\"https:\/\/schema.org\",\"@graph\":[{\"@type\":\"WebPage\",\"@id\":\"https:\/\/www.exitfest.org\/de\/presse\",\"url\":\"https:\/\/www.exitfest.org\/de\/presse\",\"name\":\"Presse - EXIT Festival 2025\",\"isPartOf\":{\"@id\":\"https:\/\/www.exitfest.org\/de#website\"},\"datePublished\":\"2021-04-01T11:34:23+00:00\",\"dateModified\":\"2025-06-24T12:22:25+00:00\",\"description\":\"Vielen Dank f\u00fcr dein Interesse am EXIT Festival! F\u00fcr weitere Informationen, kontaktiere uns via press@exitfest.org zu\",\"breadcrumb\":{\"@id\":\"https:\/\/www.exitfest.org\/de\/presse#breadcrumb\"},\"inLanguage\":\"de\",\"potentialAction\":[{\"@type\":\"ReadAction\",\"target\":[\"https:\/\/www.exitfest.org\/de\/presse\"]}]},{\"@type\":\"BreadcrumbList\",\"@id\":\"https:\/\/www.exitfest.org\/de\/presse#breadcrumb\",\"itemListElement\":[{\"@type\":\"ListItem\",\"position\":1,\"name\":\"Po\u010detna\",\"item\":\"https:\/\/www.exitfest.org\/de\"},{\"@type\":\"ListItem\",\"position\":2,\"name\":\"Presse\"}]},{\"@type\":\"WebSite\",\"@id\":\"https:\/\/www.exitfest.org\/de#website\",\"url\":\"https:\/\/www.exitfest.org\/de\",\"name\":\"EXIT Festival 2025\",\"description\":\"\",\"publisher\":{\"@id\":\"https:\/\/www.exitfest.org\/de#organization\"},\"alternateName\":\"EXIT Festival\",\"potentialAction\":[{\"@type\":\"SearchAction\",\"target\":{\"@type\":\"EntryPoint\",\"urlTemplate\":\"https:\/\/www.exitfest.org\/de?s={search_term_string}\"},\"query-input\":{\"@type\":\"PropertyValueSpecification\",\"valueRequired\":true,\"valueName\":\"search_term_string\"}}],\"inLanguage\":\"de\"},{\"@type\":\"Organization\",\"@id\":\"https:\/\/www.exitfest.org\/de#organization\",\"name\":\"EXIT Festival\",\"alternateName\":\"EXIT\",\"url\":\"https:\/\/www.exitfest.org\/de\",\"logo\":{\"@type\":\"ImageObject\",\"inLanguage\":\"de\",\"@id\":\"https:\/\/www.exitfest.org\/de#\/schema\/logo\/image\/\",\"url\":\"https:\/\/www.exitfest.org\/wp-content\/uploads\/2023\/04\/exit-logo-696px.svg\",\"contentUrl\":\"https:\/\/www.exitfest.org\/wp-content\/uploads\/2023\/04\/exit-logo-696px.svg\",\"width\":1,\"height\":1,\"caption\":\"EXIT Festival\"},\"image\":{\"@id\":\"https:\/\/www.exitfest.org\/de#\/schema\/logo\/image\/\"},\"sameAs\":[\"https:\/\/www.facebook.com\/exit.festival\",\"https:\/\/x.com\/exitfestival\",\"https:\/\/instagram.com\/exitfestival\",\"https:\/\/www.linkedin.com\/company\/exit-festival\/\",\"https:\/\/www.youtube.com\/user\/EXITFestivalTV\",\"https:\/\/en.wikipedia.org\/wiki\/Exit_festival\",\"https:\/\/www.tiktok.com\/@exit_festival\",\"https:\/\/www.flickr.com\/photos\/exitfestival\",\"https:\/\/soundcloud.com\/exitfestival\",\"https:\/\/www.mixcloud.com\/exitfestival\/\",\"https:\/\/vb.me\/b827f5\",\"https:\/\/www.deezer.com\/en\/profile\/1441778382\",\"https:\/\/vk.com\/exitfestival\"]}]}<\/script>\n<!-- \/ Yoast SEO plugin. -->","yoast_head_json":{"title":"Presse - EXIT Festival 2025","description":"Vielen Dank f\u00fcr dein Interesse am EXIT Festival! F\u00fcr weitere Informationen, kontaktiere uns via press@exitfest.org zu","robots":{"index":"index","follow":"follow","max-snippet":"max-snippet:-1","max-image-preview":"max-image-preview:large","max-video-preview":"max-video-preview:-1"},"canonical":"https:\/\/www.exitfest.org\/de\/presse","og_locale":"de_DE","og_type":"article","og_title":"Presse - EXIT Festival 2025","og_description":"Vielen Dank f\u00fcr dein Interesse am EXIT Festival! F\u00fcr weitere Informationen, kontaktiere uns via press@exitfest.org zu","og_url":"https:\/\/www.exitfest.org\/de\/presse","og_site_name":"EXIT Festival 2025","article_publisher":"https:\/\/www.facebook.com\/exit.festival","article_modified_time":"2025-06-24T12:22:25+00:00","og_image":[{"width":1920,"height":1080,"url":"https:\/\/www.exitfest.org\/wp-content\/uploads\/2024\/11\/state-of-exit-og-image-2025-exit.jpg","type":"image\/jpeg"}],"twitter_card":"summary_large_image","twitter_site":"@exitfestival","schema":{"@context":"https:\/\/schema.org","@graph":[{"@type":"WebPage","@id":"https:\/\/www.exitfest.org\/de\/presse","url":"https:\/\/www.exitfest.org\/de\/presse","name":"Presse - EXIT Festival 2025","isPartOf":{"@id":"https:\/\/www.exitfest.org\/de#website"},"datePublished":"2021-04-01T11:34:23+00:00","dateModified":"2025-06-24T12:22:25+00:00","description":"Vielen Dank f\u00fcr dein Interesse am EXIT Festival! F\u00fcr weitere Informationen, kontaktiere uns via press@exitfest.org zu","breadcrumb":{"@id":"https:\/\/www.exitfest.org\/de\/presse#breadcrumb"},"inLanguage":"de","potentialAction":[{"@type":"ReadAction","target":["https:\/\/www.exitfest.org\/de\/presse"]}]},{"@type":"BreadcrumbList","@id":"https:\/\/www.exitfest.org\/de\/presse#breadcrumb","itemListElement":[{"@type":"ListItem","position":1,"name":"Po\u010detna","item":"https:\/\/www.exitfest.org\/de"},{"@type":"ListItem","position":2,"name":"Presse"}]},{"@type":"WebSite","@id":"https:\/\/www.exitfest.org\/de#website","url":"https:\/\/www.exitfest.org\/de","name":"EXIT Festival 2025","description":"","publisher":{"@id":"https:\/\/www.exitfest.org\/de#organization"},"alternateName":"EXIT Festival","potentialAction":[{"@type":"SearchAction","target":{"@type":"EntryPoint","urlTemplate":"https:\/\/www.exitfest.org\/de?s={search_term_string}"},"query-input":{"@type":"PropertyValueSpecification","valueRequired":true,"valueName":"search_term_string"}}],"inLanguage":"de"},{"@type":"Organization","@id":"https:\/\/www.exitfest.org\/de#organization","name":"EXIT Festival","alternateName":"EXIT","url":"https:\/\/www.exitfest.org\/de","logo":{"@type":"ImageObject","inLanguage":"de","@id":"https:\/\/www.exitfest.org\/de#\/schema\/logo\/image\/","url":"https:\/\/www.exitfest.org\/wp-content\/uploads\/2023\/04\/exit-logo-696px.svg","contentUrl":"https:\/\/www.exitfest.org\/wp-content\/uploads\/2023\/04\/exit-logo-696px.svg","width":1,"height":1,"caption":"EXIT Festival"},"image":{"@id":"https:\/\/www.exitfest.org\/de#\/schema\/logo\/image\/"},"sameAs":["https:\/\/www.facebook.com\/exit.festival","https:\/\/x.com\/exitfestival","https:\/\/instagram.com\/exitfestival","https:\/\/www.linkedin.com\/company\/exit-festival\/","https:\/\/www.youtube.com\/user\/EXITFestivalTV","https:\/\/en.wikipedia.org\/wiki\/Exit_festival","https:\/\/www.tiktok.com\/@exit_festival","https:\/\/www.flickr.com\/photos\/exitfestival","https:\/\/soundcloud.com\/exitfestival","https:\/\/www.mixcloud.com\/exitfestival\/","https:\/\/vb.me\/b827f5","https:\/\/www.deezer.com\/en\/profile\/1441778382","https:\/\/vk.com\/exitfestival"]}]}},"_links":{"self":[{"href":"https:\/\/www.exitfest.org\/de\/wp-json\/wp\/v2\/pages\/123667","targetHints":{"allow":["GET"]}}],"collection":[{"href":"https:\/\/www.exitfest.org\/de\/wp-json\/wp\/v2\/pages"}],"about":[{"href":"https:\/\/www.exitfest.org\/de\/wp-json\/wp\/v2\/types\/page"}],"author":[{"embeddable":true,"href":"https:\/\/www.exitfest.org\/de\/wp-json\/wp\/v2\/users\/10"}],"replies":[{"embeddable":true,"href":"https:\/\/www.exitfest.org\/de\/wp-json\/wp\/v2\/comments?post=123667"}],"version-history":[{"count":10,"href":"https:\/\/www.exitfest.org\/de\/wp-json\/wp\/v2\/pages\/123667\/revisions"}],"predecessor-version":[{"id":298599,"href":"https:\/\/www.exitfest.org\/de\/wp-json\/wp\/v2\/pages\/123667\/revisions\/298599"}],"wp:attachment":[{"href":"https:\/\/www.exitfest.org\/de\/wp-json\/wp\/v2\/media?parent=123667"}],"curies":[{"name":"wp","href":"https:\/\/api.w.org\/{rel}","templated":true}]}}