{"id":143525,"date":"2021-09-23T14:42:50","date_gmt":"2021-09-23T12:42:50","guid":{"rendered":"https:\/\/www.exitfest.org\/?page_id=143525"},"modified":"2021-11-29T18:18:42","modified_gmt":"2021-11-29T17:18:42","slug":"exit-werte","status":"publish","type":"page","link":"https:\/\/www.exitfest.org\/de\/exit-werte","title":{"rendered":"EXIT Werte"},"content":{"rendered":"<div class=\"wpb-content-wrapper\"><p>[vc_row el_class=&#8220;container-single uk-container-center&#8220; css=&#8220;.vc_custom_1547721396987{padding-top: 40px !important;}&#8220;][vc_column offset=&#8220;vc_col-lg-offset-2 vc_col-lg-8 vc_col-md-offset-2 vc_col-md-8&#8243; css=&#8220;.vc_custom_1547720815089{margin-bottom: 0px !important;}&#8220;][vc_column_text css_animation=&#8220;none&#8220; css=&#8220;.vc_custom_1638205447186{margin-bottom: 10px !important;}&#8220;]Soziale Ver\u00e4nderungen und Entwicklung voranbringen \u2013diese <strong>MISSION<\/strong> wollen wir verwirklichen, indem wir die Kreativwirtschaft, globale k\u00fcnstlerische, erzieherische und wohlt\u00e4tige Veranstaltungen als Mittel nutzen, um die Botschaft von Liebe und Freiheit auf dem ganzen Planeten zu verbreiten; all dies mit dem Ziel, unsere <strong>VISION<\/strong> Wirklichkeit werden zu lassen &#8211; die Menschheit und die Erde auf allen Ebenen in Harmonie: lokal, regional und global.<\/p>\n<p>Im Jahr 2000 als soziale Studentenbewegung gegr\u00fcndet, ist Exit das einzige Festival, das aus dem Wunsch nach Fortschritt und Freiheit entstanden ist. Die bekannte Festivalidentit\u00e4t entwickelte sich durch das einzigartige und vielf\u00e4ltige Musikprogramm, zahlreiche Kampagnen im Bereich der sozialen Verantwortung sowie die aktive Unterst\u00fctzung von karitativen, \u00f6kologischen und kulturellen Bewegungen und Organisationen.<\/p>\n<p>EXIT ist nicht nur ein Festival, es ist eine Bewegung, ein Symbol des Fortschritts und ein Motor des Wandels in der Gesellschaft. Dar\u00fcber hinaus ist Exit die f\u00fchrende Plattform f\u00fcr die Kreativwirtschaft nicht nur in Serbien, sondern auch in der Balkanregion &#8211; der Region, die durch ein Jahrzehnt blutiger Kriege zerrissen wurde und in der junge Menschen immer noch voller Missgunst gegen\u00fcber den V\u00f6lkern der Nachbarl\u00e4nder aufwachsen. Wir haben die Herausforderung angenommen, diese Realit\u00e4t zu \u00e4ndern und den Balkan zu einem Symbol der Einheit und des Fortschritts zu machen.[\/vc_column_text][\/vc_column][\/vc_row][vc_row][vc_column offset=&#8220;vc_col-lg-offset-2 vc_col-lg-8 vc_col-md-12 vc_col-xs-12&#8243;][vc_single_image image=&#8220;143522&#8243; img_size=&#8220;full&#8220; alignment=&#8220;center&#8220; css_animation=&#8220;none&#8220;][\/vc_column][\/vc_row][vc_row el_class=&#8220;container-single uk-container-center&#8220; css=&#8220;.vc_custom_1540050342225{padding-bottom: 50px !important;}&#8220;][vc_column offset=&#8220;vc_col-lg-offset-2 vc_col-lg-8 vc_col-md-offset-2 vc_col-md-8 vc_col-xs-12&#8243;][vc_column_text css_animation=&#8220;none&#8220;]Der Hintergrund und die Wurzeln hinter der EXIT-Existenz liegen in einem starken Wunsch nach Entwicklung und Fortschritt sowie nach Ver\u00e4nderungen, mit denen wir Mittel schaffen, um die Freiheitsbotschaft an so viele Menschen wie m\u00f6glich zu verbreiten. Dieser Funke darf nicht erl\u00f6schen, im Gegenteil, die Vision, auf die wir zusteuern, war noch nie so klar wie heute: Wir wollen positive Energie erzeugen, die die Menschen vereint, sie weiter inspiriert und sie davon \u00fcberzeugen, dass in jedem Einzelnen von uns Harmonie und Wunder heranwachsen.<\/p>\n<p>Unsere Mission ist es, durch Festivals, die Kreativindustrie und Aktivismus im sozialen Bereich Ver\u00e4nderungen zu schaffen und uns selbst auf diesem Weg stets zu verbessern; zusammen mit allen Menschen, die uns umgeben. Exit ist ein Ausweg, aber auch ein Unterst\u00fctzer auf deiner pers\u00f6nlichen Reise.[\/vc_column_text][\/vc_column][\/vc_row]<\/p>\n<\/div>","protected":false},"excerpt":{"rendered":"<p>[vc_row el_class=&#8220;container-single uk-container-center&#8220; css=&#8220;.vc_custom_1547721396987{padding-top: 40px !important;}&#8220;][vc_column offset=&#8220;vc_col-lg-offset-2 vc_col-lg-8 vc_col-md-offset-2 vc_col-md-8&#8243; css=&#8220;.vc_custom_1547720815089{margin-bottom: 0px !important;}&#8220;][vc_column_text css_animation=&#8220;none&#8220; css=&#8220;.vc_custom_1638205447186{margin-bottom: 10px !important;}&#8220;]Soziale Ver\u00e4nderungen und Entwicklung voranbringen \u2013diese MISSION wollen wir verwirklichen, indem wir die Kreativwirtschaft,<\/p>\n","protected":false},"author":10,"featured_media":0,"parent":0,"menu_order":41,"comment_status":"closed","ping_status":"closed","template":"page-with-hero.php","meta":{"_acf_changed":false,"footnotes":""},"class_list":["post-143525","page","type-page","status-publish","hentry"],"acf":[],"yoast_head":"<!-- This site is optimized with the Yoast SEO plugin v25.6 - https:\/\/yoast.com\/wordpress\/plugins\/seo\/ -->\n<title>EXIT Werte - EXIT Festival 2025<\/title>\n<meta name=\"description\" content=\"Our MISSION is to spark positive social changes and speed up the evolution of human consciousness by using creative industries, top global artistic, educational and charity events as a means to spread the message of love and freedom to the whole planet.\" \/>\n<meta name=\"robots\" content=\"index, follow, max-snippet:-1, max-image-preview:large, max-video-preview:-1\" \/>\n<link rel=\"canonical\" href=\"https:\/\/www.exitfest.org\/de\/exit-werte\" \/>\n<meta property=\"og:locale\" content=\"de_DE\" \/>\n<meta property=\"og:type\" content=\"article\" \/>\n<meta property=\"og:title\" content=\"EXIT Werte - EXIT Festival 2025\" \/>\n<meta property=\"og:description\" content=\"Our MISSION is to spark positive social changes and speed up the evolution of human consciousness by using creative industries, top global artistic, educational and charity events as a means to spread the message of love and freedom to the whole planet.\" \/>\n<meta property=\"og:url\" content=\"https:\/\/www.exitfest.org\/de\/exit-werte\" \/>\n<meta property=\"og:site_name\" content=\"EXIT Festival 2025\" \/>\n<meta property=\"article:publisher\" content=\"https:\/\/www.facebook.com\/exit.festival\" \/>\n<meta property=\"article:modified_time\" content=\"2021-11-29T17:18:42+00:00\" \/>\n<meta property=\"og:image\" content=\"https:\/\/www.exitfest.org\/wp-content\/uploads\/2024\/11\/state-of-exit-og-image-2025-exit.jpg\" \/>\n\t<meta property=\"og:image:width\" content=\"1920\" \/>\n\t<meta property=\"og:image:height\" content=\"1080\" \/>\n\t<meta property=\"og:image:type\" content=\"image\/jpeg\" \/>\n<meta name=\"twitter:card\" content=\"summary_large_image\" \/>\n<meta name=\"twitter:site\" content=\"@exitfestival\" \/>\n<script type=\"application\/ld+json\" class=\"yoast-schema-graph\">{\"@context\":\"https:\/\/schema.org\",\"@graph\":[{\"@type\":\"WebPage\",\"@id\":\"https:\/\/www.exitfest.org\/de\/exit-werte\",\"url\":\"https:\/\/www.exitfest.org\/de\/exit-werte\",\"name\":\"EXIT Werte - EXIT Festival 2025\",\"isPartOf\":{\"@id\":\"https:\/\/www.exitfest.org\/de#website\"},\"datePublished\":\"2021-09-23T12:42:50+00:00\",\"dateModified\":\"2021-11-29T17:18:42+00:00\",\"description\":\"Our MISSION is to spark positive social changes and speed up the evolution of human consciousness by using creative industries, top global artistic, educational and charity events as a means to spread the message of love and freedom to the whole planet.\",\"breadcrumb\":{\"@id\":\"https:\/\/www.exitfest.org\/de\/exit-werte#breadcrumb\"},\"inLanguage\":\"de\",\"potentialAction\":[{\"@type\":\"ReadAction\",\"target\":[\"https:\/\/www.exitfest.org\/de\/exit-werte\"]}]},{\"@type\":\"BreadcrumbList\",\"@id\":\"https:\/\/www.exitfest.org\/de\/exit-werte#breadcrumb\",\"itemListElement\":[{\"@type\":\"ListItem\",\"position\":1,\"name\":\"Po\u010detna\",\"item\":\"https:\/\/www.exitfest.org\/de\"},{\"@type\":\"ListItem\",\"position\":2,\"name\":\"EXIT Werte\"}]},{\"@type\":\"WebSite\",\"@id\":\"https:\/\/www.exitfest.org\/de#website\",\"url\":\"https:\/\/www.exitfest.org\/de\",\"name\":\"EXIT Festival 2025\",\"description\":\"\",\"publisher\":{\"@id\":\"https:\/\/www.exitfest.org\/de#organization\"},\"alternateName\":\"EXIT Festival\",\"potentialAction\":[{\"@type\":\"SearchAction\",\"target\":{\"@type\":\"EntryPoint\",\"urlTemplate\":\"https:\/\/www.exitfest.org\/de?s={search_term_string}\"},\"query-input\":{\"@type\":\"PropertyValueSpecification\",\"valueRequired\":true,\"valueName\":\"search_term_string\"}}],\"inLanguage\":\"de\"},{\"@type\":\"Organization\",\"@id\":\"https:\/\/www.exitfest.org\/de#organization\",\"name\":\"EXIT Festival\",\"alternateName\":\"EXIT\",\"url\":\"https:\/\/www.exitfest.org\/de\",\"logo\":{\"@type\":\"ImageObject\",\"inLanguage\":\"de\",\"@id\":\"https:\/\/www.exitfest.org\/de#\/schema\/logo\/image\/\",\"url\":\"https:\/\/www.exitfest.org\/wp-content\/uploads\/2023\/04\/exit-logo-696px.svg\",\"contentUrl\":\"https:\/\/www.exitfest.org\/wp-content\/uploads\/2023\/04\/exit-logo-696px.svg\",\"width\":1,\"height\":1,\"caption\":\"EXIT Festival\"},\"image\":{\"@id\":\"https:\/\/www.exitfest.org\/de#\/schema\/logo\/image\/\"},\"sameAs\":[\"https:\/\/www.facebook.com\/exit.festival\",\"https:\/\/x.com\/exitfestival\",\"https:\/\/instagram.com\/exitfestival\",\"https:\/\/www.linkedin.com\/company\/exit-festival\/\",\"https:\/\/www.youtube.com\/user\/EXITFestivalTV\",\"https:\/\/en.wikipedia.org\/wiki\/Exit_festival\",\"https:\/\/www.tiktok.com\/@exit_festival\",\"https:\/\/www.flickr.com\/photos\/exitfestival\",\"https:\/\/soundcloud.com\/exitfestival\",\"https:\/\/www.mixcloud.com\/exitfestival\/\",\"https:\/\/vb.me\/b827f5\",\"https:\/\/www.deezer.com\/en\/profile\/1441778382\",\"https:\/\/vk.com\/exitfestival\"]}]}<\/script>\n<!-- \/ Yoast SEO plugin. -->","yoast_head_json":{"title":"EXIT Werte - EXIT Festival 2025","description":"Our MISSION is to spark positive social changes and speed up the evolution of human consciousness by using creative industries, top global artistic, educational and charity events as a means to spread the message of love and freedom to the whole planet.","robots":{"index":"index","follow":"follow","max-snippet":"max-snippet:-1","max-image-preview":"max-image-preview:large","max-video-preview":"max-video-preview:-1"},"canonical":"https:\/\/www.exitfest.org\/de\/exit-werte","og_locale":"de_DE","og_type":"article","og_title":"EXIT Werte - EXIT Festival 2025","og_description":"Our MISSION is to spark positive social changes and speed up the evolution of human consciousness by using creative industries, top global artistic, educational and charity events as a means to spread the message of love and freedom to the whole planet.","og_url":"https:\/\/www.exitfest.org\/de\/exit-werte","og_site_name":"EXIT Festival 2025","article_publisher":"https:\/\/www.facebook.com\/exit.festival","article_modified_time":"2021-11-29T17:18:42+00:00","og_image":[{"width":1920,"height":1080,"url":"https:\/\/www.exitfest.org\/wp-content\/uploads\/2024\/11\/state-of-exit-og-image-2025-exit.jpg","type":"image\/jpeg"}],"twitter_card":"summary_large_image","twitter_site":"@exitfestival","schema":{"@context":"https:\/\/schema.org","@graph":[{"@type":"WebPage","@id":"https:\/\/www.exitfest.org\/de\/exit-werte","url":"https:\/\/www.exitfest.org\/de\/exit-werte","name":"EXIT Werte - EXIT Festival 2025","isPartOf":{"@id":"https:\/\/www.exitfest.org\/de#website"},"datePublished":"2021-09-23T12:42:50+00:00","dateModified":"2021-11-29T17:18:42+00:00","description":"Our MISSION is to spark positive social changes and speed up the evolution of human consciousness by using creative industries, top global artistic, educational and charity events as a means to spread the message of love and freedom to the whole planet.","breadcrumb":{"@id":"https:\/\/www.exitfest.org\/de\/exit-werte#breadcrumb"},"inLanguage":"de","potentialAction":[{"@type":"ReadAction","target":["https:\/\/www.exitfest.org\/de\/exit-werte"]}]},{"@type":"BreadcrumbList","@id":"https:\/\/www.exitfest.org\/de\/exit-werte#breadcrumb","itemListElement":[{"@type":"ListItem","position":1,"name":"Po\u010detna","item":"https:\/\/www.exitfest.org\/de"},{"@type":"ListItem","position":2,"name":"EXIT Werte"}]},{"@type":"WebSite","@id":"https:\/\/www.exitfest.org\/de#website","url":"https:\/\/www.exitfest.org\/de","name":"EXIT Festival 2025","description":"","publisher":{"@id":"https:\/\/www.exitfest.org\/de#organization"},"alternateName":"EXIT Festival","potentialAction":[{"@type":"SearchAction","target":{"@type":"EntryPoint","urlTemplate":"https:\/\/www.exitfest.org\/de?s={search_term_string}"},"query-input":{"@type":"PropertyValueSpecification","valueRequired":true,"valueName":"search_term_string"}}],"inLanguage":"de"},{"@type":"Organization","@id":"https:\/\/www.exitfest.org\/de#organization","name":"EXIT Festival","alternateName":"EXIT","url":"https:\/\/www.exitfest.org\/de","logo":{"@type":"ImageObject","inLanguage":"de","@id":"https:\/\/www.exitfest.org\/de#\/schema\/logo\/image\/","url":"https:\/\/www.exitfest.org\/wp-content\/uploads\/2023\/04\/exit-logo-696px.svg","contentUrl":"https:\/\/www.exitfest.org\/wp-content\/uploads\/2023\/04\/exit-logo-696px.svg","width":1,"height":1,"caption":"EXIT Festival"},"image":{"@id":"https:\/\/www.exitfest.org\/de#\/schema\/logo\/image\/"},"sameAs":["https:\/\/www.facebook.com\/exit.festival","https:\/\/x.com\/exitfestival","https:\/\/instagram.com\/exitfestival","https:\/\/www.linkedin.com\/company\/exit-festival\/","https:\/\/www.youtube.com\/user\/EXITFestivalTV","https:\/\/en.wikipedia.org\/wiki\/Exit_festival","https:\/\/www.tiktok.com\/@exit_festival","https:\/\/www.flickr.com\/photos\/exitfestival","https:\/\/soundcloud.com\/exitfestival","https:\/\/www.mixcloud.com\/exitfestival\/","https:\/\/vb.me\/b827f5","https:\/\/www.deezer.com\/en\/profile\/1441778382","https:\/\/vk.com\/exitfestival"]}]}},"_links":{"self":[{"href":"https:\/\/www.exitfest.org\/de\/wp-json\/wp\/v2\/pages\/143525","targetHints":{"allow":["GET"]}}],"collection":[{"href":"https:\/\/www.exitfest.org\/de\/wp-json\/wp\/v2\/pages"}],"about":[{"href":"https:\/\/www.exitfest.org\/de\/wp-json\/wp\/v2\/types\/page"}],"author":[{"embeddable":true,"href":"https:\/\/www.exitfest.org\/de\/wp-json\/wp\/v2\/users\/10"}],"replies":[{"embeddable":true,"href":"https:\/\/www.exitfest.org\/de\/wp-json\/wp\/v2\/comments?post=143525"}],"version-history":[{"count":0,"href":"https:\/\/www.exitfest.org\/de\/wp-json\/wp\/v2\/pages\/143525\/revisions"}],"wp:attachment":[{"href":"https:\/\/www.exitfest.org\/de\/wp-json\/wp\/v2\/media?parent=143525"}],"curies":[{"name":"wp","href":"https:\/\/api.w.org\/{rel}","templated":true}]}}