{"id":143533,"date":"2021-09-23T15:17:07","date_gmt":"2021-09-23T13:17:07","guid":{"rendered":"https:\/\/www.exitfest.org\/?page_id=143533"},"modified":"2023-08-03T14:59:20","modified_gmt":"2023-08-03T12:59:20","slug":"exit-family","status":"publish","type":"page","link":"https:\/\/www.exitfest.org\/de\/exit-family","title":{"rendered":"EXIT Family"},"content":{"rendered":"<div class=\"wpb-content-wrapper\"><p>[vc_row css=&#8220;.vc_custom_1574388919132{margin-top: 0px !important;margin-bottom: 0px !important;padding-top: 0px !important;padding-bottom: 0px !important;}&#8220; el_id=&#8220;exit-family-visuals&#8220;][vc_column css=&#8220;.vc_custom_1574387632199{margin-top: 0px !important;margin-bottom: 0px !important;padding-top: 0px !important;padding-bottom: 0px !important;}&#8220; offset=&#8220;vc_hidden-xs&#8220;][vc_single_image image=&#8220;258644&#8243; img_size=&#8220;full&#8220; alignment=&#8220;center&#8220; css_animation=&#8220;appear&#8220; css=&#8220;.vc_custom_1691067504884{margin-top: 0px !important;margin-bottom: 0px !important;padding-top: 0px !important;padding-bottom: 0px !important;}&#8220;][\/vc_column][vc_column offset=&#8220;vc_hidden-lg vc_hidden-md vc_hidden-sm&#8220; css=&#8220;.vc_custom_1574387709496{margin-top: 0px !important;padding-top: 0px !important;}&#8220;][vc_single_image image=&#8220;258657&#8243; img_size=&#8220;full&#8220; alignment=&#8220;center&#8220; css_animation=&#8220;fadeIn&#8220; css=&#8220;.vc_custom_1691067529780{margin-top: 0px !important;margin-bottom: 0px !important;padding-top: 0px !important;padding-bottom: 0px !important;}&#8220;][\/vc_column][vc_column css=&#8220;.vc_custom_1574389182022{padding-top: 10px !important;background-color: #fccf41 !important;}&#8220;][vc_raw_html css=&#8220;.vc_custom_1574389120763{background-position: center !important;background-repeat: no-repeat !important;background-size: cover !important;}&#8220;]JTNDY2VudGVyJTNFJTNDZGl2JTIwY2xhc3MlM0QlMjJhcnJvdyUyMGJvdW5jZSUyMiUzRSUwQSUzQ2ElMjBocmVmJTNEJTIyJTIzZXhpdC1mYW1pbHktbWFpbiUyMiUyMGNsYXNzJTNEJTIyZmElMjBmYS1jaGV2cm9uLWRvd24lMjBmYS0yeCUyMiUzRSUzQyUyRmElM0UlMEElM0MlMkZkaXYlM0UlM0MlMkZjZW50ZXIlM0U=[\/vc_raw_html][\/vc_column][\/vc_row][vc_row parallax=&#8220;content-moving&#8220; parallax_image=&#8220;88980&#8243; css_animation=&#8220;bottom-to-top&#8220; css=&#8220;.vc_custom_1574387872581{padding-top: 6% !important;padding-right: 3% !important;padding-bottom: 5% !important;padding-left: 3% !important;background-color: #454e9e !important;}&#8220; el_id=&#8220;exit-family-main&#8220;][vc_column css=&#8220;.vc_custom_1521739765008{padding-top: 0px !important;}&#8220;][vc_row_inner el_class=&#8220;container-single uk-container-center uk-text-invert&#8220; el_id=&#8220;exit_family&#8220;][vc_column_inner][vc_column_text css_animation=&#8220;bottom-to-top&#8220; bbvcedo_x_large_csstypo=&#8220;.bb_custom_1550487862642{font-size:70px!important;}&#8220; bbvcedo_large_csstypo=&#8220;.bb_custom_1550487862642{font-size:50px!important;}&#8220; bbvcedo_medium_csstypo=&#8220;.bb_custom_1550487862642{font-size:50px!important;}&#8220; bbvcedo_small_csstypo=&#8220;.bb_custom_1550487862642{font-size:50px!important;}&#8220; css=&#8220;.vc_custom_1638206888014{margin-bottom: 10px !important;}&#8220;]<\/p>\n<p style=\"text-align: center;\"><strong>6 Festivals<\/strong><\/p>\n<p style=\"text-align: center;\"><strong>6 beeindruckende Locations<\/strong><\/p>\n<p style=\"text-align: center;\"><strong>In 5 L\u00e4ndern! <\/strong><\/p>\n<p>[\/vc_column_text][vc_separator color=&#8220;custom&#8220; border_width=&#8220;3&#8243; el_width=&#8220;20&#8243; css_animation=&#8220;left-to-right&#8220; accent_color=&#8220;#fccf41&#8243; css=&#8220;.vc_custom_1574349664369{margin-top: 0px !important;margin-bottom: 0px !important;padding-top: 20px !important;padding-bottom: 40px !important;}&#8220;][\/vc_column_inner][\/vc_row_inner][vc_row_inner el_class=&#8220;container-single uk-container-center uk-text-invert&#8220; el_id=&#8220;exit_family_text&#8220;][vc_column_inner][vc_column_text css_animation=&#8220;fadeIn&#8220; bbvcedo_x_large_csstypo=&#8220;.bb_custom_1571911559747{line-height:1.4em!important;font-size:24px!important;}&#8220; bbvcedo_large_csstypo=&#8220;.bb_custom_1571911559747{line-height:1.4em!important;font-size:24px!important;}&#8220; bbvcedo_medium_csstypo=&#8220;.bb_custom_1571911559748{line-height:1.4em!important;font-size:24px!important;}&#8220; bbvcedo_small_csstypo=&#8220;.bb_custom_1571911559748{line-height:1.4em!important;font-size:18px!important;}&#8220; bbvcedo_large_css=&#8220;.vc_custom_1571911567519{padding-right: 20px !important;padding-left: 20px !important;}&#8220; bb_tab_container=&#8220;&#8220;]<\/p>\n<p style=\"text-align: center;\">Die <strong>EXIT Family<\/strong>\u00a0umfasst ganze <strong>f\u00fcnf Events<\/strong>, die in <strong>f\u00fcnf unterschiedlichen Locations<\/strong> und <strong>vier verschiedenen L\u00e4ndern<\/strong> im Balkan stattfinden: Das <strong>Sea Star Fesitval<\/strong> in Umag (Kroatien), das <strong>EXIT Festival<\/strong> in Novi Sad (Serbien), das <strong>Sunland Festival<\/strong> in Primorsko (Bulgarien), das <strong>Revolution Festival<\/strong> in Timisoara (Rum\u00e4nien), <strong>Sea Dance Festival<\/strong> in Budva (Montenegro) und das <strong>No Sleep Festival<\/strong> in Belgrad (Serbien).<\/p>\n<p>[\/vc_column_text][vc_column_text css_animation=&#8220;fadeIn&#8220;]<\/p>\n<p style=\"text-align: center;\">Mit dem Slogan <strong>EXIT 2.0<\/strong>, kennzeichnet das EXIT Team <strong>den Beginn einer neuen \u00c4ra<\/strong> und verk\u00fcndet zahlreiche Innovationen in allen T\u00e4tigkeitsfeldern. Das Zuhause des Festivals, die mittelalterliche Festung Petrovaradin wird 2021 mit mehr als 40 B\u00fchnen und Festivalareas und einigen der gr\u00f6\u00dften Acts im Line-Up, weltweit f\u00fcr Aufsehen sorgen. Darunter werden au\u00dferdem einige ausgew\u00e4hlte EXIT-Acts aus den letzten zwei Jahrzehnten zu finden sein, die mit ihren Auftritten einen festen Platz in der Geschichte des Festivals gefunden haben.<\/p>\n<p>[\/vc_column_text][\/vc_column_inner][\/vc_row_inner][\/vc_column][\/vc_row][vc_row content_placement=&#8220;middle&#8220; css=&#8220;.vc_custom_1594202836321{padding-top: 6% !important;padding-bottom: 3% !important;}&#8220;][vc_column][vc_row_inner el_class=&#8220;container-single uk-container-center&#8220;][vc_column_inner][vc_column_text css_animation=&#8220;bottom-to-top&#8220; bbvcedo_x_large_csstypo=&#8220;.bb_custom_1550487862642{font-size:70px!important;}&#8220; bbvcedo_large_csstypo=&#8220;.bb_custom_1550487862642{font-size:50px!important;}&#8220; bbvcedo_medium_csstypo=&#8220;.bb_custom_1550487862642{font-size:50px!important;}&#8220; bbvcedo_small_csstypo=&#8220;.bb_custom_1550487862642{font-size:50px!important;}&#8220; css=&#8220;.vc_custom_1574389526485{margin-bottom: 10px !important;}&#8220;]<\/p>\n<h2 class=\"headline-invert\" style=\"text-align: center;\">EXIT Family Festivals<\/h2>\n<p>[\/vc_column_text][vc_separator color=&#8220;custom&#8220; border_width=&#8220;3&#8243; el_width=&#8220;20&#8243; css_animation=&#8220;left-to-right&#8220; accent_color=&#8220;#fccf41&#8243; css=&#8220;.vc_custom_1574387820650{margin-top: 0px !important;margin-bottom: 0px !important;padding-top: 40px !important;padding-bottom: 20px !important;}&#8220;][vc_raw_html]JTVCdmNfZXhpdF9mZXN0aXZhbHNfaW50cm8lNUQlNUJ2Y19leGl0X2Zlc3RpdmFscyU1RA==[\/vc_raw_html][\/vc_column_inner][\/vc_row_inner][\/vc_column][\/vc_row][vc_row css=&#8220;.vc_custom_1594202831203{padding-bottom: 5% !important;}&#8220;][vc_column][vc_row_inner el_class=&#8220;container-single uk-container-center&#8220;][vc_column_inner][vc_empty_space height=&#8220;50px&#8220;][vc_column_text css_animation=&#8220;bottom-to-top&#8220;]<\/p>\n<p style=\"text-align: center;\">Bei weiteren Fragen wende dich bitte direkt an uns unter <a style=\"border-bottom: 3px solid #e30613;\" href=\"mailto:answerme@exitfest.org\">answerme@exitfest.org.<\/a><\/p>\n<p>[\/vc_column_text][vc_empty_space height=&#8220;50px&#8220;][\/vc_column_inner][\/vc_row_inner][\/vc_column][\/vc_row]<\/p>\n<\/div>","protected":false},"excerpt":{"rendered":"<p>[vc_row css=&#8220;.vc_custom_1574388919132{margin-top: 0px !important;margin-bottom: 0px !important;padding-top: 0px !important;padding-bottom: 0px !important;}&#8220; el_id=&#8220;exit-family-visuals&#8220;][vc_column css=&#8220;.vc_custom_1574387632199{margin-top: 0px !important;margin-bottom: 0px !important;padding-top: 0px !important;padding-bottom: 0px !important;}&#8220; offset=&#8220;vc_hidden-xs&#8220;][vc_single_image image=&#8220;258644&#8243; img_size=&#8220;full&#8220; alignment=&#8220;center&#8220; css_animation=&#8220;appear&#8220; css=&#8220;.vc_custom_1691067504884{margin-top: 0px !important;margin-bottom: 0px !important;padding-top:<\/p>\n","protected":false},"author":10,"featured_media":0,"parent":0,"menu_order":55,"comment_status":"closed","ping_status":"closed","template":"","meta":{"_acf_changed":false,"footnotes":""},"class_list":["post-143533","page","type-page","status-publish","hentry"],"acf":[],"yoast_head":"<!-- This site is optimized with the Yoast SEO plugin v25.6 - https:\/\/yoast.com\/wordpress\/plugins\/seo\/ -->\n<title>EXIT Family - EXIT Festival 2025<\/title>\n<meta name=\"robots\" content=\"index, follow, max-snippet:-1, max-image-preview:large, max-video-preview:-1\" \/>\n<link rel=\"canonical\" href=\"https:\/\/www.exitfest.org\/de\/exit-family\" \/>\n<meta property=\"og:locale\" content=\"de_DE\" \/>\n<meta property=\"og:type\" content=\"article\" \/>\n<meta property=\"og:title\" content=\"EXIT Family - EXIT Festival 2025\" \/>\n<meta property=\"og:description\" content=\"[vc_row css=&#8220;.vc_custom_1574388919132{margin-top: 0px !important;margin-bottom: 0px !important;padding-top: 0px !important;padding-bottom: 0px !important;}&#8220; el_id=&#8220;exit-family-visuals&#8220;][vc_column css=&#8220;.vc_custom_1574387632199{margin-top: 0px !important;margin-bottom: 0px !important;padding-top: 0px !important;padding-bottom: 0px !important;}&#8220; offset=&#8220;vc_hidden-xs&#8220;][vc_single_image image=&#8220;258644&#8243; img_size=&#8220;full&#8220; alignment=&#8220;center&#8220; css_animation=&#8220;appear&#8220; css=&#8220;.vc_custom_1691067504884{margin-top: 0px !important;margin-bottom: 0px !important;padding-top:\" \/>\n<meta property=\"og:url\" content=\"https:\/\/www.exitfest.org\/de\/exit-family\" \/>\n<meta property=\"og:site_name\" content=\"EXIT Festival 2025\" \/>\n<meta property=\"article:publisher\" content=\"https:\/\/www.facebook.com\/exit.festival\" \/>\n<meta property=\"article:modified_time\" content=\"2023-08-03T12:59:20+00:00\" \/>\n<meta property=\"og:image\" content=\"https:\/\/www.exitfest.org\/wp-content\/uploads\/2024\/11\/state-of-exit-og-image-2025-exit.jpg\" \/>\n\t<meta property=\"og:image:width\" content=\"1920\" \/>\n\t<meta property=\"og:image:height\" content=\"1080\" \/>\n\t<meta property=\"og:image:type\" content=\"image\/jpeg\" \/>\n<meta name=\"twitter:card\" content=\"summary_large_image\" \/>\n<meta name=\"twitter:site\" content=\"@exitfestival\" \/>\n<script type=\"application\/ld+json\" class=\"yoast-schema-graph\">{\"@context\":\"https:\/\/schema.org\",\"@graph\":[{\"@type\":\"WebPage\",\"@id\":\"https:\/\/www.exitfest.org\/de\/exit-family\",\"url\":\"https:\/\/www.exitfest.org\/de\/exit-family\",\"name\":\"EXIT Family - EXIT Festival 2025\",\"isPartOf\":{\"@id\":\"https:\/\/www.exitfest.org\/de#website\"},\"datePublished\":\"2021-09-23T13:17:07+00:00\",\"dateModified\":\"2023-08-03T12:59:20+00:00\",\"breadcrumb\":{\"@id\":\"https:\/\/www.exitfest.org\/de\/exit-family#breadcrumb\"},\"inLanguage\":\"de\",\"potentialAction\":[{\"@type\":\"ReadAction\",\"target\":[\"https:\/\/www.exitfest.org\/de\/exit-family\"]}]},{\"@type\":\"BreadcrumbList\",\"@id\":\"https:\/\/www.exitfest.org\/de\/exit-family#breadcrumb\",\"itemListElement\":[{\"@type\":\"ListItem\",\"position\":1,\"name\":\"Po\u010detna\",\"item\":\"https:\/\/www.exitfest.org\/de\"},{\"@type\":\"ListItem\",\"position\":2,\"name\":\"EXIT Family\"}]},{\"@type\":\"WebSite\",\"@id\":\"https:\/\/www.exitfest.org\/de#website\",\"url\":\"https:\/\/www.exitfest.org\/de\",\"name\":\"EXIT Festival 2025\",\"description\":\"\",\"publisher\":{\"@id\":\"https:\/\/www.exitfest.org\/de#organization\"},\"alternateName\":\"EXIT Festival\",\"potentialAction\":[{\"@type\":\"SearchAction\",\"target\":{\"@type\":\"EntryPoint\",\"urlTemplate\":\"https:\/\/www.exitfest.org\/de?s={search_term_string}\"},\"query-input\":{\"@type\":\"PropertyValueSpecification\",\"valueRequired\":true,\"valueName\":\"search_term_string\"}}],\"inLanguage\":\"de\"},{\"@type\":\"Organization\",\"@id\":\"https:\/\/www.exitfest.org\/de#organization\",\"name\":\"EXIT Festival\",\"alternateName\":\"EXIT\",\"url\":\"https:\/\/www.exitfest.org\/de\",\"logo\":{\"@type\":\"ImageObject\",\"inLanguage\":\"de\",\"@id\":\"https:\/\/www.exitfest.org\/de#\/schema\/logo\/image\/\",\"url\":\"https:\/\/www.exitfest.org\/wp-content\/uploads\/2023\/04\/exit-logo-696px.svg\",\"contentUrl\":\"https:\/\/www.exitfest.org\/wp-content\/uploads\/2023\/04\/exit-logo-696px.svg\",\"width\":1,\"height\":1,\"caption\":\"EXIT Festival\"},\"image\":{\"@id\":\"https:\/\/www.exitfest.org\/de#\/schema\/logo\/image\/\"},\"sameAs\":[\"https:\/\/www.facebook.com\/exit.festival\",\"https:\/\/x.com\/exitfestival\",\"https:\/\/instagram.com\/exitfestival\",\"https:\/\/www.linkedin.com\/company\/exit-festival\/\",\"https:\/\/www.youtube.com\/user\/EXITFestivalTV\",\"https:\/\/en.wikipedia.org\/wiki\/Exit_festival\",\"https:\/\/www.tiktok.com\/@exit_festival\",\"https:\/\/www.flickr.com\/photos\/exitfestival\",\"https:\/\/soundcloud.com\/exitfestival\",\"https:\/\/www.mixcloud.com\/exitfestival\/\",\"https:\/\/vb.me\/b827f5\",\"https:\/\/www.deezer.com\/en\/profile\/1441778382\",\"https:\/\/vk.com\/exitfestival\"]}]}<\/script>\n<!-- \/ Yoast SEO plugin. -->","yoast_head_json":{"title":"EXIT Family - EXIT Festival 2025","robots":{"index":"index","follow":"follow","max-snippet":"max-snippet:-1","max-image-preview":"max-image-preview:large","max-video-preview":"max-video-preview:-1"},"canonical":"https:\/\/www.exitfest.org\/de\/exit-family","og_locale":"de_DE","og_type":"article","og_title":"EXIT Family - EXIT Festival 2025","og_description":"[vc_row css=&#8220;.vc_custom_1574388919132{margin-top: 0px !important;margin-bottom: 0px !important;padding-top: 0px !important;padding-bottom: 0px !important;}&#8220; el_id=&#8220;exit-family-visuals&#8220;][vc_column css=&#8220;.vc_custom_1574387632199{margin-top: 0px !important;margin-bottom: 0px !important;padding-top: 0px !important;padding-bottom: 0px !important;}&#8220; offset=&#8220;vc_hidden-xs&#8220;][vc_single_image image=&#8220;258644&#8243; img_size=&#8220;full&#8220; alignment=&#8220;center&#8220; css_animation=&#8220;appear&#8220; css=&#8220;.vc_custom_1691067504884{margin-top: 0px !important;margin-bottom: 0px !important;padding-top:","og_url":"https:\/\/www.exitfest.org\/de\/exit-family","og_site_name":"EXIT Festival 2025","article_publisher":"https:\/\/www.facebook.com\/exit.festival","article_modified_time":"2023-08-03T12:59:20+00:00","og_image":[{"width":1920,"height":1080,"url":"https:\/\/www.exitfest.org\/wp-content\/uploads\/2024\/11\/state-of-exit-og-image-2025-exit.jpg","type":"image\/jpeg"}],"twitter_card":"summary_large_image","twitter_site":"@exitfestival","schema":{"@context":"https:\/\/schema.org","@graph":[{"@type":"WebPage","@id":"https:\/\/www.exitfest.org\/de\/exit-family","url":"https:\/\/www.exitfest.org\/de\/exit-family","name":"EXIT Family - EXIT Festival 2025","isPartOf":{"@id":"https:\/\/www.exitfest.org\/de#website"},"datePublished":"2021-09-23T13:17:07+00:00","dateModified":"2023-08-03T12:59:20+00:00","breadcrumb":{"@id":"https:\/\/www.exitfest.org\/de\/exit-family#breadcrumb"},"inLanguage":"de","potentialAction":[{"@type":"ReadAction","target":["https:\/\/www.exitfest.org\/de\/exit-family"]}]},{"@type":"BreadcrumbList","@id":"https:\/\/www.exitfest.org\/de\/exit-family#breadcrumb","itemListElement":[{"@type":"ListItem","position":1,"name":"Po\u010detna","item":"https:\/\/www.exitfest.org\/de"},{"@type":"ListItem","position":2,"name":"EXIT Family"}]},{"@type":"WebSite","@id":"https:\/\/www.exitfest.org\/de#website","url":"https:\/\/www.exitfest.org\/de","name":"EXIT Festival 2025","description":"","publisher":{"@id":"https:\/\/www.exitfest.org\/de#organization"},"alternateName":"EXIT Festival","potentialAction":[{"@type":"SearchAction","target":{"@type":"EntryPoint","urlTemplate":"https:\/\/www.exitfest.org\/de?s={search_term_string}"},"query-input":{"@type":"PropertyValueSpecification","valueRequired":true,"valueName":"search_term_string"}}],"inLanguage":"de"},{"@type":"Organization","@id":"https:\/\/www.exitfest.org\/de#organization","name":"EXIT Festival","alternateName":"EXIT","url":"https:\/\/www.exitfest.org\/de","logo":{"@type":"ImageObject","inLanguage":"de","@id":"https:\/\/www.exitfest.org\/de#\/schema\/logo\/image\/","url":"https:\/\/www.exitfest.org\/wp-content\/uploads\/2023\/04\/exit-logo-696px.svg","contentUrl":"https:\/\/www.exitfest.org\/wp-content\/uploads\/2023\/04\/exit-logo-696px.svg","width":1,"height":1,"caption":"EXIT Festival"},"image":{"@id":"https:\/\/www.exitfest.org\/de#\/schema\/logo\/image\/"},"sameAs":["https:\/\/www.facebook.com\/exit.festival","https:\/\/x.com\/exitfestival","https:\/\/instagram.com\/exitfestival","https:\/\/www.linkedin.com\/company\/exit-festival\/","https:\/\/www.youtube.com\/user\/EXITFestivalTV","https:\/\/en.wikipedia.org\/wiki\/Exit_festival","https:\/\/www.tiktok.com\/@exit_festival","https:\/\/www.flickr.com\/photos\/exitfestival","https:\/\/soundcloud.com\/exitfestival","https:\/\/www.mixcloud.com\/exitfestival\/","https:\/\/vb.me\/b827f5","https:\/\/www.deezer.com\/en\/profile\/1441778382","https:\/\/vk.com\/exitfestival"]}]}},"_links":{"self":[{"href":"https:\/\/www.exitfest.org\/de\/wp-json\/wp\/v2\/pages\/143533","targetHints":{"allow":["GET"]}}],"collection":[{"href":"https:\/\/www.exitfest.org\/de\/wp-json\/wp\/v2\/pages"}],"about":[{"href":"https:\/\/www.exitfest.org\/de\/wp-json\/wp\/v2\/types\/page"}],"author":[{"embeddable":true,"href":"https:\/\/www.exitfest.org\/de\/wp-json\/wp\/v2\/users\/10"}],"replies":[{"embeddable":true,"href":"https:\/\/www.exitfest.org\/de\/wp-json\/wp\/v2\/comments?post=143533"}],"version-history":[{"count":3,"href":"https:\/\/www.exitfest.org\/de\/wp-json\/wp\/v2\/pages\/143533\/revisions"}],"predecessor-version":[{"id":258672,"href":"https:\/\/www.exitfest.org\/de\/wp-json\/wp\/v2\/pages\/143533\/revisions\/258672"}],"wp:attachment":[{"href":"https:\/\/www.exitfest.org\/de\/wp-json\/wp\/v2\/media?parent=143533"}],"curies":[{"name":"wp","href":"https:\/\/api.w.org\/{rel}","templated":true}]}}