{"id":206694,"date":"2022-06-27T11:19:39","date_gmt":"2022-06-27T09:19:39","guid":{"rendered":"https:\/\/www.exitfest.org\/?page_id=206694"},"modified":"2022-11-18T14:40:52","modified_gmt":"2022-11-18T13:40:52","slug":"anreise","status":"publish","type":"page","link":"https:\/\/www.exitfest.org\/de\/anreise","title":{"rendered":"Anreise"},"content":{"rendered":"<div class=\"wpb-content-wrapper\"><p>[vc_row el_class=&#8220;container-single uk-container-center&#8220; css=&#8220;.vc_custom_1550725142174{padding-top: 80px !important;padding-bottom: 80px !important;}&#8220;][vc_column width=&#8220;1\/6&#8243;][\/vc_column][vc_column width=&#8220;2\/3&#8243;][vc_column_text]Du m\u00f6chtest mit uns zusammen beim EXIT feiern und brauchst Hilfe dabei deinen Trip zu planen? We got you!<\/p>\n<p><strong>EXIT Trip<\/strong> ist der offizielle Tourist Service des EXIT Festivals, das dich mit allen notwendigen Informationen zu deiner Reise nach Novi Sad versorgt, egal ob es um eine geeignete Unterkunft vor Ort geht oder du Tipps f\u00fcr Aktivit\u00e4ten vor Ort brauchst. Der EXIT Trip Kundenservice ist jederzeit f\u00fcr dich verf\u00fcgbar.[\/vc_column_text][vc_single_image image=&#8220;203110&#8243; img_size=&#8220;full&#8220; add_caption=&#8220;yes&#8220; alignment=&#8220;center&#8220;][vc_column_text]<\/p>\n<h2>EXIT Festival &#8211; An- und Abreise<\/h2>\n<p>[\/vc_column_text][vc_column_text]Der n\u00e4chstgelegene Flughafen zum EXIT Festival (Novi Sad, Serbien) ist der Belgrade Airport Nikola Tesla und 80km entfernt und mit internationalen als auch inl\u00e4ndischen Fl\u00fcgen gut angebunden. Die Fahrt von dort zum EXIT Festival dauert ca. 1-1,5 Stunden<\/p>\n<p>Eine andere M\u00f6glichkeit ist der Budapest Airport in Ungarn. Mit nur 286km (ca. 4-5 Stunden) von Novi Sad, bietet der Budapester Flughafen t\u00e4glich zahlreiche erschwingliche Fl\u00fcge aus der ganzen Welt.<\/p>\n<p>Als weitere Flugh\u00e4fen in der Umgebung empfehlen wir in Rum\u00e4nien: Timi\u0219oara Flughafen (154km\/ 2.5-3 Std.) und in Kroatien: Zagreb(374km \/ 4,5-5,5 Std.). [\/vc_column_text][vc_btn title=&#8220;Flugoptionen Anzeigen&#8220; style=&#8220;custom&#8220; custom_background=&#8220;#e30613&#8243; custom_text=&#8220;#ffffff&#8220; size=&#8220;sm&#8220; i_align=&#8220;right&#8220; i_icon_fontawesome=&#8220;fas fa-external-link-alt&#8220; add_icon=&#8220;true&#8220; link=&#8220;url:https%3A%2F%2Fwww.exittrip.org%2Fen%2Fexit-festival-getting-there|title:View%20Transfer%20Options|target:_blank&#8220;][vc_column_text]<\/p>\n<h3>Organisiert das EXIT Festival Shuttles von umliegenden Flugh\u00e4fen zum\/vom EXIT-Festival aus?<\/h3>\n<p>[\/vc_column_text][vc_column_text]JA! Sowohl zu als auch von den umliegenden Flugh\u00e4fen aus gibt es die M\u00f6glichkeit den exklusiven EXIT-Bus nach Novi Sad zu nehmen. Die Busfahrt dauert ca. 1,5 Stunden von Belgrad und 4-5 Stunden von Budapest aus. Auch f\u00fcr andere Flugh\u00e4fen wird ein Shuttle-Service angeboten. Die Preise beginnen bei 14,99\u20ac.[\/vc_column_text][vc_btn title=&#8220;Transfer Optionen Anzeigen&#8220; style=&#8220;custom&#8220; custom_background=&#8220;#e30613&#8243; custom_text=&#8220;#ffffff&#8220; size=&#8220;sm&#8220; i_align=&#8220;right&#8220; i_icon_fontawesome=&#8220;fas fa-external-link-alt&#8220; add_icon=&#8220;true&#8220; link=&#8220;url:https%3A%2F%2Fwww.exittrip.org%2Fen%2Ftravel%2Fexit|title:View%20Transfer%20Options|target:_blank&#8220;][vc_column_text]<\/p>\n<h3>Ist der Shuttlebus die einzige M\u00f6glichkeit f\u00fcr einen direkten Transfer zum\/vom Exit-Festival?<\/h3>\n<p>[\/vc_column_text][vc_column_text]Du suchst nach etwas Exklusiverem f\u00fcr dich und deine Freunde? Klick auf den untenstehenden Link und w\u00e4hle zwischen einem privaten Auto- oder Van-Transfer von einem umliegenden Flughafen oder upgrade deinen Trip zu einem VIP-Transfer.[\/vc_column_text][vc_btn title=&#8220;Transfer Optionen Anzeigen&#8220; style=&#8220;custom&#8220; custom_background=&#8220;#e30613&#8243; custom_text=&#8220;#ffffff&#8220; size=&#8220;sm&#8220; i_align=&#8220;right&#8220; i_icon_fontawesome=&#8220;fas fa-external-link-alt&#8220; add_icon=&#8220;true&#8220; link=&#8220;url:https%3A%2F%2Fwww.exittrip.org%2Fen%2Ftravel%2Fexit|title:View%20Transfer%20Options|target:_blank&#8220;][vc_column_text]<\/p>\n<h3>Welche \u00fcbernachtungsm\u00f6glichkeiten gibt es auf dem EXIT Festival?<\/h3>\n<p>[\/vc_column_text][vc_column_text]W\u00e4hle zwischen verschiedenen Unterk\u00fcnften mit dem offiziellen EXIT-Tourismus Service:\u00a0Campingpl\u00e4tzen, Appartements, Hostels oder Hotels.[\/vc_column_text][vc_btn title=&#8220;Unterk\u00fcnfte Anzeigen&#8220; style=&#8220;custom&#8220; custom_background=&#8220;#e30613&#8243; custom_text=&#8220;#ffffff&#8220; size=&#8220;sm&#8220; i_align=&#8220;right&#8220; i_icon_fontawesome=&#8220;fas fa-external-link-alt&#8220; add_icon=&#8220;true&#8220; link=&#8220;url:https%3A%2F%2Fexitfest.reservix.de%2Fevents|title:View%20Accommodation|target:_blank&#8220;][\/vc_column][vc_column width=&#8220;1\/6&#8243;][\/vc_column][\/vc_row]<\/p>\n<\/div>","protected":false},"excerpt":{"rendered":"<p>[vc_row el_class=&#8220;container-single uk-container-center&#8220; css=&#8220;.vc_custom_1550725142174{padding-top: 80px !important;padding-bottom: 80px !important;}&#8220;][vc_column width=&#8220;1\/6&#8243;][\/vc_column][vc_column width=&#8220;2\/3&#8243;][vc_column_text]Du m\u00f6chtest mit uns zusammen beim EXIT feiern und brauchst Hilfe dabei deinen Trip zu planen? We got you! EXIT Trip<\/p>\n","protected":false},"author":1,"featured_media":0,"parent":0,"menu_order":21,"comment_status":"closed","ping_status":"closed","template":"page-with-hero.php","meta":{"_acf_changed":false,"footnotes":""},"class_list":["post-206694","page","type-page","status-publish","hentry"],"acf":[],"yoast_head":"<!-- This site is optimized with the Yoast SEO plugin v25.6 - https:\/\/yoast.com\/wordpress\/plugins\/seo\/ -->\n<title>Anreise - EXIT Festival 2025<\/title>\n<meta name=\"description\" content=\"Du m\u00f6chtest mit uns zusammen beim EXIT Festival feiern und brauchst Hilfe dabei, deinen Trip nach Novi Sad zu planen? We got you!\" \/>\n<meta name=\"robots\" content=\"index, follow, max-snippet:-1, max-image-preview:large, max-video-preview:-1\" \/>\n<link rel=\"canonical\" href=\"https:\/\/www.exitfest.org\/de\/anreise\" \/>\n<meta property=\"og:locale\" content=\"de_DE\" \/>\n<meta property=\"og:type\" content=\"article\" \/>\n<meta property=\"og:title\" content=\"Anreise - EXIT Festival 2025\" \/>\n<meta property=\"og:description\" content=\"Du m\u00f6chtest mit uns zusammen beim EXIT Festival feiern und brauchst Hilfe dabei, deinen Trip nach Novi Sad zu planen? We got you!\" \/>\n<meta property=\"og:url\" content=\"https:\/\/www.exitfest.org\/de\/anreise\" \/>\n<meta property=\"og:site_name\" content=\"EXIT Festival 2025\" \/>\n<meta property=\"article:publisher\" content=\"https:\/\/www.facebook.com\/exit.festival\" \/>\n<meta property=\"article:modified_time\" content=\"2022-11-18T13:40:52+00:00\" \/>\n<meta property=\"og:image\" content=\"https:\/\/www.exitfest.org\/wp-content\/uploads\/2024\/11\/state-of-exit-og-image-2025-exit.jpg\" \/>\n\t<meta property=\"og:image:width\" content=\"1920\" \/>\n\t<meta property=\"og:image:height\" content=\"1080\" \/>\n\t<meta property=\"og:image:type\" content=\"image\/jpeg\" \/>\n<meta name=\"twitter:card\" content=\"summary_large_image\" \/>\n<meta name=\"twitter:site\" content=\"@exitfestival\" \/>\n<script type=\"application\/ld+json\" class=\"yoast-schema-graph\">{\"@context\":\"https:\/\/schema.org\",\"@graph\":[{\"@type\":\"WebPage\",\"@id\":\"https:\/\/www.exitfest.org\/de\/anreise\",\"url\":\"https:\/\/www.exitfest.org\/de\/anreise\",\"name\":\"Anreise - EXIT Festival 2025\",\"isPartOf\":{\"@id\":\"https:\/\/www.exitfest.org\/de#website\"},\"datePublished\":\"2022-06-27T09:19:39+00:00\",\"dateModified\":\"2022-11-18T13:40:52+00:00\",\"description\":\"Du m\u00f6chtest mit uns zusammen beim EXIT Festival feiern und brauchst Hilfe dabei, deinen Trip nach Novi Sad zu planen? We got you!\",\"breadcrumb\":{\"@id\":\"https:\/\/www.exitfest.org\/de\/anreise#breadcrumb\"},\"inLanguage\":\"de\",\"potentialAction\":[{\"@type\":\"ReadAction\",\"target\":[\"https:\/\/www.exitfest.org\/de\/anreise\"]}]},{\"@type\":\"BreadcrumbList\",\"@id\":\"https:\/\/www.exitfest.org\/de\/anreise#breadcrumb\",\"itemListElement\":[{\"@type\":\"ListItem\",\"position\":1,\"name\":\"Po\u010detna\",\"item\":\"https:\/\/www.exitfest.org\/de\"},{\"@type\":\"ListItem\",\"position\":2,\"name\":\"Anreise\"}]},{\"@type\":\"WebSite\",\"@id\":\"https:\/\/www.exitfest.org\/de#website\",\"url\":\"https:\/\/www.exitfest.org\/de\",\"name\":\"EXIT Festival 2025\",\"description\":\"\",\"publisher\":{\"@id\":\"https:\/\/www.exitfest.org\/de#organization\"},\"alternateName\":\"EXIT Festival\",\"potentialAction\":[{\"@type\":\"SearchAction\",\"target\":{\"@type\":\"EntryPoint\",\"urlTemplate\":\"https:\/\/www.exitfest.org\/de?s={search_term_string}\"},\"query-input\":{\"@type\":\"PropertyValueSpecification\",\"valueRequired\":true,\"valueName\":\"search_term_string\"}}],\"inLanguage\":\"de\"},{\"@type\":\"Organization\",\"@id\":\"https:\/\/www.exitfest.org\/de#organization\",\"name\":\"EXIT Festival\",\"alternateName\":\"EXIT\",\"url\":\"https:\/\/www.exitfest.org\/de\",\"logo\":{\"@type\":\"ImageObject\",\"inLanguage\":\"de\",\"@id\":\"https:\/\/www.exitfest.org\/de#\/schema\/logo\/image\/\",\"url\":\"https:\/\/www.exitfest.org\/wp-content\/uploads\/2023\/04\/exit-logo-696px.svg\",\"contentUrl\":\"https:\/\/www.exitfest.org\/wp-content\/uploads\/2023\/04\/exit-logo-696px.svg\",\"width\":1,\"height\":1,\"caption\":\"EXIT Festival\"},\"image\":{\"@id\":\"https:\/\/www.exitfest.org\/de#\/schema\/logo\/image\/\"},\"sameAs\":[\"https:\/\/www.facebook.com\/exit.festival\",\"https:\/\/x.com\/exitfestival\",\"https:\/\/instagram.com\/exitfestival\",\"https:\/\/www.linkedin.com\/company\/exit-festival\/\",\"https:\/\/www.youtube.com\/user\/EXITFestivalTV\",\"https:\/\/en.wikipedia.org\/wiki\/Exit_festival\",\"https:\/\/www.tiktok.com\/@exit_festival\",\"https:\/\/www.flickr.com\/photos\/exitfestival\",\"https:\/\/soundcloud.com\/exitfestival\",\"https:\/\/www.mixcloud.com\/exitfestival\/\",\"https:\/\/vb.me\/b827f5\",\"https:\/\/www.deezer.com\/en\/profile\/1441778382\",\"https:\/\/vk.com\/exitfestival\"]}]}<\/script>\n<!-- \/ Yoast SEO plugin. -->","yoast_head_json":{"title":"Anreise - EXIT Festival 2025","description":"Du m\u00f6chtest mit uns zusammen beim EXIT Festival feiern und brauchst Hilfe dabei, deinen Trip nach Novi Sad zu planen? We got you!","robots":{"index":"index","follow":"follow","max-snippet":"max-snippet:-1","max-image-preview":"max-image-preview:large","max-video-preview":"max-video-preview:-1"},"canonical":"https:\/\/www.exitfest.org\/de\/anreise","og_locale":"de_DE","og_type":"article","og_title":"Anreise - EXIT Festival 2025","og_description":"Du m\u00f6chtest mit uns zusammen beim EXIT Festival feiern und brauchst Hilfe dabei, deinen Trip nach Novi Sad zu planen? We got you!","og_url":"https:\/\/www.exitfest.org\/de\/anreise","og_site_name":"EXIT Festival 2025","article_publisher":"https:\/\/www.facebook.com\/exit.festival","article_modified_time":"2022-11-18T13:40:52+00:00","og_image":[{"width":1920,"height":1080,"url":"https:\/\/www.exitfest.org\/wp-content\/uploads\/2024\/11\/state-of-exit-og-image-2025-exit.jpg","type":"image\/jpeg"}],"twitter_card":"summary_large_image","twitter_site":"@exitfestival","schema":{"@context":"https:\/\/schema.org","@graph":[{"@type":"WebPage","@id":"https:\/\/www.exitfest.org\/de\/anreise","url":"https:\/\/www.exitfest.org\/de\/anreise","name":"Anreise - EXIT Festival 2025","isPartOf":{"@id":"https:\/\/www.exitfest.org\/de#website"},"datePublished":"2022-06-27T09:19:39+00:00","dateModified":"2022-11-18T13:40:52+00:00","description":"Du m\u00f6chtest mit uns zusammen beim EXIT Festival feiern und brauchst Hilfe dabei, deinen Trip nach Novi Sad zu planen? We got you!","breadcrumb":{"@id":"https:\/\/www.exitfest.org\/de\/anreise#breadcrumb"},"inLanguage":"de","potentialAction":[{"@type":"ReadAction","target":["https:\/\/www.exitfest.org\/de\/anreise"]}]},{"@type":"BreadcrumbList","@id":"https:\/\/www.exitfest.org\/de\/anreise#breadcrumb","itemListElement":[{"@type":"ListItem","position":1,"name":"Po\u010detna","item":"https:\/\/www.exitfest.org\/de"},{"@type":"ListItem","position":2,"name":"Anreise"}]},{"@type":"WebSite","@id":"https:\/\/www.exitfest.org\/de#website","url":"https:\/\/www.exitfest.org\/de","name":"EXIT Festival 2025","description":"","publisher":{"@id":"https:\/\/www.exitfest.org\/de#organization"},"alternateName":"EXIT Festival","potentialAction":[{"@type":"SearchAction","target":{"@type":"EntryPoint","urlTemplate":"https:\/\/www.exitfest.org\/de?s={search_term_string}"},"query-input":{"@type":"PropertyValueSpecification","valueRequired":true,"valueName":"search_term_string"}}],"inLanguage":"de"},{"@type":"Organization","@id":"https:\/\/www.exitfest.org\/de#organization","name":"EXIT Festival","alternateName":"EXIT","url":"https:\/\/www.exitfest.org\/de","logo":{"@type":"ImageObject","inLanguage":"de","@id":"https:\/\/www.exitfest.org\/de#\/schema\/logo\/image\/","url":"https:\/\/www.exitfest.org\/wp-content\/uploads\/2023\/04\/exit-logo-696px.svg","contentUrl":"https:\/\/www.exitfest.org\/wp-content\/uploads\/2023\/04\/exit-logo-696px.svg","width":1,"height":1,"caption":"EXIT Festival"},"image":{"@id":"https:\/\/www.exitfest.org\/de#\/schema\/logo\/image\/"},"sameAs":["https:\/\/www.facebook.com\/exit.festival","https:\/\/x.com\/exitfestival","https:\/\/instagram.com\/exitfestival","https:\/\/www.linkedin.com\/company\/exit-festival\/","https:\/\/www.youtube.com\/user\/EXITFestivalTV","https:\/\/en.wikipedia.org\/wiki\/Exit_festival","https:\/\/www.tiktok.com\/@exit_festival","https:\/\/www.flickr.com\/photos\/exitfestival","https:\/\/soundcloud.com\/exitfestival","https:\/\/www.mixcloud.com\/exitfestival\/","https:\/\/vb.me\/b827f5","https:\/\/www.deezer.com\/en\/profile\/1441778382","https:\/\/vk.com\/exitfestival"]}]}},"_links":{"self":[{"href":"https:\/\/www.exitfest.org\/de\/wp-json\/wp\/v2\/pages\/206694","targetHints":{"allow":["GET"]}}],"collection":[{"href":"https:\/\/www.exitfest.org\/de\/wp-json\/wp\/v2\/pages"}],"about":[{"href":"https:\/\/www.exitfest.org\/de\/wp-json\/wp\/v2\/types\/page"}],"author":[{"embeddable":true,"href":"https:\/\/www.exitfest.org\/de\/wp-json\/wp\/v2\/users\/1"}],"replies":[{"embeddable":true,"href":"https:\/\/www.exitfest.org\/de\/wp-json\/wp\/v2\/comments?post=206694"}],"version-history":[{"count":0,"href":"https:\/\/www.exitfest.org\/de\/wp-json\/wp\/v2\/pages\/206694\/revisions"}],"wp:attachment":[{"href":"https:\/\/www.exitfest.org\/de\/wp-json\/wp\/v2\/media?parent=206694"}],"curies":[{"name":"wp","href":"https:\/\/api.w.org\/{rel}","templated":true}]}}