{"id":123993,"date":"2021-04-08T17:21:04","date_gmt":"2021-04-08T15:21:04","guid":{"rendered":"https:\/\/www.exitfest.org\/?page_id=123993"},"modified":"2021-04-08T17:22:46","modified_gmt":"2021-04-08T15:22:46","slug":"petrovaradin-fortress","status":"publish","type":"page","link":"https:\/\/www.exitfest.org\/en\/petrovaradin-fortress","title":{"rendered":"Petrovaradin Fortress"},"content":{"rendered":"<div class=\"wpb-content-wrapper\"><p>[vc_row el_class=&#8221;container-single uk-container-center&#8221; css=&#8221;.vc_custom_1547721991391{padding-top: 40px !important;}&#8221;][vc_column css_animation=&#8221;none&#8221; offset=&#8221;vc_col-lg-offset-2 vc_col-lg-8 vc_col-md-offset-2 vc_col-md-8&#8243;][vc_column_text css_animation=&#8221;none&#8221; css=&#8221;.vc_custom_1595329057414{margin-bottom: 10px !important;}&#8221;]According to the latest archeological research, the first and oldest settlement in Petrovaradin was founded by members of the Vin\u010da culture in the Late Stone Age, between 4500 and 3200 BC, while the first fortification was built during the Copper Age (about 5000 years ago). From its prehistoric beginnings, Petrovaradin was part of the mighty Roman Empire, the Kingdom of Hungary, the Ottoman Empire, and the Habsburg Monarchy, with the Fortress being demolished and rebuilt several times, while always retaining its instrumental military and strategic significance.[\/vc_column_text][vc_single_image image=&#8221;108506&#8243; img_size=&#8221;full&#8221; alignment=&#8221;center&#8221;][vc_column_text css_animation=&#8221;none&#8221; css=&#8221;.vc_custom_1595329067093{margin-bottom: 10px !important;}&#8221;]The Fortress, as we know it today, was built over a period of almost 88 years, with longer or shorter interruptions during the reign of the Habsburg Monarchy. Difficult construction conditions caused the death of many workers, numbering as many as 40 to 70 deaths a day during periods of the most intensive works. Once it was finally completed, it was considered the strongest fortress in the Habsburg Monarchy and this part of Europe receiving the name Gibraltar on the Danube. It is a unique example of military architecture from that period, considering that it is one of the few that has been largely preserved. After the Hungarian Revolution, the Fortress was used as a large warehouse and prison in which many famous people were imprisoned such as Nobel Prize winner Ivo Andri\u0107, Vasa Pelagi\u0107, Ja\u0161a Tomi\u0107, Vladimir Jovanovi\u0107, and many others.[\/vc_column_text][vc_single_image image=&#8221;108524&#8243; img_size=&#8221;full&#8221; alignment=&#8221;center&#8221;][vc_column_text css_animation=&#8221;none&#8221; css=&#8221;.vc_custom_1595329076269{margin-bottom: 10px !important;}&#8221;]The Fortress was damaged during the First and Second World Wars, as well as in the period between the two great wars, but after the Second World War it was placed under state protection which led to parts of the Fortress being reconstructed and adapted for the needs of cultural and educational institutions, some of which are still there today like the City Museum and numerous fine and applied arts studios. Today, the Fortress is home to a number of major cultural events including the EXIT Festival and is finally getting the attention it deserves.[\/vc_column_text][vc_single_image image=&#8221;108530&#8243; img_size=&#8221;full&#8221; alignment=&#8221;center&#8221;][vc_column_text css_animation=&#8221;none&#8221; css=&#8221;.vc_custom_1595329084977{margin-bottom: 10px !important;}&#8221;]Numerous legends are associated with Petrovaradin Fortress, the most famous of which is the one with a secret tunnel under the riverbed that connects the Fortress with the left bank of the Danube, and which served as a passage for the last Austro-Hungarian soldier and his fianc\u00e9e in 1913. Apart from this, there is a well-known legend according to which the builders of the Fortress put live cats into the foundations of the new fortification at the beginning of the 17th century in order to ensure the longevity of the Fortress stemming from the belief that cats have nine lives. The legend of the cats is partially supported by the stone relief of a cat&#8217;s head found in the ramparts that are kept in the City Museum today, but also the story that workers found mummified remains of cats during the reconstruction of the fortress after the Second World War, which turned to dust at touch.[\/vc_column_text][vc_single_image image=&#8221;108548&#8243; img_size=&#8221;full&#8221; alignment=&#8221;center&#8221;][vc_column_text css_animation=&#8221;none&#8221; css=&#8221;.vc_custom_1595329102522{margin-bottom: 10px !important;}&#8221;]Today, the Fortress is adorned with numerous cultural institutions and recognizable symbols. Thus, the main building of the Museum of the City of Novi Sad, the Institution for making tapestries Atelje 61, the observatory and planetarium of the Astronomical Society of Novi Sad, as well as the largest informal art colony in the world Likovni krug (The Art Circle) are located on the Fortress. In addition to the biggest tourist attraction, the Underground Military Galleries, the most recognizable feature of Petrovaradin Fortress is its Clock Tower. The specificity of the clock mechanism, which is more than 300 years old, is that its small hand shows minutes, while the big hand shows hours, and even in rare moments when it is not working, it shows the correct time four times a day. In addition, it received the epithet the &#8220;drunk clock&#8221; due to the fact that this clock runs late during cold weather and speeds up during nice and warm weather.[\/vc_column_text][vc_empty_space height=&#8221;30px&#8221; bb_tab_container=&#8221;&#8221;][vc_column_text css_animation=&#8221;none&#8221; css=&#8221;.vc_custom_1595329896372{margin-bottom: 10px !important;}&#8221;]<\/p>\n<p style=\"text-align: left;\">Take a Petrovaradin Fortress virtual tour\u00a0<strong><a href=\"https:\/\/petrovaradin.exitfondacija.org\/en#gornji-deo-13\">here<\/a>.<\/strong><\/p>\n<p>[\/vc_column_text][vc_empty_space height=&#8221;30px&#8221; bb_tab_container=&#8221;&#8221;][\/vc_column][\/vc_row]<\/p>\n<\/div>","protected":false},"excerpt":{"rendered":"<p>[vc_row el_class=&#8221;container-single uk-container-center&#8221; css=&#8221;.vc_custom_1547721991391{padding-top: 40px !important;}&#8221;][vc_column css_animation=&#8221;none&#8221; offset=&#8221;vc_col-lg-offset-2 vc_col-lg-8 vc_col-md-offset-2 vc_col-md-8&#8243;][vc_column_text css_animation=&#8221;none&#8221; css=&#8221;.vc_custom_1595329057414{margin-bottom: 10px !important;}&#8221;]According to the latest archeological research, the first and oldest settlement in Petrovaradin was founded by<\/p>\n","protected":false},"author":1,"featured_media":108485,"parent":0,"menu_order":41,"comment_status":"closed","ping_status":"closed","template":"page-with-hero.php","meta":{"_acf_changed":false,"footnotes":""},"class_list":["post-123993","page","type-page","status-publish","has-post-thumbnail","hentry"],"acf":[],"yoast_head":"<!-- This site is optimized with the Yoast SEO plugin v25.6 - https:\/\/yoast.com\/wordpress\/plugins\/seo\/ -->\n<title>Petrovaradin Fortress - EXIT Festival 2025<\/title>\n<meta name=\"description\" content=\"The Fortress, as we know it today, was built over a period of almost 88 years, with longer or shorter interruptions during the reign of the Habsburg Monarchy. Difficult construction conditions caused the death of many workers, numbering as many as 40 to 70 deaths a day during periods of the most intensive works.\" \/>\n<meta name=\"robots\" content=\"index, follow, max-snippet:-1, max-image-preview:large, max-video-preview:-1\" \/>\n<link rel=\"canonical\" href=\"https:\/\/www.exitfest.org\/en\/petrovaradin-fortress\" \/>\n<meta property=\"og:locale\" content=\"en_US\" \/>\n<meta property=\"og:type\" content=\"article\" \/>\n<meta property=\"og:title\" content=\"Petrovaradin Fortress - EXIT Festival 2025\" \/>\n<meta property=\"og:description\" content=\"The Fortress, as we know it today, was built over a period of almost 88 years, with longer or shorter interruptions during the reign of the Habsburg Monarchy. Difficult construction conditions caused the death of many workers, numbering as many as 40 to 70 deaths a day during periods of the most intensive works.\" \/>\n<meta property=\"og:url\" content=\"https:\/\/www.exitfest.org\/en\/petrovaradin-fortress\" \/>\n<meta property=\"og:site_name\" content=\"EXIT Festival 2025\" \/>\n<meta property=\"article:publisher\" content=\"https:\/\/www.facebook.com\/exit.festival\" \/>\n<meta property=\"article:modified_time\" content=\"2021-04-08T15:22:46+00:00\" \/>\n<meta property=\"og:image\" content=\"https:\/\/www.exitfest.org\/wp-content\/uploads\/2020\/07\/Lokacija-featured.jpg\" \/>\n\t<meta property=\"og:image:width\" content=\"1300\" \/>\n\t<meta property=\"og:image:height\" content=\"600\" \/>\n\t<meta property=\"og:image:type\" content=\"image\/jpeg\" \/>\n<meta name=\"twitter:card\" content=\"summary_large_image\" \/>\n<meta name=\"twitter:site\" content=\"@exitfestival\" \/>\n<script type=\"application\/ld+json\" class=\"yoast-schema-graph\">{\"@context\":\"https:\/\/schema.org\",\"@graph\":[{\"@type\":\"WebPage\",\"@id\":\"https:\/\/www.exitfest.org\/en\/petrovaradin-fortress\",\"url\":\"https:\/\/www.exitfest.org\/en\/petrovaradin-fortress\",\"name\":\"Petrovaradin Fortress - EXIT Festival 2025\",\"isPartOf\":{\"@id\":\"https:\/\/www.exitfest.org\/en#website\"},\"primaryImageOfPage\":{\"@id\":\"https:\/\/www.exitfest.org\/en\/petrovaradin-fortress#primaryimage\"},\"image\":{\"@id\":\"https:\/\/www.exitfest.org\/en\/petrovaradin-fortress#primaryimage\"},\"thumbnailUrl\":\"https:\/\/www.exitfest.org\/wp-content\/uploads\/2020\/07\/Lokacija-featured.jpg\",\"datePublished\":\"2021-04-08T15:21:04+00:00\",\"dateModified\":\"2021-04-08T15:22:46+00:00\",\"description\":\"The Fortress, as we know it today, was built over a period of almost 88 years, with longer or shorter interruptions during the reign of the Habsburg Monarchy. Difficult construction conditions caused the death of many workers, numbering as many as 40 to 70 deaths a day during periods of the most intensive works.\",\"breadcrumb\":{\"@id\":\"https:\/\/www.exitfest.org\/en\/petrovaradin-fortress#breadcrumb\"},\"inLanguage\":\"en-US\",\"potentialAction\":[{\"@type\":\"ReadAction\",\"target\":[\"https:\/\/www.exitfest.org\/en\/petrovaradin-fortress\"]}]},{\"@type\":\"ImageObject\",\"inLanguage\":\"en-US\",\"@id\":\"https:\/\/www.exitfest.org\/en\/petrovaradin-fortress#primaryimage\",\"url\":\"https:\/\/www.exitfest.org\/wp-content\/uploads\/2020\/07\/Lokacija-featured.jpg\",\"contentUrl\":\"https:\/\/www.exitfest.org\/wp-content\/uploads\/2020\/07\/Lokacija-featured.jpg\",\"width\":1300,\"height\":600,\"caption\":\"Petrovaradinska tvr\u0111ava\"},{\"@type\":\"BreadcrumbList\",\"@id\":\"https:\/\/www.exitfest.org\/en\/petrovaradin-fortress#breadcrumb\",\"itemListElement\":[{\"@type\":\"ListItem\",\"position\":1,\"name\":\"Po\u010detna\",\"item\":\"https:\/\/www.exitfest.org\/en\"},{\"@type\":\"ListItem\",\"position\":2,\"name\":\"Petrovaradin Fortress\"}]},{\"@type\":\"WebSite\",\"@id\":\"https:\/\/www.exitfest.org\/en#website\",\"url\":\"https:\/\/www.exitfest.org\/en\",\"name\":\"EXIT Festival 2025\",\"description\":\"\",\"publisher\":{\"@id\":\"https:\/\/www.exitfest.org\/en#organization\"},\"alternateName\":\"EXIT Festival\",\"potentialAction\":[{\"@type\":\"SearchAction\",\"target\":{\"@type\":\"EntryPoint\",\"urlTemplate\":\"https:\/\/www.exitfest.org\/en?s={search_term_string}\"},\"query-input\":{\"@type\":\"PropertyValueSpecification\",\"valueRequired\":true,\"valueName\":\"search_term_string\"}}],\"inLanguage\":\"en-US\"},{\"@type\":\"Organization\",\"@id\":\"https:\/\/www.exitfest.org\/en#organization\",\"name\":\"EXIT Festival\",\"alternateName\":\"EXIT\",\"url\":\"https:\/\/www.exitfest.org\/en\",\"logo\":{\"@type\":\"ImageObject\",\"inLanguage\":\"en-US\",\"@id\":\"https:\/\/www.exitfest.org\/en#\/schema\/logo\/image\/\",\"url\":\"https:\/\/www.exitfest.org\/wp-content\/uploads\/2023\/04\/exit-logo-696px.svg\",\"contentUrl\":\"https:\/\/www.exitfest.org\/wp-content\/uploads\/2023\/04\/exit-logo-696px.svg\",\"width\":1,\"height\":1,\"caption\":\"EXIT Festival\"},\"image\":{\"@id\":\"https:\/\/www.exitfest.org\/en#\/schema\/logo\/image\/\"},\"sameAs\":[\"https:\/\/www.facebook.com\/exit.festival\",\"https:\/\/x.com\/exitfestival\",\"https:\/\/instagram.com\/exitfestival\",\"https:\/\/www.linkedin.com\/company\/exit-festival\/\",\"https:\/\/www.youtube.com\/user\/EXITFestivalTV\",\"https:\/\/en.wikipedia.org\/wiki\/Exit_festival\",\"https:\/\/www.tiktok.com\/@exit_festival\",\"https:\/\/www.flickr.com\/photos\/exitfestival\",\"https:\/\/soundcloud.com\/exitfestival\",\"https:\/\/www.mixcloud.com\/exitfestival\/\",\"https:\/\/vb.me\/b827f5\",\"https:\/\/www.deezer.com\/en\/profile\/1441778382\",\"https:\/\/vk.com\/exitfestival\"]}]}<\/script>\n<!-- \/ Yoast SEO plugin. -->","yoast_head_json":{"title":"Petrovaradin Fortress - EXIT Festival 2025","description":"The Fortress, as we know it today, was built over a period of almost 88 years, with longer or shorter interruptions during the reign of the Habsburg Monarchy. Difficult construction conditions caused the death of many workers, numbering as many as 40 to 70 deaths a day during periods of the most intensive works.","robots":{"index":"index","follow":"follow","max-snippet":"max-snippet:-1","max-image-preview":"max-image-preview:large","max-video-preview":"max-video-preview:-1"},"canonical":"https:\/\/www.exitfest.org\/en\/petrovaradin-fortress","og_locale":"en_US","og_type":"article","og_title":"Petrovaradin Fortress - EXIT Festival 2025","og_description":"The Fortress, as we know it today, was built over a period of almost 88 years, with longer or shorter interruptions during the reign of the Habsburg Monarchy. Difficult construction conditions caused the death of many workers, numbering as many as 40 to 70 deaths a day during periods of the most intensive works.","og_url":"https:\/\/www.exitfest.org\/en\/petrovaradin-fortress","og_site_name":"EXIT Festival 2025","article_publisher":"https:\/\/www.facebook.com\/exit.festival","article_modified_time":"2021-04-08T15:22:46+00:00","og_image":[{"width":1300,"height":600,"url":"https:\/\/www.exitfest.org\/wp-content\/uploads\/2020\/07\/Lokacija-featured.jpg","type":"image\/jpeg"}],"twitter_card":"summary_large_image","twitter_site":"@exitfestival","schema":{"@context":"https:\/\/schema.org","@graph":[{"@type":"WebPage","@id":"https:\/\/www.exitfest.org\/en\/petrovaradin-fortress","url":"https:\/\/www.exitfest.org\/en\/petrovaradin-fortress","name":"Petrovaradin Fortress - EXIT Festival 2025","isPartOf":{"@id":"https:\/\/www.exitfest.org\/en#website"},"primaryImageOfPage":{"@id":"https:\/\/www.exitfest.org\/en\/petrovaradin-fortress#primaryimage"},"image":{"@id":"https:\/\/www.exitfest.org\/en\/petrovaradin-fortress#primaryimage"},"thumbnailUrl":"https:\/\/www.exitfest.org\/wp-content\/uploads\/2020\/07\/Lokacija-featured.jpg","datePublished":"2021-04-08T15:21:04+00:00","dateModified":"2021-04-08T15:22:46+00:00","description":"The Fortress, as we know it today, was built over a period of almost 88 years, with longer or shorter interruptions during the reign of the Habsburg Monarchy. Difficult construction conditions caused the death of many workers, numbering as many as 40 to 70 deaths a day during periods of the most intensive works.","breadcrumb":{"@id":"https:\/\/www.exitfest.org\/en\/petrovaradin-fortress#breadcrumb"},"inLanguage":"en-US","potentialAction":[{"@type":"ReadAction","target":["https:\/\/www.exitfest.org\/en\/petrovaradin-fortress"]}]},{"@type":"ImageObject","inLanguage":"en-US","@id":"https:\/\/www.exitfest.org\/en\/petrovaradin-fortress#primaryimage","url":"https:\/\/www.exitfest.org\/wp-content\/uploads\/2020\/07\/Lokacija-featured.jpg","contentUrl":"https:\/\/www.exitfest.org\/wp-content\/uploads\/2020\/07\/Lokacija-featured.jpg","width":1300,"height":600,"caption":"Petrovaradinska tvr\u0111ava"},{"@type":"BreadcrumbList","@id":"https:\/\/www.exitfest.org\/en\/petrovaradin-fortress#breadcrumb","itemListElement":[{"@type":"ListItem","position":1,"name":"Po\u010detna","item":"https:\/\/www.exitfest.org\/en"},{"@type":"ListItem","position":2,"name":"Petrovaradin Fortress"}]},{"@type":"WebSite","@id":"https:\/\/www.exitfest.org\/en#website","url":"https:\/\/www.exitfest.org\/en","name":"EXIT Festival 2025","description":"","publisher":{"@id":"https:\/\/www.exitfest.org\/en#organization"},"alternateName":"EXIT Festival","potentialAction":[{"@type":"SearchAction","target":{"@type":"EntryPoint","urlTemplate":"https:\/\/www.exitfest.org\/en?s={search_term_string}"},"query-input":{"@type":"PropertyValueSpecification","valueRequired":true,"valueName":"search_term_string"}}],"inLanguage":"en-US"},{"@type":"Organization","@id":"https:\/\/www.exitfest.org\/en#organization","name":"EXIT Festival","alternateName":"EXIT","url":"https:\/\/www.exitfest.org\/en","logo":{"@type":"ImageObject","inLanguage":"en-US","@id":"https:\/\/www.exitfest.org\/en#\/schema\/logo\/image\/","url":"https:\/\/www.exitfest.org\/wp-content\/uploads\/2023\/04\/exit-logo-696px.svg","contentUrl":"https:\/\/www.exitfest.org\/wp-content\/uploads\/2023\/04\/exit-logo-696px.svg","width":1,"height":1,"caption":"EXIT Festival"},"image":{"@id":"https:\/\/www.exitfest.org\/en#\/schema\/logo\/image\/"},"sameAs":["https:\/\/www.facebook.com\/exit.festival","https:\/\/x.com\/exitfestival","https:\/\/instagram.com\/exitfestival","https:\/\/www.linkedin.com\/company\/exit-festival\/","https:\/\/www.youtube.com\/user\/EXITFestivalTV","https:\/\/en.wikipedia.org\/wiki\/Exit_festival","https:\/\/www.tiktok.com\/@exit_festival","https:\/\/www.flickr.com\/photos\/exitfestival","https:\/\/soundcloud.com\/exitfestival","https:\/\/www.mixcloud.com\/exitfestival\/","https:\/\/vb.me\/b827f5","https:\/\/www.deezer.com\/en\/profile\/1441778382","https:\/\/vk.com\/exitfestival"]}]}},"_links":{"self":[{"href":"https:\/\/www.exitfest.org\/en\/wp-json\/wp\/v2\/pages\/123993","targetHints":{"allow":["GET"]}}],"collection":[{"href":"https:\/\/www.exitfest.org\/en\/wp-json\/wp\/v2\/pages"}],"about":[{"href":"https:\/\/www.exitfest.org\/en\/wp-json\/wp\/v2\/types\/page"}],"author":[{"embeddable":true,"href":"https:\/\/www.exitfest.org\/en\/wp-json\/wp\/v2\/users\/1"}],"replies":[{"embeddable":true,"href":"https:\/\/www.exitfest.org\/en\/wp-json\/wp\/v2\/comments?post=123993"}],"version-history":[{"count":0,"href":"https:\/\/www.exitfest.org\/en\/wp-json\/wp\/v2\/pages\/123993\/revisions"}],"wp:featuredmedia":[{"embeddable":true,"href":"https:\/\/www.exitfest.org\/en\/wp-json\/wp\/v2\/media\/108485"}],"wp:attachment":[{"href":"https:\/\/www.exitfest.org\/en\/wp-json\/wp\/v2\/media?parent=123993"}],"curies":[{"name":"wp","href":"https:\/\/api.w.org\/{rel}","templated":true}]}}