{"id":122636,"date":"2021-03-10T16:23:15","date_gmt":"2021-03-10T15:23:15","guid":{"rendered":"https:\/\/www.exitfest.org\/?page_id=122636"},"modified":"2023-02-02T15:24:54","modified_gmt":"2023-02-02T14:24:54","slug":"payment-plan","status":"publish","type":"page","link":"https:\/\/www.exitfest.org\/es\/payment-plan","title":{"rendered":"Plan de pago a plazos"},"content":{"rendered":"<div class=\"wpb-content-wrapper\"><p>[vc_row el_class=\u00bbcontainer-single uk-container-center\u00bb css=\u00bb.vc_custom_1550725142174{padding-top: 80px !important;padding-bottom: 80px !important;}\u00bb][vc_column][vc_column_text]Tienes la oportunidad de comprar entradas o servicios de nuestra tienda web en cuotas y pagarlos hasta en 3 meses.[\/vc_column_text][vc_column_text]<\/p>\n<h2>Veamos c\u00f3mo es el proceso completo:<\/h2>\n<p>[\/vc_column_text][vc_column_text]1. Cuando a\u00f1adas entradas y art\u00edculos a tu cesta de compra por un valor superior a 100 \u20ac, podr\u00e1s seleccionar la opci\u00f3n de pago \u00abPlan de pago\u00bb (Payment Plan) durante el proceso de pago en la tienda web. Al hacerlo,\u00a0se mostrar\u00e1n todos los detalles de tu plan de pago. Al final del proceso de compra, solo tendr\u00e1s que pagar la primera parte del pago.<\/p>\n<p>2. Despu\u00e9s de una transacci\u00f3n exitosa, las restantes partes de pago se cobrar\u00e1n de tu tarjeta bancaria mensualmente. Se utiliza la misma tarjeta bancaria para la transacci\u00f3n, as\u00ed que aseg\u00farate de que no est\u00e9 caducada para los pagos. Si alguna de los plazos de pago no se puede cobrar de tu tarjeta, te enviaremos 2 correos electr\u00f3nicos de recordatorio antes de tomar cualquier medida.<\/p>\n<p>3. Si todo sale seg\u00fan lo planeado y todas los plazos de pago est\u00e1n abonados, te enviaremos las entradas y art\u00edculos que compraste por correo electr\u00f3nico.[\/vc_column_text][vc_column_text]<\/p>\n<h2>\u00bfHas cambiado de idea?<\/h2>\n<p>[\/vc_column_text][vc_column_text]Puedes cancelar la compra enviando un correo electr\u00f3nico en ingl\u00e9s a\u00a0<a href=\"mailto:exit-tickets@netpositive.hu\">exit-tickets@netpositive.hu<\/a>\u00a0despu\u00e9s del primer pago y antes de que se haya realizado el \u00faltimo\u00a0pago. En este caso, te reembolsaremos el importe de los pagos ya realizados a la tarjeta bancaria utilizada para estas transacciones (excepto el importe total de gastos de gesti\u00f3n).[\/vc_column_text][vc_column_text]<\/p>\n<h2>\u00bfQu\u00e9 sucede si no se abonan todos los pagos?<\/h2>\n<p>[\/vc_column_text][vc_column_text]Si los plazos de pago no se pueden cobrar desde tu tarjeta bancaria cuando venza cada plazo, te informaremos por correo electr\u00f3nico e intentaremos cobrarlos de tu tarjeta bancaria tres d\u00edas despu\u00e9s. Si el segundo intento tampoco tiene \u00e9xito, te informaremos nuevamente por correo electr\u00f3nico e intentaremos cobrarlos de tu tarjeta bancaria otros tres d\u00edas despu\u00e9s. Despu\u00e9s del tercer intento fallido, Netpositive puede rechazar la compra. Si los pagos ya no se pueden cobrar de tu tarjeta bancaria por motivos ajenos a tu control (p. ej., la tarjeta ha caducado), pero a\u00fan deseas continuar efectuando los pagos, puedes completar el proceso a trav\u00e9s de enlaces de pago o transferencias bancarias. Para obtener detalles exactos, cont\u00e1ctanos en ingl\u00e9s en\u00a0<a href=\"mailto:exit-tickets@netpositive.hu\">exit-tickets@netpositive.hu<\/a>\u00a0y le informaremos sobre lo que debes hacer exactamente.<\/p>\n<p>En caso de que tenga m\u00e1s preguntas sobre el plan de pago a plazos, h\u00e1znoslo saber por correo electr\u00f3nico. Ten\u00a0en cuenta tambi\u00e9n que estas son solo pautas para ayudarte. Nuestras <a href=\"https:\/\/erp5-exit.cdn-netpositive.com\/legal\/netpositive_webshop_gtc_20200101.pdf\">GCTC est\u00e1n disponibles aqu\u00ed<\/a> en caso de que desees consultar los t\u00e9rminos y condiciones legales de tu compra.[\/vc_column_text][\/vc_column][\/vc_row]<\/p>\n<\/div>","protected":false},"excerpt":{"rendered":"<p>[vc_row el_class=\u00bbcontainer-single uk-container-center\u00bb css=\u00bb.vc_custom_1550725142174{padding-top: 80px !important;padding-bottom: 80px !important;}\u00bb][vc_column][vc_column_text]Tienes la oportunidad de comprar entradas o servicios de nuestra tienda web en cuotas y pagarlos hasta en 3 meses.[\/vc_column_text][vc_column_text] Veamos c\u00f3mo es<\/p>\n","protected":false},"author":1,"featured_media":0,"parent":0,"menu_order":21,"comment_status":"closed","ping_status":"closed","template":"page-with-hero.php","meta":{"_acf_changed":false,"footnotes":""},"class_list":["post-122636","page","type-page","status-publish","hentry"],"acf":[],"yoast_head":"<!-- This site is optimized with the Yoast SEO plugin v25.6 - https:\/\/yoast.com\/wordpress\/plugins\/seo\/ -->\n<title>Plan de pago a plazos - EXIT Festival 2025<\/title>\n<meta name=\"description\" content=\"Tienes la oportunidad de comprar entradas o servicios de nuestra tienda web en cuotas y pagarlos hasta en 3 meses\" \/>\n<meta name=\"robots\" content=\"index, follow, max-snippet:-1, max-image-preview:large, max-video-preview:-1\" \/>\n<link rel=\"canonical\" href=\"https:\/\/www.exitfest.org\/es\/payment-plan\" \/>\n<meta property=\"og:locale\" content=\"es_ES\" \/>\n<meta property=\"og:type\" content=\"article\" \/>\n<meta property=\"og:title\" content=\"Plan de pago a plazos - EXIT Festival 2025\" \/>\n<meta property=\"og:description\" content=\"Tienes la oportunidad de comprar entradas o servicios de nuestra tienda web en cuotas y pagarlos hasta en 3 meses\" \/>\n<meta property=\"og:url\" content=\"https:\/\/www.exitfest.org\/es\/payment-plan\" \/>\n<meta property=\"og:site_name\" content=\"EXIT Festival 2025\" \/>\n<meta property=\"article:publisher\" content=\"https:\/\/www.facebook.com\/exit.festival\" \/>\n<meta property=\"article:modified_time\" content=\"2023-02-02T14:24:54+00:00\" \/>\n<meta property=\"og:image\" content=\"https:\/\/www.exitfest.org\/wp-content\/uploads\/2024\/11\/state-of-exit-og-image-2025-exit.jpg\" \/>\n\t<meta property=\"og:image:width\" content=\"1920\" \/>\n\t<meta property=\"og:image:height\" content=\"1080\" \/>\n\t<meta property=\"og:image:type\" content=\"image\/jpeg\" \/>\n<meta name=\"twitter:card\" content=\"summary_large_image\" \/>\n<meta name=\"twitter:site\" content=\"@exitfestival\" \/>\n<script type=\"application\/ld+json\" class=\"yoast-schema-graph\">{\"@context\":\"https:\/\/schema.org\",\"@graph\":[{\"@type\":\"WebPage\",\"@id\":\"https:\/\/www.exitfest.org\/es\/payment-plan\",\"url\":\"https:\/\/www.exitfest.org\/es\/payment-plan\",\"name\":\"Plan de pago a plazos - EXIT Festival 2025\",\"isPartOf\":{\"@id\":\"https:\/\/www.exitfest.org\/es#website\"},\"datePublished\":\"2021-03-10T15:23:15+00:00\",\"dateModified\":\"2023-02-02T14:24:54+00:00\",\"description\":\"Tienes la oportunidad de comprar entradas o servicios de nuestra tienda web en cuotas y pagarlos hasta en 3 meses\",\"breadcrumb\":{\"@id\":\"https:\/\/www.exitfest.org\/es\/payment-plan#breadcrumb\"},\"inLanguage\":\"es\",\"potentialAction\":[{\"@type\":\"ReadAction\",\"target\":[\"https:\/\/www.exitfest.org\/es\/payment-plan\"]}]},{\"@type\":\"BreadcrumbList\",\"@id\":\"https:\/\/www.exitfest.org\/es\/payment-plan#breadcrumb\",\"itemListElement\":[{\"@type\":\"ListItem\",\"position\":1,\"name\":\"Po\u010detna\",\"item\":\"https:\/\/www.exitfest.org\/es\"},{\"@type\":\"ListItem\",\"position\":2,\"name\":\"Plan de pago a plazos\"}]},{\"@type\":\"WebSite\",\"@id\":\"https:\/\/www.exitfest.org\/es#website\",\"url\":\"https:\/\/www.exitfest.org\/es\",\"name\":\"EXIT Festival 2025\",\"description\":\"\",\"publisher\":{\"@id\":\"https:\/\/www.exitfest.org\/es#organization\"},\"alternateName\":\"EXIT Festival\",\"potentialAction\":[{\"@type\":\"SearchAction\",\"target\":{\"@type\":\"EntryPoint\",\"urlTemplate\":\"https:\/\/www.exitfest.org\/es?s={search_term_string}\"},\"query-input\":{\"@type\":\"PropertyValueSpecification\",\"valueRequired\":true,\"valueName\":\"search_term_string\"}}],\"inLanguage\":\"es\"},{\"@type\":\"Organization\",\"@id\":\"https:\/\/www.exitfest.org\/es#organization\",\"name\":\"EXIT Festival\",\"alternateName\":\"EXIT\",\"url\":\"https:\/\/www.exitfest.org\/es\",\"logo\":{\"@type\":\"ImageObject\",\"inLanguage\":\"es\",\"@id\":\"https:\/\/www.exitfest.org\/es#\/schema\/logo\/image\/\",\"url\":\"https:\/\/www.exitfest.org\/wp-content\/uploads\/2023\/04\/exit-logo-696px.svg\",\"contentUrl\":\"https:\/\/www.exitfest.org\/wp-content\/uploads\/2023\/04\/exit-logo-696px.svg\",\"width\":1,\"height\":1,\"caption\":\"EXIT Festival\"},\"image\":{\"@id\":\"https:\/\/www.exitfest.org\/es#\/schema\/logo\/image\/\"},\"sameAs\":[\"https:\/\/www.facebook.com\/exit.festival\",\"https:\/\/x.com\/exitfestival\",\"https:\/\/instagram.com\/exitfestival\",\"https:\/\/www.linkedin.com\/company\/exit-festival\/\",\"https:\/\/www.youtube.com\/user\/EXITFestivalTV\",\"https:\/\/en.wikipedia.org\/wiki\/Exit_festival\",\"https:\/\/www.tiktok.com\/@exit_festival\",\"https:\/\/www.flickr.com\/photos\/exitfestival\",\"https:\/\/soundcloud.com\/exitfestival\",\"https:\/\/www.mixcloud.com\/exitfestival\/\",\"https:\/\/vb.me\/b827f5\",\"https:\/\/www.deezer.com\/en\/profile\/1441778382\",\"https:\/\/vk.com\/exitfestival\"]}]}<\/script>\n<!-- \/ Yoast SEO plugin. -->","yoast_head_json":{"title":"Plan de pago a plazos - EXIT Festival 2025","description":"Tienes la oportunidad de comprar entradas o servicios de nuestra tienda web en cuotas y pagarlos hasta en 3 meses","robots":{"index":"index","follow":"follow","max-snippet":"max-snippet:-1","max-image-preview":"max-image-preview:large","max-video-preview":"max-video-preview:-1"},"canonical":"https:\/\/www.exitfest.org\/es\/payment-plan","og_locale":"es_ES","og_type":"article","og_title":"Plan de pago a plazos - EXIT Festival 2025","og_description":"Tienes la oportunidad de comprar entradas o servicios de nuestra tienda web en cuotas y pagarlos hasta en 3 meses","og_url":"https:\/\/www.exitfest.org\/es\/payment-plan","og_site_name":"EXIT Festival 2025","article_publisher":"https:\/\/www.facebook.com\/exit.festival","article_modified_time":"2023-02-02T14:24:54+00:00","og_image":[{"width":1920,"height":1080,"url":"https:\/\/www.exitfest.org\/wp-content\/uploads\/2024\/11\/state-of-exit-og-image-2025-exit.jpg","type":"image\/jpeg"}],"twitter_card":"summary_large_image","twitter_site":"@exitfestival","schema":{"@context":"https:\/\/schema.org","@graph":[{"@type":"WebPage","@id":"https:\/\/www.exitfest.org\/es\/payment-plan","url":"https:\/\/www.exitfest.org\/es\/payment-plan","name":"Plan de pago a plazos - EXIT Festival 2025","isPartOf":{"@id":"https:\/\/www.exitfest.org\/es#website"},"datePublished":"2021-03-10T15:23:15+00:00","dateModified":"2023-02-02T14:24:54+00:00","description":"Tienes la oportunidad de comprar entradas o servicios de nuestra tienda web en cuotas y pagarlos hasta en 3 meses","breadcrumb":{"@id":"https:\/\/www.exitfest.org\/es\/payment-plan#breadcrumb"},"inLanguage":"es","potentialAction":[{"@type":"ReadAction","target":["https:\/\/www.exitfest.org\/es\/payment-plan"]}]},{"@type":"BreadcrumbList","@id":"https:\/\/www.exitfest.org\/es\/payment-plan#breadcrumb","itemListElement":[{"@type":"ListItem","position":1,"name":"Po\u010detna","item":"https:\/\/www.exitfest.org\/es"},{"@type":"ListItem","position":2,"name":"Plan de pago a plazos"}]},{"@type":"WebSite","@id":"https:\/\/www.exitfest.org\/es#website","url":"https:\/\/www.exitfest.org\/es","name":"EXIT Festival 2025","description":"","publisher":{"@id":"https:\/\/www.exitfest.org\/es#organization"},"alternateName":"EXIT Festival","potentialAction":[{"@type":"SearchAction","target":{"@type":"EntryPoint","urlTemplate":"https:\/\/www.exitfest.org\/es?s={search_term_string}"},"query-input":{"@type":"PropertyValueSpecification","valueRequired":true,"valueName":"search_term_string"}}],"inLanguage":"es"},{"@type":"Organization","@id":"https:\/\/www.exitfest.org\/es#organization","name":"EXIT Festival","alternateName":"EXIT","url":"https:\/\/www.exitfest.org\/es","logo":{"@type":"ImageObject","inLanguage":"es","@id":"https:\/\/www.exitfest.org\/es#\/schema\/logo\/image\/","url":"https:\/\/www.exitfest.org\/wp-content\/uploads\/2023\/04\/exit-logo-696px.svg","contentUrl":"https:\/\/www.exitfest.org\/wp-content\/uploads\/2023\/04\/exit-logo-696px.svg","width":1,"height":1,"caption":"EXIT Festival"},"image":{"@id":"https:\/\/www.exitfest.org\/es#\/schema\/logo\/image\/"},"sameAs":["https:\/\/www.facebook.com\/exit.festival","https:\/\/x.com\/exitfestival","https:\/\/instagram.com\/exitfestival","https:\/\/www.linkedin.com\/company\/exit-festival\/","https:\/\/www.youtube.com\/user\/EXITFestivalTV","https:\/\/en.wikipedia.org\/wiki\/Exit_festival","https:\/\/www.tiktok.com\/@exit_festival","https:\/\/www.flickr.com\/photos\/exitfestival","https:\/\/soundcloud.com\/exitfestival","https:\/\/www.mixcloud.com\/exitfestival\/","https:\/\/vb.me\/b827f5","https:\/\/www.deezer.com\/en\/profile\/1441778382","https:\/\/vk.com\/exitfestival"]}]}},"_links":{"self":[{"href":"https:\/\/www.exitfest.org\/es\/wp-json\/wp\/v2\/pages\/122636","targetHints":{"allow":["GET"]}}],"collection":[{"href":"https:\/\/www.exitfest.org\/es\/wp-json\/wp\/v2\/pages"}],"about":[{"href":"https:\/\/www.exitfest.org\/es\/wp-json\/wp\/v2\/types\/page"}],"author":[{"embeddable":true,"href":"https:\/\/www.exitfest.org\/es\/wp-json\/wp\/v2\/users\/1"}],"replies":[{"embeddable":true,"href":"https:\/\/www.exitfest.org\/es\/wp-json\/wp\/v2\/comments?post=122636"}],"version-history":[{"count":0,"href":"https:\/\/www.exitfest.org\/es\/wp-json\/wp\/v2\/pages\/122636\/revisions"}],"wp:attachment":[{"href":"https:\/\/www.exitfest.org\/es\/wp-json\/wp\/v2\/media?parent=122636"}],"curies":[{"name":"wp","href":"https:\/\/api.w.org\/{rel}","templated":true}]}}