{"id":143095,"date":"2021-09-09T16:11:20","date_gmt":"2021-09-09T14:11:20","guid":{"rendered":"https:\/\/www.exitfest.org\/terms-of-ticket-transfer-to-2022"},"modified":"2022-07-06T11:48:03","modified_gmt":"2022-07-06T09:48:03","slug":"terms-of-ticket-transfer-to-2022-es","status":"publish","type":"page","link":"https:\/\/www.exitfest.org\/es\/terms-of-ticket-transfer-to-2022-es","title":{"rendered":"Condiciones para transferir entradas a 2022"},"content":{"rendered":"<div class=\"wpb-content-wrapper\"><p>[vc_row el_class=\u00bbcontainer-single uk-container-center\u00bb css=\u00bb.vc_custom_1597312867243{padding-top: 40px !important;padding-bottom: 70px !important;}\u00bb][vc_column][vc_column_text]<\/p>\n<h2>Condiciones para transferir entradas a 2022<\/h2>\n<p>[\/vc_column_text][vc_separator][vc_column_text]Si no pudiste asistir en EXIT Festival de 2021 debido a razones epid\u00e9micas (consulta la definici\u00f3n exacta a continuaci\u00f3n), tienes la posibilidad de solicitar la prolongaci\u00f3n de validez de tu(s) entradas(s) hasta 2022. Esto incluye todo tipo de entradas (abonos, acceso a camping, cajas de seguridad). Ten en cuenta que la fecha l\u00edmite para las transferencias de entradas puede variar entre plataformas de ticketing, as\u00ed que consulta con la ticketera donde compraste tu entrada lo antes posible (y definitivamente no m\u00e1s tarde del 31 de octubre, que es nuestra fecha l\u00edmite final, para todos los minoristas).<\/p>\n<p>La solicitud de transferencia de entradas debes enviarla directamente a dicha ticketera, incluido un razonamiento claro. La ticketera te informar\u00e1 sobre nuestra decisi\u00f3n dentro de 1 semana despu\u00e9s de recibir la solicitud.<\/p>\n<p>Definici\u00f3n de &#8216;razones epid\u00e9micas&#8217;:<br \/>\n\u2022 la frontera entre tu pa\u00eds de origen y Serbia estuvo cerrada durante las fechas del evento<br \/>\n\u2022 viajar a Serbia habr\u00eda conllevado una cuarentena al regresar a casa (incluso tras hacer la prueba de PCR)<br \/>\n\u2022 viajar a Serbia por motivos tur\u00edsticos habr\u00eda resultado en una sanci\u00f3n financiera al regresar a casa (incluso realizando la prueba de PCR)<br \/>\n\u2022 dio positivo en la prueba antes de entrar a Serbia y no pudo entrar al pa\u00eds<\/p>\n<p>TEN EN CUENTA: realizar una prueba de Covid para ingresar a Serbia (o regresar al pa\u00eds de origen) en s\u00ed mismo NO se considera como una \u00abraz\u00f3n epid\u00e9mica\u00bb.<\/p>\n<p>Si tuviste OTRAS RAZONES, no enumeradas anteriormente, que crees que deber\u00edas calificar como \u00abraz\u00f3n epid\u00e9mica\u00bb, comun\u00edcala a la ticketera, ya que tomaremos decisiones caso por caso.<\/p>\n<p>Para obtener m\u00e1s informaci\u00f3n, no dudes en ponerte en contacto con nuestro servicio de asistencia t\u00e9cnica en ingl\u00e9s en answerme@exitfest.org[\/vc_column_text][\/vc_column][\/vc_row]<\/p>\n<\/div>","protected":false},"excerpt":{"rendered":"<p>[vc_row el_class=\u00bbcontainer-single uk-container-center\u00bb css=\u00bb.vc_custom_1597312867243{padding-top: 40px !important;padding-bottom: 70px !important;}\u00bb][vc_column][vc_column_text] Condiciones para transferir entradas a 2022 [\/vc_column_text][vc_separator][vc_column_text]Si no pudiste asistir en EXIT Festival de 2021 debido a razones epid\u00e9micas (consulta la definici\u00f3n<\/p>\n","protected":false},"author":1,"featured_media":0,"parent":0,"menu_order":74,"comment_status":"closed","ping_status":"closed","template":"page-with-hero.php","meta":{"_acf_changed":false,"footnotes":""},"class_list":["post-143095","page","type-page","status-publish","hentry"],"acf":[],"yoast_head":"<!-- This site is optimized with the Yoast SEO plugin v25.6 - https:\/\/yoast.com\/wordpress\/plugins\/seo\/ -->\n<title>Condiciones para transferir entradas a 2022 - EXIT Festival 2025<\/title>\n<meta name=\"description\" content=\"If you couldn\u2019t take part in this year\u2019s EXIT Festival due to epidemical reasons (see exact definition below), you have the possibility to request prolonging your ticket(s) to 2022.\" \/>\n<meta name=\"robots\" content=\"index, follow, max-snippet:-1, max-image-preview:large, max-video-preview:-1\" \/>\n<link rel=\"canonical\" href=\"https:\/\/www.exitfest.org\/es\/terms-of-ticket-transfer-to-2022-es\" \/>\n<meta property=\"og:locale\" content=\"es_ES\" \/>\n<meta property=\"og:type\" content=\"article\" \/>\n<meta property=\"og:title\" content=\"Condiciones para transferir entradas a 2022 - EXIT Festival 2025\" \/>\n<meta property=\"og:description\" content=\"If you couldn\u2019t take part in this year\u2019s EXIT Festival due to epidemical reasons (see exact definition below), you have the possibility to request prolonging your ticket(s) to 2022.\" \/>\n<meta property=\"og:url\" content=\"https:\/\/www.exitfest.org\/es\/terms-of-ticket-transfer-to-2022-es\" \/>\n<meta property=\"og:site_name\" content=\"EXIT Festival 2025\" \/>\n<meta property=\"article:publisher\" content=\"https:\/\/www.facebook.com\/exit.festival\" \/>\n<meta property=\"article:modified_time\" content=\"2022-07-06T09:48:03+00:00\" \/>\n<meta property=\"og:image\" content=\"https:\/\/www.exitfest.org\/wp-content\/uploads\/2024\/11\/state-of-exit-og-image-2025-exit.jpg\" \/>\n\t<meta property=\"og:image:width\" content=\"1920\" \/>\n\t<meta property=\"og:image:height\" content=\"1080\" \/>\n\t<meta property=\"og:image:type\" content=\"image\/jpeg\" \/>\n<meta name=\"twitter:card\" content=\"summary_large_image\" \/>\n<meta name=\"twitter:site\" content=\"@exitfestival\" \/>\n<script type=\"application\/ld+json\" class=\"yoast-schema-graph\">{\"@context\":\"https:\/\/schema.org\",\"@graph\":[{\"@type\":\"WebPage\",\"@id\":\"https:\/\/www.exitfest.org\/es\/terms-of-ticket-transfer-to-2022-es\",\"url\":\"https:\/\/www.exitfest.org\/es\/terms-of-ticket-transfer-to-2022-es\",\"name\":\"Condiciones para transferir entradas a 2022 - EXIT Festival 2025\",\"isPartOf\":{\"@id\":\"https:\/\/www.exitfest.org\/es#website\"},\"datePublished\":\"2021-09-09T14:11:20+00:00\",\"dateModified\":\"2022-07-06T09:48:03+00:00\",\"description\":\"If you couldn\u2019t take part in this year\u2019s EXIT Festival due to epidemical reasons (see exact definition below), you have the possibility to request prolonging your ticket(s) to 2022.\",\"breadcrumb\":{\"@id\":\"https:\/\/www.exitfest.org\/es\/terms-of-ticket-transfer-to-2022-es#breadcrumb\"},\"inLanguage\":\"es\",\"potentialAction\":[{\"@type\":\"ReadAction\",\"target\":[\"https:\/\/www.exitfest.org\/es\/terms-of-ticket-transfer-to-2022-es\"]}]},{\"@type\":\"BreadcrumbList\",\"@id\":\"https:\/\/www.exitfest.org\/es\/terms-of-ticket-transfer-to-2022-es#breadcrumb\",\"itemListElement\":[{\"@type\":\"ListItem\",\"position\":1,\"name\":\"Po\u010detna\",\"item\":\"https:\/\/www.exitfest.org\/es\"},{\"@type\":\"ListItem\",\"position\":2,\"name\":\"Terms of Ticket Transfer to 2022\"}]},{\"@type\":\"WebSite\",\"@id\":\"https:\/\/www.exitfest.org\/es#website\",\"url\":\"https:\/\/www.exitfest.org\/es\",\"name\":\"EXIT Festival 2025\",\"description\":\"\",\"publisher\":{\"@id\":\"https:\/\/www.exitfest.org\/es#organization\"},\"alternateName\":\"EXIT Festival\",\"potentialAction\":[{\"@type\":\"SearchAction\",\"target\":{\"@type\":\"EntryPoint\",\"urlTemplate\":\"https:\/\/www.exitfest.org\/es?s={search_term_string}\"},\"query-input\":{\"@type\":\"PropertyValueSpecification\",\"valueRequired\":true,\"valueName\":\"search_term_string\"}}],\"inLanguage\":\"es\"},{\"@type\":\"Organization\",\"@id\":\"https:\/\/www.exitfest.org\/es#organization\",\"name\":\"EXIT Festival\",\"alternateName\":\"EXIT\",\"url\":\"https:\/\/www.exitfest.org\/es\",\"logo\":{\"@type\":\"ImageObject\",\"inLanguage\":\"es\",\"@id\":\"https:\/\/www.exitfest.org\/es#\/schema\/logo\/image\/\",\"url\":\"https:\/\/www.exitfest.org\/wp-content\/uploads\/2023\/04\/exit-logo-696px.svg\",\"contentUrl\":\"https:\/\/www.exitfest.org\/wp-content\/uploads\/2023\/04\/exit-logo-696px.svg\",\"width\":1,\"height\":1,\"caption\":\"EXIT Festival\"},\"image\":{\"@id\":\"https:\/\/www.exitfest.org\/es#\/schema\/logo\/image\/\"},\"sameAs\":[\"https:\/\/www.facebook.com\/exit.festival\",\"https:\/\/x.com\/exitfestival\",\"https:\/\/instagram.com\/exitfestival\",\"https:\/\/www.linkedin.com\/company\/exit-festival\/\",\"https:\/\/www.youtube.com\/user\/EXITFestivalTV\",\"https:\/\/en.wikipedia.org\/wiki\/Exit_festival\",\"https:\/\/www.tiktok.com\/@exit_festival\",\"https:\/\/www.flickr.com\/photos\/exitfestival\",\"https:\/\/soundcloud.com\/exitfestival\",\"https:\/\/www.mixcloud.com\/exitfestival\/\",\"https:\/\/vb.me\/b827f5\",\"https:\/\/www.deezer.com\/en\/profile\/1441778382\",\"https:\/\/vk.com\/exitfestival\"]}]}<\/script>\n<!-- \/ Yoast SEO plugin. -->","yoast_head_json":{"title":"Condiciones para transferir entradas a 2022 - EXIT Festival 2025","description":"If you couldn\u2019t take part in this year\u2019s EXIT Festival due to epidemical reasons (see exact definition below), you have the possibility to request prolonging your ticket(s) to 2022.","robots":{"index":"index","follow":"follow","max-snippet":"max-snippet:-1","max-image-preview":"max-image-preview:large","max-video-preview":"max-video-preview:-1"},"canonical":"https:\/\/www.exitfest.org\/es\/terms-of-ticket-transfer-to-2022-es","og_locale":"es_ES","og_type":"article","og_title":"Condiciones para transferir entradas a 2022 - EXIT Festival 2025","og_description":"If you couldn\u2019t take part in this year\u2019s EXIT Festival due to epidemical reasons (see exact definition below), you have the possibility to request prolonging your ticket(s) to 2022.","og_url":"https:\/\/www.exitfest.org\/es\/terms-of-ticket-transfer-to-2022-es","og_site_name":"EXIT Festival 2025","article_publisher":"https:\/\/www.facebook.com\/exit.festival","article_modified_time":"2022-07-06T09:48:03+00:00","og_image":[{"width":1920,"height":1080,"url":"https:\/\/www.exitfest.org\/wp-content\/uploads\/2024\/11\/state-of-exit-og-image-2025-exit.jpg","type":"image\/jpeg"}],"twitter_card":"summary_large_image","twitter_site":"@exitfestival","schema":{"@context":"https:\/\/schema.org","@graph":[{"@type":"WebPage","@id":"https:\/\/www.exitfest.org\/es\/terms-of-ticket-transfer-to-2022-es","url":"https:\/\/www.exitfest.org\/es\/terms-of-ticket-transfer-to-2022-es","name":"Condiciones para transferir entradas a 2022 - EXIT Festival 2025","isPartOf":{"@id":"https:\/\/www.exitfest.org\/es#website"},"datePublished":"2021-09-09T14:11:20+00:00","dateModified":"2022-07-06T09:48:03+00:00","description":"If you couldn\u2019t take part in this year\u2019s EXIT Festival due to epidemical reasons (see exact definition below), you have the possibility to request prolonging your ticket(s) to 2022.","breadcrumb":{"@id":"https:\/\/www.exitfest.org\/es\/terms-of-ticket-transfer-to-2022-es#breadcrumb"},"inLanguage":"es","potentialAction":[{"@type":"ReadAction","target":["https:\/\/www.exitfest.org\/es\/terms-of-ticket-transfer-to-2022-es"]}]},{"@type":"BreadcrumbList","@id":"https:\/\/www.exitfest.org\/es\/terms-of-ticket-transfer-to-2022-es#breadcrumb","itemListElement":[{"@type":"ListItem","position":1,"name":"Po\u010detna","item":"https:\/\/www.exitfest.org\/es"},{"@type":"ListItem","position":2,"name":"Terms of Ticket Transfer to 2022"}]},{"@type":"WebSite","@id":"https:\/\/www.exitfest.org\/es#website","url":"https:\/\/www.exitfest.org\/es","name":"EXIT Festival 2025","description":"","publisher":{"@id":"https:\/\/www.exitfest.org\/es#organization"},"alternateName":"EXIT Festival","potentialAction":[{"@type":"SearchAction","target":{"@type":"EntryPoint","urlTemplate":"https:\/\/www.exitfest.org\/es?s={search_term_string}"},"query-input":{"@type":"PropertyValueSpecification","valueRequired":true,"valueName":"search_term_string"}}],"inLanguage":"es"},{"@type":"Organization","@id":"https:\/\/www.exitfest.org\/es#organization","name":"EXIT Festival","alternateName":"EXIT","url":"https:\/\/www.exitfest.org\/es","logo":{"@type":"ImageObject","inLanguage":"es","@id":"https:\/\/www.exitfest.org\/es#\/schema\/logo\/image\/","url":"https:\/\/www.exitfest.org\/wp-content\/uploads\/2023\/04\/exit-logo-696px.svg","contentUrl":"https:\/\/www.exitfest.org\/wp-content\/uploads\/2023\/04\/exit-logo-696px.svg","width":1,"height":1,"caption":"EXIT Festival"},"image":{"@id":"https:\/\/www.exitfest.org\/es#\/schema\/logo\/image\/"},"sameAs":["https:\/\/www.facebook.com\/exit.festival","https:\/\/x.com\/exitfestival","https:\/\/instagram.com\/exitfestival","https:\/\/www.linkedin.com\/company\/exit-festival\/","https:\/\/www.youtube.com\/user\/EXITFestivalTV","https:\/\/en.wikipedia.org\/wiki\/Exit_festival","https:\/\/www.tiktok.com\/@exit_festival","https:\/\/www.flickr.com\/photos\/exitfestival","https:\/\/soundcloud.com\/exitfestival","https:\/\/www.mixcloud.com\/exitfestival\/","https:\/\/vb.me\/b827f5","https:\/\/www.deezer.com\/en\/profile\/1441778382","https:\/\/vk.com\/exitfestival"]}]}},"_links":{"self":[{"href":"https:\/\/www.exitfest.org\/es\/wp-json\/wp\/v2\/pages\/143095","targetHints":{"allow":["GET"]}}],"collection":[{"href":"https:\/\/www.exitfest.org\/es\/wp-json\/wp\/v2\/pages"}],"about":[{"href":"https:\/\/www.exitfest.org\/es\/wp-json\/wp\/v2\/types\/page"}],"author":[{"embeddable":true,"href":"https:\/\/www.exitfest.org\/es\/wp-json\/wp\/v2\/users\/1"}],"replies":[{"embeddable":true,"href":"https:\/\/www.exitfest.org\/es\/wp-json\/wp\/v2\/comments?post=143095"}],"version-history":[{"count":0,"href":"https:\/\/www.exitfest.org\/es\/wp-json\/wp\/v2\/pages\/143095\/revisions"}],"wp:attachment":[{"href":"https:\/\/www.exitfest.org\/es\/wp-json\/wp\/v2\/media?parent=143095"}],"curies":[{"name":"wp","href":"https:\/\/api.w.org\/{rel}","templated":true}]}}