{"id":205787,"date":"2022-06-17T05:45:02","date_gmt":"2022-06-17T03:45:02","guid":{"rendered":"https:\/\/www.exitfest.org\/?page_id=205787"},"modified":"2022-06-17T13:06:34","modified_gmt":"2022-06-17T11:06:34","slug":"como-llegar","status":"publish","type":"page","link":"https:\/\/www.exitfest.org\/es\/como-llegar","title":{"rendered":"\u00bfC\u00f3mo llegar?"},"content":{"rendered":"<div class=\"wpb-content-wrapper\"><p>[vc_row el_class=\u00bbcontainer-single uk-container-center\u00bb css=\u00bb.vc_custom_1550725142174{padding-top: 80px !important;padding-bottom: 80px !important;}\u00bb][vc_column width=\u00bb1\/6&#8243;][\/vc_column][vc_column width=\u00bb2\/3&#8243;][vc_column_text]\u00bfQuieres reunirte con nosotros en EXIT y necesitas ayuda para reservar tu viaje? \u00a1Te ayudamos!<\/p>\n<p><strong>EXIT Trip<\/strong> es un servicio tur\u00edstico oficial de EXIT Festival que te proporciona toda la informaci\u00f3n necesaria sobre transporte a Novi Sad, alojamiento, as\u00ed como cualquier otro servicio que puedas necesitar durante tu estancia en Novi Sad. Para todas tus preguntas, el servicio de atenci\u00f3n al cliente de EXIT Trip est\u00e1 disponible para ti las 24 horas del d\u00eda, los 7 d\u00edas de la semana.[\/vc_column_text][vc_single_image image=\u00bb203116&#8243; img_size=\u00bbfull\u00bb add_caption=\u00bbyes\u00bb alignment=\u00bbcenter\u00bb][vc_column_text]<\/p>\n<h2>Ir y venir de EXIT Festival<\/h2>\n<p>[\/vc_column_text][vc_column_text]El aeropuerto m\u00e1s cercano al festival EXIT (Novi Sad, Serbia) es el aeropuerto de Belgrado Nikola Tesla, a 80 km o 1-1,5 horas de distancia y est\u00e1 bien comunicado con vuelos nacionales e internacionales. Otra buena soluci\u00f3n es el aeropuerto de Budapest en Hungr\u00eda. A solo 286 km (4-5 horas) de Novi Sad, el aeropuerto de Budapest tiene una amplia gama de vuelos entrantes de toda Europa y el mundo, todos los d\u00edas.<\/p>\n<p>Tambi\u00e9n sugerimos usar los aeropuertos cercanos en Rumania: Timi\u0219oara (154 km\/ 2,5-3 horas) y Croacia: Zagreb (374 km\/ 4,5-5,5 horas).[\/vc_column_text][vc_btn title=\u00bbVer opciones de vuelos\u00bb style=\u00bbcustom\u00bb custom_background=\u00bb#e30613&#8243; custom_text=\u00bb#ffffff\u00bb size=\u00bbsm\u00bb i_align=\u00bbright\u00bb i_icon_fontawesome=\u00bbfas fa-external-link-alt\u00bb add_icon=\u00bbtrue\u00bb link=\u00bburl:https%3A%2F%2Fwww.exittrip.org%2Fen%2Fexit-festival-getting-there|title:View%20Transfer%20Options|target:_blank\u00bb][vc_column_text]<\/p>\n<h3>\u00bfEXIT organiza el servicio de transporte desde los aeropuertos de los alrededores hacia o desde el festival?<\/h3>\n<p>[\/vc_column_text][vc_column_text]\u00a1S\u00cd! Desde o hacia los aeropuertos de los alrededores, puedes tomar un autob\u00fas EXIT oficial a Novi Sad. El autob\u00fas tarda 1,5 horas desde Belgrado y 4-5 horas desde Budapest. El servicio de traslados tambi\u00e9n se organiza para otros aeropuertos. Los precios comienzan desde 14,99 euros.[\/vc_column_text][vc_btn title=\u00bbVer opciones de traslado\u00bb style=\u00bbcustom\u00bb custom_background=\u00bb#e30613&#8243; custom_text=\u00bb#ffffff\u00bb size=\u00bbsm\u00bb i_align=\u00bbright\u00bb i_icon_fontawesome=\u00bbfas fa-external-link-alt\u00bb add_icon=\u00bbtrue\u00bb link=\u00bburl:https%3A%2F%2Fwww.exittrip.org%2Fen%2Ftravel%2Fexit|title:Ver%20opciones%20de%20traslado|target:_blank\u00bb][vc_column_text]<\/p>\n<h3>\u00bfEs este autob\u00fas la \u00fanica opci\u00f3n para el traslado directo hacia o desde el festival Exit?<\/h3>\n<p>[\/vc_column_text][vc_column_text]\u00bfEst\u00e1s buscando algo m\u00e1s exclusivo para ti y tus amigos? \u00a1Lo tenemos! Haz clic en el enlace a continuaci\u00f3n y escoge entre traslados en autom\u00f3vil privado o van desde aeropuertos cercanos o mejora tu viaje a un servicio de traslado VIP.[\/vc_column_text][vc_btn title=\u00bbVer opciones de traslado\u00bb style=\u00bbcustom\u00bb custom_background=\u00bb#e30613&#8243; custom_text=\u00bb#ffffff\u00bb size=\u00bbsm\u00bb i_align=\u00bbright\u00bb i_icon_fontawesome=\u00bbfas fa-external-link-alt\u00bb add_icon=\u00bbtrue\u00bb link=\u00bburl:https%3A%2F%2Fwww.exittrip.org%2Fen%2Ftravel%2Fexit|title:Ver%20opciones%20de%20traslado|target:_blank\u00bb][vc_column_text]<\/p>\n<h3>\u00bfD\u00f3nde dormir @ EXIT Festival (Novi Sad, Serbia)?<\/h3>\n<p>[\/vc_column_text][vc_column_text]Elige entre varias opciones de alojamiento con el servicio tur\u00edstico oficial de EXIT: campings, apartamentos, hostales y hoteles.[\/vc_column_text][vc_btn title=\u00bbVer Alojaimentos\u00bb style=\u00bbcustom\u00bb custom_background=\u00bb#e30613&#8243; custom_text=\u00bb#ffffff\u00bb size=\u00bbsm\u00bb i_align=\u00bbright\u00bb i_icon_fontawesome=\u00bbfas fa-external-link-alt\u00bb add_icon=\u00bbtrue\u00bb link=\u00bburl:https%3A%2F%2Fwww.exitfest.org%2Fes%2Fentradas|title:Ver%20Alojaimentos|target:_blank\u00bb][\/vc_column][vc_column width=\u00bb1\/6&#8243;][\/vc_column][\/vc_row]<\/p>\n<\/div>","protected":false},"excerpt":{"rendered":"<p>[vc_row el_class=\u00bbcontainer-single uk-container-center\u00bb css=\u00bb.vc_custom_1550725142174{padding-top: 80px !important;padding-bottom: 80px !important;}\u00bb][vc_column width=\u00bb1\/6&#8243;][\/vc_column][vc_column width=\u00bb2\/3&#8243;][vc_column_text]\u00bfQuieres reunirte con nosotros en EXIT y necesitas ayuda para reservar tu viaje? \u00a1Te ayudamos! EXIT Trip es un servicio tur\u00edstico<\/p>\n","protected":false},"author":1,"featured_media":0,"parent":0,"menu_order":21,"comment_status":"closed","ping_status":"closed","template":"page-with-hero.php","meta":{"_acf_changed":false,"footnotes":""},"class_list":["post-205787","page","type-page","status-publish","hentry"],"acf":[],"yoast_head":"<!-- This site is optimized with the Yoast SEO plugin v25.6 - https:\/\/yoast.com\/wordpress\/plugins\/seo\/ -->\n<title>\u00bfC\u00f3mo llegar? - EXIT Festival 2025<\/title>\n<meta name=\"description\" content=\"\u00bfQuieres reunirte con nosotros en EXIT y necesitas ayuda para reservar tu viaje? \u00a1Te ayudamos!\" \/>\n<meta name=\"robots\" content=\"index, follow, max-snippet:-1, max-image-preview:large, max-video-preview:-1\" \/>\n<link rel=\"canonical\" href=\"https:\/\/www.exitfest.org\/es\/como-llegar\" \/>\n<meta property=\"og:locale\" content=\"es_ES\" \/>\n<meta property=\"og:type\" content=\"article\" \/>\n<meta property=\"og:title\" content=\"\u00bfC\u00f3mo llegar? - EXIT Festival 2025\" \/>\n<meta property=\"og:description\" content=\"\u00bfQuieres reunirte con nosotros en EXIT y necesitas ayuda para reservar tu viaje? \u00a1Te ayudamos!\" \/>\n<meta property=\"og:url\" content=\"https:\/\/www.exitfest.org\/es\/como-llegar\" \/>\n<meta property=\"og:site_name\" content=\"EXIT Festival 2025\" \/>\n<meta property=\"article:publisher\" content=\"https:\/\/www.facebook.com\/exit.festival\" \/>\n<meta property=\"article:modified_time\" content=\"2022-06-17T11:06:34+00:00\" \/>\n<meta property=\"og:image\" content=\"https:\/\/www.exitfest.org\/wp-content\/uploads\/2024\/11\/state-of-exit-og-image-2025-exit.jpg\" \/>\n\t<meta property=\"og:image:width\" content=\"1920\" \/>\n\t<meta property=\"og:image:height\" content=\"1080\" \/>\n\t<meta property=\"og:image:type\" content=\"image\/jpeg\" \/>\n<meta name=\"twitter:card\" content=\"summary_large_image\" \/>\n<meta name=\"twitter:site\" content=\"@exitfestival\" \/>\n<script type=\"application\/ld+json\" class=\"yoast-schema-graph\">{\"@context\":\"https:\/\/schema.org\",\"@graph\":[{\"@type\":\"WebPage\",\"@id\":\"https:\/\/www.exitfest.org\/es\/como-llegar\",\"url\":\"https:\/\/www.exitfest.org\/es\/como-llegar\",\"name\":\"\u00bfC\u00f3mo llegar? - EXIT Festival 2025\",\"isPartOf\":{\"@id\":\"https:\/\/www.exitfest.org\/es#website\"},\"datePublished\":\"2022-06-17T03:45:02+00:00\",\"dateModified\":\"2022-06-17T11:06:34+00:00\",\"description\":\"\u00bfQuieres reunirte con nosotros en EXIT y necesitas ayuda para reservar tu viaje? \u00a1Te ayudamos!\",\"breadcrumb\":{\"@id\":\"https:\/\/www.exitfest.org\/es\/como-llegar#breadcrumb\"},\"inLanguage\":\"es\",\"potentialAction\":[{\"@type\":\"ReadAction\",\"target\":[\"https:\/\/www.exitfest.org\/es\/como-llegar\"]}]},{\"@type\":\"BreadcrumbList\",\"@id\":\"https:\/\/www.exitfest.org\/es\/como-llegar#breadcrumb\",\"itemListElement\":[{\"@type\":\"ListItem\",\"position\":1,\"name\":\"Po\u010detna\",\"item\":\"https:\/\/www.exitfest.org\/es\"},{\"@type\":\"ListItem\",\"position\":2,\"name\":\"\u00bfC\u00f3mo llegar?\"}]},{\"@type\":\"WebSite\",\"@id\":\"https:\/\/www.exitfest.org\/es#website\",\"url\":\"https:\/\/www.exitfest.org\/es\",\"name\":\"EXIT Festival 2025\",\"description\":\"\",\"publisher\":{\"@id\":\"https:\/\/www.exitfest.org\/es#organization\"},\"alternateName\":\"EXIT Festival\",\"potentialAction\":[{\"@type\":\"SearchAction\",\"target\":{\"@type\":\"EntryPoint\",\"urlTemplate\":\"https:\/\/www.exitfest.org\/es?s={search_term_string}\"},\"query-input\":{\"@type\":\"PropertyValueSpecification\",\"valueRequired\":true,\"valueName\":\"search_term_string\"}}],\"inLanguage\":\"es\"},{\"@type\":\"Organization\",\"@id\":\"https:\/\/www.exitfest.org\/es#organization\",\"name\":\"EXIT Festival\",\"alternateName\":\"EXIT\",\"url\":\"https:\/\/www.exitfest.org\/es\",\"logo\":{\"@type\":\"ImageObject\",\"inLanguage\":\"es\",\"@id\":\"https:\/\/www.exitfest.org\/es#\/schema\/logo\/image\/\",\"url\":\"https:\/\/www.exitfest.org\/wp-content\/uploads\/2023\/04\/exit-logo-696px.svg\",\"contentUrl\":\"https:\/\/www.exitfest.org\/wp-content\/uploads\/2023\/04\/exit-logo-696px.svg\",\"width\":1,\"height\":1,\"caption\":\"EXIT Festival\"},\"image\":{\"@id\":\"https:\/\/www.exitfest.org\/es#\/schema\/logo\/image\/\"},\"sameAs\":[\"https:\/\/www.facebook.com\/exit.festival\",\"https:\/\/x.com\/exitfestival\",\"https:\/\/instagram.com\/exitfestival\",\"https:\/\/www.linkedin.com\/company\/exit-festival\/\",\"https:\/\/www.youtube.com\/user\/EXITFestivalTV\",\"https:\/\/en.wikipedia.org\/wiki\/Exit_festival\",\"https:\/\/www.tiktok.com\/@exit_festival\",\"https:\/\/www.flickr.com\/photos\/exitfestival\",\"https:\/\/soundcloud.com\/exitfestival\",\"https:\/\/www.mixcloud.com\/exitfestival\/\",\"https:\/\/vb.me\/b827f5\",\"https:\/\/www.deezer.com\/en\/profile\/1441778382\",\"https:\/\/vk.com\/exitfestival\"]}]}<\/script>\n<!-- \/ Yoast SEO plugin. -->","yoast_head_json":{"title":"\u00bfC\u00f3mo llegar? - EXIT Festival 2025","description":"\u00bfQuieres reunirte con nosotros en EXIT y necesitas ayuda para reservar tu viaje? \u00a1Te ayudamos!","robots":{"index":"index","follow":"follow","max-snippet":"max-snippet:-1","max-image-preview":"max-image-preview:large","max-video-preview":"max-video-preview:-1"},"canonical":"https:\/\/www.exitfest.org\/es\/como-llegar","og_locale":"es_ES","og_type":"article","og_title":"\u00bfC\u00f3mo llegar? - EXIT Festival 2025","og_description":"\u00bfQuieres reunirte con nosotros en EXIT y necesitas ayuda para reservar tu viaje? \u00a1Te ayudamos!","og_url":"https:\/\/www.exitfest.org\/es\/como-llegar","og_site_name":"EXIT Festival 2025","article_publisher":"https:\/\/www.facebook.com\/exit.festival","article_modified_time":"2022-06-17T11:06:34+00:00","og_image":[{"width":1920,"height":1080,"url":"https:\/\/www.exitfest.org\/wp-content\/uploads\/2024\/11\/state-of-exit-og-image-2025-exit.jpg","type":"image\/jpeg"}],"twitter_card":"summary_large_image","twitter_site":"@exitfestival","schema":{"@context":"https:\/\/schema.org","@graph":[{"@type":"WebPage","@id":"https:\/\/www.exitfest.org\/es\/como-llegar","url":"https:\/\/www.exitfest.org\/es\/como-llegar","name":"\u00bfC\u00f3mo llegar? - EXIT Festival 2025","isPartOf":{"@id":"https:\/\/www.exitfest.org\/es#website"},"datePublished":"2022-06-17T03:45:02+00:00","dateModified":"2022-06-17T11:06:34+00:00","description":"\u00bfQuieres reunirte con nosotros en EXIT y necesitas ayuda para reservar tu viaje? \u00a1Te ayudamos!","breadcrumb":{"@id":"https:\/\/www.exitfest.org\/es\/como-llegar#breadcrumb"},"inLanguage":"es","potentialAction":[{"@type":"ReadAction","target":["https:\/\/www.exitfest.org\/es\/como-llegar"]}]},{"@type":"BreadcrumbList","@id":"https:\/\/www.exitfest.org\/es\/como-llegar#breadcrumb","itemListElement":[{"@type":"ListItem","position":1,"name":"Po\u010detna","item":"https:\/\/www.exitfest.org\/es"},{"@type":"ListItem","position":2,"name":"\u00bfC\u00f3mo llegar?"}]},{"@type":"WebSite","@id":"https:\/\/www.exitfest.org\/es#website","url":"https:\/\/www.exitfest.org\/es","name":"EXIT Festival 2025","description":"","publisher":{"@id":"https:\/\/www.exitfest.org\/es#organization"},"alternateName":"EXIT Festival","potentialAction":[{"@type":"SearchAction","target":{"@type":"EntryPoint","urlTemplate":"https:\/\/www.exitfest.org\/es?s={search_term_string}"},"query-input":{"@type":"PropertyValueSpecification","valueRequired":true,"valueName":"search_term_string"}}],"inLanguage":"es"},{"@type":"Organization","@id":"https:\/\/www.exitfest.org\/es#organization","name":"EXIT Festival","alternateName":"EXIT","url":"https:\/\/www.exitfest.org\/es","logo":{"@type":"ImageObject","inLanguage":"es","@id":"https:\/\/www.exitfest.org\/es#\/schema\/logo\/image\/","url":"https:\/\/www.exitfest.org\/wp-content\/uploads\/2023\/04\/exit-logo-696px.svg","contentUrl":"https:\/\/www.exitfest.org\/wp-content\/uploads\/2023\/04\/exit-logo-696px.svg","width":1,"height":1,"caption":"EXIT Festival"},"image":{"@id":"https:\/\/www.exitfest.org\/es#\/schema\/logo\/image\/"},"sameAs":["https:\/\/www.facebook.com\/exit.festival","https:\/\/x.com\/exitfestival","https:\/\/instagram.com\/exitfestival","https:\/\/www.linkedin.com\/company\/exit-festival\/","https:\/\/www.youtube.com\/user\/EXITFestivalTV","https:\/\/en.wikipedia.org\/wiki\/Exit_festival","https:\/\/www.tiktok.com\/@exit_festival","https:\/\/www.flickr.com\/photos\/exitfestival","https:\/\/soundcloud.com\/exitfestival","https:\/\/www.mixcloud.com\/exitfestival\/","https:\/\/vb.me\/b827f5","https:\/\/www.deezer.com\/en\/profile\/1441778382","https:\/\/vk.com\/exitfestival"]}]}},"_links":{"self":[{"href":"https:\/\/www.exitfest.org\/es\/wp-json\/wp\/v2\/pages\/205787","targetHints":{"allow":["GET"]}}],"collection":[{"href":"https:\/\/www.exitfest.org\/es\/wp-json\/wp\/v2\/pages"}],"about":[{"href":"https:\/\/www.exitfest.org\/es\/wp-json\/wp\/v2\/types\/page"}],"author":[{"embeddable":true,"href":"https:\/\/www.exitfest.org\/es\/wp-json\/wp\/v2\/users\/1"}],"replies":[{"embeddable":true,"href":"https:\/\/www.exitfest.org\/es\/wp-json\/wp\/v2\/comments?post=205787"}],"version-history":[{"count":0,"href":"https:\/\/www.exitfest.org\/es\/wp-json\/wp\/v2\/pages\/205787\/revisions"}],"wp:attachment":[{"href":"https:\/\/www.exitfest.org\/es\/wp-json\/wp\/v2\/media?parent=205787"}],"curies":[{"name":"wp","href":"https:\/\/api.w.org\/{rel}","templated":true}]}}