{"id":229266,"date":"2022-11-29T12:02:24","date_gmt":"2022-11-29T11:02:24","guid":{"rendered":"https:\/\/www.exitfest.org\/?page_id=229266"},"modified":"2023-02-03T13:41:24","modified_gmt":"2023-02-03T12:41:24","slug":"faq-es","status":"publish","type":"page","link":"https:\/\/www.exitfest.org\/es\/faq-es","title":{"rendered":"FAQ"},"content":{"rendered":"<div class=\"wpb-content-wrapper\"><p>[vc_row el_class=\u00bbcontainer-single uk-container-center\u00bb css=\u00bb.vc_custom_1650028368333{padding-top: 40px !important;padding-bottom: 80px !important;}\u00bb][vc_column][vc_column_text]<\/p>\n<h4 style=\"color: black; text-align: left;\"><span style=\"color: #e30613;\">\u2014 <\/span>Informaci\u00f3n general<\/h4>\n<p>[\/vc_column_text][vc_toggle title=\u00bb\u00bfExiste un l\u00edmite de edad para asistir al festival?\u00bb style=\u00bbsimple\u00bb]No, no hay l\u00edmite de edad para ingresar al festival, sin embargo, existen algunas restricciones. Los ni\u00f1os menores de 17 a\u00f1os solo pueden asistir a EXIT si est\u00e1n acompa\u00f1ados por un adulto (mayor de 18 a\u00f1os).[\/vc_toggle][vc_toggle title=\u00bb\u00bfLos ni\u00f1os pagan entrada al festival?\u00bb style=\u00bbsimple\u00bb]Los ni\u00f1os menores de 7 a\u00f1os (7 a\u00f1os inclusive) pueden asistir EXIT de forma gratuita.[\/vc_toggle][vc_toggle title=\u00bb\u00bfD\u00f3nde se compran las entradas?\u00bb style=\u00bbsimple\u00bb]Las entradas para el festival se venden \u00fanicamente a trav\u00e9s de nuestra web oficial. Las entradas compradas a agentes no autorizados no son v\u00e1lidas y no se otorgar\u00e1 acceso al festival.[\/vc_toggle][vc_toggle title=\u00bb\u00bfNecesito llevar la entrada impresa al evento?\u00bb style=\u00bbsimple\u00bb]Su resguardo electr\u00f3nico (excepto en formato pkpass) solo es v\u00e1lido si est\u00e1 impreso.[\/vc_toggle][vc_toggle title=\u00bbCompr\u00e9 una entrada con descuento en un minorista rumano, h\u00fangaro, croata, bosnio, macedonio, esloveno, montenegrino o b\u00falgaro de EXIT, pero no soy ciudadano de esos pa\u00edses. \u00bfPuedo acceder con esa entrada?\u00bb style=\u00bbsimple\u00bb]No, nuestras entradas regionales con descuento solo dan acceso al festival a los ciudadanos de estos pa\u00edses o estudiantes de los programas de intercambio si tienen permiso de residencia en los pa\u00edses mencionados.[\/vc_toggle][vc_toggle title=\u00bbAcceso al festival: \u00bfpuedo acceder varias veces con mi pulsera del festival?\u00bb style=\u00bbsimple\u00bb]No, la pulsera del festival te permite un acceso por d\u00eda de festival. No es posible entrar y salir del festival varias veces durante el mismo d\u00eda.[\/vc_toggle][vc_toggle title=\u00bb\u00bfPuedo darle mi pulsera a un amigo?\u00bb style=\u00bbsimple\u00bb]No. Las pulseras del festival no son transferibles. Las pulseras da\u00f1adas se considerar\u00e1n no v\u00e1lidas. EXIT no reemplazar\u00e1 pulseras da\u00f1adas o perdidas. EXIT iniciar\u00e1 procedimientos judiciales contra cualquiera que falsifique entradas o participe en la falsificaci\u00f3n de entradas.[\/vc_toggle][vc_toggle title=\u00bb\u00bfQu\u00e9 no est\u00e1 permitido llevar al recinto del festival?\u00bb style=\u00bbsimple\u00bb]Para garantizar la seguridad en el recinto del festival, no est\u00e1 permitido traer los siguientes art\u00edculos: estupefacientes, dispositivos pirot\u00e9cnicos, objetos de vidrio, paraguas, objetos o herramientas que contengan materiales explosivos, venenosos o inflamables, armas de fuego, cuchillos con una hoja de m\u00e1s de 8 cm , navajas mariposa, navajas autom\u00e1ticas, rociadores de gas, porras extensibles, cadenas met\u00e1licas de m\u00e1s de 50 cm de longitud, estrellas arrojadizas, hondas y otros elementos que supongan una amenaza para la seguridad p\u00fablica.<\/p>\n<p>Los asistentes tampoco pueden ingresar alimentos ni bebidas alcoh\u00f3licas al recinto del festival.[\/vc_toggle][vc_toggle title=\u00bb\u00bfLa Fortaleza es accesible para personas con discapacidad?\u00bb style=\u00bbsimple\u00bb]Las personas con discapacidad son bienvenidas a visitar el Festival, sin embargo, sigue siendo nuestra responsabilidad asumir ciertos riesgos.<\/p>\n<p>El terreno de la Fortaleza es muy dif\u00edcil de recorrer y puede haber dificultades al moverse entre escenarios y acceder a ciertas zonas del festival.<\/p>\n<p>Si esa persona requiere asistencia personal, su asistente personal tiene derecho a una entrada gratuita.[\/vc_toggle][vc_toggle title=\u00bb\u00bfD\u00f3nde puedo ver el horario del festival?\u00bb style=\u00bbsimple\u00bb]El horario del festival se publicar\u00e1 en la web oficial poco antes del inicio del festival.[\/vc_toggle][vc_toggle title=\u00bb\u00bfCu\u00e1l es la pol\u00edtica de reembolso?\u00bb style=\u00bbsimple\u00bb]La pol\u00edtica de compra de EXIT no incluye el cambio, reposici\u00f3n o devoluci\u00f3n de las entradas, ni el reembolso de su valor de compra, salvo casos especiales, estudiados en cada caso.[\/vc_toggle][vc_toggle title=\u00bbTransfer\u00ed mi entrada de 2021 a 2022, \u00bfy ahora qu\u00e9?\u00bb style=\u00bbsimple\u00bb]En caso de que no haber podido asistir en 2021, pero has realizado el cambio de entradas antes la fecha l\u00edmite del 3 de octubre de 2021, entonces tu entrada de 2021 ser\u00e1 v\u00e1lida para el evento de 2022. <a href=\"https:\/\/www.exitfest.org\/en\/terms-of-ticket-transfer-to-2022\" target=\"_blank\" rel=\"noopener\"><span dir=\"ltr\" role=\"presentation\">M\u00e1s informaci\u00f3n aqu\u00ed<\/span><\/a>[\/vc_toggle][vc_column_text css=\u00bb.vc_custom_1675427023414{padding-top: 40px !important;}\u00bb]<\/p>\n<h4 style=\"color: black; text-align: left;\"><span style=\"color: #e30613;\">\u2014\u00a0<\/span>Viaje y alojamiento<\/h4>\n<p>[\/vc_column_text][vc_toggle title=\u00bb\u00bfC\u00f3mo llegar a Novi Sad?\u00bb style=\u00bbsimple\u00bb]El aeropuerto m\u00e1s cercano a EXIT Festival (Novi Sad, Serbia) es el aeropuerto de Belgrado \u201cNikola Tesla\u201d, a 80 km o 1-1,5 horas de distancia y est\u00e1 bien comunicado con vuelos nacionales e internacionales. Otra buena soluci\u00f3n es el aeropuerto de Budapest en Hungr\u00eda. A solo 286 km de Novi Sad (4-5 horas de viaje con nuestros autobuses oficiales), el aeropuerto de Budapest tiene una gran cantidad de vuelos de low cost todos los d\u00edas.[\/vc_toggle][vc_toggle title=\u00bb\u00bfHay traslados oficiales desde\/hacia los aeropuertos cercanos?\u00bb style=\u00bbsimple\u00bb]<span dir=\"ltr\" role=\"presentation\">\u00a1S\u00ed! Desde y hacia los aeropuertos cercanos, puedes usar un autob\u00fas EXIT oficial a Novi Sad. Para m\u00e1s informaci\u00f3n consulta\u00a0<a href=\"https:\/\/www.exittrip.org\/en\/\" target=\"_blank\" rel=\"noopener\">exittrip.org<\/a><\/span>[\/vc_toggle][vc_toggle title=\u00bb\u00bfHay zona de acampada en el festival?\u00bb style=\u00bbsimple\u00bb]El camping de EXIT Festival est\u00e1 ubicado en una hermosa playa junto al r\u00edo Danubio y est\u00e1 a 2,5 km de la entrada del festival (aproximadamente 30-40 minutos a pie). Para obtener m\u00e1s informaci\u00f3n sobre las opciones de alojamiento en el camping, visita\u00a0<a href=\"https:\/\/www.exitfest.org\/es\/entradas\/\">exitfest.org\/es\/entradas.<\/a>[\/vc_toggle][vc_toggle title=\u00bb\u00bfHay otras opciones de alojamiento?\u00bb style=\u00bbsimple\u00bb]EXIT ofrece una variedad de opciones de alojamiento, desde hostales hasta hoteles, todos desde de la agencia de turismo oficial del festival &#8211; EXIT Trip. EXIT Trip tambi\u00e9n est\u00e1 cooperando con booking.com proporcionando otras opciones de alojamiento en Novi Sad y ciudades cercanas.[\/vc_toggle][vc_column_text css=\u00bb.vc_custom_1650028271167{padding-top: 40px !important;}\u00bb]<\/p>\n<h4 style=\"color: black; text-align: left;\"><span style=\"color: #e30613;\">\u2014 <\/span>Covid info<\/h4>\n<p>[\/vc_column_text][vc_column_text]<span dir=\"ltr\" role=\"presentation\">Por favor consulta la secci\u00f3n<\/span>\u00a0<span dir=\"ltr\" role=\"presentation\"><a href=\"http:\/\/exitfest.org\/en\/covid\" target=\"_blank\" rel=\"noopener\">Covid info page<\/a>.<\/span>[\/vc_column_text][vc_toggle title=\u00bb\u00bfNo encuentras la informaci\u00f3n que buscas?\u00bb style=\u00bbsimple\u00bb]Puedes escribir en ingl\u00e9s a\u00a0<a href=\"mailto:answerme@exitfest.org\" target=\"_blank\" rel=\"noopener\"><strong>answerme@exitfest.org<\/strong><\/a>\u00a0o en espa\u00f1ol a <a href=\"info.es@exitfest.org\">info.es@exitfest.org<\/a>[\/vc_toggle][\/vc_column][\/vc_row]<\/p>\n<\/div>","protected":false},"excerpt":{"rendered":"<p>[vc_row el_class=\u00bbcontainer-single uk-container-center\u00bb css=\u00bb.vc_custom_1650028368333{padding-top: 40px !important;padding-bottom: 80px !important;}\u00bb][vc_column][vc_column_text] \u2014 Informaci\u00f3n general [\/vc_column_text][vc_toggle title=\u00bb\u00bfExiste un l\u00edmite de edad para asistir al festival?\u00bb style=\u00bbsimple\u00bb]No, no hay l\u00edmite de edad para ingresar al<\/p>\n","protected":false},"author":1,"featured_media":0,"parent":0,"menu_order":78,"comment_status":"closed","ping_status":"closed","template":"page-with-hero.php","meta":{"_acf_changed":false,"footnotes":""},"class_list":["post-229266","page","type-page","status-publish","hentry"],"acf":[],"yoast_head":"<!-- This site is optimized with the Yoast SEO plugin v25.6 - https:\/\/yoast.com\/wordpress\/plugins\/seo\/ -->\n<title>FAQ - EXIT Festival 2023<\/title>\n<meta name=\"description\" content=\"Preguntas Frecuentes - EXIT Festival 2023\" \/>\n<meta name=\"robots\" content=\"index, follow, max-snippet:-1, max-image-preview:large, max-video-preview:-1\" \/>\n<link rel=\"canonical\" href=\"https:\/\/www.exitfest.org\/es\/faq-es\" \/>\n<meta property=\"og:locale\" content=\"es_ES\" \/>\n<meta property=\"og:type\" content=\"article\" \/>\n<meta property=\"og:title\" content=\"FAQ - EXIT Festival 2023\" \/>\n<meta property=\"og:description\" content=\"Preguntas Frecuentes - EXIT Festival 2023\" \/>\n<meta property=\"og:url\" content=\"https:\/\/www.exitfest.org\/es\/faq-es\" \/>\n<meta property=\"og:site_name\" content=\"EXIT Festival 2025\" \/>\n<meta property=\"article:publisher\" content=\"https:\/\/www.facebook.com\/exit.festival\" \/>\n<meta property=\"article:modified_time\" content=\"2023-02-03T12:41:24+00:00\" \/>\n<meta property=\"og:image\" content=\"https:\/\/www.exitfest.org\/wp-content\/uploads\/2024\/11\/state-of-exit-og-image-2025-exit.jpg\" \/>\n\t<meta property=\"og:image:width\" content=\"1920\" \/>\n\t<meta property=\"og:image:height\" content=\"1080\" \/>\n\t<meta property=\"og:image:type\" content=\"image\/jpeg\" \/>\n<meta name=\"twitter:card\" content=\"summary_large_image\" \/>\n<meta name=\"twitter:site\" content=\"@exitfestival\" \/>\n<script type=\"application\/ld+json\" class=\"yoast-schema-graph\">{\"@context\":\"https:\/\/schema.org\",\"@graph\":[{\"@type\":\"WebPage\",\"@id\":\"https:\/\/www.exitfest.org\/es\/faq-es\",\"url\":\"https:\/\/www.exitfest.org\/es\/faq-es\",\"name\":\"FAQ - EXIT Festival 2023\",\"isPartOf\":{\"@id\":\"https:\/\/www.exitfest.org\/es#website\"},\"datePublished\":\"2022-11-29T11:02:24+00:00\",\"dateModified\":\"2023-02-03T12:41:24+00:00\",\"description\":\"Preguntas Frecuentes - EXIT Festival 2023\",\"breadcrumb\":{\"@id\":\"https:\/\/www.exitfest.org\/es\/faq-es#breadcrumb\"},\"inLanguage\":\"es\",\"potentialAction\":[{\"@type\":\"ReadAction\",\"target\":[\"https:\/\/www.exitfest.org\/es\/faq-es\"]}]},{\"@type\":\"BreadcrumbList\",\"@id\":\"https:\/\/www.exitfest.org\/es\/faq-es#breadcrumb\",\"itemListElement\":[{\"@type\":\"ListItem\",\"position\":1,\"name\":\"Po\u010detna\",\"item\":\"https:\/\/www.exitfest.org\/es\"},{\"@type\":\"ListItem\",\"position\":2,\"name\":\"FAQ\"}]},{\"@type\":\"WebSite\",\"@id\":\"https:\/\/www.exitfest.org\/es#website\",\"url\":\"https:\/\/www.exitfest.org\/es\",\"name\":\"EXIT Festival 2025\",\"description\":\"\",\"publisher\":{\"@id\":\"https:\/\/www.exitfest.org\/es#organization\"},\"alternateName\":\"EXIT Festival\",\"potentialAction\":[{\"@type\":\"SearchAction\",\"target\":{\"@type\":\"EntryPoint\",\"urlTemplate\":\"https:\/\/www.exitfest.org\/es?s={search_term_string}\"},\"query-input\":{\"@type\":\"PropertyValueSpecification\",\"valueRequired\":true,\"valueName\":\"search_term_string\"}}],\"inLanguage\":\"es\"},{\"@type\":\"Organization\",\"@id\":\"https:\/\/www.exitfest.org\/es#organization\",\"name\":\"EXIT Festival\",\"alternateName\":\"EXIT\",\"url\":\"https:\/\/www.exitfest.org\/es\",\"logo\":{\"@type\":\"ImageObject\",\"inLanguage\":\"es\",\"@id\":\"https:\/\/www.exitfest.org\/es#\/schema\/logo\/image\/\",\"url\":\"https:\/\/www.exitfest.org\/wp-content\/uploads\/2023\/04\/exit-logo-696px.svg\",\"contentUrl\":\"https:\/\/www.exitfest.org\/wp-content\/uploads\/2023\/04\/exit-logo-696px.svg\",\"width\":1,\"height\":1,\"caption\":\"EXIT Festival\"},\"image\":{\"@id\":\"https:\/\/www.exitfest.org\/es#\/schema\/logo\/image\/\"},\"sameAs\":[\"https:\/\/www.facebook.com\/exit.festival\",\"https:\/\/x.com\/exitfestival\",\"https:\/\/instagram.com\/exitfestival\",\"https:\/\/www.linkedin.com\/company\/exit-festival\/\",\"https:\/\/www.youtube.com\/user\/EXITFestivalTV\",\"https:\/\/en.wikipedia.org\/wiki\/Exit_festival\",\"https:\/\/www.tiktok.com\/@exit_festival\",\"https:\/\/www.flickr.com\/photos\/exitfestival\",\"https:\/\/soundcloud.com\/exitfestival\",\"https:\/\/www.mixcloud.com\/exitfestival\/\",\"https:\/\/vb.me\/b827f5\",\"https:\/\/www.deezer.com\/en\/profile\/1441778382\",\"https:\/\/vk.com\/exitfestival\"]}]}<\/script>\n<!-- \/ Yoast SEO plugin. -->","yoast_head_json":{"title":"FAQ - EXIT Festival 2023","description":"Preguntas Frecuentes - EXIT Festival 2023","robots":{"index":"index","follow":"follow","max-snippet":"max-snippet:-1","max-image-preview":"max-image-preview:large","max-video-preview":"max-video-preview:-1"},"canonical":"https:\/\/www.exitfest.org\/es\/faq-es","og_locale":"es_ES","og_type":"article","og_title":"FAQ - EXIT Festival 2023","og_description":"Preguntas Frecuentes - EXIT Festival 2023","og_url":"https:\/\/www.exitfest.org\/es\/faq-es","og_site_name":"EXIT Festival 2025","article_publisher":"https:\/\/www.facebook.com\/exit.festival","article_modified_time":"2023-02-03T12:41:24+00:00","og_image":[{"width":1920,"height":1080,"url":"https:\/\/www.exitfest.org\/wp-content\/uploads\/2024\/11\/state-of-exit-og-image-2025-exit.jpg","type":"image\/jpeg"}],"twitter_card":"summary_large_image","twitter_site":"@exitfestival","schema":{"@context":"https:\/\/schema.org","@graph":[{"@type":"WebPage","@id":"https:\/\/www.exitfest.org\/es\/faq-es","url":"https:\/\/www.exitfest.org\/es\/faq-es","name":"FAQ - EXIT Festival 2023","isPartOf":{"@id":"https:\/\/www.exitfest.org\/es#website"},"datePublished":"2022-11-29T11:02:24+00:00","dateModified":"2023-02-03T12:41:24+00:00","description":"Preguntas Frecuentes - EXIT Festival 2023","breadcrumb":{"@id":"https:\/\/www.exitfest.org\/es\/faq-es#breadcrumb"},"inLanguage":"es","potentialAction":[{"@type":"ReadAction","target":["https:\/\/www.exitfest.org\/es\/faq-es"]}]},{"@type":"BreadcrumbList","@id":"https:\/\/www.exitfest.org\/es\/faq-es#breadcrumb","itemListElement":[{"@type":"ListItem","position":1,"name":"Po\u010detna","item":"https:\/\/www.exitfest.org\/es"},{"@type":"ListItem","position":2,"name":"FAQ"}]},{"@type":"WebSite","@id":"https:\/\/www.exitfest.org\/es#website","url":"https:\/\/www.exitfest.org\/es","name":"EXIT Festival 2025","description":"","publisher":{"@id":"https:\/\/www.exitfest.org\/es#organization"},"alternateName":"EXIT Festival","potentialAction":[{"@type":"SearchAction","target":{"@type":"EntryPoint","urlTemplate":"https:\/\/www.exitfest.org\/es?s={search_term_string}"},"query-input":{"@type":"PropertyValueSpecification","valueRequired":true,"valueName":"search_term_string"}}],"inLanguage":"es"},{"@type":"Organization","@id":"https:\/\/www.exitfest.org\/es#organization","name":"EXIT Festival","alternateName":"EXIT","url":"https:\/\/www.exitfest.org\/es","logo":{"@type":"ImageObject","inLanguage":"es","@id":"https:\/\/www.exitfest.org\/es#\/schema\/logo\/image\/","url":"https:\/\/www.exitfest.org\/wp-content\/uploads\/2023\/04\/exit-logo-696px.svg","contentUrl":"https:\/\/www.exitfest.org\/wp-content\/uploads\/2023\/04\/exit-logo-696px.svg","width":1,"height":1,"caption":"EXIT Festival"},"image":{"@id":"https:\/\/www.exitfest.org\/es#\/schema\/logo\/image\/"},"sameAs":["https:\/\/www.facebook.com\/exit.festival","https:\/\/x.com\/exitfestival","https:\/\/instagram.com\/exitfestival","https:\/\/www.linkedin.com\/company\/exit-festival\/","https:\/\/www.youtube.com\/user\/EXITFestivalTV","https:\/\/en.wikipedia.org\/wiki\/Exit_festival","https:\/\/www.tiktok.com\/@exit_festival","https:\/\/www.flickr.com\/photos\/exitfestival","https:\/\/soundcloud.com\/exitfestival","https:\/\/www.mixcloud.com\/exitfestival\/","https:\/\/vb.me\/b827f5","https:\/\/www.deezer.com\/en\/profile\/1441778382","https:\/\/vk.com\/exitfestival"]}]}},"_links":{"self":[{"href":"https:\/\/www.exitfest.org\/es\/wp-json\/wp\/v2\/pages\/229266","targetHints":{"allow":["GET"]}}],"collection":[{"href":"https:\/\/www.exitfest.org\/es\/wp-json\/wp\/v2\/pages"}],"about":[{"href":"https:\/\/www.exitfest.org\/es\/wp-json\/wp\/v2\/types\/page"}],"author":[{"embeddable":true,"href":"https:\/\/www.exitfest.org\/es\/wp-json\/wp\/v2\/users\/1"}],"replies":[{"embeddable":true,"href":"https:\/\/www.exitfest.org\/es\/wp-json\/wp\/v2\/comments?post=229266"}],"version-history":[{"count":0,"href":"https:\/\/www.exitfest.org\/es\/wp-json\/wp\/v2\/pages\/229266\/revisions"}],"wp:attachment":[{"href":"https:\/\/www.exitfest.org\/es\/wp-json\/wp\/v2\/media?parent=229266"}],"curies":[{"name":"wp","href":"https:\/\/api.w.org\/{rel}","templated":true}]}}