{"id":229299,"date":"2021-04-08T17:56:24","date_gmt":"2021-04-08T15:56:24","guid":{"rendered":"https:\/\/www.exitfest.org\/novi-sad"},"modified":"2023-02-02T12:26:31","modified_gmt":"2023-02-02T11:26:31","slug":"novi-sad-es","status":"publish","type":"page","link":"https:\/\/www.exitfest.org\/es\/novi-sad-es","title":{"rendered":"Conoce Novi Sad"},"content":{"rendered":"<div class=\"wpb-content-wrapper\"><p>[vc_row el_class=\u00bbcontainer-single uk-container-center\u00bb css=\u00bb.vc_custom_1547721991391{padding-top: 40px !important;}\u00bb][vc_column css_animation=\u00bbnone\u00bb offset=\u00bbvc_col-lg-offset-2 vc_col-lg-8 vc_col-md-offset-2 vc_col-md-8&#8243;][vc_column_text css_animation=\u00bbnone\u00bb css=\u00bb.vc_custom_1675336109992{margin-bottom: 10px !important;}\u00bb]<\/p>\n<h3>Casco antiguo<\/h3>\n<p>[\/vc_column_text][vc_column_text css_animation=\u00bbnone\u00bb css=\u00bb.vc_custom_1675336179738{margin-bottom: 10px !important;}\u00bb]El casco antiguo de Novi Sad es el espacio urbano comprendido por la <strong>Plaza de la Libertad<\/strong>, y las calles <strong>Zmaj Jovin<\/strong>a y <strong>Dunavska<\/strong>.[\/vc_column_text][vc_single_image image=\u00bb124047&#8243; img_size=\u00bbfull\u00bb alignment=\u00bbcenter\u00bb][vc_column_text css_animation=\u00bbnone\u00bb css=\u00bb.vc_custom_1675336310541{margin-bottom: 10px !important;}\u00bb]La <strong>Plaza de la Libertad<\/strong> est\u00e1 dominada por el <strong>Ayuntamiento<\/strong> construido en 1894 y la <strong>Iglesia Cat\u00f3lica Romana en Nombre de Mar\u00eda<\/strong> construida entre 1893 y 1895. Tambi\u00e9n est\u00e1 adornada por el <strong>Hotel Vojvodina<\/strong>, el hotel m\u00e1s antiguo de Novi Sad (1854), y el edificio del <strong>Banco de Vojvodina<\/strong> (1892). El edificio de la <strong>Oficina Parroquial Cat\u00f3lica Romana<\/strong> (1808), la <strong>Iglesia Ortodoxa Serbia de la Asunci\u00f3n<\/strong> (1776) y la <strong>Sinagoga<\/strong> (1909) tambi\u00e9n se encuentran en las cercan\u00edas.<\/p>\n<p>La plaza en s\u00ed cuenta con un monumento a <strong>Svetozar Mileti\u0107<\/strong>, la figura pol\u00edtica m\u00e1s importante y l\u00edder de los serbios en Vojvodina en el siglo XIX. La estatua fue construida por el famoso escultor Ivan Me\u0161trovi\u0107.[\/vc_column_text][vc_single_image image=\u00bb124054&#8243; img_size=\u00bbfull\u00bb alignment=\u00bbcenter\u00bb][vc_column_text css_animation=\u00bbnone\u00bb css=\u00bb.vc_custom_1675336367057{margin-bottom: 10px !important;}\u00bb]Una de las calles m\u00e1s antiguas de Novi Sad, la calle <strong>Zmaj Jovina<\/strong>, se encuentra en las inmediaciones, as\u00ed como la calle <strong>Dunavska<\/strong>. Conforman una zona peatonal salpicada de pasajes con numerosas tiendas, restaurantes, pasteler\u00edas y tiendas de artesan\u00eda.[\/vc_column_text][vc_single_image image=\u00bb124061&#8243; img_size=\u00bbfull\u00bb alignment=\u00bbcenter\u00bb][vc_column_text css_animation=\u00bbnone\u00bb css=\u00bb.vc_custom_1675336478378{margin-bottom: 10px !important;}\u00bb]<\/p>\n<p>El <strong>Palacio Episcopal de la Eparqu\u00eda de Ba\u010dka<\/strong>, construido en 1901, es uno de los edificios m\u00e1s significativos de esta zona. Frente a \u00e9l, hay un monumento al m\u00e9dico y poeta <strong>Jovan Jovanovi\u0107 Zmaj<\/strong>. La <strong>Biblioteca Municipal<\/strong>, el <strong>Museo de Vojvodina<\/strong> y el <strong>Museo de Arte Contempor\u00e1neo de Vojvodina<\/strong> est\u00e1n ubicados en la <strong>calle Dunavska<\/strong>, \u00a0el <strong>Parque del Danubio<\/strong>, un monumento natural y bien natural protegido establecido en el siglo XIX, se encuentra cerca de esa calle.[\/vc_column_text][vc_single_image image=\u00bb124068&#8243; img_size=\u00bbfull\u00bb alignment=\u00bbcenter\u00bb][vc_empty_space height=\u00bb30px\u00bb bb_tab_container=\u00bb\u00bb][vc_column_text css_animation=\u00bbnone\u00bb css=\u00bb.vc_custom_1675336493580{margin-bottom: 10px !important;}\u00bb]<\/p>\n<h3>R\u00edo Danubio<\/h3>\n<p>[\/vc_column_text][vc_column_text css_animation=\u00bbnone\u00bb css=\u00bb.vc_custom_1675336594018{margin-bottom: 10px !important;}\u00bb]Despu\u00e9s de visitar la Fortaleza y el casco antiguo, no dejes de descubrir la belleza de esta ciudad fluvial. <strong>El Danubio es la \u00abcalle\u00bb principal de Novi Sad<\/strong>\u00a0y la ciudad se apoya en el r\u00edo no solo por sus calles m\u00e1s antiguas y sus edificios m\u00e1s notables, sino tambi\u00e9n con nuevos distritos de la ciudad, paseos, playas, tabernas y chalets vacacionales.[\/vc_column_text][vc_single_image image=\u00bb124075&#8243; img_size=\u00bbfull\u00bb alignment=\u00bbcenter\u00bb][vc_column_text css_animation=\u00bbnone\u00bb css=\u00bb.vc_custom_1675336693798{margin-bottom: 10px !important;}\u00bb]En el lado derecho del Danubio se encuentra <strong>Sremska Kamenica<\/strong>, una zona de Novi Sad que se apoya en las laderas de <strong>Fru\u0161ka Gora<\/strong>. En su centro, encontrar\u00e1 la <strong>Iglesia Ortodoxa Serbia de la Natividad de la Madre de Dios<\/strong> y la casa donde vivi\u00f3 <strong>Jovan Jovanovi\u0107 Zmaj<\/strong>, actualmente el lugar del <strong>Museo Zmaj<\/strong>. El <strong>Parque Kamenica<\/strong> y el <strong>Castillo Marcibanji \u2013 Kara\u010donji<\/strong> (1836) ubicados dentro, son particularmente atractivos.[\/vc_column_text][vc_single_image image=\u00bb124082&#8243; img_size=\u00bbfull\u00bb alignment=\u00bbcenter\u00bb][vc_column_text css_animation=\u00bbnone\u00bb css=\u00bb.vc_custom_1675336791153{margin-bottom: 10px !important;}\u00bb]Hay muchos lugares interesantes al lado izquierdo del Danubio: el <strong>muelle de Belgrado<\/strong> y las numerosas playas a lo largo de la costa, siendo <strong>\u0160trand<\/strong> la m\u00e1s popular. Est\u00e1 dotada de todas las infraestructuras necesarias y se convierte cada verano en una de las zonas m\u00e1s animadas de la ciudad, acogiendo competiciones deportivas, conciertos, festivales, etc.<\/p>\n<p><strong>Ribarsko ostrvo<\/strong> y <strong>Kamenjar<\/strong>, ubicados en las afueras de la ciudad, albergan numerosas tabernas, restaurantes, centros tur\u00edsticos y muelles, donde puede reservar un paseo por el Danubio y visitar lugares como Kamenjar, Ma\u010dkov Sprud, Rakova\u010dki Dunavac, Love Island, etc.[\/vc_column_text][vc_empty_space height=\u00bb30px\u00bb bb_tab_container=\u00bb\u00bb][vc_column_text css_animation=\u00bbnone\u00bb css=\u00bb.vc_custom_1675336810976{margin-bottom: 10px !important;}\u00bb]<\/p>\n<h3>Afueras de la ciudad<\/h3>\n<p>[\/vc_column_text][vc_column_text css_animation=\u00bbnone\u00bb css=\u00bb.vc_custom_1675337073195{margin-bottom: 10px !important;}\u00bb]El \u00e1rea m\u00e1s amplia de la ciudad de Novi Sad se basa, en parte, en el <strong>Parque Nacional Fru\u0161ka Gora<\/strong>, con sus \u00e1reas de <strong>picnic, ecosistemas intactos y muchos monasterios ortodoxos serbios<\/strong>. Granjas, \u00e1reas rurales y regiones vin\u00edcolas tambi\u00e9n se pueden encontrar en las cercan\u00edas de la ciudad. Los visitantes pueden viajar a lo largo de cuatro rutas de excursi\u00f3n:<\/p>\n<p>\u2022 hacia <strong>\u010cenej<\/strong> \u2014 un antiguo pueblo en <strong>Ba\u010dka<\/strong>, conocido hoy como un asentamiento de granjeros, conservando el esp\u00edritu del pasado. Aqu\u00ed encontrar\u00e1s la <strong>mejor comida local<\/strong> y caballos corriendo por sus llanuras;<\/p>\n<p>\u2022 hacia <strong>Fru\u0161ka Gora<\/strong>, el parque nacional que abarca unas 25.000 hect\u00e1reas que incluyen <strong>Sremski Karlovci, Vrdnik, numerosos monasterios, vi\u00f1edos y naturaleza virgen<\/strong>;<\/p>\n<p>\u2022 hacia <strong>Futog<\/strong> \u2014 conocida por su <strong>producci\u00f3n de repollo<\/strong>, con registros escritos que datan del siglo XVI. El repollo futog est\u00e1 protegido por su origen geogr\u00e1fico como producto de importancia nacional;<\/p>\n<p>\u2022 hacia <strong>Kovilj<\/strong> y sus alrededores: esta <strong>reserva natural \u00fanica<\/strong> se extiende por 4.840 hect\u00e1reas y alberga muchas especies de aves raras.<\/p>\n<p>Adem\u00e1s de ser famosa por su multiculturalidad, amor y tolerancia, <strong>Novi Sad<\/strong> tiene <strong>muchos lugares para pasar un buen rato<\/strong>. Aqu\u00ed puede encontrarlo todo: desde restaurantes con<strong> cocina local de Vojvodina<\/strong>, cafeter\u00edas, muelle con vistas a la famosa <strong>Fortaleza de Petrovaradin<\/strong>, hasta <strong>centros culturales y juveniles<\/strong> que re\u00fanen a un grupo m\u00e1s alternativo y <strong>el mejor ocio nocturno de Laze Tele\u010dkog<\/strong>.[\/vc_column_text][vc_single_image image=\u00bb124089&#8243; img_size=\u00bbfull\u00bb alignment=\u00bbcenter\u00bb][vc_column_text css_animation=\u00bbnone\u00bb css=\u00bb.vc_custom_1675337120631{margin-bottom: 10px !important;}\u00bb]Los lugares de reuni\u00f3n m\u00e1s destacados para los lugare\u00f1os son Liberty Square, la catedral y la calle Zmaj Jovina. Muy cerca encontrar\u00e1s el Parque Dunavski, pero tambi\u00e9n hay muchos m\u00e1s parques verdes en la ciudad, como Limanski, Futo\u0161ki y Kameni\u010dki.<\/p>\n<p>Planificada de esta manera, la ciudad ofrece un lugar para todos, tanto para los lugare\u00f1os como para los turistas.<\/p>\n<p><em>Foto: equipo de fotograf\u00eda EXIT, Luka \u0160arac (Organizaci\u00f3n de Turismo de Serbia)<\/em>[\/vc_column_text][vc_empty_space height=\u00bb30px\u00bb bb_tab_container=\u00bb\u00bb][\/vc_column][\/vc_row]<\/p>\n<\/div>","protected":false},"excerpt":{"rendered":"<p>[vc_row el_class=\u00bbcontainer-single uk-container-center\u00bb css=\u00bb.vc_custom_1547721991391{padding-top: 40px !important;}\u00bb][vc_column css_animation=\u00bbnone\u00bb offset=\u00bbvc_col-lg-offset-2 vc_col-lg-8 vc_col-md-offset-2 vc_col-md-8&#8243;][vc_column_text css_animation=\u00bbnone\u00bb css=\u00bb.vc_custom_1675336109992{margin-bottom: 10px !important;}\u00bb] Casco antiguo [\/vc_column_text][vc_column_text css_animation=\u00bbnone\u00bb css=\u00bb.vc_custom_1675336179738{margin-bottom: 10px !important;}\u00bb]El casco antiguo de Novi Sad es el espacio<\/p>\n","protected":false},"author":1,"featured_media":124235,"parent":0,"menu_order":41,"comment_status":"closed","ping_status":"closed","template":"page-with-hero.php","meta":{"_acf_changed":false,"footnotes":""},"class_list":["post-229299","page","type-page","status-publish","has-post-thumbnail","hentry"],"acf":[],"yoast_head":"<!-- This site is optimized with the Yoast SEO plugin v25.6 - https:\/\/yoast.com\/wordpress\/plugins\/seo\/ -->\n<title>Conoce Novi Sad - EXIT Festival 2025<\/title>\n<meta name=\"description\" content=\"Conoce Novi Sad, ciudad natal del EXIT Festival - lugares para visitar y disfrutar mientras est\u00e9s en la ciudad\" \/>\n<meta name=\"robots\" content=\"index, follow, max-snippet:-1, max-image-preview:large, max-video-preview:-1\" \/>\n<link rel=\"canonical\" href=\"https:\/\/www.exitfest.org\/es\/novi-sad-es\" \/>\n<meta property=\"og:locale\" content=\"es_ES\" \/>\n<meta property=\"og:type\" content=\"article\" \/>\n<meta property=\"og:title\" content=\"Conoce Novi Sad - EXIT Festival 2025\" \/>\n<meta property=\"og:description\" content=\"Conoce Novi Sad, ciudad natal del EXIT Festival - lugares para visitar y disfrutar mientras est\u00e9s en la ciudad\" \/>\n<meta property=\"og:url\" content=\"https:\/\/www.exitfest.org\/es\/novi-sad-es\" \/>\n<meta property=\"og:site_name\" content=\"EXIT Festival 2025\" \/>\n<meta property=\"article:publisher\" content=\"https:\/\/www.facebook.com\/exit.festival\" \/>\n<meta property=\"article:modified_time\" content=\"2023-02-02T11:26:31+00:00\" \/>\n<meta property=\"og:image\" content=\"https:\/\/www.exitfest.org\/wp-content\/uploads\/2021\/04\/Novi-Sad-featured.jpg\" \/>\n\t<meta property=\"og:image:width\" content=\"1200\" \/>\n\t<meta property=\"og:image:height\" content=\"630\" \/>\n\t<meta property=\"og:image:type\" content=\"image\/jpeg\" \/>\n<meta name=\"twitter:card\" content=\"summary_large_image\" \/>\n<meta name=\"twitter:site\" content=\"@exitfestival\" \/>\n<script type=\"application\/ld+json\" class=\"yoast-schema-graph\">{\"@context\":\"https:\/\/schema.org\",\"@graph\":[{\"@type\":\"WebPage\",\"@id\":\"https:\/\/www.exitfest.org\/es\/novi-sad-es\",\"url\":\"https:\/\/www.exitfest.org\/es\/novi-sad-es\",\"name\":\"Conoce Novi Sad - EXIT Festival 2025\",\"isPartOf\":{\"@id\":\"https:\/\/www.exitfest.org\/es#website\"},\"primaryImageOfPage\":{\"@id\":\"https:\/\/www.exitfest.org\/es\/novi-sad-es#primaryimage\"},\"image\":{\"@id\":\"https:\/\/www.exitfest.org\/es\/novi-sad-es#primaryimage\"},\"thumbnailUrl\":\"https:\/\/www.exitfest.org\/wp-content\/uploads\/2021\/04\/Novi-Sad-featured.jpg\",\"datePublished\":\"2021-04-08T15:56:24+00:00\",\"dateModified\":\"2023-02-02T11:26:31+00:00\",\"description\":\"Conoce Novi Sad, ciudad natal del EXIT Festival - lugares para visitar y disfrutar mientras est\u00e9s en la ciudad\",\"breadcrumb\":{\"@id\":\"https:\/\/www.exitfest.org\/es\/novi-sad-es#breadcrumb\"},\"inLanguage\":\"es\",\"potentialAction\":[{\"@type\":\"ReadAction\",\"target\":[\"https:\/\/www.exitfest.org\/es\/novi-sad-es\"]}]},{\"@type\":\"ImageObject\",\"inLanguage\":\"es\",\"@id\":\"https:\/\/www.exitfest.org\/es\/novi-sad-es#primaryimage\",\"url\":\"https:\/\/www.exitfest.org\/wp-content\/uploads\/2021\/04\/Novi-Sad-featured.jpg\",\"contentUrl\":\"https:\/\/www.exitfest.org\/wp-content\/uploads\/2021\/04\/Novi-Sad-featured.jpg\",\"width\":1200,\"height\":630,\"caption\":\"Novi Sad\"},{\"@type\":\"BreadcrumbList\",\"@id\":\"https:\/\/www.exitfest.org\/es\/novi-sad-es#breadcrumb\",\"itemListElement\":[{\"@type\":\"ListItem\",\"position\":1,\"name\":\"Po\u010detna\",\"item\":\"https:\/\/www.exitfest.org\/es\"},{\"@type\":\"ListItem\",\"position\":2,\"name\":\"Conoce Novi Sad\"}]},{\"@type\":\"WebSite\",\"@id\":\"https:\/\/www.exitfest.org\/es#website\",\"url\":\"https:\/\/www.exitfest.org\/es\",\"name\":\"EXIT Festival 2025\",\"description\":\"\",\"publisher\":{\"@id\":\"https:\/\/www.exitfest.org\/es#organization\"},\"alternateName\":\"EXIT Festival\",\"potentialAction\":[{\"@type\":\"SearchAction\",\"target\":{\"@type\":\"EntryPoint\",\"urlTemplate\":\"https:\/\/www.exitfest.org\/es?s={search_term_string}\"},\"query-input\":{\"@type\":\"PropertyValueSpecification\",\"valueRequired\":true,\"valueName\":\"search_term_string\"}}],\"inLanguage\":\"es\"},{\"@type\":\"Organization\",\"@id\":\"https:\/\/www.exitfest.org\/es#organization\",\"name\":\"EXIT Festival\",\"alternateName\":\"EXIT\",\"url\":\"https:\/\/www.exitfest.org\/es\",\"logo\":{\"@type\":\"ImageObject\",\"inLanguage\":\"es\",\"@id\":\"https:\/\/www.exitfest.org\/es#\/schema\/logo\/image\/\",\"url\":\"https:\/\/www.exitfest.org\/wp-content\/uploads\/2023\/04\/exit-logo-696px.svg\",\"contentUrl\":\"https:\/\/www.exitfest.org\/wp-content\/uploads\/2023\/04\/exit-logo-696px.svg\",\"width\":1,\"height\":1,\"caption\":\"EXIT Festival\"},\"image\":{\"@id\":\"https:\/\/www.exitfest.org\/es#\/schema\/logo\/image\/\"},\"sameAs\":[\"https:\/\/www.facebook.com\/exit.festival\",\"https:\/\/x.com\/exitfestival\",\"https:\/\/instagram.com\/exitfestival\",\"https:\/\/www.linkedin.com\/company\/exit-festival\/\",\"https:\/\/www.youtube.com\/user\/EXITFestivalTV\",\"https:\/\/en.wikipedia.org\/wiki\/Exit_festival\",\"https:\/\/www.tiktok.com\/@exit_festival\",\"https:\/\/www.flickr.com\/photos\/exitfestival\",\"https:\/\/soundcloud.com\/exitfestival\",\"https:\/\/www.mixcloud.com\/exitfestival\/\",\"https:\/\/vb.me\/b827f5\",\"https:\/\/www.deezer.com\/en\/profile\/1441778382\",\"https:\/\/vk.com\/exitfestival\"]}]}<\/script>\n<!-- \/ Yoast SEO plugin. -->","yoast_head_json":{"title":"Conoce Novi Sad - EXIT Festival 2025","description":"Conoce Novi Sad, ciudad natal del EXIT Festival - lugares para visitar y disfrutar mientras est\u00e9s en la ciudad","robots":{"index":"index","follow":"follow","max-snippet":"max-snippet:-1","max-image-preview":"max-image-preview:large","max-video-preview":"max-video-preview:-1"},"canonical":"https:\/\/www.exitfest.org\/es\/novi-sad-es","og_locale":"es_ES","og_type":"article","og_title":"Conoce Novi Sad - EXIT Festival 2025","og_description":"Conoce Novi Sad, ciudad natal del EXIT Festival - lugares para visitar y disfrutar mientras est\u00e9s en la ciudad","og_url":"https:\/\/www.exitfest.org\/es\/novi-sad-es","og_site_name":"EXIT Festival 2025","article_publisher":"https:\/\/www.facebook.com\/exit.festival","article_modified_time":"2023-02-02T11:26:31+00:00","og_image":[{"width":1200,"height":630,"url":"https:\/\/www.exitfest.org\/wp-content\/uploads\/2021\/04\/Novi-Sad-featured.jpg","type":"image\/jpeg"}],"twitter_card":"summary_large_image","twitter_site":"@exitfestival","schema":{"@context":"https:\/\/schema.org","@graph":[{"@type":"WebPage","@id":"https:\/\/www.exitfest.org\/es\/novi-sad-es","url":"https:\/\/www.exitfest.org\/es\/novi-sad-es","name":"Conoce Novi Sad - EXIT Festival 2025","isPartOf":{"@id":"https:\/\/www.exitfest.org\/es#website"},"primaryImageOfPage":{"@id":"https:\/\/www.exitfest.org\/es\/novi-sad-es#primaryimage"},"image":{"@id":"https:\/\/www.exitfest.org\/es\/novi-sad-es#primaryimage"},"thumbnailUrl":"https:\/\/www.exitfest.org\/wp-content\/uploads\/2021\/04\/Novi-Sad-featured.jpg","datePublished":"2021-04-08T15:56:24+00:00","dateModified":"2023-02-02T11:26:31+00:00","description":"Conoce Novi Sad, ciudad natal del EXIT Festival - lugares para visitar y disfrutar mientras est\u00e9s en la ciudad","breadcrumb":{"@id":"https:\/\/www.exitfest.org\/es\/novi-sad-es#breadcrumb"},"inLanguage":"es","potentialAction":[{"@type":"ReadAction","target":["https:\/\/www.exitfest.org\/es\/novi-sad-es"]}]},{"@type":"ImageObject","inLanguage":"es","@id":"https:\/\/www.exitfest.org\/es\/novi-sad-es#primaryimage","url":"https:\/\/www.exitfest.org\/wp-content\/uploads\/2021\/04\/Novi-Sad-featured.jpg","contentUrl":"https:\/\/www.exitfest.org\/wp-content\/uploads\/2021\/04\/Novi-Sad-featured.jpg","width":1200,"height":630,"caption":"Novi Sad"},{"@type":"BreadcrumbList","@id":"https:\/\/www.exitfest.org\/es\/novi-sad-es#breadcrumb","itemListElement":[{"@type":"ListItem","position":1,"name":"Po\u010detna","item":"https:\/\/www.exitfest.org\/es"},{"@type":"ListItem","position":2,"name":"Conoce Novi Sad"}]},{"@type":"WebSite","@id":"https:\/\/www.exitfest.org\/es#website","url":"https:\/\/www.exitfest.org\/es","name":"EXIT Festival 2025","description":"","publisher":{"@id":"https:\/\/www.exitfest.org\/es#organization"},"alternateName":"EXIT Festival","potentialAction":[{"@type":"SearchAction","target":{"@type":"EntryPoint","urlTemplate":"https:\/\/www.exitfest.org\/es?s={search_term_string}"},"query-input":{"@type":"PropertyValueSpecification","valueRequired":true,"valueName":"search_term_string"}}],"inLanguage":"es"},{"@type":"Organization","@id":"https:\/\/www.exitfest.org\/es#organization","name":"EXIT Festival","alternateName":"EXIT","url":"https:\/\/www.exitfest.org\/es","logo":{"@type":"ImageObject","inLanguage":"es","@id":"https:\/\/www.exitfest.org\/es#\/schema\/logo\/image\/","url":"https:\/\/www.exitfest.org\/wp-content\/uploads\/2023\/04\/exit-logo-696px.svg","contentUrl":"https:\/\/www.exitfest.org\/wp-content\/uploads\/2023\/04\/exit-logo-696px.svg","width":1,"height":1,"caption":"EXIT Festival"},"image":{"@id":"https:\/\/www.exitfest.org\/es#\/schema\/logo\/image\/"},"sameAs":["https:\/\/www.facebook.com\/exit.festival","https:\/\/x.com\/exitfestival","https:\/\/instagram.com\/exitfestival","https:\/\/www.linkedin.com\/company\/exit-festival\/","https:\/\/www.youtube.com\/user\/EXITFestivalTV","https:\/\/en.wikipedia.org\/wiki\/Exit_festival","https:\/\/www.tiktok.com\/@exit_festival","https:\/\/www.flickr.com\/photos\/exitfestival","https:\/\/soundcloud.com\/exitfestival","https:\/\/www.mixcloud.com\/exitfestival\/","https:\/\/vb.me\/b827f5","https:\/\/www.deezer.com\/en\/profile\/1441778382","https:\/\/vk.com\/exitfestival"]}]}},"_links":{"self":[{"href":"https:\/\/www.exitfest.org\/es\/wp-json\/wp\/v2\/pages\/229299","targetHints":{"allow":["GET"]}}],"collection":[{"href":"https:\/\/www.exitfest.org\/es\/wp-json\/wp\/v2\/pages"}],"about":[{"href":"https:\/\/www.exitfest.org\/es\/wp-json\/wp\/v2\/types\/page"}],"author":[{"embeddable":true,"href":"https:\/\/www.exitfest.org\/es\/wp-json\/wp\/v2\/users\/1"}],"replies":[{"embeddable":true,"href":"https:\/\/www.exitfest.org\/es\/wp-json\/wp\/v2\/comments?post=229299"}],"version-history":[{"count":0,"href":"https:\/\/www.exitfest.org\/es\/wp-json\/wp\/v2\/pages\/229299\/revisions"}],"wp:featuredmedia":[{"embeddable":true,"href":"https:\/\/www.exitfest.org\/es\/wp-json\/wp\/v2\/media\/124235"}],"wp:attachment":[{"href":"https:\/\/www.exitfest.org\/es\/wp-json\/wp\/v2\/media?parent=229299"}],"curies":[{"name":"wp","href":"https:\/\/api.w.org\/{rel}","templated":true}]}}