{"id":229303,"date":"2021-04-08T17:21:04","date_gmt":"2021-04-08T15:21:04","guid":{"rendered":"https:\/\/www.exitfest.org\/petrovaradin-fortress"},"modified":"2023-02-02T14:55:33","modified_gmt":"2023-02-02T13:55:33","slug":"petrovaradin-fortress-es","status":"publish","type":"page","link":"https:\/\/www.exitfest.org\/es\/petrovaradin-fortress-es","title":{"rendered":"Fortaleza Petrovaradin"},"content":{"rendered":"<div class=\"wpb-content-wrapper\"><p>[vc_row el_class=\u00bbcontainer-single uk-container-center\u00bb css=\u00bb.vc_custom_1547721991391{padding-top: 40px !important;}\u00bb][vc_column css_animation=\u00bbnone\u00bb offset=\u00bbvc_col-lg-offset-2 vc_col-lg-8 vc_col-md-offset-2 vc_col-md-8&#8243;][vc_column_text css_animation=\u00bbnone\u00bb css=\u00bb.vc_custom_1675345482540{margin-bottom: 10px !important;}\u00bb]Seg\u00fan las \u00faltimas investigaciones arqueol\u00f3gicas, el primer y m\u00e1s antiguo asentamiento en Petrovaradin fue fundado por miembros de la cultura Vin\u010da en la Edad de Piedra tard\u00eda, entre 4500 y 3200 a. C., mientras que la primera fortificaci\u00f3n se construy\u00f3 durante la Edad del Cobre (hace unos 5000 a\u00f1os) . Desde sus comienzos prehist\u00f3ricos, Petrovaradin form\u00f3 parte del poderoso Imperio Romano, el Reino de Hungr\u00eda, el Imperio Otomano y la Monarqu\u00eda de los Habsburgo. La Fortaleza fue demolida y reconstruida varias veces, conservando siempre su importancia estrat\u00e9gica y militar.[\/vc_column_text][vc_single_image image=\u00bb108509&#8243; img_size=\u00bbfull\u00bb alignment=\u00bbcenter\u00bb][vc_column_text css_animation=\u00bbnone\u00bb css=\u00bb.vc_custom_1675345586823{margin-bottom: 10px !important;}\u00bb]La Fortaleza, tal como la conocemos hoy en d\u00eda, fue construida durante un per\u00edodo de casi 88 a\u00f1os, con interrupciones m\u00e1s o menos largas durante el reinado de la Monarqu\u00eda de los Habsburgo. Las dif\u00edciles condiciones de construcci\u00f3n causaron la muerte de muchos trabajadores, de 40 a 70 muertes diarias durante los per\u00edodos de trabajo m\u00e1s intensivos. Una vez completada, se consider\u00f3 la fortaleza m\u00e1s fuerte de la Monarqu\u00eda de los Habsburgo y esta parte de Europa recibi\u00f3 el nombre de Gibraltar en el Danubio. Es un ejemplo \u00fanico de arquitectura militar de la \u00e9poca, ya que es uno de las pocas que se conservan pr\u00e1cticamente \u00edntegras. Despu\u00e9s de la Revoluci\u00f3n H\u00fangara, la Fortaleza se utiliz\u00f3 como un gran almac\u00e9n y prisi\u00f3n en la que fueron encarcelados muchos personajes famosos, como el ganador del Premio Nobel Ivo Andri\u0107, Vasa Pelagi\u0107, Ja\u0161a Tomi\u0107, Vladimir Jovanovi\u0107, entre otros.[\/vc_column_text][vc_single_image image=\u00bb108527&#8243; img_size=\u00bbfull\u00bb alignment=\u00bbcenter\u00bb][vc_column_text css_animation=\u00bbnone\u00bb css=\u00bb.vc_custom_1675345705552{margin-bottom: 10px !important;}\u00bb]La Fortaleza sufri\u00f3 da\u00f1os durante la Primera y la Segunda Guerra Mundial, as\u00ed como en el per\u00edodo de entre guerras, pero tras la Segunda Guerra Mundial pas\u00f3 a estar bajo protecci\u00f3n estatal, lo que llev\u00f3 a la reconstrucci\u00f3n de partes de la Fortaleza, adaptadas a las nuevas necesidades de instituciones culturales y educativas, algunas de las cuales a\u00fan existen hoy en d\u00eda como el Museo de la Ciudad y numerosos estudios de bellas artes y artes aplicadas. Hoy en d\u00eda, la Fortaleza alberga una serie de eventos culturales importantes, incluido EXIT Festival, y finalmente est\u00e1 recibiendo la atenci\u00f3n que merece.[\/vc_column_text][vc_single_image image=\u00bb108533&#8243; img_size=\u00bbfull\u00bb alignment=\u00bbcenter\u00bb][vc_column_text css_animation=\u00bbnone\u00bb css=\u00bb.vc_custom_1675345853552{margin-bottom: 10px !important;}\u00bb]Numerosas leyendas est\u00e1n asociadas a la Fortaleza de Petrovaradin, la m\u00e1s famosa es la relacionada con un t\u00fanel secreto bajo el cauce del r\u00edo que conecta la Fortaleza con la margen izquierda del Danubio, y que sirvi\u00f3 de paso para el \u00faltimo soldado austroh\u00fangaro y su prometida en 1913. Aparte de esto, existe una conocida leyenda seg\u00fan la cual los constructores de la Fortaleza colocaron gatos vivos en los cimientos de la nueva fortificaci\u00f3n a principios del siglo XVII para asegurar la longevidad de la Fortaleza a partir de de la creencia de que los gatos tienen nueve vidas. La leyenda de los gatos se apoya en parte en el relieve en piedra de la cabeza de un gato encontrado en las murallas que se conservan hoy en el Museo de la Ciudad, pero tambi\u00e9n en la historia de que los trabajadores encontraron restos momificados de gatos que se convert\u00edan en polvo al tacto durante la reconstrucci\u00f3n de la fortaleza despu\u00e9s de la Segunda Guerra Mundial.[\/vc_column_text][vc_single_image image=\u00bb108551&#8243; img_size=\u00bbfull\u00bb alignment=\u00bbcenter\u00bb][vc_column_text css_animation=\u00bbnone\u00bb css=\u00bb.vc_custom_1675345949734{margin-bottom: 10px !important;}\u00bb]Hoy, la Fortaleza est\u00e1 adornada con numerosas instituciones culturales y s\u00edmbolos reconocibles. As\u00ed, el edificio principal del Museo de la Ciudad de Novi Sad, la Instituci\u00f3n para la confecci\u00f3n de tapices Atelje 61, el observatorio y planetario de la Sociedad Astron\u00f3mica de Novi Sad, as\u00ed como la colonia de arte informal m\u00e1s grande del mundo Likovni krug (La Art Circle) se encuentran en la Fortaleza. Adem\u00e1s de la mayor atracci\u00f3n tur\u00edstica, las Galer\u00edas Militares Subterr\u00e1neas, la caracter\u00edstica m\u00e1s reconocible de la Fortaleza de Petrovaradin es su Torre del Reloj. La especificidad del mecanismo del reloj, que tiene m\u00e1s de 300 a\u00f1os, es que su manecilla peque\u00f1a muestra los minutos, mientras que la manecilla grande muestra las horas, e incluso en los raros momentos en que no est\u00e1 funcionando, muestra la hora correcta cuatro veces al d\u00eda. Adem\u00e1s, recibi\u00f3 el ep\u00edteto de \u00abreloj borracho\u00bb debido al hecho de que este reloj se retrasa durante climas fr\u00edo y se acelera durante climas m\u00e1s agradables y c\u00e1lidos.[\/vc_column_text][vc_empty_space height=\u00bb30px\u00bb bb_tab_container=\u00bb\u00bb][vc_column_text css_animation=\u00bbnone\u00bb css=\u00bb.vc_custom_1675346017369{margin-bottom: 10px !important;}\u00bb]<\/p>\n<p style=\"text-align: left;\">Haz un tour virtual de la Fortaleza Petrovaradin <strong><a href=\"https:\/\/petrovaradin.exitfondacija.org\/en#gornji-deo-13\">aqu\u00ed<\/a>.<\/strong><\/p>\n<p>[\/vc_column_text][vc_empty_space height=\u00bb30px\u00bb bb_tab_container=\u00bb\u00bb][\/vc_column][\/vc_row]<\/p>\n<\/div>","protected":false},"excerpt":{"rendered":"<p>[vc_row el_class=\u00bbcontainer-single uk-container-center\u00bb css=\u00bb.vc_custom_1547721991391{padding-top: 40px !important;}\u00bb][vc_column css_animation=\u00bbnone\u00bb offset=\u00bbvc_col-lg-offset-2 vc_col-lg-8 vc_col-md-offset-2 vc_col-md-8&#8243;][vc_column_text css_animation=\u00bbnone\u00bb css=\u00bb.vc_custom_1675345482540{margin-bottom: 10px !important;}\u00bb]Seg\u00fan las \u00faltimas investigaciones arqueol\u00f3gicas, el primer y m\u00e1s antiguo asentamiento en Petrovaradin fue fundado por<\/p>\n","protected":false},"author":1,"featured_media":108488,"parent":0,"menu_order":41,"comment_status":"closed","ping_status":"closed","template":"page-with-hero.php","meta":{"_acf_changed":false,"footnotes":""},"class_list":["post-229303","page","type-page","status-publish","has-post-thumbnail","hentry"],"acf":[],"yoast_head":"<!-- This site is optimized with the Yoast SEO plugin v25.6 - https:\/\/yoast.com\/wordpress\/plugins\/seo\/ -->\n<title>Fortaleza Petrovaradin - EXIT Festival 2025<\/title>\n<meta name=\"description\" content=\"La Fortaleza, tal como la conocemos hoy en d\u00eda, fue construida durante un per\u00edodo de casi 88 a\u00f1os, con interrupciones m\u00e1s o menos largas durante el reinado de la Monarqu\u00eda de los Habsburgo. Las dif\u00edciles condiciones de construcci\u00f3n causaron la muerte de muchos trabajadores durante los per\u00edodos de trabajo m\u00e1s intensivos.\" \/>\n<meta name=\"robots\" content=\"index, follow, max-snippet:-1, max-image-preview:large, max-video-preview:-1\" \/>\n<link rel=\"canonical\" href=\"https:\/\/www.exitfest.org\/es\/petrovaradin-fortress-es\" \/>\n<meta property=\"og:locale\" content=\"es_ES\" \/>\n<meta property=\"og:type\" content=\"article\" \/>\n<meta property=\"og:title\" content=\"Fortaleza Petrovaradin - EXIT Festival 2025\" \/>\n<meta property=\"og:description\" content=\"La Fortaleza, tal como la conocemos hoy en d\u00eda, fue construida durante un per\u00edodo de casi 88 a\u00f1os, con interrupciones m\u00e1s o menos largas durante el reinado de la Monarqu\u00eda de los Habsburgo. Las dif\u00edciles condiciones de construcci\u00f3n causaron la muerte de muchos trabajadores durante los per\u00edodos de trabajo m\u00e1s intensivos.\" \/>\n<meta property=\"og:url\" content=\"https:\/\/www.exitfest.org\/es\/petrovaradin-fortress-es\" \/>\n<meta property=\"og:site_name\" content=\"EXIT Festival 2025\" \/>\n<meta property=\"article:publisher\" content=\"https:\/\/www.facebook.com\/exit.festival\" \/>\n<meta property=\"article:modified_time\" content=\"2023-02-02T13:55:33+00:00\" \/>\n<meta property=\"og:image\" content=\"https:\/\/www.exitfest.org\/wp-content\/uploads\/2020\/07\/Lokacija-featured.jpg\" \/>\n\t<meta property=\"og:image:width\" content=\"1300\" \/>\n\t<meta property=\"og:image:height\" content=\"600\" \/>\n\t<meta property=\"og:image:type\" content=\"image\/jpeg\" \/>\n<meta name=\"twitter:card\" content=\"summary_large_image\" \/>\n<meta name=\"twitter:site\" content=\"@exitfestival\" \/>\n<script type=\"application\/ld+json\" class=\"yoast-schema-graph\">{\"@context\":\"https:\/\/schema.org\",\"@graph\":[{\"@type\":\"WebPage\",\"@id\":\"https:\/\/www.exitfest.org\/es\/petrovaradin-fortress-es\",\"url\":\"https:\/\/www.exitfest.org\/es\/petrovaradin-fortress-es\",\"name\":\"Fortaleza Petrovaradin - EXIT Festival 2025\",\"isPartOf\":{\"@id\":\"https:\/\/www.exitfest.org\/es#website\"},\"primaryImageOfPage\":{\"@id\":\"https:\/\/www.exitfest.org\/es\/petrovaradin-fortress-es#primaryimage\"},\"image\":{\"@id\":\"https:\/\/www.exitfest.org\/es\/petrovaradin-fortress-es#primaryimage\"},\"thumbnailUrl\":\"https:\/\/www.exitfest.org\/wp-content\/uploads\/2020\/07\/Lokacija-featured.jpg\",\"datePublished\":\"2021-04-08T15:21:04+00:00\",\"dateModified\":\"2023-02-02T13:55:33+00:00\",\"description\":\"La Fortaleza, tal como la conocemos hoy en d\u00eda, fue construida durante un per\u00edodo de casi 88 a\u00f1os, con interrupciones m\u00e1s o menos largas durante el reinado de la Monarqu\u00eda de los Habsburgo. Las dif\u00edciles condiciones de construcci\u00f3n causaron la muerte de muchos trabajadores durante los per\u00edodos de trabajo m\u00e1s intensivos.\",\"breadcrumb\":{\"@id\":\"https:\/\/www.exitfest.org\/es\/petrovaradin-fortress-es#breadcrumb\"},\"inLanguage\":\"es\",\"potentialAction\":[{\"@type\":\"ReadAction\",\"target\":[\"https:\/\/www.exitfest.org\/es\/petrovaradin-fortress-es\"]}]},{\"@type\":\"ImageObject\",\"inLanguage\":\"es\",\"@id\":\"https:\/\/www.exitfest.org\/es\/petrovaradin-fortress-es#primaryimage\",\"url\":\"https:\/\/www.exitfest.org\/wp-content\/uploads\/2020\/07\/Lokacija-featured.jpg\",\"contentUrl\":\"https:\/\/www.exitfest.org\/wp-content\/uploads\/2020\/07\/Lokacija-featured.jpg\",\"width\":1300,\"height\":600,\"caption\":\"Petrovaradinska tvr\u0111ava\"},{\"@type\":\"BreadcrumbList\",\"@id\":\"https:\/\/www.exitfest.org\/es\/petrovaradin-fortress-es#breadcrumb\",\"itemListElement\":[{\"@type\":\"ListItem\",\"position\":1,\"name\":\"Po\u010detna\",\"item\":\"https:\/\/www.exitfest.org\/es\"},{\"@type\":\"ListItem\",\"position\":2,\"name\":\"Fortaleza Petrovaradin\"}]},{\"@type\":\"WebSite\",\"@id\":\"https:\/\/www.exitfest.org\/es#website\",\"url\":\"https:\/\/www.exitfest.org\/es\",\"name\":\"EXIT Festival 2025\",\"description\":\"\",\"publisher\":{\"@id\":\"https:\/\/www.exitfest.org\/es#organization\"},\"alternateName\":\"EXIT Festival\",\"potentialAction\":[{\"@type\":\"SearchAction\",\"target\":{\"@type\":\"EntryPoint\",\"urlTemplate\":\"https:\/\/www.exitfest.org\/es?s={search_term_string}\"},\"query-input\":{\"@type\":\"PropertyValueSpecification\",\"valueRequired\":true,\"valueName\":\"search_term_string\"}}],\"inLanguage\":\"es\"},{\"@type\":\"Organization\",\"@id\":\"https:\/\/www.exitfest.org\/es#organization\",\"name\":\"EXIT Festival\",\"alternateName\":\"EXIT\",\"url\":\"https:\/\/www.exitfest.org\/es\",\"logo\":{\"@type\":\"ImageObject\",\"inLanguage\":\"es\",\"@id\":\"https:\/\/www.exitfest.org\/es#\/schema\/logo\/image\/\",\"url\":\"https:\/\/www.exitfest.org\/wp-content\/uploads\/2023\/04\/exit-logo-696px.svg\",\"contentUrl\":\"https:\/\/www.exitfest.org\/wp-content\/uploads\/2023\/04\/exit-logo-696px.svg\",\"width\":1,\"height\":1,\"caption\":\"EXIT Festival\"},\"image\":{\"@id\":\"https:\/\/www.exitfest.org\/es#\/schema\/logo\/image\/\"},\"sameAs\":[\"https:\/\/www.facebook.com\/exit.festival\",\"https:\/\/x.com\/exitfestival\",\"https:\/\/instagram.com\/exitfestival\",\"https:\/\/www.linkedin.com\/company\/exit-festival\/\",\"https:\/\/www.youtube.com\/user\/EXITFestivalTV\",\"https:\/\/en.wikipedia.org\/wiki\/Exit_festival\",\"https:\/\/www.tiktok.com\/@exit_festival\",\"https:\/\/www.flickr.com\/photos\/exitfestival\",\"https:\/\/soundcloud.com\/exitfestival\",\"https:\/\/www.mixcloud.com\/exitfestival\/\",\"https:\/\/vb.me\/b827f5\",\"https:\/\/www.deezer.com\/en\/profile\/1441778382\",\"https:\/\/vk.com\/exitfestival\"]}]}<\/script>\n<!-- \/ Yoast SEO plugin. -->","yoast_head_json":{"title":"Fortaleza Petrovaradin - EXIT Festival 2025","description":"La Fortaleza, tal como la conocemos hoy en d\u00eda, fue construida durante un per\u00edodo de casi 88 a\u00f1os, con interrupciones m\u00e1s o menos largas durante el reinado de la Monarqu\u00eda de los Habsburgo. Las dif\u00edciles condiciones de construcci\u00f3n causaron la muerte de muchos trabajadores durante los per\u00edodos de trabajo m\u00e1s intensivos.","robots":{"index":"index","follow":"follow","max-snippet":"max-snippet:-1","max-image-preview":"max-image-preview:large","max-video-preview":"max-video-preview:-1"},"canonical":"https:\/\/www.exitfest.org\/es\/petrovaradin-fortress-es","og_locale":"es_ES","og_type":"article","og_title":"Fortaleza Petrovaradin - EXIT Festival 2025","og_description":"La Fortaleza, tal como la conocemos hoy en d\u00eda, fue construida durante un per\u00edodo de casi 88 a\u00f1os, con interrupciones m\u00e1s o menos largas durante el reinado de la Monarqu\u00eda de los Habsburgo. Las dif\u00edciles condiciones de construcci\u00f3n causaron la muerte de muchos trabajadores durante los per\u00edodos de trabajo m\u00e1s intensivos.","og_url":"https:\/\/www.exitfest.org\/es\/petrovaradin-fortress-es","og_site_name":"EXIT Festival 2025","article_publisher":"https:\/\/www.facebook.com\/exit.festival","article_modified_time":"2023-02-02T13:55:33+00:00","og_image":[{"width":1300,"height":600,"url":"https:\/\/www.exitfest.org\/wp-content\/uploads\/2020\/07\/Lokacija-featured.jpg","type":"image\/jpeg"}],"twitter_card":"summary_large_image","twitter_site":"@exitfestival","schema":{"@context":"https:\/\/schema.org","@graph":[{"@type":"WebPage","@id":"https:\/\/www.exitfest.org\/es\/petrovaradin-fortress-es","url":"https:\/\/www.exitfest.org\/es\/petrovaradin-fortress-es","name":"Fortaleza Petrovaradin - EXIT Festival 2025","isPartOf":{"@id":"https:\/\/www.exitfest.org\/es#website"},"primaryImageOfPage":{"@id":"https:\/\/www.exitfest.org\/es\/petrovaradin-fortress-es#primaryimage"},"image":{"@id":"https:\/\/www.exitfest.org\/es\/petrovaradin-fortress-es#primaryimage"},"thumbnailUrl":"https:\/\/www.exitfest.org\/wp-content\/uploads\/2020\/07\/Lokacija-featured.jpg","datePublished":"2021-04-08T15:21:04+00:00","dateModified":"2023-02-02T13:55:33+00:00","description":"La Fortaleza, tal como la conocemos hoy en d\u00eda, fue construida durante un per\u00edodo de casi 88 a\u00f1os, con interrupciones m\u00e1s o menos largas durante el reinado de la Monarqu\u00eda de los Habsburgo. Las dif\u00edciles condiciones de construcci\u00f3n causaron la muerte de muchos trabajadores durante los per\u00edodos de trabajo m\u00e1s intensivos.","breadcrumb":{"@id":"https:\/\/www.exitfest.org\/es\/petrovaradin-fortress-es#breadcrumb"},"inLanguage":"es","potentialAction":[{"@type":"ReadAction","target":["https:\/\/www.exitfest.org\/es\/petrovaradin-fortress-es"]}]},{"@type":"ImageObject","inLanguage":"es","@id":"https:\/\/www.exitfest.org\/es\/petrovaradin-fortress-es#primaryimage","url":"https:\/\/www.exitfest.org\/wp-content\/uploads\/2020\/07\/Lokacija-featured.jpg","contentUrl":"https:\/\/www.exitfest.org\/wp-content\/uploads\/2020\/07\/Lokacija-featured.jpg","width":1300,"height":600,"caption":"Petrovaradinska tvr\u0111ava"},{"@type":"BreadcrumbList","@id":"https:\/\/www.exitfest.org\/es\/petrovaradin-fortress-es#breadcrumb","itemListElement":[{"@type":"ListItem","position":1,"name":"Po\u010detna","item":"https:\/\/www.exitfest.org\/es"},{"@type":"ListItem","position":2,"name":"Fortaleza Petrovaradin"}]},{"@type":"WebSite","@id":"https:\/\/www.exitfest.org\/es#website","url":"https:\/\/www.exitfest.org\/es","name":"EXIT Festival 2025","description":"","publisher":{"@id":"https:\/\/www.exitfest.org\/es#organization"},"alternateName":"EXIT Festival","potentialAction":[{"@type":"SearchAction","target":{"@type":"EntryPoint","urlTemplate":"https:\/\/www.exitfest.org\/es?s={search_term_string}"},"query-input":{"@type":"PropertyValueSpecification","valueRequired":true,"valueName":"search_term_string"}}],"inLanguage":"es"},{"@type":"Organization","@id":"https:\/\/www.exitfest.org\/es#organization","name":"EXIT Festival","alternateName":"EXIT","url":"https:\/\/www.exitfest.org\/es","logo":{"@type":"ImageObject","inLanguage":"es","@id":"https:\/\/www.exitfest.org\/es#\/schema\/logo\/image\/","url":"https:\/\/www.exitfest.org\/wp-content\/uploads\/2023\/04\/exit-logo-696px.svg","contentUrl":"https:\/\/www.exitfest.org\/wp-content\/uploads\/2023\/04\/exit-logo-696px.svg","width":1,"height":1,"caption":"EXIT Festival"},"image":{"@id":"https:\/\/www.exitfest.org\/es#\/schema\/logo\/image\/"},"sameAs":["https:\/\/www.facebook.com\/exit.festival","https:\/\/x.com\/exitfestival","https:\/\/instagram.com\/exitfestival","https:\/\/www.linkedin.com\/company\/exit-festival\/","https:\/\/www.youtube.com\/user\/EXITFestivalTV","https:\/\/en.wikipedia.org\/wiki\/Exit_festival","https:\/\/www.tiktok.com\/@exit_festival","https:\/\/www.flickr.com\/photos\/exitfestival","https:\/\/soundcloud.com\/exitfestival","https:\/\/www.mixcloud.com\/exitfestival\/","https:\/\/vb.me\/b827f5","https:\/\/www.deezer.com\/en\/profile\/1441778382","https:\/\/vk.com\/exitfestival"]}]}},"_links":{"self":[{"href":"https:\/\/www.exitfest.org\/es\/wp-json\/wp\/v2\/pages\/229303","targetHints":{"allow":["GET"]}}],"collection":[{"href":"https:\/\/www.exitfest.org\/es\/wp-json\/wp\/v2\/pages"}],"about":[{"href":"https:\/\/www.exitfest.org\/es\/wp-json\/wp\/v2\/types\/page"}],"author":[{"embeddable":true,"href":"https:\/\/www.exitfest.org\/es\/wp-json\/wp\/v2\/users\/1"}],"replies":[{"embeddable":true,"href":"https:\/\/www.exitfest.org\/es\/wp-json\/wp\/v2\/comments?post=229303"}],"version-history":[{"count":1,"href":"https:\/\/www.exitfest.org\/es\/wp-json\/wp\/v2\/pages\/229303\/revisions"}],"predecessor-version":[{"id":293724,"href":"https:\/\/www.exitfest.org\/es\/wp-json\/wp\/v2\/pages\/229303\/revisions\/293724"}],"wp:featuredmedia":[{"embeddable":true,"href":"https:\/\/www.exitfest.org\/es\/wp-json\/wp\/v2\/media\/108488"}],"wp:attachment":[{"href":"https:\/\/www.exitfest.org\/es\/wp-json\/wp\/v2\/media?parent=229303"}],"curies":[{"name":"wp","href":"https:\/\/api.w.org\/{rel}","templated":true}]}}