{"id":229308,"date":"2021-06-11T16:29:56","date_gmt":"2021-06-11T14:29:56","guid":{"rendered":"https:\/\/www.exitfest.org\/vip-gold"},"modified":"2025-07-08T12:58:30","modified_gmt":"2025-07-08T10:58:30","slug":"vip-gold","status":"publish","type":"page","link":"https:\/\/www.exitfest.org\/es\/vip-gold","title":{"rendered":"VIP GOLD"},"content":{"rendered":"<div class=\"wpb-content-wrapper\"><p>[vc_row css=\u00bb.vc_custom_1585051946381{background-color: #000000 !important;}\u00bb][vc_column css=\u00bb.vc_custom_1624034950627{padding-top: 0px !important;}\u00bb][vc_row_inner el_class=\u00bbcontainer-single uk-container-center\u00bb css=\u00bb.vc_custom_1623421797518{margin-top: 50px !important;}\u00bb][vc_column_inner][vc_column_text css_animation=\u00bbfadeInUp\u00bb el_class=\u00bbintrotext\u00bb]<\/p>\n<h2><span style=\"color: #ffffff;\">\u00a1Sum\u00e9rgete en la experiencia VIP GOLD delEXIT Festival!<\/span><\/h2>\n<p>[\/vc_column_text][vc_column_text css_animation=\u00bbfadeInUp\u00bb css=\u00bb\u00bb el_class=\u00bbintrotext\u00bb]\u00a1Siente la energ\u00eda de EXIT Festival y sum\u00e9rgete en una experiencia de festival inolvidable e incomparable! Los Abonos VIP GOLD te llevar\u00e1n a zonas VIP GOLD especiales, donde tendr\u00e1s una vista perfecta de los dos escenarios m\u00e1s grandes de la Fortaleza Petrovaradin: \u00a1Tesla Universe y Dance Arena!<\/p>\n<p>Las Entradas y Abonos VIP GOLD ofrecen una comodidad incomparable y un trato VIP de primer nivel: disfruta de una gran variedad de comodidades, desde acceder al festival sin complicaciones, sin colas ni esperas, hasta una rica selecci\u00f3n de bebidas premium en un bar independiente y, por supuesto, disfrutar de las actuaciones de tus estrellas favoritas desde un punto de vista inigualable.<\/p>\n<p>*Si se excede la capacidad de una de las zonas VIP Gold, los visitantes con estos privilegios de acceso ser\u00e1n redirigidos a otras secciones de las zonas VIP Gold.[\/vc_column_text][vc_separator color=\u00bbcustom\u00bb border_width=\u00bb3&#8243; css_animation=\u00bbfadeIn\u00bb css=\u00bb.vc_custom_1623421505252{padding-top: 0px !important;}\u00bb accent_color=\u00bb#353535&#8243;][vc_gallery type=\u00bbnivo\u00bb interval=\u00bb3&#8243; images=\u00bb261259,261199,261139,261223,261247&#8243; img_size=\u00bbfull\u00bb][vc_separator color=\u00bbcustom\u00bb border_width=\u00bb3&#8243; css_animation=\u00bbfadeIn\u00bb css=\u00bb.vc_custom_1623421505252{padding-top: 0px !important;}\u00bb accent_color=\u00bb#353535&#8243;][vc_column_text css_animation=\u00bbfadeInUp\u00bb css=\u00bb\u00bb el_class=\u00bbintrotext\u00bb]<strong>Con un Abono VIP GOLD tienes derecho a los siguientes beneficios:<\/strong><\/p>\n<p>\u2022 Un lugar exclusivo para canjear tu resguardo VIP GOLD por la pulsera correspondiente del festival, lejos de las multitudes y las colas<br \/>\n\u2022 Entrada independiente al festival, lo que te permitir\u00e1 entrar de forma r\u00e1pida y sencilla<br \/>\n\u2022 Acceso a todas las zonas VIP GOLD del festival, que ofrecen una vista perfecta de los escenarios m\u00e1s destacados del festival: Tesla Universe y Dance Arena<br \/>\n\u2022 Las zonas VIP GOLD del festival incluyen una rica variedad de bebidas premium ofrecidas en un bar independiente, servicio r\u00e1pido y ba\u00f1os VIP con varias instalaciones sanitarias de calidad<br \/>\n\u2022 OFERTA ESPECIAL: Opci\u00f3n de reservar una cabina\/stand en la zona VIP GOLD de Dance Arena*[\/vc_column_text][vc_single_image image=\u00bb275248&#8243; img_size=\u00bbfull\u00bb onclick=\u00bblink_image\u00bb][vc_toggle title=\u00bbACCESO DIARIO VIP GOLD PARA EL FESTIVAL\u00bb style=\u00bbarrow\u00bb color=\u00bbwhite\u00bb]<span class=\"disclaimer-ulaznice\" style=\"color: #ffffff;\">\u2022 Te aconsejamos llegar temprano al festival para asegurar tu plaza, debido al aforo limitado de las zonas VIP<br \/>\n\u2022 Si el aforo est\u00e1 lleno, no nos hacemos responsables de la imposibilidad de acceder a las zonas VIP<br \/>\n\u2022 La entrada al festival es posible de 19:00h a las 03.00h<\/span>[\/vc_toggle][vc_toggle title=\u00bbENTRADA DIARIA VIP GOLD\u00bb style=\u00bbarrow\u00bb color=\u00bbwhite\u00bb]<span class=\"disclaimer-ulaznice\" style=\"color: #ffffff;\">\u2022 La entrada VIP de un d\u00eda es v\u00e1lida \u00fanicamente para el d\u00eda del festival especificado<br \/>\n\u2022 El visitante en la entrada del festival recibir\u00e1 una pulsera VIP GOLD especial<br \/>\n\u2022 Permite una entrada\/acceso al festival, desde las 19:00h a las 03.00h<br \/>\n\u2022 Te aconsejamos llegar temprano al festival debido al aforo limitado de las zonas VIP<br \/>\n\u2022 Si el aforo est\u00e1 lleno, no nos hacemos responsables de la imposibilidad de acceder a las zonas VIP<br \/>\n<\/span>[\/vc_toggle][vc_column_text css_animation=\u00bbfadeInUp\u00bb css=\u00bb\u00bb el_class=\u00bbintrotext\u00bb]Para obtener toda la informaci\u00f3n sobre reservaciones de cabinas\/stands y otras preferencias VIP exclusivos para el escenario Dance Arena, escr\u00edbenos a <a href=\"mailto:vip.experience@exitfest.org\">vip.experience@exitfest.org<\/a>.[\/vc_column_text][\/vc_column_inner][\/vc_row_inner][vc_row_inner content_placement=\u00bbmiddle\u00bb el_class=\u00bbcontainer-single uk-container-center\u00bb css=\u00bb.vc_custom_1624024749125{padding-top: 10px !important;}\u00bb][vc_column_inner css=\u00bb.vc_custom_1585055297030{padding-right: 0px !important;padding-left: 0px !important;}\u00bb][vc_column_text css_animation=\u00bbfadeInUp\u00bb el_class=\u00bbintrotext\u00bb]<em><strong>Consulta el mapa que ilustra la ubicaci\u00f3n de las zonas VIP GOLD:<\/strong><\/em>[\/vc_column_text][vc_single_image image=\u00bb281471&#8243; img_size=\u00bbfull\u00bb][\/vc_column_inner][\/vc_row_inner][vc_row_inner el_class=\u00bbcontainer-single uk-container-center\u00bb][vc_column_inner][vc_column_text css_animation=\u00bbfadeInUp\u00bb css=\u00bb\u00bb el_class=\u00bbintrotext\u00bb]<em><strong>VIP GOLD \u2013 Escenario Universo Tesla<\/strong><\/em><\/p>\n<p><strong>Ti\u00ebsto, DJ Snake, Sex Pistols &amp; Frank Carter, The Prodigy, I Hate Models, Lorenzo Raganzini, Paolo Ferrara, Trym, Bob Geldof &amp; The Boomtown Rats, Hurts, Loreen<\/strong>, y muchos m\u00e1s te est\u00e1n esperando del <strong>10 al 13 de julio en el escenario principal Tesla Universe<\/strong>. Con tu entrada VIP GOLD, disfruta de este line-up espectacular plagado de gigantes de la m\u00fasica con las mejores vistas al escenario principal, comodidad inigualable, tratamiento VIP premium, y \u00a1muchas m\u00e1s ventajas!.[\/vc_column_text][vc_separator color=\u00bbcustom\u00bb border_width=\u00bb3&#8243; css_animation=\u00bbfadeIn\u00bb css=\u00bb.vc_custom_1623421505252{padding-top: 0px !important;}\u00bb accent_color=\u00bb#353535&#8243;][vc_gallery type=\u00bbnivo\u00bb interval=\u00bb3&#8243; images=\u00bb261187,261211,261163,261235&#8243; img_size=\u00bbfull\u00bb][vc_separator color=\u00bbcustom\u00bb border_width=\u00bb3&#8243; css_animation=\u00bbfadeIn\u00bb css=\u00bb.vc_custom_1623421505252{padding-top: 0px !important;}\u00bb accent_color=\u00bb#353535&#8243;][vc_column_text css_animation=\u00bbfadeInUp\u00bb css=\u00bb\u00bb el_class=\u00bbintrotext\u00bb]<em><strong>VIP GOLD \u2013\u00a0Dance Arena<\/strong><\/em><\/p>\n<p><strong>Dance Arena<\/strong> es una peregrinaci\u00f3n imprescindible para cualquier amante de la electr\u00f3nica que se precie, los amaneceres sobre el gran foso de la fortaleza son uno de los momentos m\u00e1s m\u00e1gicos del festival. Mejora tu experiencia con las ventajas de la entrada VIP GOLD y disfruta de <strong>Eric Prydz, Indira Paganotto, Sara Landry, Amelie Lens, Nina Kraviz, Boris Brejcha, Yousuke Yukimatsu, Solomun, Mau P, Gigola, Tijana T, Lanna, Ogaz\u00f3n, Dyen, Nico Moreno<\/strong> y muchos m\u00e1s en el famoso <strong>templo de la m\u00fasica electr\u00f3nica de EXIT<\/strong>.[\/vc_column_text][vc_separator color=\u00bbcustom\u00bb border_width=\u00bb3&#8243; css_animation=\u00bbfadeIn\u00bb css=\u00bb.vc_custom_1623421505252{padding-top: 0px !important;}\u00bb accent_color=\u00bb#353535&#8243;][vc_gallery type=\u00bbnivo\u00bb interval=\u00bb3&#8243; images=\u00bb275284,275296,275308,275320,275272,261175&#8243; img_size=\u00bbfull\u00bb css=\u00bb\u00bb][vc_separator color=\u00bbcustom\u00bb border_width=\u00bb3&#8243; css_animation=\u00bbfadeIn\u00bb css=\u00bb.vc_custom_1623421505252{padding-top: 0px !important;}\u00bb accent_color=\u00bb#353535&#8243;][\/vc_column_inner][\/vc_row_inner][vc_row_inner el_class=\u00bbcontainer-single uk-container-center\u00bb css=\u00bb.vc_custom_1717758923081{padding-bottom: 50px !important;}\u00bb][vc_column_inner][vc_column_text css_animation=\u00bbfadeInUp\u00bb css=\u00bb\u00bb el_class=\u00bbintrotext\u00bb]<em><strong>Las cabinas en la zona VIP GOLD Platinum de Dance Arena brindan un nuevo nivel de comodidad<\/strong><\/em><\/p>\n<p>*Si buscas mejorar a\u00fan m\u00e1s tu experiencia en el festival, re\u00fane a tu equipo y reserva uno de las cabinas\/stand ubicados en las posiciones m\u00e1s atractivas dentro de la zona VIP GOLD en Dance Arena, \u00a1en la zona Platinum!<\/p>\n<p>La zona Platinum est\u00e1 ubicada en una colina frente al escenario. Ofrece, con diferencia, la mejor experiencia audiovisual de actuaciones de superestrellas de la m\u00fasica electr\u00f3nica en la pista de baile m\u00e1s grande del mundo: \u00a1el colosal Dance Arena!<\/p>\n<p>Una cabina\/stand tiene capacidad para 15 personas y s\u00f3lo es posible reservar una cabina\/stand completa, ya sea para los cuatro d\u00edas del festival o diariamente. El precio var\u00eda seg\u00fan la posici\u00f3n de la cabina, y el importe pagado se almacena en la tarjeta de pago EXIT Cashless de cada invitado para consumir bebidas dentro de la propia cabina o en cualquier otro punto de venta del festival.[\/vc_column_text][vc_btn title=\u00bb\u00a1ASEGURA TU PLAZA!\u00bb style=\u00bbcustom\u00bb custom_background=\u00bb#e30614&#8243; custom_text=\u00bb#ffffff\u00bb shape=\u00bbsquare\u00bb align=\u00bbcenter\u00bb css_animation=\u00bbfadeIn\u00bb button_block=\u00bbtrue\u00bb link=\u00bburl:mailto%3Avip.experience%40exitfest.org\u00bb][vc_column_text css_animation=\u00bbfadeInUp\u00bb css=\u00bb.vc_custom_1745585146370{padding-top: 20px !important;}\u00bb el_class=\u00bbintrotext\u00bb]<em><strong>Consulta el mapa que ilustra la zona VIP GOLD en la Dance Arena:<\/strong><\/em>[\/vc_column_text][vc_single_image image=\u00bb300015&#8243; img_size=\u00bbfull\u00bb css=\u00bb\u00bb][\/vc_column_inner][\/vc_row_inner][\/vc_column][\/vc_row][vc_row disable_element=\u00bbyes\u00bb][vc_column][vc_raw_html]JTNDYSUyMGNsYXNzJTNEJTIydWstYnV0dG9uJTIyJTIwdGl0bGUlM0QlMjIlMjIlMjBocmVmJTNEJTIyaHR0cHMlM0ElMkYlMkZ3d3cuZXhpdGZlc3Qub3JnJTJGdWxhem5pY2UlMkZzcmJpamElMkYlMjIlM0VLVVBJJTIwVklQJTIwVUxBWk5JQ0UlM0MlMkZhJTNF[\/vc_raw_html][\/vc_column][\/vc_row]<\/p>\n<\/div>","protected":false},"excerpt":{"rendered":"<p>[vc_row css=\u00bb.vc_custom_1585051946381{background-color: #000000 !important;}\u00bb][vc_column css=\u00bb.vc_custom_1624034950627{padding-top: 0px !important;}\u00bb][vc_row_inner el_class=\u00bbcontainer-single uk-container-center\u00bb css=\u00bb.vc_custom_1623421797518{margin-top: 50px !important;}\u00bb][vc_column_inner][vc_column_text css_animation=\u00bbfadeInUp\u00bb el_class=\u00bbintrotext\u00bb] \u00a1Sum\u00e9rgete en la experiencia VIP GOLD delEXIT Festival! [\/vc_column_text][vc_column_text css_animation=\u00bbfadeInUp\u00bb css=\u00bb\u00bb el_class=\u00bbintrotext\u00bb]\u00a1Siente la energ\u00eda de EXIT<\/p>\n","protected":false},"author":1,"featured_media":288938,"parent":0,"menu_order":99,"comment_status":"closed","ping_status":"closed","template":"page-with-hero.php","meta":{"_acf_changed":false,"footnotes":""},"class_list":["post-229308","page","type-page","status-publish","has-post-thumbnail","hentry"],"acf":[],"yoast_head":"<!-- This site is optimized with the Yoast SEO plugin v25.6 - https:\/\/yoast.com\/wordpress\/plugins\/seo\/ -->\n<title>VIP GOLD - EXIT Festival 2025<\/title>\n<meta name=\"description\" content=\"\u00a1Sum\u00e9rgete en la experiencia VIP GOLD delEXIT Festival!\" \/>\n<meta name=\"robots\" content=\"index, follow, max-snippet:-1, max-image-preview:large, max-video-preview:-1\" \/>\n<link rel=\"canonical\" href=\"https:\/\/www.exitfest.org\/es\/vip-gold\" \/>\n<meta property=\"og:locale\" content=\"es_ES\" \/>\n<meta property=\"og:type\" content=\"article\" \/>\n<meta property=\"og:title\" content=\"VIP GOLD - EXIT Festival 2025\" \/>\n<meta property=\"og:description\" content=\"\u00a1Sum\u00e9rgete en la experiencia VIP GOLD delEXIT Festival!\" \/>\n<meta property=\"og:url\" content=\"https:\/\/www.exitfest.org\/es\/vip-gold\" \/>\n<meta property=\"og:site_name\" content=\"EXIT Festival 2025\" \/>\n<meta property=\"article:publisher\" content=\"https:\/\/www.facebook.com\/exit.festival\" \/>\n<meta property=\"article:modified_time\" content=\"2025-07-08T10:58:30+00:00\" \/>\n<meta property=\"og:image\" content=\"https:\/\/www.exitfest.org\/wp-content\/uploads\/2024\/11\/state-of-exit-og-image-2025-exit.jpg\" \/>\n\t<meta property=\"og:image:width\" content=\"1920\" \/>\n\t<meta property=\"og:image:height\" content=\"1080\" \/>\n\t<meta property=\"og:image:type\" content=\"image\/jpeg\" \/>\n<meta name=\"twitter:card\" content=\"summary_large_image\" \/>\n<meta name=\"twitter:site\" content=\"@exitfestival\" \/>\n<script type=\"application\/ld+json\" class=\"yoast-schema-graph\">{\"@context\":\"https:\/\/schema.org\",\"@graph\":[{\"@type\":\"WebPage\",\"@id\":\"https:\/\/www.exitfest.org\/es\/vip-gold\",\"url\":\"https:\/\/www.exitfest.org\/es\/vip-gold\",\"name\":\"VIP GOLD - EXIT Festival 2025\",\"isPartOf\":{\"@id\":\"https:\/\/www.exitfest.org\/es#website\"},\"primaryImageOfPage\":{\"@id\":\"https:\/\/www.exitfest.org\/es\/vip-gold#primaryimage\"},\"image\":{\"@id\":\"https:\/\/www.exitfest.org\/es\/vip-gold#primaryimage\"},\"thumbnailUrl\":\"https:\/\/www.exitfest.org\/wp-content\/uploads\/2024\/11\/state-of-exit-og-image-2025-exit.jpg\",\"datePublished\":\"2021-06-11T14:29:56+00:00\",\"dateModified\":\"2025-07-08T10:58:30+00:00\",\"description\":\"\u00a1Sum\u00e9rgete en la experiencia VIP GOLD delEXIT Festival!\",\"breadcrumb\":{\"@id\":\"https:\/\/www.exitfest.org\/es\/vip-gold#breadcrumb\"},\"inLanguage\":\"es\",\"potentialAction\":[{\"@type\":\"ReadAction\",\"target\":[\"https:\/\/www.exitfest.org\/es\/vip-gold\"]}]},{\"@type\":\"ImageObject\",\"inLanguage\":\"es\",\"@id\":\"https:\/\/www.exitfest.org\/es\/vip-gold#primaryimage\",\"url\":\"https:\/\/www.exitfest.org\/wp-content\/uploads\/2024\/11\/state-of-exit-og-image-2025-exit.jpg\",\"contentUrl\":\"https:\/\/www.exitfest.org\/wp-content\/uploads\/2024\/11\/state-of-exit-og-image-2025-exit.jpg\",\"width\":1920,\"height\":1080,\"caption\":\"Hurt\"},{\"@type\":\"BreadcrumbList\",\"@id\":\"https:\/\/www.exitfest.org\/es\/vip-gold#breadcrumb\",\"itemListElement\":[{\"@type\":\"ListItem\",\"position\":1,\"name\":\"Po\u010detna\",\"item\":\"https:\/\/www.exitfest.org\/es\"},{\"@type\":\"ListItem\",\"position\":2,\"name\":\"VIP GOLD\"}]},{\"@type\":\"WebSite\",\"@id\":\"https:\/\/www.exitfest.org\/es#website\",\"url\":\"https:\/\/www.exitfest.org\/es\",\"name\":\"EXIT Festival 2025\",\"description\":\"\",\"publisher\":{\"@id\":\"https:\/\/www.exitfest.org\/es#organization\"},\"alternateName\":\"EXIT Festival\",\"potentialAction\":[{\"@type\":\"SearchAction\",\"target\":{\"@type\":\"EntryPoint\",\"urlTemplate\":\"https:\/\/www.exitfest.org\/es?s={search_term_string}\"},\"query-input\":{\"@type\":\"PropertyValueSpecification\",\"valueRequired\":true,\"valueName\":\"search_term_string\"}}],\"inLanguage\":\"es\"},{\"@type\":\"Organization\",\"@id\":\"https:\/\/www.exitfest.org\/es#organization\",\"name\":\"EXIT Festival\",\"alternateName\":\"EXIT\",\"url\":\"https:\/\/www.exitfest.org\/es\",\"logo\":{\"@type\":\"ImageObject\",\"inLanguage\":\"es\",\"@id\":\"https:\/\/www.exitfest.org\/es#\/schema\/logo\/image\/\",\"url\":\"https:\/\/www.exitfest.org\/wp-content\/uploads\/2023\/04\/exit-logo-696px.svg\",\"contentUrl\":\"https:\/\/www.exitfest.org\/wp-content\/uploads\/2023\/04\/exit-logo-696px.svg\",\"width\":1,\"height\":1,\"caption\":\"EXIT Festival\"},\"image\":{\"@id\":\"https:\/\/www.exitfest.org\/es#\/schema\/logo\/image\/\"},\"sameAs\":[\"https:\/\/www.facebook.com\/exit.festival\",\"https:\/\/x.com\/exitfestival\",\"https:\/\/instagram.com\/exitfestival\",\"https:\/\/www.linkedin.com\/company\/exit-festival\/\",\"https:\/\/www.youtube.com\/user\/EXITFestivalTV\",\"https:\/\/en.wikipedia.org\/wiki\/Exit_festival\",\"https:\/\/www.tiktok.com\/@exit_festival\",\"https:\/\/www.flickr.com\/photos\/exitfestival\",\"https:\/\/soundcloud.com\/exitfestival\",\"https:\/\/www.mixcloud.com\/exitfestival\/\",\"https:\/\/vb.me\/b827f5\",\"https:\/\/www.deezer.com\/en\/profile\/1441778382\",\"https:\/\/vk.com\/exitfestival\"]}]}<\/script>\n<!-- \/ Yoast SEO plugin. -->","yoast_head_json":{"title":"VIP GOLD - EXIT Festival 2025","description":"\u00a1Sum\u00e9rgete en la experiencia VIP GOLD delEXIT Festival!","robots":{"index":"index","follow":"follow","max-snippet":"max-snippet:-1","max-image-preview":"max-image-preview:large","max-video-preview":"max-video-preview:-1"},"canonical":"https:\/\/www.exitfest.org\/es\/vip-gold","og_locale":"es_ES","og_type":"article","og_title":"VIP GOLD - EXIT Festival 2025","og_description":"\u00a1Sum\u00e9rgete en la experiencia VIP GOLD delEXIT Festival!","og_url":"https:\/\/www.exitfest.org\/es\/vip-gold","og_site_name":"EXIT Festival 2025","article_publisher":"https:\/\/www.facebook.com\/exit.festival","article_modified_time":"2025-07-08T10:58:30+00:00","og_image":[{"width":1920,"height":1080,"url":"https:\/\/www.exitfest.org\/wp-content\/uploads\/2024\/11\/state-of-exit-og-image-2025-exit.jpg","type":"image\/jpeg"}],"twitter_card":"summary_large_image","twitter_site":"@exitfestival","schema":{"@context":"https:\/\/schema.org","@graph":[{"@type":"WebPage","@id":"https:\/\/www.exitfest.org\/es\/vip-gold","url":"https:\/\/www.exitfest.org\/es\/vip-gold","name":"VIP GOLD - EXIT Festival 2025","isPartOf":{"@id":"https:\/\/www.exitfest.org\/es#website"},"primaryImageOfPage":{"@id":"https:\/\/www.exitfest.org\/es\/vip-gold#primaryimage"},"image":{"@id":"https:\/\/www.exitfest.org\/es\/vip-gold#primaryimage"},"thumbnailUrl":"https:\/\/www.exitfest.org\/wp-content\/uploads\/2024\/11\/state-of-exit-og-image-2025-exit.jpg","datePublished":"2021-06-11T14:29:56+00:00","dateModified":"2025-07-08T10:58:30+00:00","description":"\u00a1Sum\u00e9rgete en la experiencia VIP GOLD delEXIT Festival!","breadcrumb":{"@id":"https:\/\/www.exitfest.org\/es\/vip-gold#breadcrumb"},"inLanguage":"es","potentialAction":[{"@type":"ReadAction","target":["https:\/\/www.exitfest.org\/es\/vip-gold"]}]},{"@type":"ImageObject","inLanguage":"es","@id":"https:\/\/www.exitfest.org\/es\/vip-gold#primaryimage","url":"https:\/\/www.exitfest.org\/wp-content\/uploads\/2024\/11\/state-of-exit-og-image-2025-exit.jpg","contentUrl":"https:\/\/www.exitfest.org\/wp-content\/uploads\/2024\/11\/state-of-exit-og-image-2025-exit.jpg","width":1920,"height":1080,"caption":"Hurt"},{"@type":"BreadcrumbList","@id":"https:\/\/www.exitfest.org\/es\/vip-gold#breadcrumb","itemListElement":[{"@type":"ListItem","position":1,"name":"Po\u010detna","item":"https:\/\/www.exitfest.org\/es"},{"@type":"ListItem","position":2,"name":"VIP GOLD"}]},{"@type":"WebSite","@id":"https:\/\/www.exitfest.org\/es#website","url":"https:\/\/www.exitfest.org\/es","name":"EXIT Festival 2025","description":"","publisher":{"@id":"https:\/\/www.exitfest.org\/es#organization"},"alternateName":"EXIT Festival","potentialAction":[{"@type":"SearchAction","target":{"@type":"EntryPoint","urlTemplate":"https:\/\/www.exitfest.org\/es?s={search_term_string}"},"query-input":{"@type":"PropertyValueSpecification","valueRequired":true,"valueName":"search_term_string"}}],"inLanguage":"es"},{"@type":"Organization","@id":"https:\/\/www.exitfest.org\/es#organization","name":"EXIT Festival","alternateName":"EXIT","url":"https:\/\/www.exitfest.org\/es","logo":{"@type":"ImageObject","inLanguage":"es","@id":"https:\/\/www.exitfest.org\/es#\/schema\/logo\/image\/","url":"https:\/\/www.exitfest.org\/wp-content\/uploads\/2023\/04\/exit-logo-696px.svg","contentUrl":"https:\/\/www.exitfest.org\/wp-content\/uploads\/2023\/04\/exit-logo-696px.svg","width":1,"height":1,"caption":"EXIT Festival"},"image":{"@id":"https:\/\/www.exitfest.org\/es#\/schema\/logo\/image\/"},"sameAs":["https:\/\/www.facebook.com\/exit.festival","https:\/\/x.com\/exitfestival","https:\/\/instagram.com\/exitfestival","https:\/\/www.linkedin.com\/company\/exit-festival\/","https:\/\/www.youtube.com\/user\/EXITFestivalTV","https:\/\/en.wikipedia.org\/wiki\/Exit_festival","https:\/\/www.tiktok.com\/@exit_festival","https:\/\/www.flickr.com\/photos\/exitfestival","https:\/\/soundcloud.com\/exitfestival","https:\/\/www.mixcloud.com\/exitfestival\/","https:\/\/vb.me\/b827f5","https:\/\/www.deezer.com\/en\/profile\/1441778382","https:\/\/vk.com\/exitfestival"]}]}},"_links":{"self":[{"href":"https:\/\/www.exitfest.org\/es\/wp-json\/wp\/v2\/pages\/229308","targetHints":{"allow":["GET"]}}],"collection":[{"href":"https:\/\/www.exitfest.org\/es\/wp-json\/wp\/v2\/pages"}],"about":[{"href":"https:\/\/www.exitfest.org\/es\/wp-json\/wp\/v2\/types\/page"}],"author":[{"embeddable":true,"href":"https:\/\/www.exitfest.org\/es\/wp-json\/wp\/v2\/users\/1"}],"replies":[{"embeddable":true,"href":"https:\/\/www.exitfest.org\/es\/wp-json\/wp\/v2\/comments?post=229308"}],"version-history":[{"count":10,"href":"https:\/\/www.exitfest.org\/es\/wp-json\/wp\/v2\/pages\/229308\/revisions"}],"predecessor-version":[{"id":300019,"href":"https:\/\/www.exitfest.org\/es\/wp-json\/wp\/v2\/pages\/229308\/revisions\/300019"}],"wp:featuredmedia":[{"embeddable":true,"href":"https:\/\/www.exitfest.org\/es\/wp-json\/wp\/v2\/media\/288938"}],"wp:attachment":[{"href":"https:\/\/www.exitfest.org\/es\/wp-json\/wp\/v2\/media?parent=229308"}],"curies":[{"name":"wp","href":"https:\/\/api.w.org\/{rel}","templated":true}]}}