{"id":229312,"date":"2020-07-21T12:58:05","date_gmt":"2020-07-21T10:58:05","guid":{"rendered":"https:\/\/www.exitfest.org\/location"},"modified":"2023-05-08T11:32:18","modified_gmt":"2023-05-08T09:32:18","slug":"location-es","status":"publish","type":"page","link":"https:\/\/www.exitfest.org\/es\/location-es","title":{"rendered":"Ubicaci\u00f3n"},"content":{"rendered":"<div class=\"wpb-content-wrapper\"><p>[vc_row el_class=\u00bbcontainer-single uk-container-center\u00bb css=\u00bb.vc_custom_1547721991391{padding-top: 40px !important;}\u00bb][vc_column css_animation=\u00bbnone\u00bb offset=\u00bbvc_col-lg-offset-2 vc_col-lg-8 vc_col-md-offset-2 vc_col-md-8&#8243;][vc_column_text css_animation=\u00bbnone\u00bb css=\u00bb.vc_custom_1675344317852{margin-bottom: 10px !important;}\u00bb]EXIT Festival tiene lugar cada mes de julio en Novi Sad, en la Fortaleza de Petrovaradin, considerada una de las mejores ubicaciones para festivales del mundo. Es un multigalardonado\u00a0festival internacional de m\u00fasica que durante el verano recibe a m\u00e1s de 1000 artistas en m\u00e1s de 40 escenarios cada a\u00f1o.[\/vc_column_text][vc_empty_space height=\u00bb30px\u00bb bb_tab_container=\u00bb\u00bb][vc_column_text css_animation=\u00bbnone\u00bb css=\u00bb.vc_custom_1617895944190{margin-bottom: 10px !important;}\u00bb]<\/p>\n<h3>Novi Sad<\/h3>\n<p>[\/vc_column_text][vc_column_text css_animation=\u00bbnone\u00bb css=\u00bb.vc_custom_1675344364493{margin-bottom: 10px !important;}\u00bb]<strong>Novi Sad<\/strong> es la segunda ciudad m\u00e1s grande de Serbia y la capital de la Provincia Aut\u00f3noma de Vojvodina, con una poblaci\u00f3n de alrededor de 300.000 habitantes. Tambi\u00e9n es el<strong> hogar de EXIT Festival<\/strong>.[\/vc_column_text][vc_single_image image=\u00bb124021&#8243; img_size=\u00bbfull\u00bb alignment=\u00bbcenter\u00bb][vc_column_text css_animation=\u00bbnone\u00bb css=\u00bb.vc_custom_1675344446009{margin-bottom: 10px !important;}\u00bb]Con una <strong>fortaleza del siglo XVII<\/strong> ubicada en el r\u00edo Danubio y su rico patrimonio cultural e hist\u00f3rico y numerosos eventos de prestigio, Novi Sad tiene todas las cualidades de un centro tur\u00edstico moderno. Adem\u00e1s de EXIT Festival, su <strong>marca registrada de fama mundial<\/strong>, Novi Sad alberga instituciones culturales fundamentales de Serbia: Matica Srpska, Teatro Nacional de Serbia, Sterijino Pozorje, etc.[\/vc_column_text][vc_single_image image=\u00bb124028&#8243; img_size=\u00bbfull\u00bb alignment=\u00bbcenter\u00bb][vc_column_text css_animation=\u00bbnone\u00bb css=\u00bb.vc_custom_1675344610244{margin-bottom: 10px !important;}\u00bb]A lo largo de sus tres siglos de historia, Novi Sad ha sido conocida como una metr\u00f3polis multinacional y multicultural en miniatura. Aqu\u00ed, las diferencias se perciben y se nutren como una ventaja, por lo que EXIT Festival ha heredado de manera muy natural\u00a0el amor por la diversidad de la ciudad en la que naci\u00f3. La ciudad de Novi Sad ha sido la <strong>Capital Europea de la Cultura del a\u00f1o 2022<\/strong>.<\/p>\n<p>Adem\u00e1s de la m\u00e1gica Fortaleza de Petrovaradin, cuyas trincheras y recovecos descubrir\u00e1s durante el festival, Novi Sad ofrece <strong>numerosas atracciones tur\u00edsticas<\/strong> que te dar\u00e1n la energ\u00eda necesaria para esas largas noches de festival. Conoce m\u00e1s de Novi Sad <a href=\"https:\/\/www.exitfest.org\/es\/novi-sad\/\">aqu\u00ed<\/a>.[\/vc_column_text][vc_empty_space height=\u00bb30px\u00bb bb_tab_container=\u00bb\u00bb][vc_column_text css_animation=\u00bbnone\u00bb css=\u00bb.vc_custom_1675344647234{margin-bottom: 10px !important;}\u00bb]<\/p>\n<h3>Fortaleza Petrovaradin<\/h3>\n<p>[\/vc_column_text][vc_column_text css_animation=\u00bbnone\u00bb css=\u00bb.vc_custom_1675344780301{margin-bottom: 10px !important;}\u00bb]La ubicaci\u00f3n \u00fanica de EXIT Festival tiene una historia vibrante. A saber, hist\u00f3ricamente la <strong>Fortaleza de Petrovaradin<\/strong>\u00a0ha sido parte del poderoso Imperio Romano, el Reino de Hungr\u00eda, el Imperio Otomano y la Monarqu\u00eda de los Habsburgo. La fortaleza fue construida y destruida repetidamente y ha tardado 88 a\u00f1os en alcanzar su forma actual. Es una de las pocas que se han conservado casi intactas, un ejemplo \u00fanico de arquitectura militar de la \u00e9poca de la Monarqu\u00eda de los Habsburgo.[\/vc_column_text][vc_single_image image=\u00bb124035&#8243; img_size=\u00bbfull\u00bb alignment=\u00bbcenter\u00bb][vc_column_text css_animation=\u00bbnone\u00bb css=\u00bb.vc_custom_1675344906905{margin-bottom: 10px !important;}\u00bb]Numerosas leyendas est\u00e1n asociadas con la Fortaleza de Petrovaradin y hoy en d\u00eda est\u00e1 adornada con numerosas instituciones culturales, eventos y s\u00edmbolos culturales. Puedes leer m\u00e1s sobre todas las cosas que han sobrevivido a la Fortaleza y por qu\u00e9 se la llam\u00f3 la Gibraltar del Danubio <a href=\"https:\/\/www.exitfest.org\/en\/petrovaradin-fortress\/\">aqu\u00ed<\/a>.[\/vc_column_text][vc_empty_space height=\u00bb30px\u00bb bb_tab_container=\u00bb\u00bb][vc_column_text css_animation=\u00bbnone\u00bb css=\u00bb.vc_custom_1675344923913{margin-bottom: 10px !important;}\u00bb]<\/p>\n<h3>Escenarios del festival<\/h3>\n<p>[\/vc_column_text][vc_column_text css_animation=\u00bbnone\u00bb css=\u00bb.vc_custom_1675344992996{margin-bottom: 10px !important;}\u00bb]Cada a\u00f1o, en m\u00e1s de <strong>40 escenarios y zonas diferentes<\/strong> ubicados dentro de los muros de la Fortaleza de Petrovaradin, EXIT Festival trae actuaciones de artistas de varios g\u00e9neros musicales a su audiencia\u00a0con una excelente producci\u00f3n.[\/vc_column_text][vc_single_image image=\u00bb124014&#8243; img_size=\u00bbfull\u00bb alignment=\u00bbcenter\u00bb][vc_column_text css_animation=\u00bbnone\u00bb css=\u00bb.vc_custom_1683538309694{margin-bottom: 10px !important;}\u00bb]En el coraz\u00f3n de la Fortaleza, con un ambiente impactante y una capacidad de m\u00e1s de 35.000 personas, el <strong>Gorki List Escenario Principal<\/strong> ha acogido a algunos de los nombres m\u00e1s importantes de la m\u00fasica rock, pop, hip-hop y house.<\/p>\n<p>Cada verano, los ojos de la escena mundial de la m\u00fasica electr\u00f3nica se fijan en el colosal <strong>mts Dance Arena<\/strong>, cuyos m\u00e1gicos amaneceres siempre son recordados por p\u00fablico y artistas.<\/p>\n<p>Las noches sin dormir est\u00e1n garantizadas en el escenario <strong>NSNS<\/strong>, trayendo la atm\u00f3sfera de los mejores clubes del mundo a la Fortaleza.<\/p>\n<p><strong>Fusion Stage<\/strong>, conocido por fusionar lo incompatible, es uno de los escenarios m\u00e1s grandes del festival y se considera un escenario que lo tiene todo.<\/p>\n<p>Si eres fan\u00e1tico del hardcore, metal, punk y todo tipo de subg\u00e9neros extremos, en <strong>Explosive Stage<\/strong> te espera un ambiente c\u00e1lido.<\/p>\n<p>La Fortaleza tambi\u00e9n tiene suficiente espacio para <strong>Gang<\/strong> <strong>Beats Stage<\/strong>, <strong>X-Bass Pit<\/strong>, <strong>Wenti Wadada Positive Vibrations Reggae Stage<\/strong>, <strong>Gaia Trance Stage<\/strong>, <strong>Latino Stage<\/strong> y muchos otros.<\/p>\n<p><em>Foto: equipo de fotograf\u00eda EXIT, Luka \u0160arac (Organizaci\u00f3n de Turismo de Serbia)<\/em>[\/vc_column_text][vc_empty_space height=\u00bb30px\u00bb bb_tab_container=\u00bb\u00bb][\/vc_column][\/vc_row]<\/p>\n<\/div>","protected":false},"excerpt":{"rendered":"<p>[vc_row el_class=\u00bbcontainer-single uk-container-center\u00bb css=\u00bb.vc_custom_1547721991391{padding-top: 40px !important;}\u00bb][vc_column css_animation=\u00bbnone\u00bb offset=\u00bbvc_col-lg-offset-2 vc_col-lg-8 vc_col-md-offset-2 vc_col-md-8&#8243;][vc_column_text css_animation=\u00bbnone\u00bb css=\u00bb.vc_custom_1675344317852{margin-bottom: 10px !important;}\u00bb]EXIT Festival tiene lugar cada mes de julio en Novi Sad, en la Fortaleza de Petrovaradin,<\/p>\n","protected":false},"author":1,"featured_media":124014,"parent":0,"menu_order":41,"comment_status":"closed","ping_status":"closed","template":"page-with-hero.php","meta":{"_acf_changed":false,"footnotes":""},"class_list":["post-229312","page","type-page","status-publish","has-post-thumbnail","hentry"],"acf":[],"yoast_head":"<!-- This site is optimized with the Yoast SEO plugin v25.6 - https:\/\/yoast.com\/wordpress\/plugins\/seo\/ -->\n<title>Ubicaci\u00f3n - EXIT Festival 2025<\/title>\n<meta name=\"description\" content=\"Ubicaci\u00f3n \u00fanica EXIT Festival - Fortaleza Petrovaradin, Novi Sad, Serbia\" \/>\n<meta name=\"robots\" content=\"index, follow, max-snippet:-1, max-image-preview:large, max-video-preview:-1\" \/>\n<link rel=\"canonical\" href=\"https:\/\/www.exitfest.org\/es\/location-es\" \/>\n<meta property=\"og:locale\" content=\"es_ES\" \/>\n<meta property=\"og:type\" content=\"article\" \/>\n<meta property=\"og:title\" content=\"Ubicaci\u00f3n - EXIT Festival 2025\" \/>\n<meta property=\"og:description\" content=\"Ubicaci\u00f3n \u00fanica EXIT Festival - Fortaleza Petrovaradin, Novi Sad, Serbia\" \/>\n<meta property=\"og:url\" content=\"https:\/\/www.exitfest.org\/es\/location-es\" \/>\n<meta property=\"og:site_name\" content=\"EXIT Festival 2025\" \/>\n<meta property=\"article:publisher\" content=\"https:\/\/www.facebook.com\/exit.festival\" \/>\n<meta property=\"article:modified_time\" content=\"2023-05-08T09:32:18+00:00\" \/>\n<meta property=\"og:image\" content=\"https:\/\/www.exitfest.org\/wp-content\/uploads\/2021\/04\/lokacija_04.jpg\" \/>\n\t<meta property=\"og:image:width\" content=\"1200\" \/>\n\t<meta property=\"og:image:height\" content=\"674\" \/>\n\t<meta property=\"og:image:type\" content=\"image\/jpeg\" \/>\n<meta name=\"twitter:card\" content=\"summary_large_image\" \/>\n<meta name=\"twitter:site\" content=\"@exitfestival\" \/>\n<script type=\"application\/ld+json\" class=\"yoast-schema-graph\">{\"@context\":\"https:\/\/schema.org\",\"@graph\":[{\"@type\":\"WebPage\",\"@id\":\"https:\/\/www.exitfest.org\/es\/location-es\",\"url\":\"https:\/\/www.exitfest.org\/es\/location-es\",\"name\":\"Ubicaci\u00f3n - EXIT Festival 2025\",\"isPartOf\":{\"@id\":\"https:\/\/www.exitfest.org\/es#website\"},\"primaryImageOfPage\":{\"@id\":\"https:\/\/www.exitfest.org\/es\/location-es#primaryimage\"},\"image\":{\"@id\":\"https:\/\/www.exitfest.org\/es\/location-es#primaryimage\"},\"thumbnailUrl\":\"https:\/\/www.exitfest.org\/wp-content\/uploads\/2021\/04\/lokacija_04.jpg\",\"datePublished\":\"2020-07-21T10:58:05+00:00\",\"dateModified\":\"2023-05-08T09:32:18+00:00\",\"description\":\"Ubicaci\u00f3n \u00fanica EXIT Festival - Fortaleza Petrovaradin, Novi Sad, Serbia\",\"breadcrumb\":{\"@id\":\"https:\/\/www.exitfest.org\/es\/location-es#breadcrumb\"},\"inLanguage\":\"es\",\"potentialAction\":[{\"@type\":\"ReadAction\",\"target\":[\"https:\/\/www.exitfest.org\/es\/location-es\"]}]},{\"@type\":\"ImageObject\",\"inLanguage\":\"es\",\"@id\":\"https:\/\/www.exitfest.org\/es\/location-es#primaryimage\",\"url\":\"https:\/\/www.exitfest.org\/wp-content\/uploads\/2021\/04\/lokacija_04.jpg\",\"contentUrl\":\"https:\/\/www.exitfest.org\/wp-content\/uploads\/2021\/04\/lokacija_04.jpg\",\"width\":1200,\"height\":674,\"caption\":\"EXIT Festival lokacija\"},{\"@type\":\"BreadcrumbList\",\"@id\":\"https:\/\/www.exitfest.org\/es\/location-es#breadcrumb\",\"itemListElement\":[{\"@type\":\"ListItem\",\"position\":1,\"name\":\"Po\u010detna\",\"item\":\"https:\/\/www.exitfest.org\/es\"},{\"@type\":\"ListItem\",\"position\":2,\"name\":\"Ubicaci\u00f3n\"}]},{\"@type\":\"WebSite\",\"@id\":\"https:\/\/www.exitfest.org\/es#website\",\"url\":\"https:\/\/www.exitfest.org\/es\",\"name\":\"EXIT Festival 2025\",\"description\":\"\",\"publisher\":{\"@id\":\"https:\/\/www.exitfest.org\/es#organization\"},\"alternateName\":\"EXIT Festival\",\"potentialAction\":[{\"@type\":\"SearchAction\",\"target\":{\"@type\":\"EntryPoint\",\"urlTemplate\":\"https:\/\/www.exitfest.org\/es?s={search_term_string}\"},\"query-input\":{\"@type\":\"PropertyValueSpecification\",\"valueRequired\":true,\"valueName\":\"search_term_string\"}}],\"inLanguage\":\"es\"},{\"@type\":\"Organization\",\"@id\":\"https:\/\/www.exitfest.org\/es#organization\",\"name\":\"EXIT Festival\",\"alternateName\":\"EXIT\",\"url\":\"https:\/\/www.exitfest.org\/es\",\"logo\":{\"@type\":\"ImageObject\",\"inLanguage\":\"es\",\"@id\":\"https:\/\/www.exitfest.org\/es#\/schema\/logo\/image\/\",\"url\":\"https:\/\/www.exitfest.org\/wp-content\/uploads\/2023\/04\/exit-logo-696px.svg\",\"contentUrl\":\"https:\/\/www.exitfest.org\/wp-content\/uploads\/2023\/04\/exit-logo-696px.svg\",\"width\":1,\"height\":1,\"caption\":\"EXIT Festival\"},\"image\":{\"@id\":\"https:\/\/www.exitfest.org\/es#\/schema\/logo\/image\/\"},\"sameAs\":[\"https:\/\/www.facebook.com\/exit.festival\",\"https:\/\/x.com\/exitfestival\",\"https:\/\/instagram.com\/exitfestival\",\"https:\/\/www.linkedin.com\/company\/exit-festival\/\",\"https:\/\/www.youtube.com\/user\/EXITFestivalTV\",\"https:\/\/en.wikipedia.org\/wiki\/Exit_festival\",\"https:\/\/www.tiktok.com\/@exit_festival\",\"https:\/\/www.flickr.com\/photos\/exitfestival\",\"https:\/\/soundcloud.com\/exitfestival\",\"https:\/\/www.mixcloud.com\/exitfestival\/\",\"https:\/\/vb.me\/b827f5\",\"https:\/\/www.deezer.com\/en\/profile\/1441778382\",\"https:\/\/vk.com\/exitfestival\"]}]}<\/script>\n<!-- \/ Yoast SEO plugin. -->","yoast_head_json":{"title":"Ubicaci\u00f3n - EXIT Festival 2025","description":"Ubicaci\u00f3n \u00fanica EXIT Festival - Fortaleza Petrovaradin, Novi Sad, Serbia","robots":{"index":"index","follow":"follow","max-snippet":"max-snippet:-1","max-image-preview":"max-image-preview:large","max-video-preview":"max-video-preview:-1"},"canonical":"https:\/\/www.exitfest.org\/es\/location-es","og_locale":"es_ES","og_type":"article","og_title":"Ubicaci\u00f3n - EXIT Festival 2025","og_description":"Ubicaci\u00f3n \u00fanica EXIT Festival - Fortaleza Petrovaradin, Novi Sad, Serbia","og_url":"https:\/\/www.exitfest.org\/es\/location-es","og_site_name":"EXIT Festival 2025","article_publisher":"https:\/\/www.facebook.com\/exit.festival","article_modified_time":"2023-05-08T09:32:18+00:00","og_image":[{"width":1200,"height":674,"url":"https:\/\/www.exitfest.org\/wp-content\/uploads\/2021\/04\/lokacija_04.jpg","type":"image\/jpeg"}],"twitter_card":"summary_large_image","twitter_site":"@exitfestival","schema":{"@context":"https:\/\/schema.org","@graph":[{"@type":"WebPage","@id":"https:\/\/www.exitfest.org\/es\/location-es","url":"https:\/\/www.exitfest.org\/es\/location-es","name":"Ubicaci\u00f3n - EXIT Festival 2025","isPartOf":{"@id":"https:\/\/www.exitfest.org\/es#website"},"primaryImageOfPage":{"@id":"https:\/\/www.exitfest.org\/es\/location-es#primaryimage"},"image":{"@id":"https:\/\/www.exitfest.org\/es\/location-es#primaryimage"},"thumbnailUrl":"https:\/\/www.exitfest.org\/wp-content\/uploads\/2021\/04\/lokacija_04.jpg","datePublished":"2020-07-21T10:58:05+00:00","dateModified":"2023-05-08T09:32:18+00:00","description":"Ubicaci\u00f3n \u00fanica EXIT Festival - Fortaleza Petrovaradin, Novi Sad, Serbia","breadcrumb":{"@id":"https:\/\/www.exitfest.org\/es\/location-es#breadcrumb"},"inLanguage":"es","potentialAction":[{"@type":"ReadAction","target":["https:\/\/www.exitfest.org\/es\/location-es"]}]},{"@type":"ImageObject","inLanguage":"es","@id":"https:\/\/www.exitfest.org\/es\/location-es#primaryimage","url":"https:\/\/www.exitfest.org\/wp-content\/uploads\/2021\/04\/lokacija_04.jpg","contentUrl":"https:\/\/www.exitfest.org\/wp-content\/uploads\/2021\/04\/lokacija_04.jpg","width":1200,"height":674,"caption":"EXIT Festival lokacija"},{"@type":"BreadcrumbList","@id":"https:\/\/www.exitfest.org\/es\/location-es#breadcrumb","itemListElement":[{"@type":"ListItem","position":1,"name":"Po\u010detna","item":"https:\/\/www.exitfest.org\/es"},{"@type":"ListItem","position":2,"name":"Ubicaci\u00f3n"}]},{"@type":"WebSite","@id":"https:\/\/www.exitfest.org\/es#website","url":"https:\/\/www.exitfest.org\/es","name":"EXIT Festival 2025","description":"","publisher":{"@id":"https:\/\/www.exitfest.org\/es#organization"},"alternateName":"EXIT Festival","potentialAction":[{"@type":"SearchAction","target":{"@type":"EntryPoint","urlTemplate":"https:\/\/www.exitfest.org\/es?s={search_term_string}"},"query-input":{"@type":"PropertyValueSpecification","valueRequired":true,"valueName":"search_term_string"}}],"inLanguage":"es"},{"@type":"Organization","@id":"https:\/\/www.exitfest.org\/es#organization","name":"EXIT Festival","alternateName":"EXIT","url":"https:\/\/www.exitfest.org\/es","logo":{"@type":"ImageObject","inLanguage":"es","@id":"https:\/\/www.exitfest.org\/es#\/schema\/logo\/image\/","url":"https:\/\/www.exitfest.org\/wp-content\/uploads\/2023\/04\/exit-logo-696px.svg","contentUrl":"https:\/\/www.exitfest.org\/wp-content\/uploads\/2023\/04\/exit-logo-696px.svg","width":1,"height":1,"caption":"EXIT Festival"},"image":{"@id":"https:\/\/www.exitfest.org\/es#\/schema\/logo\/image\/"},"sameAs":["https:\/\/www.facebook.com\/exit.festival","https:\/\/x.com\/exitfestival","https:\/\/instagram.com\/exitfestival","https:\/\/www.linkedin.com\/company\/exit-festival\/","https:\/\/www.youtube.com\/user\/EXITFestivalTV","https:\/\/en.wikipedia.org\/wiki\/Exit_festival","https:\/\/www.tiktok.com\/@exit_festival","https:\/\/www.flickr.com\/photos\/exitfestival","https:\/\/soundcloud.com\/exitfestival","https:\/\/www.mixcloud.com\/exitfestival\/","https:\/\/vb.me\/b827f5","https:\/\/www.deezer.com\/en\/profile\/1441778382","https:\/\/vk.com\/exitfestival"]}]}},"_links":{"self":[{"href":"https:\/\/www.exitfest.org\/es\/wp-json\/wp\/v2\/pages\/229312","targetHints":{"allow":["GET"]}}],"collection":[{"href":"https:\/\/www.exitfest.org\/es\/wp-json\/wp\/v2\/pages"}],"about":[{"href":"https:\/\/www.exitfest.org\/es\/wp-json\/wp\/v2\/types\/page"}],"author":[{"embeddable":true,"href":"https:\/\/www.exitfest.org\/es\/wp-json\/wp\/v2\/users\/1"}],"replies":[{"embeddable":true,"href":"https:\/\/www.exitfest.org\/es\/wp-json\/wp\/v2\/comments?post=229312"}],"version-history":[{"count":1,"href":"https:\/\/www.exitfest.org\/es\/wp-json\/wp\/v2\/pages\/229312\/revisions"}],"predecessor-version":[{"id":247430,"href":"https:\/\/www.exitfest.org\/es\/wp-json\/wp\/v2\/pages\/229312\/revisions\/247430"}],"wp:featuredmedia":[{"embeddable":true,"href":"https:\/\/www.exitfest.org\/es\/wp-json\/wp\/v2\/media\/124014"}],"wp:attachment":[{"href":"https:\/\/www.exitfest.org\/es\/wp-json\/wp\/v2\/media?parent=229312"}],"curies":[{"name":"wp","href":"https:\/\/api.w.org\/{rel}","templated":true}]}}