{"id":229321,"date":"2021-03-18T13:40:01","date_gmt":"2021-03-18T12:40:01","guid":{"rendered":"https:\/\/www.exitfest.org\/pachamama"},"modified":"2024-10-24T11:34:47","modified_gmt":"2024-10-24T09:34:47","slug":"pachamama-es","status":"publish","type":"page","link":"https:\/\/www.exitfest.org\/es\/pachamama-es","title":{"rendered":"Pachamama"},"content":{"rendered":"<div class=\"wpb-content-wrapper\"><p>[vc_row][vc_column width=\u00bb1\/6&#8243;][\/vc_column][vc_column width=\u00bb2\/3&#8243;][vc_row_inner][vc_column_inner offset=\u00bbvc_hidden-sm vc_hidden-xs\u00bb][vc_single_image image=\u00bb121522&#8243; img_size=\u00bbfull\u00bb alignment=\u00bbcenter\u00bb css=\u00bb.vc_custom_1614250257428{margin-top: 0px !important;}\u00bb][\/vc_column_inner][\/vc_row_inner][vc_row_inner][vc_column_inner offset=\u00bbvc_hidden-lg vc_hidden-md\u00bb][vc_single_image image=\u00bb121516&#8243; img_size=\u00bbfull\u00bb alignment=\u00bbcenter\u00bb css=\u00bb.vc_custom_1614250268645{margin-top: 0px !important;}\u00bb][\/vc_column_inner][\/vc_row_inner][\/vc_column][vc_column width=\u00bb1\/6&#8243;][\/vc_column][\/vc_row][vc_row el_class=\u00bbcontainer uk-container-center\u00bb css=\u00bb.vc_custom_1571480718405{margin-top: 40px !important;margin-bottom: 0px !important;}\u00bb][vc_column width=\u00bb1\/6&#8243;][\/vc_column][vc_column width=\u00bb2\/3&#8243; css=\u00bb.vc_custom_1571393170012{margin-top: 0px !important;padding-top: 0px !important;}\u00bb][vc_column_text css=\u00bb.vc_custom_1675440603471{margin-bottom: 0px !important;padding-bottom: 0px !important;}\u00bb bbvcedo_x_large_csstypo=\u00bb.bb_custom_1571480599827{font-size:70px!important;font-weight:700!important;text-transform:initial!important;}\u00bb bbvcedo_large_csstypo=\u00bb.bb_custom_1571480599828{font-size:70px!important;font-weight:700!important;text-transform:initial!important;}\u00bb bbvcedo_medium_csstypo=\u00bb.bb_custom_1571480599828{font-size:70px!important;font-weight:700!important;text-transform:initial!important;}\u00bb bbvcedo_small_csstypo=\u00bb.bb_custom_1571480599829{font-size:60px!important;font-weight:700!important;text-transform:initial!important;}\u00bb]<\/p>\n<h1 class=\"title\">Un oasis de paz en el festival<\/h1>\n<p>[\/vc_column_text][vc_empty_space height=\u00bb40px\u00bb][vc_column_text css=\u00bb.vc_custom_1675440575094{margin-bottom: 0px !important;padding-bottom: 0px !important;}\u00bb bbvcedo_x_large_csstypo=\u00bb.bb_custom_1571480599827{font-size:70px!important;font-weight:700!important;text-transform:initial!important;}\u00bb bbvcedo_large_csstypo=\u00bb.bb_custom_1571480599828{font-size:70px!important;font-weight:700!important;text-transform:initial!important;}\u00bb bbvcedo_medium_csstypo=\u00bb.bb_custom_1571480599828{font-size:70px!important;font-weight:700!important;text-transform:initial!important;}\u00bb bbvcedo_small_csstypo=\u00bb.bb_custom_1571480599829{font-size:60px!important;font-weight:700!important;text-transform:initial!important;}\u00bb]<\/p>\n<h2 class=\"title\">\u00a1Conoce el escenario y la zona Pachamama de EXIT Festival!<\/h2>\n<p>[\/vc_column_text][vc_empty_space height=\u00bb40px\u00bb][\/vc_column][vc_column width=\u00bb1\/6&#8243;][\/vc_column][\/vc_row][vc_row el_class=\u00bbcontainer uk-container-center\u00bb css=\u00bb.vc_custom_1571393234918{padding-bottom: 20px !important;}\u00bb][vc_column width=\u00bb1\/6&#8243; css=\u00bb.vc_custom_1562152709803{padding-top: 20px !important;}\u00bb][\/vc_column][vc_column width=\u00bb2\/3&#8243;][vc_column_text el_class=\u00bbtext\u00bb]<strong>EXIT Festival<\/strong> es un evento ideal para un escenario \u00fanico como <strong>Pachamama<\/strong>, ya que es uno de los pocos festivales de m\u00fasica nacidos de un <strong>movimiento de libertad<\/strong> con una fuerte misi\u00f3n social que se mantiene hasta el d\u00eda de hoy, al mismo tiempo que ostenta la posici\u00f3n de ser de uno de los mejores festivales de m\u00fasica de Europa y del mundo.[\/vc_column_text][\/vc_column][vc_column width=\u00bb1\/6&#8243;][\/vc_column][\/vc_row][vc_row el_class=\u00bbcontainer uk-container-center\u00bb css=\u00bb.vc_custom_1571393234918{padding-bottom: 20px !important;}\u00bb][vc_column width=\u00bb1\/6&#8243; css=\u00bb.vc_custom_1562152709803{padding-top: 20px !important;}\u00bb][\/vc_column][vc_column width=\u00bb2\/3&#8243;][vc_single_image image=\u00bb121540&#8243; img_size=\u00bbfull\u00bb alignment=\u00bbcenter\u00bb][\/vc_column][vc_column width=\u00bb1\/6&#8243;][\/vc_column][\/vc_row][vc_row el_class=\u00bbcontainer uk-container-center\u00bb css=\u00bb.vc_custom_1571393234918{padding-bottom: 20px !important;}\u00bb][vc_column width=\u00bb1\/6&#8243; css=\u00bb.vc_custom_1562152709803{padding-top: 20px !important;}\u00bb][\/vc_column][vc_column width=\u00bb2\/3&#8243;][vc_column_text el_class=\u00bbtext\u00bb]El siguiente paso en la misi\u00f3n de EXIT fue la celebraci\u00f3n del 20 aniversario del festival en julio de 2021, despu\u00e9s de un a\u00f1o que ha afectado profundamente a la sociedad en su conjunto. Es en ese ambiente donde las personas <strong>recurren cada vez m\u00e1s a nuevos valores, se conectan con la naturaleza y el planeta a trav\u00e9s del trabajo de s\u00ed mismos y la meditaci\u00f3n<\/strong>, y esa es la esencia de la Pachamama.[\/vc_column_text][\/vc_column][vc_column width=\u00bb1\/6&#8243;][\/vc_column][\/vc_row][vc_row el_class=\u00bbcontainer uk-container-center\u00bb css=\u00bb.vc_custom_1571393234918{padding-bottom: 20px !important;}\u00bb][vc_column width=\u00bb1\/6&#8243; css=\u00bb.vc_custom_1562152709803{padding-top: 20px !important;}\u00bb][\/vc_column][vc_column width=\u00bb2\/3&#8243;][vc_gallery type=\u00bbflexslider_slide\u00bb interval=\u00bb3&#8243; images=\u00bb143381,143388,143395,143402,143409,143416,143423,143430,143437,143444,143451,143458,143465,143472,143479&#8243; img_size=\u00bblarge\u00bb onclick=\u00bbimg_link_large\u00bb custom_links_target=\u00bb_blank\u00bb css_animation=\u00bbfadeIn\u00bb][\/vc_column][vc_column width=\u00bb1\/6&#8243;][\/vc_column][\/vc_row][vc_row el_class=\u00bbcontainer uk-container-center\u00bb css=\u00bb.vc_custom_1571393234918{padding-bottom: 20px !important;}\u00bb][vc_column width=\u00bb1\/6&#8243; css=\u00bb.vc_custom_1562152709803{padding-top: 20px !important;}\u00bb][\/vc_column][vc_column width=\u00bb2\/3&#8243;][vc_column_text el_class=\u00bbtext\u00bb]Celebrando su quinto a\u00f1o en EXIT, el escenario Pachamama manifiesta una nueva forma de vida y re\u00fane a personas de todo el mundo, <strong>creando un campo de energ\u00eda \u00fanico y colorido<\/strong>. Este oasis de paz en el festival de la Fortaleza de Petrovaradin ha sido dise\u00f1ado para inspirar y promover la tolerancia, as\u00ed como permitir a los visitantes tener una experiencia inolvidable, encontrando las <strong>vibraciones de instrumentos antiguos<\/strong> como tambores cham\u00e1nicos y africanos, gongs tibetanos y planetarios, didgeridoos, as\u00ed como canciones hind\u00faes Kirtan y Bhajan. Esta etapa evoca <strong>un sentido de comunidad<\/strong>, llena de contenidos interesantes e interactivos <strong>celebrando la naturaleza, la armon\u00eda, la consciencia plena y el amor<\/strong>.[\/vc_column_text][\/vc_column][vc_column width=\u00bb1\/6&#8243;][\/vc_column][\/vc_row][vc_row el_class=\u00bbcontainer uk-container-center\u00bb css=\u00bb.vc_custom_1571393234918{padding-bottom: 20px !important;}\u00bb][vc_column width=\u00bb1\/6&#8243; css=\u00bb.vc_custom_1562152709803{padding-top: 20px !important;}\u00bb][\/vc_column][vc_column width=\u00bb2\/3&#8243;][vc_gallery type=\u00bbflexslider_slide\u00bb interval=\u00bb3&#8243; images=\u00bb121546,121552,121558,121564,121570,121576,121582,121588,121594,121600,121606,121612,121618,121624,121630&#8243; img_size=\u00bblarge\u00bb onclick=\u00bbimg_link_large\u00bb custom_links_target=\u00bb_blank\u00bb css_animation=\u00bbfadeIn\u00bb][\/vc_column][vc_column width=\u00bb1\/6&#8243;][\/vc_column][\/vc_row][vc_row el_class=\u00bbcontainer uk-container-center\u00bb css=\u00bb.vc_custom_1571393234918{padding-bottom: 20px !important;}\u00bb][vc_column width=\u00bb1\/6&#8243; css=\u00bb.vc_custom_1562152709803{padding-top: 20px !important;}\u00bb][\/vc_column][vc_column width=\u00bb2\/3&#8243;][vc_column_text el_class=\u00bbtext\u00bb]El esp\u00edritu de la Pachamama tambi\u00e9n vivi\u00f3 en 2020, cuando Life Stream se llev\u00f3 a cabo en la Fortaleza de Petrovaradin, en apoyo del Programa Mundial de Alimentos de la ONU, la organizaci\u00f3n humanitaria m\u00e1s grande del mundo. Este proyecto global que marc\u00f3 la temporada de festivales de 2020 se llev\u00f3 a cabo del 3 al 6 de septiembre para una audiencia limitada, con actuaciones introductorias de Pachamama cada noche, que sorprendieron con espect\u00e1culos \u00fanicos y en\u00e9rgicos.[\/vc_column_text][\/vc_column][vc_column width=\u00bb1\/6&#8243;][\/vc_column][\/vc_row][vc_row el_class=\u00bbcontainer uk-container-center\u00bb css=\u00bb.vc_custom_1571393234918{padding-bottom: 20px !important;}\u00bb][vc_column width=\u00bb1\/6&#8243; css=\u00bb.vc_custom_1562152709803{padding-top: 20px !important;}\u00bb][\/vc_column][vc_column width=\u00bb2\/3&#8243;][vc_gallery type=\u00bbflexslider_slide\u00bb interval=\u00bb3&#8243; images=\u00bb122699,122705,122711,122717,122723,122729,122735,122741,122747,122753,122759,122765,122771,122777,122783&#8243; img_size=\u00bblarge\u00bb onclick=\u00bbimg_link_large\u00bb custom_links_target=\u00bb_blank\u00bb css_animation=\u00bbfadeIn\u00bb][\/vc_column][vc_column width=\u00bb1\/6&#8243;][\/vc_column][\/vc_row][vc_row el_class=\u00bbcontainer uk-container-center\u00bb css=\u00bb.vc_custom_1571393234918{padding-bottom: 20px !important;}\u00bb][vc_column width=\u00bb1\/6&#8243; css=\u00bb.vc_custom_1562152709803{padding-top: 20px !important;}\u00bb][\/vc_column][vc_column width=\u00bb2\/3&#8243;][vc_column_text el_class=\u00bbtext\u00bb]<strong>Pacha Mamma<\/strong> o <strong>Madre Tierra<\/strong> representa un estilo de vida alternativo. Es un lugar que re\u00fane a j\u00f3venes dedicados a la preservaci\u00f3n del medio ambiente. Es un lugar para la expresi\u00f3n creativa, la energ\u00eda positiva y el amor libre. Es un lugar de celebraci\u00f3n de la vida. Los artistas tienen la oportunidad de mostrar sus habilidades en relaci\u00f3n a la <strong>relajaci\u00f3n de la mente, el cuerpo y el esp\u00edritu<\/strong> mientras utilizan instrumentos que ofrecen una experiencia curativa, as\u00ed como sentimientos vibrantes y vivos.<\/p>\n<p>Sigue a Pachamama en <a href=\"https:\/\/www.facebook.com\/pachamamawellbeing\"><strong>Facebook<\/strong><\/a><br \/>\nSigue a Pachamama en <a href=\"https:\/\/www.instagram.com\/pachamama.newearth\/\"><strong>Instagram<\/strong><\/a>[\/vc_column_text][\/vc_column][vc_column width=\u00bb1\/6&#8243;][\/vc_column][\/vc_row][vc_row css=\u00bb.vc_custom_1571393563600{margin-top: 0px !important;}\u00bb el_class=\u00bbcontainer uk-container-center\u00bb][vc_column][vc_column_text]<\/p>\n<div class=\"borderseparator\"><\/div>\n<p>[\/vc_column_text][\/vc_column][\/vc_row]<\/p>\n<\/div>","protected":false},"excerpt":{"rendered":"<p>[vc_row][vc_column width=\u00bb1\/6&#8243;][\/vc_column][vc_column width=\u00bb2\/3&#8243;][vc_row_inner][vc_column_inner offset=\u00bbvc_hidden-sm vc_hidden-xs\u00bb][vc_single_image image=\u00bb121522&#8243; img_size=\u00bbfull\u00bb alignment=\u00bbcenter\u00bb css=\u00bb.vc_custom_1614250257428{margin-top: 0px !important;}\u00bb][\/vc_column_inner][\/vc_row_inner][vc_row_inner][vc_column_inner offset=\u00bbvc_hidden-lg vc_hidden-md\u00bb][vc_single_image image=\u00bb121516&#8243; img_size=\u00bbfull\u00bb alignment=\u00bbcenter\u00bb css=\u00bb.vc_custom_1614250268645{margin-top: 0px !important;}\u00bb][\/vc_column_inner][\/vc_row_inner][\/vc_column][vc_column width=\u00bb1\/6&#8243;][\/vc_column][\/vc_row][vc_row el_class=\u00bbcontainer uk-container-center\u00bb css=\u00bb.vc_custom_1571480718405{margin-top: 40px !important;margin-bottom: 0px !important;}\u00bb][vc_column width=\u00bb1\/6&#8243;][\/vc_column][vc_column width=\u00bb2\/3&#8243; css=\u00bb.vc_custom_1571393170012{margin-top:<\/p>\n","protected":false},"author":1,"featured_media":121522,"parent":0,"menu_order":10,"comment_status":"closed","ping_status":"closed","template":"","meta":{"_acf_changed":false,"footnotes":""},"class_list":["post-229321","page","type-page","status-publish","has-post-thumbnail","hentry"],"acf":[],"yoast_head":"<!-- This site is optimized with the Yoast SEO plugin v25.6 - https:\/\/yoast.com\/wordpress\/plugins\/seo\/ -->\n<title>Pachamama - EXIT Festival 2025<\/title>\n<meta name=\"description\" content=\"Escenario Pachamama - El oasis de paz de EXIT Festival - experimenta una atm\u00f3sfera \u00fanica y convi\u00e9rtete en un artista\" \/>\n<meta name=\"robots\" content=\"index, follow, max-snippet:-1, max-image-preview:large, max-video-preview:-1\" \/>\n<link rel=\"canonical\" href=\"https:\/\/www.exitfest.org\/es\/pachamama-es\" \/>\n<meta property=\"og:locale\" content=\"es_ES\" \/>\n<meta property=\"og:type\" content=\"article\" \/>\n<meta property=\"og:title\" content=\"Pachamama - EXIT Festival 2025\" \/>\n<meta property=\"og:description\" content=\"Escenario Pachamama - El oasis de paz de EXIT Festival - experimenta una atm\u00f3sfera \u00fanica y convi\u00e9rtete en un artista\" \/>\n<meta property=\"og:url\" content=\"https:\/\/www.exitfest.org\/es\/pachamama-es\" \/>\n<meta property=\"og:site_name\" content=\"EXIT Festival 2025\" \/>\n<meta property=\"article:publisher\" content=\"https:\/\/www.facebook.com\/exit.festival\" \/>\n<meta property=\"article:modified_time\" content=\"2024-10-24T09:34:47+00:00\" \/>\n<meta property=\"og:image\" content=\"https:\/\/www.exitfest.org\/wp-content\/uploads\/2021\/02\/pachamama-1200x630-1.jpg\" \/>\n\t<meta property=\"og:image:width\" content=\"1200\" \/>\n\t<meta property=\"og:image:height\" content=\"630\" \/>\n\t<meta property=\"og:image:type\" content=\"image\/jpeg\" \/>\n<meta name=\"twitter:card\" content=\"summary_large_image\" \/>\n<meta name=\"twitter:site\" content=\"@exitfestival\" \/>\n<script type=\"application\/ld+json\" class=\"yoast-schema-graph\">{\"@context\":\"https:\/\/schema.org\",\"@graph\":[{\"@type\":\"WebPage\",\"@id\":\"https:\/\/www.exitfest.org\/es\/pachamama-es\",\"url\":\"https:\/\/www.exitfest.org\/es\/pachamama-es\",\"name\":\"Pachamama - EXIT Festival 2025\",\"isPartOf\":{\"@id\":\"https:\/\/www.exitfest.org\/es#website\"},\"primaryImageOfPage\":{\"@id\":\"https:\/\/www.exitfest.org\/es\/pachamama-es#primaryimage\"},\"image\":{\"@id\":\"https:\/\/www.exitfest.org\/es\/pachamama-es#primaryimage\"},\"thumbnailUrl\":\"https:\/\/www.exitfest.org\/wp-content\/uploads\/2021\/02\/pachamama-1200x630-1.jpg\",\"datePublished\":\"2021-03-18T12:40:01+00:00\",\"dateModified\":\"2024-10-24T09:34:47+00:00\",\"description\":\"Escenario Pachamama - El oasis de paz de EXIT Festival - experimenta una atm\u00f3sfera \u00fanica y convi\u00e9rtete en un artista\",\"breadcrumb\":{\"@id\":\"https:\/\/www.exitfest.org\/es\/pachamama-es#breadcrumb\"},\"inLanguage\":\"es\",\"potentialAction\":[{\"@type\":\"ReadAction\",\"target\":[\"https:\/\/www.exitfest.org\/es\/pachamama-es\"]}]},{\"@type\":\"ImageObject\",\"inLanguage\":\"es\",\"@id\":\"https:\/\/www.exitfest.org\/es\/pachamama-es#primaryimage\",\"url\":\"https:\/\/www.exitfest.org\/wp-content\/uploads\/2021\/02\/pachamama-1200x630-1.jpg\",\"contentUrl\":\"https:\/\/www.exitfest.org\/wp-content\/uploads\/2021\/02\/pachamama-1200x630-1.jpg\",\"width\":1200,\"height\":630,\"caption\":\"Pachamama bina\"},{\"@type\":\"BreadcrumbList\",\"@id\":\"https:\/\/www.exitfest.org\/es\/pachamama-es#breadcrumb\",\"itemListElement\":[{\"@type\":\"ListItem\",\"position\":1,\"name\":\"Po\u010detna\",\"item\":\"https:\/\/www.exitfest.org\/es\"},{\"@type\":\"ListItem\",\"position\":2,\"name\":\"Pachamama\"}]},{\"@type\":\"WebSite\",\"@id\":\"https:\/\/www.exitfest.org\/es#website\",\"url\":\"https:\/\/www.exitfest.org\/es\",\"name\":\"EXIT Festival 2025\",\"description\":\"\",\"publisher\":{\"@id\":\"https:\/\/www.exitfest.org\/es#organization\"},\"alternateName\":\"EXIT Festival\",\"potentialAction\":[{\"@type\":\"SearchAction\",\"target\":{\"@type\":\"EntryPoint\",\"urlTemplate\":\"https:\/\/www.exitfest.org\/es?s={search_term_string}\"},\"query-input\":{\"@type\":\"PropertyValueSpecification\",\"valueRequired\":true,\"valueName\":\"search_term_string\"}}],\"inLanguage\":\"es\"},{\"@type\":\"Organization\",\"@id\":\"https:\/\/www.exitfest.org\/es#organization\",\"name\":\"EXIT Festival\",\"alternateName\":\"EXIT\",\"url\":\"https:\/\/www.exitfest.org\/es\",\"logo\":{\"@type\":\"ImageObject\",\"inLanguage\":\"es\",\"@id\":\"https:\/\/www.exitfest.org\/es#\/schema\/logo\/image\/\",\"url\":\"https:\/\/www.exitfest.org\/wp-content\/uploads\/2023\/04\/exit-logo-696px.svg\",\"contentUrl\":\"https:\/\/www.exitfest.org\/wp-content\/uploads\/2023\/04\/exit-logo-696px.svg\",\"width\":1,\"height\":1,\"caption\":\"EXIT Festival\"},\"image\":{\"@id\":\"https:\/\/www.exitfest.org\/es#\/schema\/logo\/image\/\"},\"sameAs\":[\"https:\/\/www.facebook.com\/exit.festival\",\"https:\/\/x.com\/exitfestival\",\"https:\/\/instagram.com\/exitfestival\",\"https:\/\/www.linkedin.com\/company\/exit-festival\/\",\"https:\/\/www.youtube.com\/user\/EXITFestivalTV\",\"https:\/\/en.wikipedia.org\/wiki\/Exit_festival\",\"https:\/\/www.tiktok.com\/@exit_festival\",\"https:\/\/www.flickr.com\/photos\/exitfestival\",\"https:\/\/soundcloud.com\/exitfestival\",\"https:\/\/www.mixcloud.com\/exitfestival\/\",\"https:\/\/vb.me\/b827f5\",\"https:\/\/www.deezer.com\/en\/profile\/1441778382\",\"https:\/\/vk.com\/exitfestival\"]}]}<\/script>\n<!-- \/ Yoast SEO plugin. -->","yoast_head_json":{"title":"Pachamama - EXIT Festival 2025","description":"Escenario Pachamama - El oasis de paz de EXIT Festival - experimenta una atm\u00f3sfera \u00fanica y convi\u00e9rtete en un artista","robots":{"index":"index","follow":"follow","max-snippet":"max-snippet:-1","max-image-preview":"max-image-preview:large","max-video-preview":"max-video-preview:-1"},"canonical":"https:\/\/www.exitfest.org\/es\/pachamama-es","og_locale":"es_ES","og_type":"article","og_title":"Pachamama - EXIT Festival 2025","og_description":"Escenario Pachamama - El oasis de paz de EXIT Festival - experimenta una atm\u00f3sfera \u00fanica y convi\u00e9rtete en un artista","og_url":"https:\/\/www.exitfest.org\/es\/pachamama-es","og_site_name":"EXIT Festival 2025","article_publisher":"https:\/\/www.facebook.com\/exit.festival","article_modified_time":"2024-10-24T09:34:47+00:00","og_image":[{"width":1200,"height":630,"url":"https:\/\/www.exitfest.org\/wp-content\/uploads\/2021\/02\/pachamama-1200x630-1.jpg","type":"image\/jpeg"}],"twitter_card":"summary_large_image","twitter_site":"@exitfestival","schema":{"@context":"https:\/\/schema.org","@graph":[{"@type":"WebPage","@id":"https:\/\/www.exitfest.org\/es\/pachamama-es","url":"https:\/\/www.exitfest.org\/es\/pachamama-es","name":"Pachamama - EXIT Festival 2025","isPartOf":{"@id":"https:\/\/www.exitfest.org\/es#website"},"primaryImageOfPage":{"@id":"https:\/\/www.exitfest.org\/es\/pachamama-es#primaryimage"},"image":{"@id":"https:\/\/www.exitfest.org\/es\/pachamama-es#primaryimage"},"thumbnailUrl":"https:\/\/www.exitfest.org\/wp-content\/uploads\/2021\/02\/pachamama-1200x630-1.jpg","datePublished":"2021-03-18T12:40:01+00:00","dateModified":"2024-10-24T09:34:47+00:00","description":"Escenario Pachamama - El oasis de paz de EXIT Festival - experimenta una atm\u00f3sfera \u00fanica y convi\u00e9rtete en un artista","breadcrumb":{"@id":"https:\/\/www.exitfest.org\/es\/pachamama-es#breadcrumb"},"inLanguage":"es","potentialAction":[{"@type":"ReadAction","target":["https:\/\/www.exitfest.org\/es\/pachamama-es"]}]},{"@type":"ImageObject","inLanguage":"es","@id":"https:\/\/www.exitfest.org\/es\/pachamama-es#primaryimage","url":"https:\/\/www.exitfest.org\/wp-content\/uploads\/2021\/02\/pachamama-1200x630-1.jpg","contentUrl":"https:\/\/www.exitfest.org\/wp-content\/uploads\/2021\/02\/pachamama-1200x630-1.jpg","width":1200,"height":630,"caption":"Pachamama bina"},{"@type":"BreadcrumbList","@id":"https:\/\/www.exitfest.org\/es\/pachamama-es#breadcrumb","itemListElement":[{"@type":"ListItem","position":1,"name":"Po\u010detna","item":"https:\/\/www.exitfest.org\/es"},{"@type":"ListItem","position":2,"name":"Pachamama"}]},{"@type":"WebSite","@id":"https:\/\/www.exitfest.org\/es#website","url":"https:\/\/www.exitfest.org\/es","name":"EXIT Festival 2025","description":"","publisher":{"@id":"https:\/\/www.exitfest.org\/es#organization"},"alternateName":"EXIT Festival","potentialAction":[{"@type":"SearchAction","target":{"@type":"EntryPoint","urlTemplate":"https:\/\/www.exitfest.org\/es?s={search_term_string}"},"query-input":{"@type":"PropertyValueSpecification","valueRequired":true,"valueName":"search_term_string"}}],"inLanguage":"es"},{"@type":"Organization","@id":"https:\/\/www.exitfest.org\/es#organization","name":"EXIT Festival","alternateName":"EXIT","url":"https:\/\/www.exitfest.org\/es","logo":{"@type":"ImageObject","inLanguage":"es","@id":"https:\/\/www.exitfest.org\/es#\/schema\/logo\/image\/","url":"https:\/\/www.exitfest.org\/wp-content\/uploads\/2023\/04\/exit-logo-696px.svg","contentUrl":"https:\/\/www.exitfest.org\/wp-content\/uploads\/2023\/04\/exit-logo-696px.svg","width":1,"height":1,"caption":"EXIT Festival"},"image":{"@id":"https:\/\/www.exitfest.org\/es#\/schema\/logo\/image\/"},"sameAs":["https:\/\/www.facebook.com\/exit.festival","https:\/\/x.com\/exitfestival","https:\/\/instagram.com\/exitfestival","https:\/\/www.linkedin.com\/company\/exit-festival\/","https:\/\/www.youtube.com\/user\/EXITFestivalTV","https:\/\/en.wikipedia.org\/wiki\/Exit_festival","https:\/\/www.tiktok.com\/@exit_festival","https:\/\/www.flickr.com\/photos\/exitfestival","https:\/\/soundcloud.com\/exitfestival","https:\/\/www.mixcloud.com\/exitfestival\/","https:\/\/vb.me\/b827f5","https:\/\/www.deezer.com\/en\/profile\/1441778382","https:\/\/vk.com\/exitfestival"]}]}},"_links":{"self":[{"href":"https:\/\/www.exitfest.org\/es\/wp-json\/wp\/v2\/pages\/229321","targetHints":{"allow":["GET"]}}],"collection":[{"href":"https:\/\/www.exitfest.org\/es\/wp-json\/wp\/v2\/pages"}],"about":[{"href":"https:\/\/www.exitfest.org\/es\/wp-json\/wp\/v2\/types\/page"}],"author":[{"embeddable":true,"href":"https:\/\/www.exitfest.org\/es\/wp-json\/wp\/v2\/users\/1"}],"replies":[{"embeddable":true,"href":"https:\/\/www.exitfest.org\/es\/wp-json\/wp\/v2\/comments?post=229321"}],"version-history":[{"count":2,"href":"https:\/\/www.exitfest.org\/es\/wp-json\/wp\/v2\/pages\/229321\/revisions"}],"predecessor-version":[{"id":294170,"href":"https:\/\/www.exitfest.org\/es\/wp-json\/wp\/v2\/pages\/229321\/revisions\/294170"}],"wp:featuredmedia":[{"embeddable":true,"href":"https:\/\/www.exitfest.org\/es\/wp-json\/wp\/v2\/media\/121522"}],"wp:attachment":[{"href":"https:\/\/www.exitfest.org\/es\/wp-json\/wp\/v2\/media?parent=229321"}],"curies":[{"name":"wp","href":"https:\/\/api.w.org\/{rel}","templated":true}]}}