{"id":89960,"date":"2019-12-17T16:37:09","date_gmt":"2019-12-17T15:37:09","guid":{"rendered":"https:\/\/www.exitfest.org\/?page_id=89960"},"modified":"2023-08-03T15:01:13","modified_gmt":"2023-08-03T13:01:13","slug":"familia-exit","status":"publish","type":"page","link":"https:\/\/www.exitfest.org\/es\/familia-exit","title":{"rendered":"Familia EXIT"},"content":{"rendered":"<div class=\"wpb-content-wrapper\"><p>[vc_row css=\u00bb.vc_custom_1574388919132{margin-top: 0px !important;margin-bottom: 0px !important;padding-top: 0px !important;padding-bottom: 0px !important;}\u00bb el_id=\u00bbexit-family-visuals\u00bb][vc_column css=\u00bb.vc_custom_1574387632199{margin-top: 0px !important;margin-bottom: 0px !important;padding-top: 0px !important;padding-bottom: 0px !important;}\u00bb offset=\u00bbvc_hidden-xs\u00bb][vc_single_image image=\u00bb258648&#8243; img_size=\u00bbfull\u00bb alignment=\u00bbcenter\u00bb css_animation=\u00bbappear\u00bb css=\u00bb.vc_custom_1691067608048{margin-top: 0px !important;margin-bottom: 0px !important;padding-top: 0px !important;padding-bottom: 0px !important;}\u00bb][\/vc_column][vc_column offset=\u00bbvc_hidden-lg vc_hidden-md vc_hidden-sm\u00bb css=\u00bb.vc_custom_1574387709496{margin-top: 0px !important;padding-top: 0px !important;}\u00bb][vc_single_image image=\u00bb258661&#8243; img_size=\u00bbfull\u00bb alignment=\u00bbcenter\u00bb css_animation=\u00bbfadeIn\u00bb css=\u00bb.vc_custom_1691067636845{margin-top: 0px !important;margin-bottom: 0px !important;padding-top: 0px !important;padding-bottom: 0px !important;}\u00bb][\/vc_column][vc_column css=\u00bb.vc_custom_1574389182022{padding-top: 10px !important;background-color: #fccf41 !important;}\u00bb][vc_raw_html css=\u00bb.vc_custom_1574389120763{background-position: center !important;background-repeat: no-repeat !important;background-size: cover !important;}\u00bb]JTNDY2VudGVyJTNFJTNDZGl2JTIwY2xhc3MlM0QlMjJhcnJvdyUyMGJvdW5jZSUyMiUzRSUwQSUzQ2ElMjBocmVmJTNEJTIyJTIzZXhpdC1mYW1pbHktbWFpbiUyMiUyMGNsYXNzJTNEJTIyZmElMjBmYS1jaGV2cm9uLWRvd24lMjBmYS0yeCUyMiUzRSUzQyUyRmElM0UlMEElM0MlMkZkaXYlM0UlM0MlMkZjZW50ZXIlM0U=[\/vc_raw_html][\/vc_column][\/vc_row][vc_row parallax=\u00bbcontent-moving\u00bb parallax_image=\u00bb88980&#8243; css_animation=\u00bbbottom-to-top\u00bb css=\u00bb.vc_custom_1574387872581{padding-top: 6% !important;padding-right: 3% !important;padding-bottom: 5% !important;padding-left: 3% !important;background-color: #454e9e !important;}\u00bb el_id=\u00bbexit-family-main\u00bb][vc_column css=\u00bb.vc_custom_1521739765008{padding-top: 0px !important;}\u00bb][vc_row_inner el_class=\u00bbcontainer-single uk-container-center uk-text-invert\u00bb el_id=\u00bbexit_family\u00bb][vc_column_inner][vc_column_text css_animation=\u00bbbottom-to-top\u00bb bbvcedo_x_large_csstypo=\u00bb.bb_custom_1550487862642{font-size:70px!important;}\u00bb bbvcedo_large_csstypo=\u00bb.bb_custom_1550487862642{font-size:50px!important;}\u00bb bbvcedo_medium_csstypo=\u00bb.bb_custom_1550487862642{font-size:50px!important;}\u00bb bbvcedo_small_csstypo=\u00bb.bb_custom_1550487862642{font-size:50px!important;}\u00bb css=\u00bb.vc_custom_1631700475708{margin-bottom: 10px !important;}\u00bb]<\/p>\n<h2 class=\"headline\" style=\"text-align: center;\">\u00a16 festivales,<br \/>\n6 ubicaciones incre\u00edbles<br \/>\nen 5 pa\u00edses!<\/h2>\n<p>[\/vc_column_text][vc_separator color=\u00bbcustom\u00bb border_width=\u00bb3&#8243; el_width=\u00bb20&#8243; css_animation=\u00bbleft-to-right\u00bb accent_color=\u00bb#fccf41&#8243; css=\u00bb.vc_custom_1574349664369{margin-top: 0px !important;margin-bottom: 0px !important;padding-top: 20px !important;padding-bottom: 40px !important;}\u00bb][\/vc_column_inner][\/vc_row_inner][vc_row_inner el_class=\u00bbcontainer-single uk-container-center uk-text-invert\u00bb el_id=\u00bbexit_family_text\u00bb][vc_column_inner][vc_column_text css_animation=\u00bbfadeIn\u00bb bbvcedo_x_large_csstypo=\u00bb.bb_custom_1571911559747{line-height:1.4em!important;font-size:24px!important;}\u00bb bbvcedo_large_csstypo=\u00bb.bb_custom_1571911559747{line-height:1.4em!important;font-size:24px!important;}\u00bb bbvcedo_medium_csstypo=\u00bb.bb_custom_1571911559748{line-height:1.4em!important;font-size:24px!important;}\u00bb bbvcedo_small_csstypo=\u00bb.bb_custom_1571911559748{line-height:1.4em!important;font-size:18px!important;}\u00bb bbvcedo_large_css=\u00bb.vc_custom_1571911567519{padding-right: 20px !important;padding-left: 20px !important;}\u00bb bb_tab_container=\u00bb\u00bb]<\/p>\n<p style=\"text-align: center;\"><strong>La Familia EXIT<\/strong> <strong>incluye seis eventos en seis ubicaciones diferentes e incre\u00edbles en cinco pa\u00edses de la regi\u00f3n de los Balcanes: Sea Star Festival<\/strong> en Umag (Croacia), <strong>EXIT Festival<\/strong> en Novi Sad (Serbia), <strong>Sunland Festival<\/strong> en Primorsko (Bulgaria), <strong>Revolution Festival<\/strong> en Timisoara (Rumania), <strong>Sea Dance Festival<\/strong> en Budva (Montenegro) y <strong>No Sleep Festival<\/strong> en Belgrado (Serbia).<\/p>\n<p>[\/vc_column_text][vc_column_text css_animation=\u00bbfadeIn\u00bb]<\/p>\n<p style=\"text-align: center;\">Bajo el lema simb\u00f3lico de <strong>EXIT 2.0<\/strong>, el equipo de EXIT <strong>marcar\u00e1 el inicio de su nueva era<\/strong>, anunciando numerosas innovaciones en todos los \u00e1mbitos de sus actividades. El hogar del festival EXIT, la fortaleza medieval de Petrovaradin, estar\u00e1 en el centro de la escena musical mundial en 2021, con m\u00e1s de 40 escenarios y zonas que albergar\u00e1n a algunas de las estrellas m\u00e1s importantes de la m\u00fasica actual. Adem\u00e1s tambi\u00e9n har\u00e1n una parada en la fortaleza varias actuaciones seleccionadas de las dos \u00faltimas d\u00e9cadas de EXIT, que han logrado un lugar firme en la historia del festival.<\/p>\n<p>[\/vc_column_text][\/vc_column_inner][\/vc_row_inner][\/vc_column][\/vc_row][vc_row content_placement=\u00bbmiddle\u00bb css=\u00bb.vc_custom_1574350812475{padding-top: 6% !important;padding-bottom: 5% !important;}\u00bb][vc_column][vc_row_inner el_class=\u00bbcontainer-single uk-container-center\u00bb][vc_column_inner][vc_empty_space height=\u00bb40px\u00bb][vc_column_text css_animation=\u00bbbottom-to-top\u00bb bbvcedo_x_large_csstypo=\u00bb.bb_custom_1550487862642{font-size:70px!important;}\u00bb bbvcedo_large_csstypo=\u00bb.bb_custom_1550487862642{font-size:50px!important;}\u00bb bbvcedo_medium_csstypo=\u00bb.bb_custom_1550487862642{font-size:50px!important;}\u00bb bbvcedo_small_csstypo=\u00bb.bb_custom_1550487862642{font-size:50px!important;}\u00bb css=\u00bb.vc_custom_1576597462026{margin-bottom: 10px !important;}\u00bb]<\/p>\n<h2 class=\"headline-invert\" style=\"text-align: center;\">Festivales de la Familia EXIT:<\/h2>\n<p>[\/vc_column_text][vc_separator color=\u00bbcustom\u00bb border_width=\u00bb3&#8243; el_width=\u00bb20&#8243; css_animation=\u00bbleft-to-right\u00bb accent_color=\u00bb#fccf41&#8243; css=\u00bb.vc_custom_1594203108692{margin-top: 0px !important;margin-bottom: 0px !important;padding-top: 20px !important;padding-bottom: 20px !important;}\u00bb][vc_raw_html]JTVCdmNfZXhpdF9mZXN0aXZhbHNfaW50cm8lNUQlNUJ2Y19leGl0X2Zlc3RpdmFscyU1RA==[\/vc_raw_html][\/vc_column_inner][\/vc_row_inner][\/vc_column][\/vc_row][vc_row css=\u00bb.vc_custom_1574340199354{padding-bottom: 3% !important;}\u00bb][vc_column][vc_row_inner el_class=\u00bbcontainer-single uk-container-center\u00bb][vc_column_inner][vc_empty_space height=\u00bb50px\u00bb][vc_column_text css_animation=\u00bbbottom-to-top\u00bb]<\/p>\n<p style=\"text-align: center;\">Para cualquier consulta, cont\u00e1ctanos en ingl\u00e9s en <a style=\"border-bottom: 3px solid #e30613;\" href=\"mailto:answerme@exitfest.org\">answerme@exitfest.org.<\/a><\/p>\n<p>[\/vc_column_text][vc_empty_space height=\u00bb50px\u00bb][\/vc_column_inner][\/vc_row_inner][\/vc_column][\/vc_row]<\/p>\n<\/div>","protected":false},"excerpt":{"rendered":"<p>[vc_row css=\u00bb.vc_custom_1574388919132{margin-top: 0px !important;margin-bottom: 0px !important;padding-top: 0px !important;padding-bottom: 0px !important;}\u00bb el_id=\u00bbexit-family-visuals\u00bb][vc_column css=\u00bb.vc_custom_1574387632199{margin-top: 0px !important;margin-bottom: 0px !important;padding-top: 0px !important;padding-bottom: 0px !important;}\u00bb offset=\u00bbvc_hidden-xs\u00bb][vc_single_image image=\u00bb258648&#8243; img_size=\u00bbfull\u00bb alignment=\u00bbcenter\u00bb css_animation=\u00bbappear\u00bb css=\u00bb.vc_custom_1691067608048{margin-top: 0px !important;margin-bottom: 0px !important;padding-top:<\/p>\n","protected":false},"author":1,"featured_media":0,"parent":0,"menu_order":55,"comment_status":"closed","ping_status":"closed","template":"","meta":{"_acf_changed":false,"footnotes":""},"class_list":["post-89960","page","type-page","status-publish","hentry"],"acf":[],"yoast_head":"<!-- This site is optimized with the Yoast SEO plugin v25.6 - https:\/\/yoast.com\/wordpress\/plugins\/seo\/ -->\n<title>Familia EXIT - EXIT Festival 2025<\/title>\n<meta name=\"description\" content=\"La Familia EXIT incluye cinco eventos en cinco incre\u00edbles ubicaciones diferentes en cuatro pa\u00edses de la regi\u00f3n balc\u00e1nica. Bajo el simb\u00f3lico lema de EXIT 2.0, la organizaci\u00f3n de Exit marca el inicio de una nueva era, anunciando numerosas innovaciones en todas las \u00e1reas de sus actividades.\" \/>\n<meta name=\"robots\" content=\"index, follow, max-snippet:-1, max-image-preview:large, max-video-preview:-1\" \/>\n<link rel=\"canonical\" href=\"https:\/\/www.exitfest.org\/es\/familia-exit\" \/>\n<meta property=\"og:locale\" content=\"es_ES\" \/>\n<meta property=\"og:type\" content=\"article\" \/>\n<meta property=\"og:title\" content=\"Familia EXIT - EXIT Festival 2025\" \/>\n<meta property=\"og:description\" content=\"La Familia EXIT incluye cinco eventos en cinco incre\u00edbles ubicaciones diferentes en cuatro pa\u00edses de la regi\u00f3n balc\u00e1nica. Bajo el simb\u00f3lico lema de EXIT 2.0, la organizaci\u00f3n de Exit marca el inicio de una nueva era, anunciando numerosas innovaciones en todas las \u00e1reas de sus actividades.\" \/>\n<meta property=\"og:url\" content=\"https:\/\/www.exitfest.org\/es\/familia-exit\" \/>\n<meta property=\"og:site_name\" content=\"EXIT Festival 2025\" \/>\n<meta property=\"article:publisher\" content=\"https:\/\/www.facebook.com\/exit.festival\" \/>\n<meta property=\"article:modified_time\" content=\"2023-08-03T13:01:13+00:00\" \/>\n<meta property=\"og:image\" content=\"https:\/\/www.exitfest.org\/wp-content\/uploads\/2024\/11\/state-of-exit-og-image-2025-exit.jpg\" \/>\n\t<meta property=\"og:image:width\" content=\"1920\" \/>\n\t<meta property=\"og:image:height\" content=\"1080\" \/>\n\t<meta property=\"og:image:type\" content=\"image\/jpeg\" \/>\n<meta name=\"twitter:card\" content=\"summary_large_image\" \/>\n<meta name=\"twitter:site\" content=\"@exitfestival\" \/>\n<script type=\"application\/ld+json\" class=\"yoast-schema-graph\">{\"@context\":\"https:\/\/schema.org\",\"@graph\":[{\"@type\":\"WebPage\",\"@id\":\"https:\/\/www.exitfest.org\/es\/familia-exit\",\"url\":\"https:\/\/www.exitfest.org\/es\/familia-exit\",\"name\":\"Familia EXIT - EXIT Festival 2025\",\"isPartOf\":{\"@id\":\"https:\/\/www.exitfest.org\/es#website\"},\"datePublished\":\"2019-12-17T15:37:09+00:00\",\"dateModified\":\"2023-08-03T13:01:13+00:00\",\"description\":\"La Familia EXIT incluye cinco eventos en cinco incre\u00edbles ubicaciones diferentes en cuatro pa\u00edses de la regi\u00f3n balc\u00e1nica. Bajo el simb\u00f3lico lema de EXIT 2.0, la organizaci\u00f3n de Exit marca el inicio de una nueva era, anunciando numerosas innovaciones en todas las \u00e1reas de sus actividades.\",\"breadcrumb\":{\"@id\":\"https:\/\/www.exitfest.org\/es\/familia-exit#breadcrumb\"},\"inLanguage\":\"es\",\"potentialAction\":[{\"@type\":\"ReadAction\",\"target\":[\"https:\/\/www.exitfest.org\/es\/familia-exit\"]}]},{\"@type\":\"BreadcrumbList\",\"@id\":\"https:\/\/www.exitfest.org\/es\/familia-exit#breadcrumb\",\"itemListElement\":[{\"@type\":\"ListItem\",\"position\":1,\"name\":\"Po\u010detna\",\"item\":\"https:\/\/www.exitfest.org\/es\"},{\"@type\":\"ListItem\",\"position\":2,\"name\":\"Familia EXIT\"}]},{\"@type\":\"WebSite\",\"@id\":\"https:\/\/www.exitfest.org\/es#website\",\"url\":\"https:\/\/www.exitfest.org\/es\",\"name\":\"EXIT Festival 2025\",\"description\":\"\",\"publisher\":{\"@id\":\"https:\/\/www.exitfest.org\/es#organization\"},\"alternateName\":\"EXIT Festival\",\"potentialAction\":[{\"@type\":\"SearchAction\",\"target\":{\"@type\":\"EntryPoint\",\"urlTemplate\":\"https:\/\/www.exitfest.org\/es?s={search_term_string}\"},\"query-input\":{\"@type\":\"PropertyValueSpecification\",\"valueRequired\":true,\"valueName\":\"search_term_string\"}}],\"inLanguage\":\"es\"},{\"@type\":\"Organization\",\"@id\":\"https:\/\/www.exitfest.org\/es#organization\",\"name\":\"EXIT Festival\",\"alternateName\":\"EXIT\",\"url\":\"https:\/\/www.exitfest.org\/es\",\"logo\":{\"@type\":\"ImageObject\",\"inLanguage\":\"es\",\"@id\":\"https:\/\/www.exitfest.org\/es#\/schema\/logo\/image\/\",\"url\":\"https:\/\/www.exitfest.org\/wp-content\/uploads\/2023\/04\/exit-logo-696px.svg\",\"contentUrl\":\"https:\/\/www.exitfest.org\/wp-content\/uploads\/2023\/04\/exit-logo-696px.svg\",\"width\":1,\"height\":1,\"caption\":\"EXIT Festival\"},\"image\":{\"@id\":\"https:\/\/www.exitfest.org\/es#\/schema\/logo\/image\/\"},\"sameAs\":[\"https:\/\/www.facebook.com\/exit.festival\",\"https:\/\/x.com\/exitfestival\",\"https:\/\/instagram.com\/exitfestival\",\"https:\/\/www.linkedin.com\/company\/exit-festival\/\",\"https:\/\/www.youtube.com\/user\/EXITFestivalTV\",\"https:\/\/en.wikipedia.org\/wiki\/Exit_festival\",\"https:\/\/www.tiktok.com\/@exit_festival\",\"https:\/\/www.flickr.com\/photos\/exitfestival\",\"https:\/\/soundcloud.com\/exitfestival\",\"https:\/\/www.mixcloud.com\/exitfestival\/\",\"https:\/\/vb.me\/b827f5\",\"https:\/\/www.deezer.com\/en\/profile\/1441778382\",\"https:\/\/vk.com\/exitfestival\"]}]}<\/script>\n<!-- \/ Yoast SEO plugin. -->","yoast_head_json":{"title":"Familia EXIT - EXIT Festival 2025","description":"La Familia EXIT incluye cinco eventos en cinco incre\u00edbles ubicaciones diferentes en cuatro pa\u00edses de la regi\u00f3n balc\u00e1nica. Bajo el simb\u00f3lico lema de EXIT 2.0, la organizaci\u00f3n de Exit marca el inicio de una nueva era, anunciando numerosas innovaciones en todas las \u00e1reas de sus actividades.","robots":{"index":"index","follow":"follow","max-snippet":"max-snippet:-1","max-image-preview":"max-image-preview:large","max-video-preview":"max-video-preview:-1"},"canonical":"https:\/\/www.exitfest.org\/es\/familia-exit","og_locale":"es_ES","og_type":"article","og_title":"Familia EXIT - EXIT Festival 2025","og_description":"La Familia EXIT incluye cinco eventos en cinco incre\u00edbles ubicaciones diferentes en cuatro pa\u00edses de la regi\u00f3n balc\u00e1nica. Bajo el simb\u00f3lico lema de EXIT 2.0, la organizaci\u00f3n de Exit marca el inicio de una nueva era, anunciando numerosas innovaciones en todas las \u00e1reas de sus actividades.","og_url":"https:\/\/www.exitfest.org\/es\/familia-exit","og_site_name":"EXIT Festival 2025","article_publisher":"https:\/\/www.facebook.com\/exit.festival","article_modified_time":"2023-08-03T13:01:13+00:00","og_image":[{"width":1920,"height":1080,"url":"https:\/\/www.exitfest.org\/wp-content\/uploads\/2024\/11\/state-of-exit-og-image-2025-exit.jpg","type":"image\/jpeg"}],"twitter_card":"summary_large_image","twitter_site":"@exitfestival","schema":{"@context":"https:\/\/schema.org","@graph":[{"@type":"WebPage","@id":"https:\/\/www.exitfest.org\/es\/familia-exit","url":"https:\/\/www.exitfest.org\/es\/familia-exit","name":"Familia EXIT - EXIT Festival 2025","isPartOf":{"@id":"https:\/\/www.exitfest.org\/es#website"},"datePublished":"2019-12-17T15:37:09+00:00","dateModified":"2023-08-03T13:01:13+00:00","description":"La Familia EXIT incluye cinco eventos en cinco incre\u00edbles ubicaciones diferentes en cuatro pa\u00edses de la regi\u00f3n balc\u00e1nica. Bajo el simb\u00f3lico lema de EXIT 2.0, la organizaci\u00f3n de Exit marca el inicio de una nueva era, anunciando numerosas innovaciones en todas las \u00e1reas de sus actividades.","breadcrumb":{"@id":"https:\/\/www.exitfest.org\/es\/familia-exit#breadcrumb"},"inLanguage":"es","potentialAction":[{"@type":"ReadAction","target":["https:\/\/www.exitfest.org\/es\/familia-exit"]}]},{"@type":"BreadcrumbList","@id":"https:\/\/www.exitfest.org\/es\/familia-exit#breadcrumb","itemListElement":[{"@type":"ListItem","position":1,"name":"Po\u010detna","item":"https:\/\/www.exitfest.org\/es"},{"@type":"ListItem","position":2,"name":"Familia EXIT"}]},{"@type":"WebSite","@id":"https:\/\/www.exitfest.org\/es#website","url":"https:\/\/www.exitfest.org\/es","name":"EXIT Festival 2025","description":"","publisher":{"@id":"https:\/\/www.exitfest.org\/es#organization"},"alternateName":"EXIT Festival","potentialAction":[{"@type":"SearchAction","target":{"@type":"EntryPoint","urlTemplate":"https:\/\/www.exitfest.org\/es?s={search_term_string}"},"query-input":{"@type":"PropertyValueSpecification","valueRequired":true,"valueName":"search_term_string"}}],"inLanguage":"es"},{"@type":"Organization","@id":"https:\/\/www.exitfest.org\/es#organization","name":"EXIT Festival","alternateName":"EXIT","url":"https:\/\/www.exitfest.org\/es","logo":{"@type":"ImageObject","inLanguage":"es","@id":"https:\/\/www.exitfest.org\/es#\/schema\/logo\/image\/","url":"https:\/\/www.exitfest.org\/wp-content\/uploads\/2023\/04\/exit-logo-696px.svg","contentUrl":"https:\/\/www.exitfest.org\/wp-content\/uploads\/2023\/04\/exit-logo-696px.svg","width":1,"height":1,"caption":"EXIT Festival"},"image":{"@id":"https:\/\/www.exitfest.org\/es#\/schema\/logo\/image\/"},"sameAs":["https:\/\/www.facebook.com\/exit.festival","https:\/\/x.com\/exitfestival","https:\/\/instagram.com\/exitfestival","https:\/\/www.linkedin.com\/company\/exit-festival\/","https:\/\/www.youtube.com\/user\/EXITFestivalTV","https:\/\/en.wikipedia.org\/wiki\/Exit_festival","https:\/\/www.tiktok.com\/@exit_festival","https:\/\/www.flickr.com\/photos\/exitfestival","https:\/\/soundcloud.com\/exitfestival","https:\/\/www.mixcloud.com\/exitfestival\/","https:\/\/vb.me\/b827f5","https:\/\/www.deezer.com\/en\/profile\/1441778382","https:\/\/vk.com\/exitfestival"]}]}},"_links":{"self":[{"href":"https:\/\/www.exitfest.org\/es\/wp-json\/wp\/v2\/pages\/89960","targetHints":{"allow":["GET"]}}],"collection":[{"href":"https:\/\/www.exitfest.org\/es\/wp-json\/wp\/v2\/pages"}],"about":[{"href":"https:\/\/www.exitfest.org\/es\/wp-json\/wp\/v2\/types\/page"}],"author":[{"embeddable":true,"href":"https:\/\/www.exitfest.org\/es\/wp-json\/wp\/v2\/users\/1"}],"replies":[{"embeddable":true,"href":"https:\/\/www.exitfest.org\/es\/wp-json\/wp\/v2\/comments?post=89960"}],"version-history":[{"count":3,"href":"https:\/\/www.exitfest.org\/es\/wp-json\/wp\/v2\/pages\/89960\/revisions"}],"predecessor-version":[{"id":258676,"href":"https:\/\/www.exitfest.org\/es\/wp-json\/wp\/v2\/pages\/89960\/revisions\/258676"}],"wp:attachment":[{"href":"https:\/\/www.exitfest.org\/es\/wp-json\/wp\/v2\/media?parent=89960"}],"curies":[{"name":"wp","href":"https:\/\/api.w.org\/{rel}","templated":true}]}}