{"id":92618,"date":"2019-12-20T15:09:45","date_gmt":"2019-12-20T14:09:45","guid":{"rendered":"https:\/\/www.exitfest.org\/?page_id=92618"},"modified":"2025-06-24T14:24:06","modified_gmt":"2025-06-24T12:24:06","slug":"prensa","status":"publish","type":"page","link":"https:\/\/www.exitfest.org\/es\/prensa","title":{"rendered":"Prensa"},"content":{"rendered":"<div class=\"wpb-content-wrapper\"><p>[vc_row el_class=\u00bbcontainer-single uk-container-center\u00bb css=\u00bb.vc_custom_1747314198650{padding-top: 40px !important;padding-bottom: 70px !important;}\u00bb][vc_column][vc_column_text css=\u00bb\u00bb]<\/p>\n<h2>El per\u00edodo de acreditaciones de medios para EXIT Festival 2025 ya est\u00e1 cerrado<\/h2>\n<p>[\/vc_column_text][vc_separator][vc_column_text css=\u00bb\u00bb]El proceso para la tramitaci\u00f3n de las acreditaciones dirigidas a los medios de comunicaci\u00f3n para asistir a EXIT Festival 2025 est\u00e1 oficialmente cerrado. Nos gustar\u00eda dar las gracias a todos los representantes de los medios por su inter\u00e9s.<\/p>\n<p>Aquellos medios cuya acreditaci\u00f3n haya sido aprobada, ser\u00e1n contactados v\u00eda email antes del <strong>25 de junio de 2025<\/strong>.<\/p>\n<p>Para resolver cualquier pregunta o informaci\u00f3n adicional, puedes contactarnos a trav\u00e9s de: : <a href=\"mailto:accreditation@exitfest.org\">accreditation@exitfest.org<\/a>.[\/vc_column_text][\/vc_column][\/vc_row][vc_row el_class=\u00bbcontainer-single uk-container-center\u00bb css=\u00bb.vc_custom_1721645909477{padding-top: 60px !important;padding-bottom: 120px !important;}\u00bb][vc_column][vc_column_text]<\/p>\n<h2>\u00a1Gracias por tu inter\u00e9s en EXIT Festival!<\/h2>\n<p>[\/vc_column_text][vc_separator][vc_column_text css=\u00bb\u00bb]<\/p>\n<h3 style=\"font-weight: 400;\"><strong>Photos<\/strong><\/h3>\n<p>Si necesitas usar fotograf\u00edas de <strong>EXIT 2024<\/strong> puedes descargarlas desde nuestra cuenta de Flickr en <a href=\"https:\/\/www.flickr.com\/photos\/exitfestival\/\"><strong>este enlace<\/strong><\/a>. Acredita las fotograf\u00edas como: EXIT Photo Team. Si necesitas alguna fotograf\u00eda en alta resoluci\u00f3n puedes contactar en ingl\u00e9s a\u00a0<strong><a href=\"mailto:press@exitfest.org\" target=\"_blank\" rel=\"noopener noreferrer\">press@exitfest.org<\/a><\/strong>.[\/vc_column_text][vc_column_text]<\/p>\n<h3 style=\"font-weight: 400;\"><strong>Video<\/strong><\/h3>\n<p>Si necesitas material de v\u00eddeo puedes compartir lo que hemos publicado en nuestro canal oficial de Youtube en<a href=\"https:\/\/www.youtube.com\/channel\/UCa_xJKsllwjLgZ1qkm1aW7g\"><strong>este enlace<\/strong><\/a>. Si necesitas material audiovisual en calidad HD, no dudes en contactarnos en ingl\u00e9s a\u00a0<strong><a href=\"mailto:press@exitfest.org\" target=\"_blank\" rel=\"noopener noreferrer\">press@exitfest.org<\/a><\/strong>.[\/vc_column_text][\/vc_column][\/vc_row]<\/p>\n<\/div>","protected":false},"excerpt":{"rendered":"<p>[vc_row el_class=\u00bbcontainer-single uk-container-center\u00bb css=\u00bb.vc_custom_1747314198650{padding-top: 40px !important;padding-bottom: 70px !important;}\u00bb][vc_column][vc_column_text css=\u00bb\u00bb] El per\u00edodo de acreditaciones de medios para EXIT Festival 2025 ya est\u00e1 cerrado [\/vc_column_text][vc_separator][vc_column_text css=\u00bb\u00bb]El proceso para la tramitaci\u00f3n de las<\/p>\n","protected":false},"author":1,"featured_media":0,"parent":0,"menu_order":74,"comment_status":"closed","ping_status":"closed","template":"page-with-hero.php","meta":{"_acf_changed":false,"footnotes":""},"class_list":["post-92618","page","type-page","status-publish","hentry"],"acf":[],"yoast_head":"<!-- This site is optimized with the Yoast SEO plugin v25.6 - https:\/\/yoast.com\/wordpress\/plugins\/seo\/ -->\n<title>Prensa - EXIT Festival 2025<\/title>\n<meta name=\"description\" content=\"\u00a1Gracias por tu inter\u00e9s por EXIT Festival! Para m\u00e1s informaci\u00f3n, no dudes en contactarnos en press@exitfest.org.\" \/>\n<meta name=\"robots\" content=\"index, follow, max-snippet:-1, max-image-preview:large, max-video-preview:-1\" \/>\n<link rel=\"canonical\" href=\"https:\/\/www.exitfest.org\/es\/prensa\" \/>\n<meta property=\"og:locale\" content=\"es_ES\" \/>\n<meta property=\"og:type\" content=\"article\" \/>\n<meta property=\"og:title\" content=\"Prensa - EXIT Festival 2025\" \/>\n<meta property=\"og:description\" content=\"\u00a1Gracias por tu inter\u00e9s por EXIT Festival! Para m\u00e1s informaci\u00f3n, no dudes en contactarnos en press@exitfest.org.\" \/>\n<meta property=\"og:url\" content=\"https:\/\/www.exitfest.org\/es\/prensa\" \/>\n<meta property=\"og:site_name\" content=\"EXIT Festival 2025\" \/>\n<meta property=\"article:publisher\" content=\"https:\/\/www.facebook.com\/exit.festival\" \/>\n<meta property=\"article:modified_time\" content=\"2025-06-24T12:24:06+00:00\" \/>\n<meta property=\"og:image\" content=\"https:\/\/www.exitfest.org\/wp-content\/uploads\/2024\/11\/state-of-exit-og-image-2025-exit.jpg\" \/>\n\t<meta property=\"og:image:width\" content=\"1920\" \/>\n\t<meta property=\"og:image:height\" content=\"1080\" \/>\n\t<meta property=\"og:image:type\" content=\"image\/jpeg\" \/>\n<meta name=\"twitter:card\" content=\"summary_large_image\" \/>\n<meta name=\"twitter:site\" content=\"@exitfestival\" \/>\n<script type=\"application\/ld+json\" class=\"yoast-schema-graph\">{\"@context\":\"https:\/\/schema.org\",\"@graph\":[{\"@type\":\"WebPage\",\"@id\":\"https:\/\/www.exitfest.org\/es\/prensa\",\"url\":\"https:\/\/www.exitfest.org\/es\/prensa\",\"name\":\"Prensa - EXIT Festival 2025\",\"isPartOf\":{\"@id\":\"https:\/\/www.exitfest.org\/es#website\"},\"datePublished\":\"2019-12-20T14:09:45+00:00\",\"dateModified\":\"2025-06-24T12:24:06+00:00\",\"description\":\"\u00a1Gracias por tu inter\u00e9s por EXIT Festival! Para m\u00e1s informaci\u00f3n, no dudes en contactarnos en press@exitfest.org.\",\"breadcrumb\":{\"@id\":\"https:\/\/www.exitfest.org\/es\/prensa#breadcrumb\"},\"inLanguage\":\"es\",\"potentialAction\":[{\"@type\":\"ReadAction\",\"target\":[\"https:\/\/www.exitfest.org\/es\/prensa\"]}]},{\"@type\":\"BreadcrumbList\",\"@id\":\"https:\/\/www.exitfest.org\/es\/prensa#breadcrumb\",\"itemListElement\":[{\"@type\":\"ListItem\",\"position\":1,\"name\":\"Po\u010detna\",\"item\":\"https:\/\/www.exitfest.org\/es\"},{\"@type\":\"ListItem\",\"position\":2,\"name\":\"Prensa\"}]},{\"@type\":\"WebSite\",\"@id\":\"https:\/\/www.exitfest.org\/es#website\",\"url\":\"https:\/\/www.exitfest.org\/es\",\"name\":\"EXIT Festival 2025\",\"description\":\"\",\"publisher\":{\"@id\":\"https:\/\/www.exitfest.org\/es#organization\"},\"alternateName\":\"EXIT Festival\",\"potentialAction\":[{\"@type\":\"SearchAction\",\"target\":{\"@type\":\"EntryPoint\",\"urlTemplate\":\"https:\/\/www.exitfest.org\/es?s={search_term_string}\"},\"query-input\":{\"@type\":\"PropertyValueSpecification\",\"valueRequired\":true,\"valueName\":\"search_term_string\"}}],\"inLanguage\":\"es\"},{\"@type\":\"Organization\",\"@id\":\"https:\/\/www.exitfest.org\/es#organization\",\"name\":\"EXIT Festival\",\"alternateName\":\"EXIT\",\"url\":\"https:\/\/www.exitfest.org\/es\",\"logo\":{\"@type\":\"ImageObject\",\"inLanguage\":\"es\",\"@id\":\"https:\/\/www.exitfest.org\/es#\/schema\/logo\/image\/\",\"url\":\"https:\/\/www.exitfest.org\/wp-content\/uploads\/2023\/04\/exit-logo-696px.svg\",\"contentUrl\":\"https:\/\/www.exitfest.org\/wp-content\/uploads\/2023\/04\/exit-logo-696px.svg\",\"width\":1,\"height\":1,\"caption\":\"EXIT Festival\"},\"image\":{\"@id\":\"https:\/\/www.exitfest.org\/es#\/schema\/logo\/image\/\"},\"sameAs\":[\"https:\/\/www.facebook.com\/exit.festival\",\"https:\/\/x.com\/exitfestival\",\"https:\/\/instagram.com\/exitfestival\",\"https:\/\/www.linkedin.com\/company\/exit-festival\/\",\"https:\/\/www.youtube.com\/user\/EXITFestivalTV\",\"https:\/\/en.wikipedia.org\/wiki\/Exit_festival\",\"https:\/\/www.tiktok.com\/@exit_festival\",\"https:\/\/www.flickr.com\/photos\/exitfestival\",\"https:\/\/soundcloud.com\/exitfestival\",\"https:\/\/www.mixcloud.com\/exitfestival\/\",\"https:\/\/vb.me\/b827f5\",\"https:\/\/www.deezer.com\/en\/profile\/1441778382\",\"https:\/\/vk.com\/exitfestival\"]}]}<\/script>\n<!-- \/ Yoast SEO plugin. -->","yoast_head_json":{"title":"Prensa - EXIT Festival 2025","description":"\u00a1Gracias por tu inter\u00e9s por EXIT Festival! Para m\u00e1s informaci\u00f3n, no dudes en contactarnos en press@exitfest.org.","robots":{"index":"index","follow":"follow","max-snippet":"max-snippet:-1","max-image-preview":"max-image-preview:large","max-video-preview":"max-video-preview:-1"},"canonical":"https:\/\/www.exitfest.org\/es\/prensa","og_locale":"es_ES","og_type":"article","og_title":"Prensa - EXIT Festival 2025","og_description":"\u00a1Gracias por tu inter\u00e9s por EXIT Festival! Para m\u00e1s informaci\u00f3n, no dudes en contactarnos en press@exitfest.org.","og_url":"https:\/\/www.exitfest.org\/es\/prensa","og_site_name":"EXIT Festival 2025","article_publisher":"https:\/\/www.facebook.com\/exit.festival","article_modified_time":"2025-06-24T12:24:06+00:00","og_image":[{"width":1920,"height":1080,"url":"https:\/\/www.exitfest.org\/wp-content\/uploads\/2024\/11\/state-of-exit-og-image-2025-exit.jpg","type":"image\/jpeg"}],"twitter_card":"summary_large_image","twitter_site":"@exitfestival","schema":{"@context":"https:\/\/schema.org","@graph":[{"@type":"WebPage","@id":"https:\/\/www.exitfest.org\/es\/prensa","url":"https:\/\/www.exitfest.org\/es\/prensa","name":"Prensa - EXIT Festival 2025","isPartOf":{"@id":"https:\/\/www.exitfest.org\/es#website"},"datePublished":"2019-12-20T14:09:45+00:00","dateModified":"2025-06-24T12:24:06+00:00","description":"\u00a1Gracias por tu inter\u00e9s por EXIT Festival! Para m\u00e1s informaci\u00f3n, no dudes en contactarnos en press@exitfest.org.","breadcrumb":{"@id":"https:\/\/www.exitfest.org\/es\/prensa#breadcrumb"},"inLanguage":"es","potentialAction":[{"@type":"ReadAction","target":["https:\/\/www.exitfest.org\/es\/prensa"]}]},{"@type":"BreadcrumbList","@id":"https:\/\/www.exitfest.org\/es\/prensa#breadcrumb","itemListElement":[{"@type":"ListItem","position":1,"name":"Po\u010detna","item":"https:\/\/www.exitfest.org\/es"},{"@type":"ListItem","position":2,"name":"Prensa"}]},{"@type":"WebSite","@id":"https:\/\/www.exitfest.org\/es#website","url":"https:\/\/www.exitfest.org\/es","name":"EXIT Festival 2025","description":"","publisher":{"@id":"https:\/\/www.exitfest.org\/es#organization"},"alternateName":"EXIT Festival","potentialAction":[{"@type":"SearchAction","target":{"@type":"EntryPoint","urlTemplate":"https:\/\/www.exitfest.org\/es?s={search_term_string}"},"query-input":{"@type":"PropertyValueSpecification","valueRequired":true,"valueName":"search_term_string"}}],"inLanguage":"es"},{"@type":"Organization","@id":"https:\/\/www.exitfest.org\/es#organization","name":"EXIT Festival","alternateName":"EXIT","url":"https:\/\/www.exitfest.org\/es","logo":{"@type":"ImageObject","inLanguage":"es","@id":"https:\/\/www.exitfest.org\/es#\/schema\/logo\/image\/","url":"https:\/\/www.exitfest.org\/wp-content\/uploads\/2023\/04\/exit-logo-696px.svg","contentUrl":"https:\/\/www.exitfest.org\/wp-content\/uploads\/2023\/04\/exit-logo-696px.svg","width":1,"height":1,"caption":"EXIT Festival"},"image":{"@id":"https:\/\/www.exitfest.org\/es#\/schema\/logo\/image\/"},"sameAs":["https:\/\/www.facebook.com\/exit.festival","https:\/\/x.com\/exitfestival","https:\/\/instagram.com\/exitfestival","https:\/\/www.linkedin.com\/company\/exit-festival\/","https:\/\/www.youtube.com\/user\/EXITFestivalTV","https:\/\/en.wikipedia.org\/wiki\/Exit_festival","https:\/\/www.tiktok.com\/@exit_festival","https:\/\/www.flickr.com\/photos\/exitfestival","https:\/\/soundcloud.com\/exitfestival","https:\/\/www.mixcloud.com\/exitfestival\/","https:\/\/vb.me\/b827f5","https:\/\/www.deezer.com\/en\/profile\/1441778382","https:\/\/vk.com\/exitfestival"]}]}},"_links":{"self":[{"href":"https:\/\/www.exitfest.org\/es\/wp-json\/wp\/v2\/pages\/92618","targetHints":{"allow":["GET"]}}],"collection":[{"href":"https:\/\/www.exitfest.org\/es\/wp-json\/wp\/v2\/pages"}],"about":[{"href":"https:\/\/www.exitfest.org\/es\/wp-json\/wp\/v2\/types\/page"}],"author":[{"embeddable":true,"href":"https:\/\/www.exitfest.org\/es\/wp-json\/wp\/v2\/users\/1"}],"replies":[{"embeddable":true,"href":"https:\/\/www.exitfest.org\/es\/wp-json\/wp\/v2\/comments?post=92618"}],"version-history":[{"count":10,"href":"https:\/\/www.exitfest.org\/es\/wp-json\/wp\/v2\/pages\/92618\/revisions"}],"predecessor-version":[{"id":298601,"href":"https:\/\/www.exitfest.org\/es\/wp-json\/wp\/v2\/pages\/92618\/revisions\/298601"}],"wp:attachment":[{"href":"https:\/\/www.exitfest.org\/es\/wp-json\/wp\/v2\/media?parent=92618"}],"curies":[{"name":"wp","href":"https:\/\/api.w.org\/{rel}","templated":true}]}}