{"id":93253,"date":"2019-12-20T17:21:58","date_gmt":"2019-12-20T16:21:58","guid":{"rendered":"https:\/\/www.exitfest.org\/?page_id=93253"},"modified":"2024-08-07T12:01:25","modified_gmt":"2024-08-07T10:01:25","slug":"nosotros","status":"publish","type":"page","link":"https:\/\/www.exitfest.org\/es\/nosotros","title":{"rendered":"Nosotros"},"content":{"rendered":"<div class=\"wpb-content-wrapper\"><p>[vc_row el_class=\u00bbcontainer-single uk-container-center\u00bb css=\u00bb.vc_custom_1547721991391{padding-top: 40px !important;}\u00bb][vc_column css_animation=\u00bbnone\u00bb offset=\u00bbvc_col-lg-offset-2 vc_col-lg-8 vc_col-md-offset-2 vc_col-md-8&#8243;][vc_column_text css_animation=\u00bbnone\u00bb css=\u00bb.vc_custom_1576858961337{margin-bottom: 10px !important;}\u00bb]EXIT es un galardonado festival de m\u00fasica de verano que tiene lugar en la fortaleza Petrovaradin de Novi Sad, Serbia, <strong>con m\u00e1s de 1000 artistas que se presentan en m\u00e1s de 40 escenarios y zonas del festival.<\/strong>[\/vc_column_text][vc_single_image image=\u00bb148045&#8243; img_size=\u00bbfull\u00bb alignment=\u00bbcenter\u00bb][vc_column_text]Ha sido premiado oficialmente como <strong>\u201cBest Major European Festival\u201d en los European Festival Awards de 2013 y 2017<\/strong>, mientras que su edici\u00f3n <strong>Sea Dance Festival de Montenegro<\/strong> ha ganado el premio <strong>\u201cBest Mid-Sized European festival\u201d<\/strong> en <strong>2015<\/strong>. Los European Festival Awards es considerada la gala de premios de festivales m\u00e1s influyente del mundo.<\/p>\n<p>EXIT tambi\u00e9n ha ganado el premio <strong>\u201cBest Overseas Festival\u201d en los UK Festival Awards en 2007<\/strong>, as\u00ed como el t\u00edtulo de <strong>\u201cBest Summer Music Festival in Europe\u201d en 2016<\/strong> por el portal de viajes European Best Destinations en cooperaci\u00f3n con la Comisi\u00f3n Europea. En marzo de 2018, el Consejo de Cooperaci\u00f3n Regional ha premiado a Exit Festival como <strong>\u201cChampion of Regional Cooperation\u201d de 2017.<\/strong>[\/vc_column_text][vc_single_image image=\u00bb148053&#8243; img_size=\u00bbfull\u00bb alignment=\u00bbcenter\u00bb][vc_column_text]El festival se fund\u00f3 en el 2000 en el University Park como un movimiento estudiantil que luchaba por la democracia y libertad en Serbia y los Balcanes. Tras las elecciones generales de Yugoslavia en el 2000, EXIT se traslad\u00f3 a la fortaleza Petrovaradin en 2001.<\/p>\n<p>EXIT ha ido atrayendo la atenci\u00f3n de los medios a lo largo de los a\u00f1os y ha aparecido en art\u00edculos publicados por CNN (\u201cWorld\u2019s Top 5 Festivals\u201d), The Guardian (\u201cWorld\u2019s Best Festival\u201d), The Sun (\u201cOne of Europe\u2019s most popular music events\u201d), Euronews, New York Times, BBC (\u201cTop 3 Music Festivals\u201d), Forbes (\u201cThanks to EXIT, Serbia is a festival hotspot worth your attention\u201d), The Times (\u201cBest European Festival\u201d), MTV (World\u2019s Best Festival\u201d), Huffington Post, Conde Nast Traveller, Daily Mail, The Independent, Lonely Planet, entre muchos otros.<\/p>\n<p>El equipo de EXIT organiza 5 eventos en 5 ubicaciones diferentes repartidos en 4 pa\u00edses del sureste de Europa: <strong>EXIT Festival (Novi Sad, Serbia)<\/strong> en julio, <strong>Sea Dance Festival (Budva, Montenegro)<\/strong> en agosto, <strong>Sea Star Festival (Umag, Croacia)<\/strong> en mayo, <strong>No Sleep Festival (Belgrado, Serbia)<\/strong> en noviembre, y <strong>Revolution Festival (Timi\u0219oara, Ruman\u00eda)<\/strong> en agosto.[\/vc_column_text][vc_empty_space height=\u00bb30px\u00bb bb_tab_container=\u00bb\u00bb][vc_raw_html css=\u00bb\u00bb]JTNDZGl2JTIwc3R5bGUlM0QlMjJsZWZ0JTNBJTIwMCUzQiUyMHdpZHRoJTNBJTIwMTAwJTI1JTNCJTIwaGVpZ2h0JTNBJTIwMCUzQiUyMHBvc2l0aW9uJTNBJTIwcmVsYXRpdmUlM0IlMjBwYWRkaW5nLWJvdHRvbSUzQSUyMDU2LjI1JTI1JTNCJTIyJTNFJTNDaWZyYW1lJTIwc3JjJTNEJTIyaHR0cHMlM0ElMkYlMkZ3d3cueW91dHViZS5jb20lMkZlbWJlZCUyRmg4STNLSzJ0Z0ljJTNGc2klM0RxQ1JwUzA0Vm1Ecm13c2kyJTIyJTIwc3R5bGUlM0QlMjJib3JkZXIlM0ElMjAwJTNCJTIwdG9wJTNBJTIwMCUzQiUyMGxlZnQlM0ElMjAwJTNCJTIwd2lkdGglM0ElMjAxMDAlMjUlM0IlMjBoZWlnaHQlM0ElMjAxMDAlMjUlM0IlMjBwb3NpdGlvbiUzQSUyMGFic29sdXRlJTNCJTIyJTIwYWxsb3dmdWxsc2NyZWVuJTIwc2Nyb2xsaW5nJTNEJTIybm8lMjIlMjBhbGxvdyUzRCUyMmVuY3J5cHRlZC1tZWRpYSUzQiUyMGFjY2VsZXJvbWV0ZXIlM0IlMjBneXJvc2NvcGUlM0IlMjBwaWN0dXJlLWluLXBpY3R1cmUlMjIlM0UlM0MlMkZpZnJhbWUlM0UlM0MlMkZkaXYlM0U=[\/vc_raw_html][vc_empty_space height=\u00bb30px\u00bb bb_tab_container=\u00bb\u00bb][vc_column_text]Dado que el festival nace de un genuino esp\u00edritu de rebeli\u00f3n juvenil como un un movimiento de libertad en Serbia y de paz para los Balcanes, la misi\u00f3n principal del festival ha sido siempre clara desde el principio &#8211; <strong>lograr un cambio social a trav\u00e9s de la m\u00fasica<\/strong>. La responsabilidad social es un aspecto clave en las actividades del festival, con especial atenci\u00f3n a actividades medioambientales y humanitarias, desarrollo de industrias creativas y cooperaci\u00f3n regional.<\/p>\n<p>Durante sus 20 a\u00f1os de historia, EXIT ha presentado a estrellas y artistas renombrados de la talla de <strong>Pet Shop Boys, Billy Idol, The Cure, The Killers, Guns N\u2019 Roses, Franz Ferdinand, Mot\u00f6rhead, Iggy Pop, David Guetta, Massive Attack, Liam Gallagher, Grace Jones, Fatboy Slim, Cypress Hill, Beastie Boys, Snoop Dogg, Wu-Tang Clan, The Prodigy, Migos, Sex Pistols, Kraftwerk, Korn, Moby, Arctic Monkeys, Chemical Brothers, Faith No More, LCD Soundsystem, Nick Cave and The Bad Seeds, Pulp, Jamiroquai, M.I.A., Slayer, Ellie Goulding, Hardwell, Carl Cox, Avicii, Nina Kraviz<\/strong>, entre muchos otros.[\/vc_column_text][vc_empty_space height=\u00bb30px\u00bb bb_tab_container=\u00bb\u00bb][\/vc_column][\/vc_row]<\/p>\n<\/div>","protected":false},"excerpt":{"rendered":"<p>[vc_row el_class=\u00bbcontainer-single uk-container-center\u00bb css=\u00bb.vc_custom_1547721991391{padding-top: 40px !important;}\u00bb][vc_column css_animation=\u00bbnone\u00bb offset=\u00bbvc_col-lg-offset-2 vc_col-lg-8 vc_col-md-offset-2 vc_col-md-8&#8243;][vc_column_text css_animation=\u00bbnone\u00bb css=\u00bb.vc_custom_1576858961337{margin-bottom: 10px !important;}\u00bb]EXIT es un galardonado festival de m\u00fasica de verano que tiene lugar en la fortaleza Petrovaradin<\/p>\n","protected":false},"author":1,"featured_media":93262,"parent":0,"menu_order":41,"comment_status":"closed","ping_status":"closed","template":"page-with-hero.php","meta":{"_acf_changed":false,"footnotes":""},"class_list":["post-93253","page","type-page","status-publish","has-post-thumbnail","hentry"],"acf":[],"yoast_head":"<!-- This site is optimized with the Yoast SEO plugin v25.6 - https:\/\/yoast.com\/wordpress\/plugins\/seo\/ -->\n<title>Nosotros - EXIT Festival 2025<\/title>\n<meta name=\"description\" content=\"EXIT es un galardonado festival de m\u00fasica de verano que tiene lugar en la fortaleza Petrovaradin de Novi Sad, Serbia, con m\u00e1s de 1000 artistas que se presentan en m\u00e1s de 40 escenarios y zonas del festival.\" \/>\n<meta name=\"robots\" content=\"index, follow, max-snippet:-1, max-image-preview:large, max-video-preview:-1\" \/>\n<link rel=\"canonical\" href=\"https:\/\/www.exitfest.org\/es\/nosotros\" \/>\n<meta property=\"og:locale\" content=\"es_ES\" \/>\n<meta property=\"og:type\" content=\"article\" \/>\n<meta property=\"og:title\" content=\"Nosotros - EXIT Festival 2025\" \/>\n<meta property=\"og:description\" content=\"EXIT es un galardonado festival de m\u00fasica de verano que tiene lugar en la fortaleza Petrovaradin de Novi Sad, Serbia, con m\u00e1s de 1000 artistas que se presentan en m\u00e1s de 40 escenarios y zonas del festival.\" \/>\n<meta property=\"og:url\" content=\"https:\/\/www.exitfest.org\/es\/nosotros\" \/>\n<meta property=\"og:site_name\" content=\"EXIT Festival 2025\" \/>\n<meta property=\"article:publisher\" content=\"https:\/\/www.facebook.com\/exit.festival\" \/>\n<meta property=\"article:modified_time\" content=\"2024-08-07T10:01:25+00:00\" \/>\n<meta property=\"og:image\" content=\"https:\/\/www.exitfest.org\/wp-content\/uploads\/2019\/10\/exit-about-featured-image-fortress-da.jpg\" \/>\n\t<meta property=\"og:image:width\" content=\"1300\" \/>\n\t<meta property=\"og:image:height\" content=\"600\" \/>\n\t<meta property=\"og:image:type\" content=\"image\/jpeg\" \/>\n<meta name=\"twitter:card\" content=\"summary_large_image\" \/>\n<meta name=\"twitter:site\" content=\"@exitfestival\" \/>\n<script type=\"application\/ld+json\" class=\"yoast-schema-graph\">{\"@context\":\"https:\/\/schema.org\",\"@graph\":[{\"@type\":\"WebPage\",\"@id\":\"https:\/\/www.exitfest.org\/es\/nosotros\",\"url\":\"https:\/\/www.exitfest.org\/es\/nosotros\",\"name\":\"Nosotros - EXIT Festival 2025\",\"isPartOf\":{\"@id\":\"https:\/\/www.exitfest.org\/es#website\"},\"primaryImageOfPage\":{\"@id\":\"https:\/\/www.exitfest.org\/es\/nosotros#primaryimage\"},\"image\":{\"@id\":\"https:\/\/www.exitfest.org\/es\/nosotros#primaryimage\"},\"thumbnailUrl\":\"https:\/\/www.exitfest.org\/wp-content\/uploads\/2019\/10\/exit-about-featured-image-fortress-da.jpg\",\"datePublished\":\"2019-12-20T16:21:58+00:00\",\"dateModified\":\"2024-08-07T10:01:25+00:00\",\"description\":\"EXIT es un galardonado festival de m\u00fasica de verano que tiene lugar en la fortaleza Petrovaradin de Novi Sad, Serbia, con m\u00e1s de 1000 artistas que se presentan en m\u00e1s de 40 escenarios y zonas del festival.\",\"breadcrumb\":{\"@id\":\"https:\/\/www.exitfest.org\/es\/nosotros#breadcrumb\"},\"inLanguage\":\"es\",\"potentialAction\":[{\"@type\":\"ReadAction\",\"target\":[\"https:\/\/www.exitfest.org\/es\/nosotros\"]}]},{\"@type\":\"ImageObject\",\"inLanguage\":\"es\",\"@id\":\"https:\/\/www.exitfest.org\/es\/nosotros#primaryimage\",\"url\":\"https:\/\/www.exitfest.org\/wp-content\/uploads\/2019\/10\/exit-about-featured-image-fortress-da.jpg\",\"contentUrl\":\"https:\/\/www.exitfest.org\/wp-content\/uploads\/2019\/10\/exit-about-featured-image-fortress-da.jpg\",\"width\":1300,\"height\":600},{\"@type\":\"BreadcrumbList\",\"@id\":\"https:\/\/www.exitfest.org\/es\/nosotros#breadcrumb\",\"itemListElement\":[{\"@type\":\"ListItem\",\"position\":1,\"name\":\"Po\u010detna\",\"item\":\"https:\/\/www.exitfest.org\/es\"},{\"@type\":\"ListItem\",\"position\":2,\"name\":\"Nosotros\"}]},{\"@type\":\"WebSite\",\"@id\":\"https:\/\/www.exitfest.org\/es#website\",\"url\":\"https:\/\/www.exitfest.org\/es\",\"name\":\"EXIT Festival 2025\",\"description\":\"\",\"publisher\":{\"@id\":\"https:\/\/www.exitfest.org\/es#organization\"},\"alternateName\":\"EXIT Festival\",\"potentialAction\":[{\"@type\":\"SearchAction\",\"target\":{\"@type\":\"EntryPoint\",\"urlTemplate\":\"https:\/\/www.exitfest.org\/es?s={search_term_string}\"},\"query-input\":{\"@type\":\"PropertyValueSpecification\",\"valueRequired\":true,\"valueName\":\"search_term_string\"}}],\"inLanguage\":\"es\"},{\"@type\":\"Organization\",\"@id\":\"https:\/\/www.exitfest.org\/es#organization\",\"name\":\"EXIT Festival\",\"alternateName\":\"EXIT\",\"url\":\"https:\/\/www.exitfest.org\/es\",\"logo\":{\"@type\":\"ImageObject\",\"inLanguage\":\"es\",\"@id\":\"https:\/\/www.exitfest.org\/es#\/schema\/logo\/image\/\",\"url\":\"https:\/\/www.exitfest.org\/wp-content\/uploads\/2023\/04\/exit-logo-696px.svg\",\"contentUrl\":\"https:\/\/www.exitfest.org\/wp-content\/uploads\/2023\/04\/exit-logo-696px.svg\",\"width\":1,\"height\":1,\"caption\":\"EXIT Festival\"},\"image\":{\"@id\":\"https:\/\/www.exitfest.org\/es#\/schema\/logo\/image\/\"},\"sameAs\":[\"https:\/\/www.facebook.com\/exit.festival\",\"https:\/\/x.com\/exitfestival\",\"https:\/\/instagram.com\/exitfestival\",\"https:\/\/www.linkedin.com\/company\/exit-festival\/\",\"https:\/\/www.youtube.com\/user\/EXITFestivalTV\",\"https:\/\/en.wikipedia.org\/wiki\/Exit_festival\",\"https:\/\/www.tiktok.com\/@exit_festival\",\"https:\/\/www.flickr.com\/photos\/exitfestival\",\"https:\/\/soundcloud.com\/exitfestival\",\"https:\/\/www.mixcloud.com\/exitfestival\/\",\"https:\/\/vb.me\/b827f5\",\"https:\/\/www.deezer.com\/en\/profile\/1441778382\",\"https:\/\/vk.com\/exitfestival\"]}]}<\/script>\n<!-- \/ Yoast SEO plugin. -->","yoast_head_json":{"title":"Nosotros - EXIT Festival 2025","description":"EXIT es un galardonado festival de m\u00fasica de verano que tiene lugar en la fortaleza Petrovaradin de Novi Sad, Serbia, con m\u00e1s de 1000 artistas que se presentan en m\u00e1s de 40 escenarios y zonas del festival.","robots":{"index":"index","follow":"follow","max-snippet":"max-snippet:-1","max-image-preview":"max-image-preview:large","max-video-preview":"max-video-preview:-1"},"canonical":"https:\/\/www.exitfest.org\/es\/nosotros","og_locale":"es_ES","og_type":"article","og_title":"Nosotros - EXIT Festival 2025","og_description":"EXIT es un galardonado festival de m\u00fasica de verano que tiene lugar en la fortaleza Petrovaradin de Novi Sad, Serbia, con m\u00e1s de 1000 artistas que se presentan en m\u00e1s de 40 escenarios y zonas del festival.","og_url":"https:\/\/www.exitfest.org\/es\/nosotros","og_site_name":"EXIT Festival 2025","article_publisher":"https:\/\/www.facebook.com\/exit.festival","article_modified_time":"2024-08-07T10:01:25+00:00","og_image":[{"width":1300,"height":600,"url":"https:\/\/www.exitfest.org\/wp-content\/uploads\/2019\/10\/exit-about-featured-image-fortress-da.jpg","type":"image\/jpeg"}],"twitter_card":"summary_large_image","twitter_site":"@exitfestival","schema":{"@context":"https:\/\/schema.org","@graph":[{"@type":"WebPage","@id":"https:\/\/www.exitfest.org\/es\/nosotros","url":"https:\/\/www.exitfest.org\/es\/nosotros","name":"Nosotros - EXIT Festival 2025","isPartOf":{"@id":"https:\/\/www.exitfest.org\/es#website"},"primaryImageOfPage":{"@id":"https:\/\/www.exitfest.org\/es\/nosotros#primaryimage"},"image":{"@id":"https:\/\/www.exitfest.org\/es\/nosotros#primaryimage"},"thumbnailUrl":"https:\/\/www.exitfest.org\/wp-content\/uploads\/2019\/10\/exit-about-featured-image-fortress-da.jpg","datePublished":"2019-12-20T16:21:58+00:00","dateModified":"2024-08-07T10:01:25+00:00","description":"EXIT es un galardonado festival de m\u00fasica de verano que tiene lugar en la fortaleza Petrovaradin de Novi Sad, Serbia, con m\u00e1s de 1000 artistas que se presentan en m\u00e1s de 40 escenarios y zonas del festival.","breadcrumb":{"@id":"https:\/\/www.exitfest.org\/es\/nosotros#breadcrumb"},"inLanguage":"es","potentialAction":[{"@type":"ReadAction","target":["https:\/\/www.exitfest.org\/es\/nosotros"]}]},{"@type":"ImageObject","inLanguage":"es","@id":"https:\/\/www.exitfest.org\/es\/nosotros#primaryimage","url":"https:\/\/www.exitfest.org\/wp-content\/uploads\/2019\/10\/exit-about-featured-image-fortress-da.jpg","contentUrl":"https:\/\/www.exitfest.org\/wp-content\/uploads\/2019\/10\/exit-about-featured-image-fortress-da.jpg","width":1300,"height":600},{"@type":"BreadcrumbList","@id":"https:\/\/www.exitfest.org\/es\/nosotros#breadcrumb","itemListElement":[{"@type":"ListItem","position":1,"name":"Po\u010detna","item":"https:\/\/www.exitfest.org\/es"},{"@type":"ListItem","position":2,"name":"Nosotros"}]},{"@type":"WebSite","@id":"https:\/\/www.exitfest.org\/es#website","url":"https:\/\/www.exitfest.org\/es","name":"EXIT Festival 2025","description":"","publisher":{"@id":"https:\/\/www.exitfest.org\/es#organization"},"alternateName":"EXIT Festival","potentialAction":[{"@type":"SearchAction","target":{"@type":"EntryPoint","urlTemplate":"https:\/\/www.exitfest.org\/es?s={search_term_string}"},"query-input":{"@type":"PropertyValueSpecification","valueRequired":true,"valueName":"search_term_string"}}],"inLanguage":"es"},{"@type":"Organization","@id":"https:\/\/www.exitfest.org\/es#organization","name":"EXIT Festival","alternateName":"EXIT","url":"https:\/\/www.exitfest.org\/es","logo":{"@type":"ImageObject","inLanguage":"es","@id":"https:\/\/www.exitfest.org\/es#\/schema\/logo\/image\/","url":"https:\/\/www.exitfest.org\/wp-content\/uploads\/2023\/04\/exit-logo-696px.svg","contentUrl":"https:\/\/www.exitfest.org\/wp-content\/uploads\/2023\/04\/exit-logo-696px.svg","width":1,"height":1,"caption":"EXIT Festival"},"image":{"@id":"https:\/\/www.exitfest.org\/es#\/schema\/logo\/image\/"},"sameAs":["https:\/\/www.facebook.com\/exit.festival","https:\/\/x.com\/exitfestival","https:\/\/instagram.com\/exitfestival","https:\/\/www.linkedin.com\/company\/exit-festival\/","https:\/\/www.youtube.com\/user\/EXITFestivalTV","https:\/\/en.wikipedia.org\/wiki\/Exit_festival","https:\/\/www.tiktok.com\/@exit_festival","https:\/\/www.flickr.com\/photos\/exitfestival","https:\/\/soundcloud.com\/exitfestival","https:\/\/www.mixcloud.com\/exitfestival\/","https:\/\/vb.me\/b827f5","https:\/\/www.deezer.com\/en\/profile\/1441778382","https:\/\/vk.com\/exitfestival"]}]}},"_links":{"self":[{"href":"https:\/\/www.exitfest.org\/es\/wp-json\/wp\/v2\/pages\/93253","targetHints":{"allow":["GET"]}}],"collection":[{"href":"https:\/\/www.exitfest.org\/es\/wp-json\/wp\/v2\/pages"}],"about":[{"href":"https:\/\/www.exitfest.org\/es\/wp-json\/wp\/v2\/types\/page"}],"author":[{"embeddable":true,"href":"https:\/\/www.exitfest.org\/es\/wp-json\/wp\/v2\/users\/1"}],"replies":[{"embeddable":true,"href":"https:\/\/www.exitfest.org\/es\/wp-json\/wp\/v2\/comments?post=93253"}],"version-history":[{"count":1,"href":"https:\/\/www.exitfest.org\/es\/wp-json\/wp\/v2\/pages\/93253\/revisions"}],"predecessor-version":[{"id":286185,"href":"https:\/\/www.exitfest.org\/es\/wp-json\/wp\/v2\/pages\/93253\/revisions\/286185"}],"wp:featuredmedia":[{"embeddable":true,"href":"https:\/\/www.exitfest.org\/es\/wp-json\/wp\/v2\/media\/93262"}],"wp:attachment":[{"href":"https:\/\/www.exitfest.org\/es\/wp-json\/wp\/v2\/media?parent=93253"}],"curies":[{"name":"wp","href":"https:\/\/api.w.org\/{rel}","templated":true}]}}