{"id":11733,"date":"2018-12-19T15:46:56","date_gmt":"2018-12-19T14:46:56","guid":{"rendered":"https:\/\/www.exitfest.org\/?page_id=11733"},"modified":"2021-04-20T13:18:19","modified_gmt":"2021-04-20T11:18:19","slug":"contacts","status":"publish","type":"page","link":"https:\/\/www.exitfest.org\/fr\/contacts","title":{"rendered":"Contacts"},"content":{"rendered":"<div class=\"wpb-content-wrapper\"><p>[vc_row el_class=\u00a0\u00bbcontainer-single uk-container-center\u00a0\u00bb css=\u00a0\u00bb.vc_custom_1550725220734{padding-top: 80px !important;padding-bottom: 80px !important;}\u00a0\u00bb][vc_column]<h2 class=\"\">Plus d\u2019information<\/h2>[vc_column_text bb_tab_container=\u00a0\u00bb\u00a0\u00bb]<strong>Renseignements g\u00e9n\u00e9raux et demandes particuli\u00e8res:<\/strong><br \/>\nContact direct: <a href=\"mailto:answerme@exitfest.org\" target=\"_blank\" rel=\"noopener noreferrer\">answerme@exitfest.org<\/a>.<\/p>\n<p><strong>Pour les repr\u00e9sentants des m\u00e9dias (presse et accr\u00e9ditation):<\/strong><br \/>\nVisitez notre section <a href=\"\/?page_id=11744\"><strong>Presse<\/strong><\/a>.[\/vc_column_text][\/vc_column][\/vc_row]<\/p>\n<\/div>","protected":false},"excerpt":{"rendered":"<p>[vc_row el_class=\u00a0\u00bbcontainer-single uk-container-center\u00a0\u00bb css=\u00a0\u00bb.vc_custom_1550725220734{padding-top: 80px !important;padding-bottom: 80px !important;}\u00a0\u00bb][vc_column][vc_column_text bb_tab_container=\u00a0\u00bb\u00a0\u00bb]Renseignements g\u00e9n\u00e9raux et demandes particuli\u00e8res: Contact direct: answerme@exitfest.org. Pour les repr\u00e9sentants des m\u00e9dias (presse et accr\u00e9ditation): Visitez notre section Presse.[\/vc_column_text][\/vc_column][\/vc_row]<\/p>\n","protected":false},"author":1,"featured_media":124758,"parent":0,"menu_order":78,"comment_status":"closed","ping_status":"closed","template":"page-with-hero.php","meta":{"_acf_changed":false,"footnotes":""},"class_list":["post-11733","page","type-page","status-publish","has-post-thumbnail","hentry"],"acf":[],"yoast_head":"<!-- This site is optimized with the Yoast SEO plugin v25.6 - https:\/\/yoast.com\/wordpress\/plugins\/seo\/ -->\n<title>Contacts - EXIT Festival 2025<\/title>\n<meta name=\"description\" content=\"Avez-vous des questions concernant le l&#039;EXIT festival? Envoyez-nous un message en utilisant le contacts email sur cette page.\" \/>\n<meta name=\"robots\" content=\"index, follow, max-snippet:-1, max-image-preview:large, max-video-preview:-1\" \/>\n<link rel=\"canonical\" href=\"https:\/\/www.exitfest.org\/fr\/contacts\" \/>\n<meta property=\"og:locale\" content=\"fr_FR\" \/>\n<meta property=\"og:type\" content=\"article\" \/>\n<meta property=\"og:title\" content=\"Contacts - EXIT Festival 2025\" \/>\n<meta property=\"og:description\" content=\"Avez-vous des questions concernant le l&#039;EXIT festival? Envoyez-nous un message en utilisant le contacts email sur cette page.\" \/>\n<meta property=\"og:url\" content=\"https:\/\/www.exitfest.org\/fr\/contacts\" \/>\n<meta property=\"og:site_name\" content=\"EXIT Festival 2025\" \/>\n<meta property=\"article:publisher\" content=\"https:\/\/www.facebook.com\/exit.festival\" \/>\n<meta property=\"article:modified_time\" content=\"2021-04-20T11:18:19+00:00\" \/>\n<meta property=\"og:image\" content=\"https:\/\/www.exitfest.org\/wp-content\/uploads\/2021\/04\/featured_EXIT-KV-CELEBRATE-LIFE_en.jpg\" \/>\n\t<meta property=\"og:image:width\" content=\"1200\" \/>\n\t<meta property=\"og:image:height\" content=\"630\" \/>\n\t<meta property=\"og:image:type\" content=\"image\/jpeg\" \/>\n<meta name=\"twitter:card\" content=\"summary_large_image\" \/>\n<meta name=\"twitter:site\" content=\"@exitfestival\" \/>\n<script type=\"application\/ld+json\" class=\"yoast-schema-graph\">{\"@context\":\"https:\/\/schema.org\",\"@graph\":[{\"@type\":\"WebPage\",\"@id\":\"https:\/\/www.exitfest.org\/fr\/contacts\",\"url\":\"https:\/\/www.exitfest.org\/fr\/contacts\",\"name\":\"Contacts - EXIT Festival 2025\",\"isPartOf\":{\"@id\":\"https:\/\/www.exitfest.org\/fr#website\"},\"primaryImageOfPage\":{\"@id\":\"https:\/\/www.exitfest.org\/fr\/contacts#primaryimage\"},\"image\":{\"@id\":\"https:\/\/www.exitfest.org\/fr\/contacts#primaryimage\"},\"thumbnailUrl\":\"https:\/\/www.exitfest.org\/wp-content\/uploads\/2021\/04\/featured_EXIT-KV-CELEBRATE-LIFE_en.jpg\",\"datePublished\":\"2018-12-19T14:46:56+00:00\",\"dateModified\":\"2021-04-20T11:18:19+00:00\",\"description\":\"Avez-vous des questions concernant le l'EXIT festival? Envoyez-nous un message en utilisant le contacts email sur cette page.\",\"breadcrumb\":{\"@id\":\"https:\/\/www.exitfest.org\/fr\/contacts#breadcrumb\"},\"inLanguage\":\"fr-FR\",\"potentialAction\":[{\"@type\":\"ReadAction\",\"target\":[\"https:\/\/www.exitfest.org\/fr\/contacts\"]}]},{\"@type\":\"ImageObject\",\"inLanguage\":\"fr-FR\",\"@id\":\"https:\/\/www.exitfest.org\/fr\/contacts#primaryimage\",\"url\":\"https:\/\/www.exitfest.org\/wp-content\/uploads\/2021\/04\/featured_EXIT-KV-CELEBRATE-LIFE_en.jpg\",\"contentUrl\":\"https:\/\/www.exitfest.org\/wp-content\/uploads\/2021\/04\/featured_EXIT-KV-CELEBRATE-LIFE_en.jpg\",\"width\":1200,\"height\":630,\"caption\":\"EXIT Festival 2021 - Celebrate life\"},{\"@type\":\"BreadcrumbList\",\"@id\":\"https:\/\/www.exitfest.org\/fr\/contacts#breadcrumb\",\"itemListElement\":[{\"@type\":\"ListItem\",\"position\":1,\"name\":\"Home\",\"item\":\"https:\/\/www.exitfest.org\/fr\"},{\"@type\":\"ListItem\",\"position\":2,\"name\":\"Contacts\"}]},{\"@type\":\"WebSite\",\"@id\":\"https:\/\/www.exitfest.org\/fr#website\",\"url\":\"https:\/\/www.exitfest.org\/fr\",\"name\":\"EXIT Festival 2025\",\"description\":\"\",\"publisher\":{\"@id\":\"https:\/\/www.exitfest.org\/fr#organization\"},\"alternateName\":\"EXIT Festival\",\"potentialAction\":[{\"@type\":\"SearchAction\",\"target\":{\"@type\":\"EntryPoint\",\"urlTemplate\":\"https:\/\/www.exitfest.org\/fr?s={search_term_string}\"},\"query-input\":{\"@type\":\"PropertyValueSpecification\",\"valueRequired\":true,\"valueName\":\"search_term_string\"}}],\"inLanguage\":\"fr-FR\"},{\"@type\":\"Organization\",\"@id\":\"https:\/\/www.exitfest.org\/fr#organization\",\"name\":\"EXIT Festival\",\"alternateName\":\"EXIT\",\"url\":\"https:\/\/www.exitfest.org\/fr\",\"logo\":{\"@type\":\"ImageObject\",\"inLanguage\":\"fr-FR\",\"@id\":\"https:\/\/www.exitfest.org\/fr#\/schema\/logo\/image\/\",\"url\":\"https:\/\/www.exitfest.org\/wp-content\/uploads\/2023\/04\/exit-logo-696px.svg\",\"contentUrl\":\"https:\/\/www.exitfest.org\/wp-content\/uploads\/2023\/04\/exit-logo-696px.svg\",\"width\":1,\"height\":1,\"caption\":\"EXIT Festival\"},\"image\":{\"@id\":\"https:\/\/www.exitfest.org\/fr#\/schema\/logo\/image\/\"},\"sameAs\":[\"https:\/\/www.facebook.com\/exit.festival\",\"https:\/\/x.com\/exitfestival\",\"https:\/\/instagram.com\/exitfestival\",\"https:\/\/www.linkedin.com\/company\/exit-festival\/\",\"https:\/\/www.youtube.com\/user\/EXITFestivalTV\",\"https:\/\/en.wikipedia.org\/wiki\/Exit_festival\",\"https:\/\/www.tiktok.com\/@exit_festival\",\"https:\/\/www.flickr.com\/photos\/exitfestival\",\"https:\/\/soundcloud.com\/exitfestival\",\"https:\/\/www.mixcloud.com\/exitfestival\/\",\"https:\/\/vb.me\/b827f5\",\"https:\/\/www.deezer.com\/en\/profile\/1441778382\",\"https:\/\/vk.com\/exitfestival\"]}]}<\/script>\n<!-- \/ Yoast SEO plugin. -->","yoast_head_json":{"title":"Contacts - EXIT Festival 2025","description":"Avez-vous des questions concernant le l'EXIT festival? Envoyez-nous un message en utilisant le contacts email sur cette page.","robots":{"index":"index","follow":"follow","max-snippet":"max-snippet:-1","max-image-preview":"max-image-preview:large","max-video-preview":"max-video-preview:-1"},"canonical":"https:\/\/www.exitfest.org\/fr\/contacts","og_locale":"fr_FR","og_type":"article","og_title":"Contacts - EXIT Festival 2025","og_description":"Avez-vous des questions concernant le l'EXIT festival? Envoyez-nous un message en utilisant le contacts email sur cette page.","og_url":"https:\/\/www.exitfest.org\/fr\/contacts","og_site_name":"EXIT Festival 2025","article_publisher":"https:\/\/www.facebook.com\/exit.festival","article_modified_time":"2021-04-20T11:18:19+00:00","og_image":[{"width":1200,"height":630,"url":"https:\/\/www.exitfest.org\/wp-content\/uploads\/2021\/04\/featured_EXIT-KV-CELEBRATE-LIFE_en.jpg","type":"image\/jpeg"}],"twitter_card":"summary_large_image","twitter_site":"@exitfestival","schema":{"@context":"https:\/\/schema.org","@graph":[{"@type":"WebPage","@id":"https:\/\/www.exitfest.org\/fr\/contacts","url":"https:\/\/www.exitfest.org\/fr\/contacts","name":"Contacts - EXIT Festival 2025","isPartOf":{"@id":"https:\/\/www.exitfest.org\/fr#website"},"primaryImageOfPage":{"@id":"https:\/\/www.exitfest.org\/fr\/contacts#primaryimage"},"image":{"@id":"https:\/\/www.exitfest.org\/fr\/contacts#primaryimage"},"thumbnailUrl":"https:\/\/www.exitfest.org\/wp-content\/uploads\/2021\/04\/featured_EXIT-KV-CELEBRATE-LIFE_en.jpg","datePublished":"2018-12-19T14:46:56+00:00","dateModified":"2021-04-20T11:18:19+00:00","description":"Avez-vous des questions concernant le l'EXIT festival? Envoyez-nous un message en utilisant le contacts email sur cette page.","breadcrumb":{"@id":"https:\/\/www.exitfest.org\/fr\/contacts#breadcrumb"},"inLanguage":"fr-FR","potentialAction":[{"@type":"ReadAction","target":["https:\/\/www.exitfest.org\/fr\/contacts"]}]},{"@type":"ImageObject","inLanguage":"fr-FR","@id":"https:\/\/www.exitfest.org\/fr\/contacts#primaryimage","url":"https:\/\/www.exitfest.org\/wp-content\/uploads\/2021\/04\/featured_EXIT-KV-CELEBRATE-LIFE_en.jpg","contentUrl":"https:\/\/www.exitfest.org\/wp-content\/uploads\/2021\/04\/featured_EXIT-KV-CELEBRATE-LIFE_en.jpg","width":1200,"height":630,"caption":"EXIT Festival 2021 - Celebrate life"},{"@type":"BreadcrumbList","@id":"https:\/\/www.exitfest.org\/fr\/contacts#breadcrumb","itemListElement":[{"@type":"ListItem","position":1,"name":"Home","item":"https:\/\/www.exitfest.org\/fr"},{"@type":"ListItem","position":2,"name":"Contacts"}]},{"@type":"WebSite","@id":"https:\/\/www.exitfest.org\/fr#website","url":"https:\/\/www.exitfest.org\/fr","name":"EXIT Festival 2025","description":"","publisher":{"@id":"https:\/\/www.exitfest.org\/fr#organization"},"alternateName":"EXIT Festival","potentialAction":[{"@type":"SearchAction","target":{"@type":"EntryPoint","urlTemplate":"https:\/\/www.exitfest.org\/fr?s={search_term_string}"},"query-input":{"@type":"PropertyValueSpecification","valueRequired":true,"valueName":"search_term_string"}}],"inLanguage":"fr-FR"},{"@type":"Organization","@id":"https:\/\/www.exitfest.org\/fr#organization","name":"EXIT Festival","alternateName":"EXIT","url":"https:\/\/www.exitfest.org\/fr","logo":{"@type":"ImageObject","inLanguage":"fr-FR","@id":"https:\/\/www.exitfest.org\/fr#\/schema\/logo\/image\/","url":"https:\/\/www.exitfest.org\/wp-content\/uploads\/2023\/04\/exit-logo-696px.svg","contentUrl":"https:\/\/www.exitfest.org\/wp-content\/uploads\/2023\/04\/exit-logo-696px.svg","width":1,"height":1,"caption":"EXIT Festival"},"image":{"@id":"https:\/\/www.exitfest.org\/fr#\/schema\/logo\/image\/"},"sameAs":["https:\/\/www.facebook.com\/exit.festival","https:\/\/x.com\/exitfestival","https:\/\/instagram.com\/exitfestival","https:\/\/www.linkedin.com\/company\/exit-festival\/","https:\/\/www.youtube.com\/user\/EXITFestivalTV","https:\/\/en.wikipedia.org\/wiki\/Exit_festival","https:\/\/www.tiktok.com\/@exit_festival","https:\/\/www.flickr.com\/photos\/exitfestival","https:\/\/soundcloud.com\/exitfestival","https:\/\/www.mixcloud.com\/exitfestival\/","https:\/\/vb.me\/b827f5","https:\/\/www.deezer.com\/en\/profile\/1441778382","https:\/\/vk.com\/exitfestival"]}]}},"_links":{"self":[{"href":"https:\/\/www.exitfest.org\/fr\/wp-json\/wp\/v2\/pages\/11733","targetHints":{"allow":["GET"]}}],"collection":[{"href":"https:\/\/www.exitfest.org\/fr\/wp-json\/wp\/v2\/pages"}],"about":[{"href":"https:\/\/www.exitfest.org\/fr\/wp-json\/wp\/v2\/types\/page"}],"author":[{"embeddable":true,"href":"https:\/\/www.exitfest.org\/fr\/wp-json\/wp\/v2\/users\/1"}],"replies":[{"embeddable":true,"href":"https:\/\/www.exitfest.org\/fr\/wp-json\/wp\/v2\/comments?post=11733"}],"version-history":[{"count":0,"href":"https:\/\/www.exitfest.org\/fr\/wp-json\/wp\/v2\/pages\/11733\/revisions"}],"wp:featuredmedia":[{"embeddable":true,"href":"https:\/\/www.exitfest.org\/fr\/wp-json\/wp\/v2\/media\/124758"}],"wp:attachment":[{"href":"https:\/\/www.exitfest.org\/fr\/wp-json\/wp\/v2\/media?parent=11733"}],"curies":[{"name":"wp","href":"https:\/\/api.w.org\/{rel}","templated":true}]}}