{"id":11744,"date":"2018-12-19T20:09:07","date_gmt":"2018-12-19T19:09:07","guid":{"rendered":"https:\/\/www.exitfest.org\/?page_id=11744"},"modified":"2025-06-24T14:30:08","modified_gmt":"2025-06-24T12:30:08","slug":"presse","status":"publish","type":"page","link":"https:\/\/www.exitfest.org\/fr\/presse","title":{"rendered":"Presse"},"content":{"rendered":"<div class=\"wpb-content-wrapper\"><p>[vc_row el_class=\u00a0\u00bbcontainer-single uk-container-center\u00a0\u00bb css=\u00a0\u00bb.vc_custom_1747313486949{padding-top: 40px !important;padding-bottom: 70px !important;}\u00a0\u00bb][vc_column][vc_column_text css=\u00a0\u00bb\u00a0\u00bb el_id=\u00a0\u00bbthankyou\u00a0\u00bb]<\/p>\n<h2>Les accr\u00e9ditations presse pour l\u2019EXIT Festival 2025 sont d\u00e9sormais cl\u00f4tur\u00e9es<\/h2>\n<p>[\/vc_column_text][vc_separator][vc_column_text css=\u00a0\u00bb\u00a0\u00bb]Le processus d\u2019accr\u00e9ditation presse pour l\u2019EXIT Festival 2025 est officiellement termin\u00e9. Nous remercions tous les repr\u00e9sentants des m\u00e9dias pour leur int\u00e9r\u00eat.<\/p>\n<p>Tous les m\u00e9dias dont l\u2019accr\u00e9ditation est approuv\u00e9e seront contact\u00e9s par e-mail au plus tard le <strong>25 juin 2025.<\/strong><\/p>\n<p>Pour toute question ou information suppl\u00e9mentaire, n\u2019h\u00e9sitez pas \u00e0 nous contacter \u00e0 : <a href=\"mailto:accreditation@exitfest.org\">accreditation@exitfest.org.<\/a><\/p>\n<p>[\/vc_column_text][\/vc_column][\/vc_row][vc_row el_class=\u00a0\u00bbcontainer-single uk-container-center\u00a0\u00bb css=\u00a0\u00bb.vc_custom_1721645776607{padding-top: 60px !important;padding-bottom: 120px !important;}\u00a0\u00bb][vc_column][vc_column_text el_id=\u00a0\u00bbthankyou\u00a0\u00bb]<\/p>\n<h2>Merci de l&rsquo;int\u00e9r\u00eat que vous portez \u00e0 EXIT Festival !<\/h2>\n<p>[\/vc_column_text][vc_separator][vc_column_text css=\u00a0\u00bb\u00a0\u00bb]<\/p>\n<h3>Photos<\/h3>\n<p>Pour les photos <strong>d&rsquo;EXIT 2024<\/strong>, n&rsquo;h\u00e9sitez pas \u00e0 utiliser les photos de notre flux Flickr \u00e0 <strong><a href=\"https:\/\/www.flickr.com\/photos\/exitfestival\/\" target=\"_blank\" rel=\"noopener\">ce lien<\/a><\/strong>. Vous pouvez cr\u00e9diter toutes les photos de l&rsquo;\u00e9quipe photo de l&rsquo;EXIT. Si vous avez besoin d&rsquo;une photo en haute r\u00e9solution, veuillez nous contacter en anglais \u00e0 l&rsquo;adresse <strong><a href=\"mailto:press@exitfest.org\">press@exitfest.org<\/a><\/strong>.[\/vc_column_text][vc_column_text]<\/p>\n<h3>Video<\/h3>\n<p>Pour la couverture vid\u00e9o, visitez la cha\u00eene YouTube officielle du festival Exit \u00e0 <strong><a href=\"https:\/\/www.youtube.com\/channel\/UCa_xJKsllwjLgZ1qkm1aW7g\">ce lien<\/a><\/strong>. Si vous avez besoin de mat\u00e9riel vid\u00e9o HD suppl\u00e9mentaire, n&rsquo;h\u00e9sitez pas \u00e0 nous contacter \u00e0 <a href=\"mailto:press@exitfest.org\">press@exitfest.org<\/a>.[\/vc_column_text][\/vc_column][\/vc_row]<\/p>\n<\/div>","protected":false},"excerpt":{"rendered":"<p>[vc_row el_class=\u00a0\u00bbcontainer-single uk-container-center\u00a0\u00bb css=\u00a0\u00bb.vc_custom_1747313486949{padding-top: 40px !important;padding-bottom: 70px !important;}\u00a0\u00bb][vc_column][vc_column_text css=\u00a0\u00bb\u00a0\u00bb el_id=\u00a0\u00bbthankyou\u00a0\u00bb] Les accr\u00e9ditations presse pour l\u2019EXIT Festival 2025 sont d\u00e9sormais cl\u00f4tur\u00e9es [\/vc_column_text][vc_separator][vc_column_text css=\u00a0\u00bb\u00a0\u00bb]Le processus d\u2019accr\u00e9ditation presse pour l\u2019EXIT Festival 2025 est<\/p>\n","protected":false},"author":3,"featured_media":0,"parent":0,"menu_order":74,"comment_status":"closed","ping_status":"closed","template":"page-with-hero.php","meta":{"_acf_changed":false,"footnotes":""},"class_list":["post-11744","page","type-page","status-publish","hentry"],"acf":[],"yoast_head":"<!-- This site is optimized with the Yoast SEO plugin v25.6 - https:\/\/yoast.com\/wordpress\/plugins\/seo\/ -->\n<title>Presse - EXIT Festival 2025<\/title>\n<meta name=\"description\" content=\"Merci de l&#039;int\u00e9r\u00eat que vous portez au \u00e0 l&#039;EXIT festival! Pour toute information compl\u00e9mentaire, n&#039;h\u00e9sitez pas \u00e0 nous contacter \u00e0 press@exitfest.org.\" \/>\n<meta name=\"robots\" content=\"index, follow, max-snippet:-1, max-image-preview:large, max-video-preview:-1\" \/>\n<link rel=\"canonical\" href=\"https:\/\/www.exitfest.org\/fr\/presse\" \/>\n<meta property=\"og:locale\" content=\"fr_FR\" \/>\n<meta property=\"og:type\" content=\"article\" \/>\n<meta property=\"og:title\" content=\"Presse - EXIT Festival 2025\" \/>\n<meta property=\"og:description\" content=\"Merci de l&#039;int\u00e9r\u00eat que vous portez au \u00e0 l&#039;EXIT festival! Pour toute information compl\u00e9mentaire, n&#039;h\u00e9sitez pas \u00e0 nous contacter \u00e0 press@exitfest.org.\" \/>\n<meta property=\"og:url\" content=\"https:\/\/www.exitfest.org\/fr\/presse\" \/>\n<meta property=\"og:site_name\" content=\"EXIT Festival 2025\" \/>\n<meta property=\"article:publisher\" content=\"https:\/\/www.facebook.com\/exit.festival\" \/>\n<meta property=\"article:modified_time\" content=\"2025-06-24T12:30:08+00:00\" \/>\n<meta property=\"og:image\" content=\"https:\/\/www.exitfest.org\/wp-content\/uploads\/2024\/11\/state-of-exit-og-image-2025-exit.jpg\" \/>\n\t<meta property=\"og:image:width\" content=\"1920\" \/>\n\t<meta property=\"og:image:height\" content=\"1080\" \/>\n\t<meta property=\"og:image:type\" content=\"image\/jpeg\" \/>\n<meta name=\"twitter:card\" content=\"summary_large_image\" \/>\n<meta name=\"twitter:site\" content=\"@exitfestival\" \/>\n<script type=\"application\/ld+json\" class=\"yoast-schema-graph\">{\"@context\":\"https:\/\/schema.org\",\"@graph\":[{\"@type\":\"WebPage\",\"@id\":\"https:\/\/www.exitfest.org\/fr\/presse\",\"url\":\"https:\/\/www.exitfest.org\/fr\/presse\",\"name\":\"Presse - EXIT Festival 2025\",\"isPartOf\":{\"@id\":\"https:\/\/www.exitfest.org\/fr#website\"},\"datePublished\":\"2018-12-19T19:09:07+00:00\",\"dateModified\":\"2025-06-24T12:30:08+00:00\",\"description\":\"Merci de l'int\u00e9r\u00eat que vous portez au \u00e0 l'EXIT festival! Pour toute information compl\u00e9mentaire, n'h\u00e9sitez pas \u00e0 nous contacter \u00e0 press@exitfest.org.\",\"breadcrumb\":{\"@id\":\"https:\/\/www.exitfest.org\/fr\/presse#breadcrumb\"},\"inLanguage\":\"fr-FR\",\"potentialAction\":[{\"@type\":\"ReadAction\",\"target\":[\"https:\/\/www.exitfest.org\/fr\/presse\"]}]},{\"@type\":\"BreadcrumbList\",\"@id\":\"https:\/\/www.exitfest.org\/fr\/presse#breadcrumb\",\"itemListElement\":[{\"@type\":\"ListItem\",\"position\":1,\"name\":\"Home\",\"item\":\"https:\/\/www.exitfest.org\/fr\"},{\"@type\":\"ListItem\",\"position\":2,\"name\":\"Presse\"}]},{\"@type\":\"WebSite\",\"@id\":\"https:\/\/www.exitfest.org\/fr#website\",\"url\":\"https:\/\/www.exitfest.org\/fr\",\"name\":\"EXIT Festival 2025\",\"description\":\"\",\"publisher\":{\"@id\":\"https:\/\/www.exitfest.org\/fr#organization\"},\"alternateName\":\"EXIT Festival\",\"potentialAction\":[{\"@type\":\"SearchAction\",\"target\":{\"@type\":\"EntryPoint\",\"urlTemplate\":\"https:\/\/www.exitfest.org\/fr?s={search_term_string}\"},\"query-input\":{\"@type\":\"PropertyValueSpecification\",\"valueRequired\":true,\"valueName\":\"search_term_string\"}}],\"inLanguage\":\"fr-FR\"},{\"@type\":\"Organization\",\"@id\":\"https:\/\/www.exitfest.org\/fr#organization\",\"name\":\"EXIT Festival\",\"alternateName\":\"EXIT\",\"url\":\"https:\/\/www.exitfest.org\/fr\",\"logo\":{\"@type\":\"ImageObject\",\"inLanguage\":\"fr-FR\",\"@id\":\"https:\/\/www.exitfest.org\/fr#\/schema\/logo\/image\/\",\"url\":\"https:\/\/www.exitfest.org\/wp-content\/uploads\/2023\/04\/exit-logo-696px.svg\",\"contentUrl\":\"https:\/\/www.exitfest.org\/wp-content\/uploads\/2023\/04\/exit-logo-696px.svg\",\"width\":1,\"height\":1,\"caption\":\"EXIT Festival\"},\"image\":{\"@id\":\"https:\/\/www.exitfest.org\/fr#\/schema\/logo\/image\/\"},\"sameAs\":[\"https:\/\/www.facebook.com\/exit.festival\",\"https:\/\/x.com\/exitfestival\",\"https:\/\/instagram.com\/exitfestival\",\"https:\/\/www.linkedin.com\/company\/exit-festival\/\",\"https:\/\/www.youtube.com\/user\/EXITFestivalTV\",\"https:\/\/en.wikipedia.org\/wiki\/Exit_festival\",\"https:\/\/www.tiktok.com\/@exit_festival\",\"https:\/\/www.flickr.com\/photos\/exitfestival\",\"https:\/\/soundcloud.com\/exitfestival\",\"https:\/\/www.mixcloud.com\/exitfestival\/\",\"https:\/\/vb.me\/b827f5\",\"https:\/\/www.deezer.com\/en\/profile\/1441778382\",\"https:\/\/vk.com\/exitfestival\"]}]}<\/script>\n<!-- \/ Yoast SEO plugin. -->","yoast_head_json":{"title":"Presse - EXIT Festival 2025","description":"Merci de l'int\u00e9r\u00eat que vous portez au \u00e0 l'EXIT festival! Pour toute information compl\u00e9mentaire, n'h\u00e9sitez pas \u00e0 nous contacter \u00e0 press@exitfest.org.","robots":{"index":"index","follow":"follow","max-snippet":"max-snippet:-1","max-image-preview":"max-image-preview:large","max-video-preview":"max-video-preview:-1"},"canonical":"https:\/\/www.exitfest.org\/fr\/presse","og_locale":"fr_FR","og_type":"article","og_title":"Presse - EXIT Festival 2025","og_description":"Merci de l'int\u00e9r\u00eat que vous portez au \u00e0 l'EXIT festival! Pour toute information compl\u00e9mentaire, n'h\u00e9sitez pas \u00e0 nous contacter \u00e0 press@exitfest.org.","og_url":"https:\/\/www.exitfest.org\/fr\/presse","og_site_name":"EXIT Festival 2025","article_publisher":"https:\/\/www.facebook.com\/exit.festival","article_modified_time":"2025-06-24T12:30:08+00:00","og_image":[{"width":1920,"height":1080,"url":"https:\/\/www.exitfest.org\/wp-content\/uploads\/2024\/11\/state-of-exit-og-image-2025-exit.jpg","type":"image\/jpeg"}],"twitter_card":"summary_large_image","twitter_site":"@exitfestival","schema":{"@context":"https:\/\/schema.org","@graph":[{"@type":"WebPage","@id":"https:\/\/www.exitfest.org\/fr\/presse","url":"https:\/\/www.exitfest.org\/fr\/presse","name":"Presse - EXIT Festival 2025","isPartOf":{"@id":"https:\/\/www.exitfest.org\/fr#website"},"datePublished":"2018-12-19T19:09:07+00:00","dateModified":"2025-06-24T12:30:08+00:00","description":"Merci de l'int\u00e9r\u00eat que vous portez au \u00e0 l'EXIT festival! Pour toute information compl\u00e9mentaire, n'h\u00e9sitez pas \u00e0 nous contacter \u00e0 press@exitfest.org.","breadcrumb":{"@id":"https:\/\/www.exitfest.org\/fr\/presse#breadcrumb"},"inLanguage":"fr-FR","potentialAction":[{"@type":"ReadAction","target":["https:\/\/www.exitfest.org\/fr\/presse"]}]},{"@type":"BreadcrumbList","@id":"https:\/\/www.exitfest.org\/fr\/presse#breadcrumb","itemListElement":[{"@type":"ListItem","position":1,"name":"Home","item":"https:\/\/www.exitfest.org\/fr"},{"@type":"ListItem","position":2,"name":"Presse"}]},{"@type":"WebSite","@id":"https:\/\/www.exitfest.org\/fr#website","url":"https:\/\/www.exitfest.org\/fr","name":"EXIT Festival 2025","description":"","publisher":{"@id":"https:\/\/www.exitfest.org\/fr#organization"},"alternateName":"EXIT Festival","potentialAction":[{"@type":"SearchAction","target":{"@type":"EntryPoint","urlTemplate":"https:\/\/www.exitfest.org\/fr?s={search_term_string}"},"query-input":{"@type":"PropertyValueSpecification","valueRequired":true,"valueName":"search_term_string"}}],"inLanguage":"fr-FR"},{"@type":"Organization","@id":"https:\/\/www.exitfest.org\/fr#organization","name":"EXIT Festival","alternateName":"EXIT","url":"https:\/\/www.exitfest.org\/fr","logo":{"@type":"ImageObject","inLanguage":"fr-FR","@id":"https:\/\/www.exitfest.org\/fr#\/schema\/logo\/image\/","url":"https:\/\/www.exitfest.org\/wp-content\/uploads\/2023\/04\/exit-logo-696px.svg","contentUrl":"https:\/\/www.exitfest.org\/wp-content\/uploads\/2023\/04\/exit-logo-696px.svg","width":1,"height":1,"caption":"EXIT Festival"},"image":{"@id":"https:\/\/www.exitfest.org\/fr#\/schema\/logo\/image\/"},"sameAs":["https:\/\/www.facebook.com\/exit.festival","https:\/\/x.com\/exitfestival","https:\/\/instagram.com\/exitfestival","https:\/\/www.linkedin.com\/company\/exit-festival\/","https:\/\/www.youtube.com\/user\/EXITFestivalTV","https:\/\/en.wikipedia.org\/wiki\/Exit_festival","https:\/\/www.tiktok.com\/@exit_festival","https:\/\/www.flickr.com\/photos\/exitfestival","https:\/\/soundcloud.com\/exitfestival","https:\/\/www.mixcloud.com\/exitfestival\/","https:\/\/vb.me\/b827f5","https:\/\/www.deezer.com\/en\/profile\/1441778382","https:\/\/vk.com\/exitfestival"]}]}},"_links":{"self":[{"href":"https:\/\/www.exitfest.org\/fr\/wp-json\/wp\/v2\/pages\/11744","targetHints":{"allow":["GET"]}}],"collection":[{"href":"https:\/\/www.exitfest.org\/fr\/wp-json\/wp\/v2\/pages"}],"about":[{"href":"https:\/\/www.exitfest.org\/fr\/wp-json\/wp\/v2\/types\/page"}],"author":[{"embeddable":true,"href":"https:\/\/www.exitfest.org\/fr\/wp-json\/wp\/v2\/users\/3"}],"replies":[{"embeddable":true,"href":"https:\/\/www.exitfest.org\/fr\/wp-json\/wp\/v2\/comments?post=11744"}],"version-history":[{"count":10,"href":"https:\/\/www.exitfest.org\/fr\/wp-json\/wp\/v2\/pages\/11744\/revisions"}],"predecessor-version":[{"id":298602,"href":"https:\/\/www.exitfest.org\/fr\/wp-json\/wp\/v2\/pages\/11744\/revisions\/298602"}],"wp:attachment":[{"href":"https:\/\/www.exitfest.org\/fr\/wp-json\/wp\/v2\/media?parent=11744"}],"curies":[{"name":"wp","href":"https:\/\/api.w.org\/{rel}","templated":true}]}}