{"id":11779,"date":"2018-12-19T20:43:48","date_gmt":"2018-12-19T19:43:48","guid":{"rendered":"https:\/\/www.exitfest.org\/?page_id=11779"},"modified":"2025-06-23T14:19:58","modified_gmt":"2025-06-23T12:19:58","slug":"scenes","status":"publish","type":"page","link":"https:\/\/www.exitfest.org\/fr\/scenes","title":{"rendered":"Sc\u00e8nes"},"content":{"rendered":"<div class=\"wpb-content-wrapper\"><p>[vc_row][vc_column][vc_column_text el_class=\u00a0\u00bbuk-text-large\u00a0\u00bb bb_tab_container=\u00a0\u00bb\u00a0\u00bb]Sur plus de 40 sc\u00e8nes et zones cach\u00e9es entre les murs de la forteresse Petrovaradin l&rsquo;EXIT Festival pr\u00e9sente des spectacles de musique de haut niveau et d&rsquo;une grande vari\u00e9t\u00e9.[\/vc_column_text][\/vc_column][\/vc_row]<\/p>\n<\/div>","protected":false},"excerpt":{"rendered":"<p>[vc_row][vc_column][vc_column_text el_class=\u00a0\u00bbuk-text-large\u00a0\u00bb bb_tab_container=\u00a0\u00bb\u00a0\u00bb]Sur plus de 40 sc\u00e8nes et zones cach\u00e9es entre les murs de la forteresse Petrovaradin l&rsquo;EXIT Festival pr\u00e9sente des spectacles de musique de haut niveau et d&rsquo;une grande<\/p>\n","protected":false},"author":1,"featured_media":288933,"parent":0,"menu_order":61,"comment_status":"closed","ping_status":"closed","template":"page-bine.php","meta":{"_acf_changed":false,"footnotes":""},"class_list":["post-11779","page","type-page","status-publish","has-post-thumbnail","hentry"],"acf":[],"yoast_head":"<!-- This site is optimized with the Yoast SEO plugin v25.6 - https:\/\/yoast.com\/wordpress\/plugins\/seo\/ -->\n<title>Sc\u00e8nes - EXIT Festival 2025<\/title>\n<meta name=\"description\" content=\"Sur plus de 40 sc\u00e8nes et zones cach\u00e9es entre les murs de la forteresse Petrovaradin l&#039;EXIT Festival pr\u00e9sente des spectacles de musique de haut niveau et d&#039;une grande vari\u00e9t\u00e9.\" \/>\n<meta name=\"robots\" content=\"index, follow, max-snippet:-1, max-image-preview:large, max-video-preview:-1\" \/>\n<link rel=\"canonical\" href=\"https:\/\/www.exitfest.org\/fr\/scenes\" \/>\n<meta property=\"og:locale\" content=\"fr_FR\" \/>\n<meta property=\"og:type\" content=\"article\" \/>\n<meta property=\"og:title\" content=\"Sc\u00e8nes - EXIT Festival 2025\" \/>\n<meta property=\"og:description\" content=\"Sur plus de 40 sc\u00e8nes et zones cach\u00e9es entre les murs de la forteresse Petrovaradin l&#039;EXIT Festival pr\u00e9sente des spectacles de musique de haut niveau et d&#039;une grande vari\u00e9t\u00e9.\" \/>\n<meta property=\"og:url\" content=\"https:\/\/www.exitfest.org\/fr\/scenes\" \/>\n<meta property=\"og:site_name\" content=\"EXIT Festival 2025\" \/>\n<meta property=\"article:publisher\" content=\"https:\/\/www.facebook.com\/exit.festival\" \/>\n<meta property=\"article:modified_time\" content=\"2025-06-23T12:19:58+00:00\" \/>\n<meta property=\"og:image\" content=\"https:\/\/www.exitfest.org\/wp-content\/uploads\/2024\/11\/state-of-exit-og-image-2025-exit.jpg\" \/>\n\t<meta property=\"og:image:width\" content=\"1920\" \/>\n\t<meta property=\"og:image:height\" content=\"1080\" \/>\n\t<meta property=\"og:image:type\" content=\"image\/jpeg\" \/>\n<meta name=\"twitter:card\" content=\"summary_large_image\" \/>\n<meta name=\"twitter:site\" content=\"@exitfestival\" \/>\n<script type=\"application\/ld+json\" class=\"yoast-schema-graph\">{\"@context\":\"https:\/\/schema.org\",\"@graph\":[{\"@type\":\"WebPage\",\"@id\":\"https:\/\/www.exitfest.org\/fr\/scenes\",\"url\":\"https:\/\/www.exitfest.org\/fr\/scenes\",\"name\":\"Sc\u00e8nes - EXIT Festival 2025\",\"isPartOf\":{\"@id\":\"https:\/\/www.exitfest.org\/fr#website\"},\"primaryImageOfPage\":{\"@id\":\"https:\/\/www.exitfest.org\/fr\/scenes#primaryimage\"},\"image\":{\"@id\":\"https:\/\/www.exitfest.org\/fr\/scenes#primaryimage\"},\"thumbnailUrl\":\"https:\/\/www.exitfest.org\/wp-content\/uploads\/2024\/11\/state-of-exit-og-image-2025-exit.jpg\",\"datePublished\":\"2018-12-19T19:43:48+00:00\",\"dateModified\":\"2025-06-23T12:19:58+00:00\",\"description\":\"Sur plus de 40 sc\u00e8nes et zones cach\u00e9es entre les murs de la forteresse Petrovaradin l'EXIT Festival pr\u00e9sente des spectacles de musique de haut niveau et d'une grande vari\u00e9t\u00e9.\",\"breadcrumb\":{\"@id\":\"https:\/\/www.exitfest.org\/fr\/scenes#breadcrumb\"},\"inLanguage\":\"fr-FR\",\"potentialAction\":[{\"@type\":\"ReadAction\",\"target\":[\"https:\/\/www.exitfest.org\/fr\/scenes\"]}]},{\"@type\":\"ImageObject\",\"inLanguage\":\"fr-FR\",\"@id\":\"https:\/\/www.exitfest.org\/fr\/scenes#primaryimage\",\"url\":\"https:\/\/www.exitfest.org\/wp-content\/uploads\/2024\/11\/state-of-exit-og-image-2025-exit.jpg\",\"contentUrl\":\"https:\/\/www.exitfest.org\/wp-content\/uploads\/2024\/11\/state-of-exit-og-image-2025-exit.jpg\",\"width\":1920,\"height\":1080,\"caption\":\"Hurt\"},{\"@type\":\"BreadcrumbList\",\"@id\":\"https:\/\/www.exitfest.org\/fr\/scenes#breadcrumb\",\"itemListElement\":[{\"@type\":\"ListItem\",\"position\":1,\"name\":\"Home\",\"item\":\"https:\/\/www.exitfest.org\/fr\"},{\"@type\":\"ListItem\",\"position\":2,\"name\":\"Sc\u00e8nes\"}]},{\"@type\":\"WebSite\",\"@id\":\"https:\/\/www.exitfest.org\/fr#website\",\"url\":\"https:\/\/www.exitfest.org\/fr\",\"name\":\"EXIT Festival 2025\",\"description\":\"\",\"publisher\":{\"@id\":\"https:\/\/www.exitfest.org\/fr#organization\"},\"alternateName\":\"EXIT Festival\",\"potentialAction\":[{\"@type\":\"SearchAction\",\"target\":{\"@type\":\"EntryPoint\",\"urlTemplate\":\"https:\/\/www.exitfest.org\/fr?s={search_term_string}\"},\"query-input\":{\"@type\":\"PropertyValueSpecification\",\"valueRequired\":true,\"valueName\":\"search_term_string\"}}],\"inLanguage\":\"fr-FR\"},{\"@type\":\"Organization\",\"@id\":\"https:\/\/www.exitfest.org\/fr#organization\",\"name\":\"EXIT Festival\",\"alternateName\":\"EXIT\",\"url\":\"https:\/\/www.exitfest.org\/fr\",\"logo\":{\"@type\":\"ImageObject\",\"inLanguage\":\"fr-FR\",\"@id\":\"https:\/\/www.exitfest.org\/fr#\/schema\/logo\/image\/\",\"url\":\"https:\/\/www.exitfest.org\/wp-content\/uploads\/2023\/04\/exit-logo-696px.svg\",\"contentUrl\":\"https:\/\/www.exitfest.org\/wp-content\/uploads\/2023\/04\/exit-logo-696px.svg\",\"width\":1,\"height\":1,\"caption\":\"EXIT Festival\"},\"image\":{\"@id\":\"https:\/\/www.exitfest.org\/fr#\/schema\/logo\/image\/\"},\"sameAs\":[\"https:\/\/www.facebook.com\/exit.festival\",\"https:\/\/x.com\/exitfestival\",\"https:\/\/instagram.com\/exitfestival\",\"https:\/\/www.linkedin.com\/company\/exit-festival\/\",\"https:\/\/www.youtube.com\/user\/EXITFestivalTV\",\"https:\/\/en.wikipedia.org\/wiki\/Exit_festival\",\"https:\/\/www.tiktok.com\/@exit_festival\",\"https:\/\/www.flickr.com\/photos\/exitfestival\",\"https:\/\/soundcloud.com\/exitfestival\",\"https:\/\/www.mixcloud.com\/exitfestival\/\",\"https:\/\/vb.me\/b827f5\",\"https:\/\/www.deezer.com\/en\/profile\/1441778382\",\"https:\/\/vk.com\/exitfestival\"]}]}<\/script>\n<!-- \/ Yoast SEO plugin. -->","yoast_head_json":{"title":"Sc\u00e8nes - EXIT Festival 2025","description":"Sur plus de 40 sc\u00e8nes et zones cach\u00e9es entre les murs de la forteresse Petrovaradin l'EXIT Festival pr\u00e9sente des spectacles de musique de haut niveau et d'une grande vari\u00e9t\u00e9.","robots":{"index":"index","follow":"follow","max-snippet":"max-snippet:-1","max-image-preview":"max-image-preview:large","max-video-preview":"max-video-preview:-1"},"canonical":"https:\/\/www.exitfest.org\/fr\/scenes","og_locale":"fr_FR","og_type":"article","og_title":"Sc\u00e8nes - EXIT Festival 2025","og_description":"Sur plus de 40 sc\u00e8nes et zones cach\u00e9es entre les murs de la forteresse Petrovaradin l'EXIT Festival pr\u00e9sente des spectacles de musique de haut niveau et d'une grande vari\u00e9t\u00e9.","og_url":"https:\/\/www.exitfest.org\/fr\/scenes","og_site_name":"EXIT Festival 2025","article_publisher":"https:\/\/www.facebook.com\/exit.festival","article_modified_time":"2025-06-23T12:19:58+00:00","og_image":[{"width":1920,"height":1080,"url":"https:\/\/www.exitfest.org\/wp-content\/uploads\/2024\/11\/state-of-exit-og-image-2025-exit.jpg","type":"image\/jpeg"}],"twitter_card":"summary_large_image","twitter_site":"@exitfestival","schema":{"@context":"https:\/\/schema.org","@graph":[{"@type":"WebPage","@id":"https:\/\/www.exitfest.org\/fr\/scenes","url":"https:\/\/www.exitfest.org\/fr\/scenes","name":"Sc\u00e8nes - EXIT Festival 2025","isPartOf":{"@id":"https:\/\/www.exitfest.org\/fr#website"},"primaryImageOfPage":{"@id":"https:\/\/www.exitfest.org\/fr\/scenes#primaryimage"},"image":{"@id":"https:\/\/www.exitfest.org\/fr\/scenes#primaryimage"},"thumbnailUrl":"https:\/\/www.exitfest.org\/wp-content\/uploads\/2024\/11\/state-of-exit-og-image-2025-exit.jpg","datePublished":"2018-12-19T19:43:48+00:00","dateModified":"2025-06-23T12:19:58+00:00","description":"Sur plus de 40 sc\u00e8nes et zones cach\u00e9es entre les murs de la forteresse Petrovaradin l'EXIT Festival pr\u00e9sente des spectacles de musique de haut niveau et d'une grande vari\u00e9t\u00e9.","breadcrumb":{"@id":"https:\/\/www.exitfest.org\/fr\/scenes#breadcrumb"},"inLanguage":"fr-FR","potentialAction":[{"@type":"ReadAction","target":["https:\/\/www.exitfest.org\/fr\/scenes"]}]},{"@type":"ImageObject","inLanguage":"fr-FR","@id":"https:\/\/www.exitfest.org\/fr\/scenes#primaryimage","url":"https:\/\/www.exitfest.org\/wp-content\/uploads\/2024\/11\/state-of-exit-og-image-2025-exit.jpg","contentUrl":"https:\/\/www.exitfest.org\/wp-content\/uploads\/2024\/11\/state-of-exit-og-image-2025-exit.jpg","width":1920,"height":1080,"caption":"Hurt"},{"@type":"BreadcrumbList","@id":"https:\/\/www.exitfest.org\/fr\/scenes#breadcrumb","itemListElement":[{"@type":"ListItem","position":1,"name":"Home","item":"https:\/\/www.exitfest.org\/fr"},{"@type":"ListItem","position":2,"name":"Sc\u00e8nes"}]},{"@type":"WebSite","@id":"https:\/\/www.exitfest.org\/fr#website","url":"https:\/\/www.exitfest.org\/fr","name":"EXIT Festival 2025","description":"","publisher":{"@id":"https:\/\/www.exitfest.org\/fr#organization"},"alternateName":"EXIT Festival","potentialAction":[{"@type":"SearchAction","target":{"@type":"EntryPoint","urlTemplate":"https:\/\/www.exitfest.org\/fr?s={search_term_string}"},"query-input":{"@type":"PropertyValueSpecification","valueRequired":true,"valueName":"search_term_string"}}],"inLanguage":"fr-FR"},{"@type":"Organization","@id":"https:\/\/www.exitfest.org\/fr#organization","name":"EXIT Festival","alternateName":"EXIT","url":"https:\/\/www.exitfest.org\/fr","logo":{"@type":"ImageObject","inLanguage":"fr-FR","@id":"https:\/\/www.exitfest.org\/fr#\/schema\/logo\/image\/","url":"https:\/\/www.exitfest.org\/wp-content\/uploads\/2023\/04\/exit-logo-696px.svg","contentUrl":"https:\/\/www.exitfest.org\/wp-content\/uploads\/2023\/04\/exit-logo-696px.svg","width":1,"height":1,"caption":"EXIT Festival"},"image":{"@id":"https:\/\/www.exitfest.org\/fr#\/schema\/logo\/image\/"},"sameAs":["https:\/\/www.facebook.com\/exit.festival","https:\/\/x.com\/exitfestival","https:\/\/instagram.com\/exitfestival","https:\/\/www.linkedin.com\/company\/exit-festival\/","https:\/\/www.youtube.com\/user\/EXITFestivalTV","https:\/\/en.wikipedia.org\/wiki\/Exit_festival","https:\/\/www.tiktok.com\/@exit_festival","https:\/\/www.flickr.com\/photos\/exitfestival","https:\/\/soundcloud.com\/exitfestival","https:\/\/www.mixcloud.com\/exitfestival\/","https:\/\/vb.me\/b827f5","https:\/\/www.deezer.com\/en\/profile\/1441778382","https:\/\/vk.com\/exitfestival"]}]}},"_links":{"self":[{"href":"https:\/\/www.exitfest.org\/fr\/wp-json\/wp\/v2\/pages\/11779","targetHints":{"allow":["GET"]}}],"collection":[{"href":"https:\/\/www.exitfest.org\/fr\/wp-json\/wp\/v2\/pages"}],"about":[{"href":"https:\/\/www.exitfest.org\/fr\/wp-json\/wp\/v2\/types\/page"}],"author":[{"embeddable":true,"href":"https:\/\/www.exitfest.org\/fr\/wp-json\/wp\/v2\/users\/1"}],"replies":[{"embeddable":true,"href":"https:\/\/www.exitfest.org\/fr\/wp-json\/wp\/v2\/comments?post=11779"}],"version-history":[{"count":1,"href":"https:\/\/www.exitfest.org\/fr\/wp-json\/wp\/v2\/pages\/11779\/revisions"}],"predecessor-version":[{"id":243680,"href":"https:\/\/www.exitfest.org\/fr\/wp-json\/wp\/v2\/pages\/11779\/revisions\/243680"}],"wp:featuredmedia":[{"embeddable":true,"href":"https:\/\/www.exitfest.org\/fr\/wp-json\/wp\/v2\/media\/288933"}],"wp:attachment":[{"href":"https:\/\/www.exitfest.org\/fr\/wp-json\/wp\/v2\/media?parent=11779"}],"curies":[{"name":"wp","href":"https:\/\/api.w.org\/{rel}","templated":true}]}}