{"id":119457,"date":"2021-02-10T09:37:06","date_gmt":"2021-02-10T08:37:06","guid":{"rendered":"https:\/\/www.exitfest.org\/les-valeurs-de-lexit\/"},"modified":"2021-04-20T13:19:48","modified_gmt":"2021-04-20T11:19:48","slug":"les-valeurs-de-lexit","status":"publish","type":"page","link":"https:\/\/www.exitfest.org\/fr\/les-valeurs-de-lexit","title":{"rendered":"Les Valeurs de l&rsquo;Exit"},"content":{"rendered":"<div class=\"wpb-content-wrapper\"><p>[vc_row el_class=\u00a0\u00bbcontainer-single uk-container-center\u00a0\u00bb css=\u00a0\u00bb.vc_custom_1547721991391{padding-top: 40px !important;}\u00a0\u00bb][vc_column offset=\u00a0\u00bbvc_col-lg-offset-2 vc_col-lg-8 vc_col-md-offset-2 vc_col-md-8&Prime;][vc_column_text css_animation=\u00a0\u00bbnone\u00a0\u00bb css=\u00a0\u00bb.vc_custom_1547721997675{margin-bottom: 10px !important;}\u00a0\u00bb]Notre <strong>MISSION<\/strong> est de d\u00e9clencher des changements sociaux positifs et d&rsquo;acc\u00e9l\u00e9rer l&rsquo;\u00e9volution de la conscience humaine en utilisant les industries cr\u00e9atives, les \u00e9v\u00e9nements artistiques, \u00e9ducatifs et caritatifs mondiaux de premier plan comme moyen de diffuser le message d&rsquo;amour et de libert\u00e9 \u00e0 la plan\u00e8te enti\u00e8re ; tout cela dans le but de donner vie \u00e0 notre <strong>VISION<\/strong> &#8211; l&rsquo;humanit\u00e9 et la Terre en harmonie \u00e0 tous les niveaux ; local, r\u00e9gional et mondial.<\/p>\n<p>Lanc\u00e9 en 2000 en tant que mouvement social \u00e9tudiant, l&rsquo;Exit est le seul festival mondial n\u00e9 d&rsquo;un d\u00e9sir de progr\u00e8s et de libert\u00e9. L&rsquo;identit\u00e9 bien connue du festival s&rsquo;est d\u00e9velopp\u00e9e gr\u00e2ce \u00e0 son programme musical \u00e9clectique unique, cr\u00e9ant de nombreuses campagnes socialement responsables, ainsi qu&rsquo;un soutien actif aux mouvements et organisations caritatifs, \u00e9cologiques et culturels.<\/p>\n<p>L&rsquo;EXIT n&rsquo;est pas seulement un festival, c&rsquo;est un mouvement, un symbole de progr\u00e8s et un moteur de changement dans la soci\u00e9t\u00e9, mais aussi la principale plateforme pour les industries cr\u00e9atives non seulement en Serbie, mais aussi dans la r\u00e9gion des Balkans &#8211; la r\u00e9gion qui a \u00e9t\u00e9 d\u00e9chir\u00e9e par une d\u00e9cennie de guerres sanglantes, o\u00f9 les jeunes grandissent encore pleins de haine envers les peuples des pays voisins. Nous avons accept\u00e9 le d\u00e9fi de changer cette r\u00e9alit\u00e9, de faire des Balkans un symbole d&rsquo;unit\u00e9 et de progr\u00e8s.[\/vc_column_text][\/vc_column][\/vc_row][vc_row][vc_column offset=\u00a0\u00bbvc_col-lg-offset-2 vc_col-lg-8 vc_col-md-12 vc_col-xs-12&Prime;][vc_single_image image=\u00a0\u00bb102657&Prime; img_size=\u00a0\u00bbfull\u00a0\u00bb alignment=\u00a0\u00bbcenter\u00a0\u00bb css_animation=\u00a0\u00bbnone\u00a0\u00bb bbvcedo_x_large_csstypo=\u00a0\u00bb.bb_custom_1547722730866{text-align:center!important;}\u00a0\u00bb bbvcedo_large_csstypo=\u00a0\u00bb.bb_custom_1547722730866{text-align:center!important;}\u00a0\u00bb bbvcedo_medium_csstypo=\u00a0\u00bb.bb_custom_1547722730866{text-align:center!important;}\u00a0\u00bb bbvcedo_small_csstypo=\u00a0\u00bb.bb_custom_1547722730866{text-align:center!important;}\u00a0\u00bb][\/vc_column][\/vc_row][vc_row el_class=\u00a0\u00bbcontainer-single uk-container-center\u00a0\u00bb css=\u00a0\u00bb.vc_custom_1540050342225{padding-bottom: 50px !important;}\u00a0\u00bb][vc_column offset=\u00a0\u00bbvc_col-lg-offset-2 vc_col-lg-8 vc_col-md-offset-2 vc_col-md-8 vc_col-xs-12&Prime;][vc_column_text css_animation=\u00a0\u00bbnone\u00a0\u00bb]Le sens et les racines de notre \u00eatre reposent sur un d\u00e9sir profond d&rsquo;\u00e9voluer et de progresser, ainsi que sur les changements positifs par lesquels nous cr\u00e9ons des moyens de diffuser le message de libert\u00e9 au plus grand nombre. Cette \u00e9tincelle ne peut pas s&rsquo;\u00e9teindre, au contraire, la vision vers laquelle nous nous dirigeons n&rsquo;a jamais \u00e9t\u00e9 aussi claire &#8211; devenir et durer comme g\u00e9n\u00e9rateur d&rsquo;une forte \u00e9nergie positive qui unit les gens, les inspirant davantage et leur faisant croire que l&rsquo;harmonie et les miracles sont cr\u00e9\u00e9s par nous-m\u00eames.<\/p>\n<p>Nos missions sont de continuer, par le biais de festivals, d&rsquo;industries cr\u00e9atives et d&rsquo;activisme social, \u00e0 cr\u00e9er des changements sociaux positifs et \u00e0 nous am\u00e9liorer constamment \u00e0 chaque \u00e9tape, avec les personnes qui nous entourent et la soci\u00e9t\u00e9 en g\u00e9n\u00e9ral. Exit comme une sortie et un soutien sur le chemin du d\u00e9veloppement personnel et du vrai bonheur.[\/vc_column_text]<div class=\"uk-width-1-1 uk-text-center\">\r\n                        <a href=\"https:\/\/www.exitfest.org\/exit-aktivizam\/\" class=\"uk-button uk-button-primary  uk-button-primary widebutton\" target=\"_self\">EXIT Aktivizam<\/a>\r\n                    <\/div>[\/vc_column][\/vc_row]<\/p>\n<\/div>","protected":false},"excerpt":{"rendered":"<p>[vc_row el_class=\u00a0\u00bbcontainer-single uk-container-center\u00a0\u00bb css=\u00a0\u00bb.vc_custom_1547721991391{padding-top: 40px !important;}\u00a0\u00bb][vc_column offset=\u00a0\u00bbvc_col-lg-offset-2 vc_col-lg-8 vc_col-md-offset-2 vc_col-md-8&Prime;][vc_column_text css_animation=\u00a0\u00bbnone\u00a0\u00bb css=\u00a0\u00bb.vc_custom_1547721997675{margin-bottom: 10px !important;}\u00a0\u00bb]Notre MISSION est de d\u00e9clencher des changements sociaux positifs et d&rsquo;acc\u00e9l\u00e9rer l&rsquo;\u00e9volution de la conscience humaine en<\/p>\n","protected":false},"author":1,"featured_media":124758,"parent":0,"menu_order":41,"comment_status":"closed","ping_status":"closed","template":"page-with-hero.php","meta":{"_acf_changed":false,"footnotes":""},"class_list":["post-119457","page","type-page","status-publish","has-post-thumbnail","hentry"],"acf":[],"yoast_head":"<!-- This site is optimized with the Yoast SEO plugin v25.6 - https:\/\/yoast.com\/wordpress\/plugins\/seo\/ -->\n<title>Les Valeurs de l&#039;Exit - EXIT Festival 2025<\/title>\n<meta name=\"description\" content=\"N\u00e9 d&#039;un mouvement social \u00e9tudiant en l&#039;an 2000, EXIT est le seul festival mondial issu d&#039;un d\u00e9sir de progr\u00e8s et de libert\u00e9.\" \/>\n<meta name=\"robots\" content=\"index, follow, max-snippet:-1, max-image-preview:large, max-video-preview:-1\" \/>\n<link rel=\"canonical\" href=\"https:\/\/www.exitfest.org\/fr\/les-valeurs-de-lexit\" \/>\n<meta property=\"og:locale\" content=\"fr_FR\" \/>\n<meta property=\"og:type\" content=\"article\" \/>\n<meta property=\"og:title\" content=\"Les Valeurs de l&#039;Exit - EXIT Festival 2025\" \/>\n<meta property=\"og:description\" content=\"N\u00e9 d&#039;un mouvement social \u00e9tudiant en l&#039;an 2000, EXIT est le seul festival mondial issu d&#039;un d\u00e9sir de progr\u00e8s et de libert\u00e9.\" \/>\n<meta property=\"og:url\" content=\"https:\/\/www.exitfest.org\/fr\/les-valeurs-de-lexit\" \/>\n<meta property=\"og:site_name\" content=\"EXIT Festival 2025\" \/>\n<meta property=\"article:publisher\" content=\"https:\/\/www.facebook.com\/exit.festival\" \/>\n<meta property=\"article:modified_time\" content=\"2021-04-20T11:19:48+00:00\" \/>\n<meta property=\"og:image\" content=\"https:\/\/www.exitfest.org\/wp-content\/uploads\/2021\/04\/featured_EXIT-KV-CELEBRATE-LIFE_en.jpg\" \/>\n\t<meta property=\"og:image:width\" content=\"1200\" \/>\n\t<meta property=\"og:image:height\" content=\"630\" \/>\n\t<meta property=\"og:image:type\" content=\"image\/jpeg\" \/>\n<meta name=\"twitter:card\" content=\"summary_large_image\" \/>\n<meta name=\"twitter:site\" content=\"@exitfestival\" \/>\n<script type=\"application\/ld+json\" class=\"yoast-schema-graph\">{\"@context\":\"https:\/\/schema.org\",\"@graph\":[{\"@type\":\"WebPage\",\"@id\":\"https:\/\/www.exitfest.org\/fr\/les-valeurs-de-lexit\",\"url\":\"https:\/\/www.exitfest.org\/fr\/les-valeurs-de-lexit\",\"name\":\"Les Valeurs de l'Exit - EXIT Festival 2025\",\"isPartOf\":{\"@id\":\"https:\/\/www.exitfest.org\/fr#website\"},\"primaryImageOfPage\":{\"@id\":\"https:\/\/www.exitfest.org\/fr\/les-valeurs-de-lexit#primaryimage\"},\"image\":{\"@id\":\"https:\/\/www.exitfest.org\/fr\/les-valeurs-de-lexit#primaryimage\"},\"thumbnailUrl\":\"https:\/\/www.exitfest.org\/wp-content\/uploads\/2021\/04\/featured_EXIT-KV-CELEBRATE-LIFE_en.jpg\",\"datePublished\":\"2021-02-10T08:37:06+00:00\",\"dateModified\":\"2021-04-20T11:19:48+00:00\",\"description\":\"N\u00e9 d'un mouvement social \u00e9tudiant en l'an 2000, EXIT est le seul festival mondial issu d'un d\u00e9sir de progr\u00e8s et de libert\u00e9.\",\"breadcrumb\":{\"@id\":\"https:\/\/www.exitfest.org\/fr\/les-valeurs-de-lexit#breadcrumb\"},\"inLanguage\":\"fr-FR\",\"potentialAction\":[{\"@type\":\"ReadAction\",\"target\":[\"https:\/\/www.exitfest.org\/fr\/les-valeurs-de-lexit\"]}]},{\"@type\":\"ImageObject\",\"inLanguage\":\"fr-FR\",\"@id\":\"https:\/\/www.exitfest.org\/fr\/les-valeurs-de-lexit#primaryimage\",\"url\":\"https:\/\/www.exitfest.org\/wp-content\/uploads\/2021\/04\/featured_EXIT-KV-CELEBRATE-LIFE_en.jpg\",\"contentUrl\":\"https:\/\/www.exitfest.org\/wp-content\/uploads\/2021\/04\/featured_EXIT-KV-CELEBRATE-LIFE_en.jpg\",\"width\":1200,\"height\":630,\"caption\":\"EXIT Festival 2021 - Celebrate life\"},{\"@type\":\"BreadcrumbList\",\"@id\":\"https:\/\/www.exitfest.org\/fr\/les-valeurs-de-lexit#breadcrumb\",\"itemListElement\":[{\"@type\":\"ListItem\",\"position\":1,\"name\":\"Home\",\"item\":\"https:\/\/www.exitfest.org\/fr\"},{\"@type\":\"ListItem\",\"position\":2,\"name\":\"Les Valeurs de l&rsquo;Exit\"}]},{\"@type\":\"WebSite\",\"@id\":\"https:\/\/www.exitfest.org\/fr#website\",\"url\":\"https:\/\/www.exitfest.org\/fr\",\"name\":\"EXIT Festival 2025\",\"description\":\"\",\"publisher\":{\"@id\":\"https:\/\/www.exitfest.org\/fr#organization\"},\"alternateName\":\"EXIT Festival\",\"potentialAction\":[{\"@type\":\"SearchAction\",\"target\":{\"@type\":\"EntryPoint\",\"urlTemplate\":\"https:\/\/www.exitfest.org\/fr?s={search_term_string}\"},\"query-input\":{\"@type\":\"PropertyValueSpecification\",\"valueRequired\":true,\"valueName\":\"search_term_string\"}}],\"inLanguage\":\"fr-FR\"},{\"@type\":\"Organization\",\"@id\":\"https:\/\/www.exitfest.org\/fr#organization\",\"name\":\"EXIT Festival\",\"alternateName\":\"EXIT\",\"url\":\"https:\/\/www.exitfest.org\/fr\",\"logo\":{\"@type\":\"ImageObject\",\"inLanguage\":\"fr-FR\",\"@id\":\"https:\/\/www.exitfest.org\/fr#\/schema\/logo\/image\/\",\"url\":\"https:\/\/www.exitfest.org\/wp-content\/uploads\/2023\/04\/exit-logo-696px.svg\",\"contentUrl\":\"https:\/\/www.exitfest.org\/wp-content\/uploads\/2023\/04\/exit-logo-696px.svg\",\"width\":1,\"height\":1,\"caption\":\"EXIT Festival\"},\"image\":{\"@id\":\"https:\/\/www.exitfest.org\/fr#\/schema\/logo\/image\/\"},\"sameAs\":[\"https:\/\/www.facebook.com\/exit.festival\",\"https:\/\/x.com\/exitfestival\",\"https:\/\/instagram.com\/exitfestival\",\"https:\/\/www.linkedin.com\/company\/exit-festival\/\",\"https:\/\/www.youtube.com\/user\/EXITFestivalTV\",\"https:\/\/en.wikipedia.org\/wiki\/Exit_festival\",\"https:\/\/www.tiktok.com\/@exit_festival\",\"https:\/\/www.flickr.com\/photos\/exitfestival\",\"https:\/\/soundcloud.com\/exitfestival\",\"https:\/\/www.mixcloud.com\/exitfestival\/\",\"https:\/\/vb.me\/b827f5\",\"https:\/\/www.deezer.com\/en\/profile\/1441778382\",\"https:\/\/vk.com\/exitfestival\"]}]}<\/script>\n<!-- \/ Yoast SEO plugin. -->","yoast_head_json":{"title":"Les Valeurs de l'Exit - EXIT Festival 2025","description":"N\u00e9 d'un mouvement social \u00e9tudiant en l'an 2000, EXIT est le seul festival mondial issu d'un d\u00e9sir de progr\u00e8s et de libert\u00e9.","robots":{"index":"index","follow":"follow","max-snippet":"max-snippet:-1","max-image-preview":"max-image-preview:large","max-video-preview":"max-video-preview:-1"},"canonical":"https:\/\/www.exitfest.org\/fr\/les-valeurs-de-lexit","og_locale":"fr_FR","og_type":"article","og_title":"Les Valeurs de l'Exit - EXIT Festival 2025","og_description":"N\u00e9 d'un mouvement social \u00e9tudiant en l'an 2000, EXIT est le seul festival mondial issu d'un d\u00e9sir de progr\u00e8s et de libert\u00e9.","og_url":"https:\/\/www.exitfest.org\/fr\/les-valeurs-de-lexit","og_site_name":"EXIT Festival 2025","article_publisher":"https:\/\/www.facebook.com\/exit.festival","article_modified_time":"2021-04-20T11:19:48+00:00","og_image":[{"width":1200,"height":630,"url":"https:\/\/www.exitfest.org\/wp-content\/uploads\/2021\/04\/featured_EXIT-KV-CELEBRATE-LIFE_en.jpg","type":"image\/jpeg"}],"twitter_card":"summary_large_image","twitter_site":"@exitfestival","schema":{"@context":"https:\/\/schema.org","@graph":[{"@type":"WebPage","@id":"https:\/\/www.exitfest.org\/fr\/les-valeurs-de-lexit","url":"https:\/\/www.exitfest.org\/fr\/les-valeurs-de-lexit","name":"Les Valeurs de l'Exit - EXIT Festival 2025","isPartOf":{"@id":"https:\/\/www.exitfest.org\/fr#website"},"primaryImageOfPage":{"@id":"https:\/\/www.exitfest.org\/fr\/les-valeurs-de-lexit#primaryimage"},"image":{"@id":"https:\/\/www.exitfest.org\/fr\/les-valeurs-de-lexit#primaryimage"},"thumbnailUrl":"https:\/\/www.exitfest.org\/wp-content\/uploads\/2021\/04\/featured_EXIT-KV-CELEBRATE-LIFE_en.jpg","datePublished":"2021-02-10T08:37:06+00:00","dateModified":"2021-04-20T11:19:48+00:00","description":"N\u00e9 d'un mouvement social \u00e9tudiant en l'an 2000, EXIT est le seul festival mondial issu d'un d\u00e9sir de progr\u00e8s et de libert\u00e9.","breadcrumb":{"@id":"https:\/\/www.exitfest.org\/fr\/les-valeurs-de-lexit#breadcrumb"},"inLanguage":"fr-FR","potentialAction":[{"@type":"ReadAction","target":["https:\/\/www.exitfest.org\/fr\/les-valeurs-de-lexit"]}]},{"@type":"ImageObject","inLanguage":"fr-FR","@id":"https:\/\/www.exitfest.org\/fr\/les-valeurs-de-lexit#primaryimage","url":"https:\/\/www.exitfest.org\/wp-content\/uploads\/2021\/04\/featured_EXIT-KV-CELEBRATE-LIFE_en.jpg","contentUrl":"https:\/\/www.exitfest.org\/wp-content\/uploads\/2021\/04\/featured_EXIT-KV-CELEBRATE-LIFE_en.jpg","width":1200,"height":630,"caption":"EXIT Festival 2021 - Celebrate life"},{"@type":"BreadcrumbList","@id":"https:\/\/www.exitfest.org\/fr\/les-valeurs-de-lexit#breadcrumb","itemListElement":[{"@type":"ListItem","position":1,"name":"Home","item":"https:\/\/www.exitfest.org\/fr"},{"@type":"ListItem","position":2,"name":"Les Valeurs de l&rsquo;Exit"}]},{"@type":"WebSite","@id":"https:\/\/www.exitfest.org\/fr#website","url":"https:\/\/www.exitfest.org\/fr","name":"EXIT Festival 2025","description":"","publisher":{"@id":"https:\/\/www.exitfest.org\/fr#organization"},"alternateName":"EXIT Festival","potentialAction":[{"@type":"SearchAction","target":{"@type":"EntryPoint","urlTemplate":"https:\/\/www.exitfest.org\/fr?s={search_term_string}"},"query-input":{"@type":"PropertyValueSpecification","valueRequired":true,"valueName":"search_term_string"}}],"inLanguage":"fr-FR"},{"@type":"Organization","@id":"https:\/\/www.exitfest.org\/fr#organization","name":"EXIT Festival","alternateName":"EXIT","url":"https:\/\/www.exitfest.org\/fr","logo":{"@type":"ImageObject","inLanguage":"fr-FR","@id":"https:\/\/www.exitfest.org\/fr#\/schema\/logo\/image\/","url":"https:\/\/www.exitfest.org\/wp-content\/uploads\/2023\/04\/exit-logo-696px.svg","contentUrl":"https:\/\/www.exitfest.org\/wp-content\/uploads\/2023\/04\/exit-logo-696px.svg","width":1,"height":1,"caption":"EXIT Festival"},"image":{"@id":"https:\/\/www.exitfest.org\/fr#\/schema\/logo\/image\/"},"sameAs":["https:\/\/www.facebook.com\/exit.festival","https:\/\/x.com\/exitfestival","https:\/\/instagram.com\/exitfestival","https:\/\/www.linkedin.com\/company\/exit-festival\/","https:\/\/www.youtube.com\/user\/EXITFestivalTV","https:\/\/en.wikipedia.org\/wiki\/Exit_festival","https:\/\/www.tiktok.com\/@exit_festival","https:\/\/www.flickr.com\/photos\/exitfestival","https:\/\/soundcloud.com\/exitfestival","https:\/\/www.mixcloud.com\/exitfestival\/","https:\/\/vb.me\/b827f5","https:\/\/www.deezer.com\/en\/profile\/1441778382","https:\/\/vk.com\/exitfestival"]}]}},"_links":{"self":[{"href":"https:\/\/www.exitfest.org\/fr\/wp-json\/wp\/v2\/pages\/119457","targetHints":{"allow":["GET"]}}],"collection":[{"href":"https:\/\/www.exitfest.org\/fr\/wp-json\/wp\/v2\/pages"}],"about":[{"href":"https:\/\/www.exitfest.org\/fr\/wp-json\/wp\/v2\/types\/page"}],"author":[{"embeddable":true,"href":"https:\/\/www.exitfest.org\/fr\/wp-json\/wp\/v2\/users\/1"}],"replies":[{"embeddable":true,"href":"https:\/\/www.exitfest.org\/fr\/wp-json\/wp\/v2\/comments?post=119457"}],"version-history":[{"count":0,"href":"https:\/\/www.exitfest.org\/fr\/wp-json\/wp\/v2\/pages\/119457\/revisions"}],"wp:featuredmedia":[{"embeddable":true,"href":"https:\/\/www.exitfest.org\/fr\/wp-json\/wp\/v2\/media\/124758"}],"wp:attachment":[{"href":"https:\/\/www.exitfest.org\/fr\/wp-json\/wp\/v2\/media?parent=119457"}],"curies":[{"name":"wp","href":"https:\/\/api.w.org\/{rel}","templated":true}]}}