{"id":119465,"date":"2021-02-10T09:55:06","date_gmt":"2021-02-10T08:55:06","guid":{"rendered":"https:\/\/www.exitfest.org\/exit-tv\/"},"modified":"2021-06-07T13:51:16","modified_gmt":"2021-06-07T11:51:16","slug":"exit-tv","status":"publish","type":"page","link":"https:\/\/www.exitfest.org\/fr\/exit-tv","title":{"rendered":"EXIT TV"},"content":{"rendered":"<div class=\"wpb-content-wrapper\"><p>[vc_row css=\u00a0\u00bb.vc_custom_1585051946381{background-color: #000000 !important;}\u00a0\u00bb][vc_column][vc_row_inner el_class=\u00a0\u00bbcontainer-single uk-container-center\u00a0\u00bb][vc_column_inner][vc_single_image image=\u00a0\u00bb116481&Prime; img_size=\u00a0\u00bbfull\u00a0\u00bb alignment=\u00a0\u00bbcenter\u00a0\u00bb css_animation=\u00a0\u00bbflipInX\u00a0\u00bb][\/vc_column_inner][\/vc_row_inner][vc_row_inner el_class=\u00a0\u00bbcontainer-single uk-container-center\u00a0\u00bb][vc_column_inner offset=\u00a0\u00bbvc_hidden-xs\u00a0\u00bb][vc_single_image image=\u00a0\u00bb132045&Prime; img_size=\u00a0\u00bbfull\u00a0\u00bb alignment=\u00a0\u00bbcenter\u00a0\u00bb css_animation=\u00a0\u00bbflipInX\u00a0\u00bb][\/vc_column_inner][\/vc_row_inner][vc_row_inner el_class=\u00a0\u00bbcontainer-single uk-container-center\u00a0\u00bb][vc_column_inner offset=\u00a0\u00bbvc_hidden-lg vc_hidden-md vc_hidden-sm\u00a0\u00bb css=\u00a0\u00bb.vc_custom_1585070691758{padding-right: 0px !important;padding-left: 0px !important;}\u00a0\u00bb][vc_single_image image=\u00a0\u00bb132038&Prime; img_size=\u00a0\u00bbfull\u00a0\u00bb alignment=\u00a0\u00bbcenter\u00a0\u00bb css_animation=\u00a0\u00bbflipInX\u00a0\u00bb][\/vc_column_inner][\/vc_row_inner][vc_row_inner el_class=\u00a0\u00bbcontainer-single uk-container-center\u00a0\u00bb][vc_column_inner][vc_column_text css_animation=\u00a0\u00bbfadeInUp\u00a0\u00bb el_class=\u00a0\u00bbintrotext\u00a0\u00bb]Dans le cadre de la c\u00e9l\u00e9bration des deux d\u00e9cennies du festival EXIT, <strong>EXIT TV a pr\u00e9sent\u00e9 un programme sp\u00e9cial de plusieurs heures la veille du Nouvel An,<\/strong> comprenant certains des plus grands noms de la riche histoire du festival, tels que <strong>The Cure, The Prodigy, Migos, David Guetta, The Chainsmokers, Moby, Faithless, Motorhead, Jason Derulo, Atoms For Peace, Liam Gallagher, Damon Albarn, Hurts, Pet Shop Boys, Nile Rodgers, Cypress Hill, Snoop Dogg, Hardwell, Gloria Gaynor<\/strong> et beaucoup, beaucoup d&rsquo;autres. Deux semaines plus tard, les premi\u00e8res mondiales des inoubliables shows de <strong>Nina Kraviz<\/strong> et <strong>Amelie Lens<\/strong> sur la mts Dance Arena qui ont cl\u00f4tur\u00e9 en 2018 et 2019 ont suivi, ainsi qu&rsquo;une soir\u00e9e en R\u00e9alit\u00e9 Virtuelle organis\u00e9e en coop\u00e9ration avec l&rsquo;un des clubs allemands <strong>Bootshaus<\/strong> avec la performance du duo de DJ house <strong>andhim<\/strong>, dans le cadre d&rsquo;un programme exclusif de la finale de l&rsquo;\u00e9mission sp\u00e9ciale des f\u00eates \u00ab\u00a0EXIT to 2021\u00a0\u00bb.<\/p>\n<p>Plut\u00f4t en 2020, afin de rendre plus confortable le confinement de chacun \u00e0 la maison, le festival EXIT a diffus\u00e9 un programme sp\u00e9cial via la plateforme EXIT TV, avec certains des meilleurs spectacles de l&rsquo;histoire du festival, ainsi que des <strong>performances exclusives de DJs<\/strong> <strong>jouant des sets<\/strong> depuis chez eux.[\/vc_column_text][\/vc_column_inner][\/vc_row_inner][vc_row_inner el_class=\u00a0\u00bbcontainer-single uk-container-center\u00a0\u00bb css=\u00a0\u00bb.vc_custom_1585072355096{padding-top: 10px !important;padding-bottom: 5% !important;}\u00a0\u00bb][vc_column_inner css=\u00a0\u00bb.vc_custom_1585055297030{padding-right: 0px !important;padding-left: 0px !important;}\u00a0\u00bb][vc_separator color=\u00a0\u00bbcustom\u00a0\u00bb border_width=\u00a0\u00bb3&Prime; css_animation=\u00a0\u00bbfadeIn\u00a0\u00bb accent_color=\u00a0\u00bb#353535&Prime;][vc_separator color=\u00a0\u00bbcustom\u00a0\u00bb border_width=\u00a0\u00bb3&Prime; css_animation=\u00a0\u00bbfadeIn\u00a0\u00bb accent_color=\u00a0\u00bb#353535&Prime; css=\u00a0\u00bb.vc_custom_1585072026385{padding-top: 7% !important;}\u00a0\u00bb][\/vc_column_inner][\/vc_row_inner][\/vc_column][\/vc_row]<\/p>\n<\/div>","protected":false},"excerpt":{"rendered":"<p>[vc_row css=\u00a0\u00bb.vc_custom_1585051946381{background-color: #000000 !important;}\u00a0\u00bb][vc_column][vc_row_inner el_class=\u00a0\u00bbcontainer-single uk-container-center\u00a0\u00bb][vc_column_inner][vc_single_image image=\u00a0\u00bb116481&Prime; img_size=\u00a0\u00bbfull\u00a0\u00bb alignment=\u00a0\u00bbcenter\u00a0\u00bb css_animation=\u00a0\u00bbflipInX\u00a0\u00bb][\/vc_column_inner][\/vc_row_inner][vc_row_inner el_class=\u00a0\u00bbcontainer-single uk-container-center\u00a0\u00bb][vc_column_inner offset=\u00a0\u00bbvc_hidden-xs\u00a0\u00bb][vc_single_image image=\u00a0\u00bb132045&Prime; img_size=\u00a0\u00bbfull\u00a0\u00bb alignment=\u00a0\u00bbcenter\u00a0\u00bb css_animation=\u00a0\u00bbflipInX\u00a0\u00bb][\/vc_column_inner][\/vc_row_inner][vc_row_inner el_class=\u00a0\u00bbcontainer-single uk-container-center\u00a0\u00bb][vc_column_inner offset=\u00a0\u00bbvc_hidden-lg vc_hidden-md vc_hidden-sm\u00a0\u00bb css=\u00a0\u00bb.vc_custom_1585070691758{padding-right: 0px !important;padding-left: 0px !important;}\u00a0\u00bb][vc_single_image image=\u00a0\u00bb132038&Prime; img_size=\u00a0\u00bbfull\u00a0\u00bb alignment=\u00a0\u00bbcenter\u00a0\u00bb<\/p>\n","protected":false},"author":1,"featured_media":126659,"parent":0,"menu_order":99,"comment_status":"closed","ping_status":"closed","template":"","meta":{"_acf_changed":false,"footnotes":""},"class_list":["post-119465","page","type-page","status-publish","has-post-thumbnail","hentry"],"acf":[],"yoast_head":"<!-- This site is optimized with the Yoast SEO plugin v25.6 - https:\/\/yoast.com\/wordpress\/plugins\/seo\/ -->\n<title>EXIT TV - EXIT Festival 2025<\/title>\n<meta name=\"description\" content=\"EXIT TV propose des performances exclusives de la riche histoire du festival EXIT, avec un programme sp\u00e9cial de plusieurs heures pour le r\u00e9veillon du Nouvel An pr\u00e9vu le 31 d\u00e9cembre via la page Facebook du festival et la cha\u00eene YouTube, ainsi que le site web officiel.\" \/>\n<meta name=\"robots\" content=\"index, follow, max-snippet:-1, max-image-preview:large, max-video-preview:-1\" \/>\n<link rel=\"canonical\" href=\"https:\/\/www.exitfest.org\/fr\/exit-tv\" \/>\n<meta property=\"og:locale\" content=\"fr_FR\" \/>\n<meta property=\"og:type\" content=\"article\" \/>\n<meta property=\"og:title\" content=\"EXIT TV - EXIT Festival 2025\" \/>\n<meta property=\"og:description\" content=\"EXIT TV propose des performances exclusives de la riche histoire du festival EXIT, avec un programme sp\u00e9cial de plusieurs heures pour le r\u00e9veillon du Nouvel An pr\u00e9vu le 31 d\u00e9cembre via la page Facebook du festival et la cha\u00eene YouTube, ainsi que le site web officiel.\" \/>\n<meta property=\"og:url\" content=\"https:\/\/www.exitfest.org\/fr\/exit-tv\" \/>\n<meta property=\"og:site_name\" content=\"EXIT Festival 2025\" \/>\n<meta property=\"article:publisher\" content=\"https:\/\/www.facebook.com\/exit.festival\" \/>\n<meta property=\"article:modified_time\" content=\"2021-06-07T11:51:16+00:00\" \/>\n<meta property=\"og:image\" content=\"https:\/\/www.exitfest.org\/wp-content\/uploads\/2021\/05\/1200x630_EXIT-TV-vol4.jpg\" \/>\n\t<meta property=\"og:image:width\" content=\"1200\" \/>\n\t<meta property=\"og:image:height\" content=\"630\" \/>\n\t<meta property=\"og:image:type\" content=\"image\/jpeg\" \/>\n<meta name=\"twitter:card\" content=\"summary_large_image\" \/>\n<meta name=\"twitter:site\" content=\"@exitfestival\" \/>\n<script type=\"application\/ld+json\" class=\"yoast-schema-graph\">{\"@context\":\"https:\/\/schema.org\",\"@graph\":[{\"@type\":\"WebPage\",\"@id\":\"https:\/\/www.exitfest.org\/fr\/exit-tv\",\"url\":\"https:\/\/www.exitfest.org\/fr\/exit-tv\",\"name\":\"EXIT TV - EXIT Festival 2025\",\"isPartOf\":{\"@id\":\"https:\/\/www.exitfest.org\/fr#website\"},\"primaryImageOfPage\":{\"@id\":\"https:\/\/www.exitfest.org\/fr\/exit-tv#primaryimage\"},\"image\":{\"@id\":\"https:\/\/www.exitfest.org\/fr\/exit-tv#primaryimage\"},\"thumbnailUrl\":\"https:\/\/www.exitfest.org\/wp-content\/uploads\/2021\/05\/1200x630_EXIT-TV-vol4.jpg\",\"datePublished\":\"2021-02-10T08:55:06+00:00\",\"dateModified\":\"2021-06-07T11:51:16+00:00\",\"description\":\"EXIT TV propose des performances exclusives de la riche histoire du festival EXIT, avec un programme sp\u00e9cial de plusieurs heures pour le r\u00e9veillon du Nouvel An pr\u00e9vu le 31 d\u00e9cembre via la page Facebook du festival et la cha\u00eene YouTube, ainsi que le site web officiel.\",\"breadcrumb\":{\"@id\":\"https:\/\/www.exitfest.org\/fr\/exit-tv#breadcrumb\"},\"inLanguage\":\"fr-FR\",\"potentialAction\":[{\"@type\":\"ReadAction\",\"target\":[\"https:\/\/www.exitfest.org\/fr\/exit-tv\"]}]},{\"@type\":\"ImageObject\",\"inLanguage\":\"fr-FR\",\"@id\":\"https:\/\/www.exitfest.org\/fr\/exit-tv#primaryimage\",\"url\":\"https:\/\/www.exitfest.org\/wp-content\/uploads\/2021\/05\/1200x630_EXIT-TV-vol4.jpg\",\"contentUrl\":\"https:\/\/www.exitfest.org\/wp-content\/uploads\/2021\/05\/1200x630_EXIT-TV-vol4.jpg\",\"width\":1200,\"height\":630,\"caption\":\"EXIT TV\"},{\"@type\":\"BreadcrumbList\",\"@id\":\"https:\/\/www.exitfest.org\/fr\/exit-tv#breadcrumb\",\"itemListElement\":[{\"@type\":\"ListItem\",\"position\":1,\"name\":\"Home\",\"item\":\"https:\/\/www.exitfest.org\/fr\"},{\"@type\":\"ListItem\",\"position\":2,\"name\":\"EXIT TV\"}]},{\"@type\":\"WebSite\",\"@id\":\"https:\/\/www.exitfest.org\/fr#website\",\"url\":\"https:\/\/www.exitfest.org\/fr\",\"name\":\"EXIT Festival 2025\",\"description\":\"\",\"publisher\":{\"@id\":\"https:\/\/www.exitfest.org\/fr#organization\"},\"alternateName\":\"EXIT Festival\",\"potentialAction\":[{\"@type\":\"SearchAction\",\"target\":{\"@type\":\"EntryPoint\",\"urlTemplate\":\"https:\/\/www.exitfest.org\/fr?s={search_term_string}\"},\"query-input\":{\"@type\":\"PropertyValueSpecification\",\"valueRequired\":true,\"valueName\":\"search_term_string\"}}],\"inLanguage\":\"fr-FR\"},{\"@type\":\"Organization\",\"@id\":\"https:\/\/www.exitfest.org\/fr#organization\",\"name\":\"EXIT Festival\",\"alternateName\":\"EXIT\",\"url\":\"https:\/\/www.exitfest.org\/fr\",\"logo\":{\"@type\":\"ImageObject\",\"inLanguage\":\"fr-FR\",\"@id\":\"https:\/\/www.exitfest.org\/fr#\/schema\/logo\/image\/\",\"url\":\"https:\/\/www.exitfest.org\/wp-content\/uploads\/2023\/04\/exit-logo-696px.svg\",\"contentUrl\":\"https:\/\/www.exitfest.org\/wp-content\/uploads\/2023\/04\/exit-logo-696px.svg\",\"width\":1,\"height\":1,\"caption\":\"EXIT Festival\"},\"image\":{\"@id\":\"https:\/\/www.exitfest.org\/fr#\/schema\/logo\/image\/\"},\"sameAs\":[\"https:\/\/www.facebook.com\/exit.festival\",\"https:\/\/x.com\/exitfestival\",\"https:\/\/instagram.com\/exitfestival\",\"https:\/\/www.linkedin.com\/company\/exit-festival\/\",\"https:\/\/www.youtube.com\/user\/EXITFestivalTV\",\"https:\/\/en.wikipedia.org\/wiki\/Exit_festival\",\"https:\/\/www.tiktok.com\/@exit_festival\",\"https:\/\/www.flickr.com\/photos\/exitfestival\",\"https:\/\/soundcloud.com\/exitfestival\",\"https:\/\/www.mixcloud.com\/exitfestival\/\",\"https:\/\/vb.me\/b827f5\",\"https:\/\/www.deezer.com\/en\/profile\/1441778382\",\"https:\/\/vk.com\/exitfestival\"]}]}<\/script>\n<!-- \/ Yoast SEO plugin. -->","yoast_head_json":{"title":"EXIT TV - EXIT Festival 2025","description":"EXIT TV propose des performances exclusives de la riche histoire du festival EXIT, avec un programme sp\u00e9cial de plusieurs heures pour le r\u00e9veillon du Nouvel An pr\u00e9vu le 31 d\u00e9cembre via la page Facebook du festival et la cha\u00eene YouTube, ainsi que le site web officiel.","robots":{"index":"index","follow":"follow","max-snippet":"max-snippet:-1","max-image-preview":"max-image-preview:large","max-video-preview":"max-video-preview:-1"},"canonical":"https:\/\/www.exitfest.org\/fr\/exit-tv","og_locale":"fr_FR","og_type":"article","og_title":"EXIT TV - EXIT Festival 2025","og_description":"EXIT TV propose des performances exclusives de la riche histoire du festival EXIT, avec un programme sp\u00e9cial de plusieurs heures pour le r\u00e9veillon du Nouvel An pr\u00e9vu le 31 d\u00e9cembre via la page Facebook du festival et la cha\u00eene YouTube, ainsi que le site web officiel.","og_url":"https:\/\/www.exitfest.org\/fr\/exit-tv","og_site_name":"EXIT Festival 2025","article_publisher":"https:\/\/www.facebook.com\/exit.festival","article_modified_time":"2021-06-07T11:51:16+00:00","og_image":[{"width":1200,"height":630,"url":"https:\/\/www.exitfest.org\/wp-content\/uploads\/2021\/05\/1200x630_EXIT-TV-vol4.jpg","type":"image\/jpeg"}],"twitter_card":"summary_large_image","twitter_site":"@exitfestival","schema":{"@context":"https:\/\/schema.org","@graph":[{"@type":"WebPage","@id":"https:\/\/www.exitfest.org\/fr\/exit-tv","url":"https:\/\/www.exitfest.org\/fr\/exit-tv","name":"EXIT TV - EXIT Festival 2025","isPartOf":{"@id":"https:\/\/www.exitfest.org\/fr#website"},"primaryImageOfPage":{"@id":"https:\/\/www.exitfest.org\/fr\/exit-tv#primaryimage"},"image":{"@id":"https:\/\/www.exitfest.org\/fr\/exit-tv#primaryimage"},"thumbnailUrl":"https:\/\/www.exitfest.org\/wp-content\/uploads\/2021\/05\/1200x630_EXIT-TV-vol4.jpg","datePublished":"2021-02-10T08:55:06+00:00","dateModified":"2021-06-07T11:51:16+00:00","description":"EXIT TV propose des performances exclusives de la riche histoire du festival EXIT, avec un programme sp\u00e9cial de plusieurs heures pour le r\u00e9veillon du Nouvel An pr\u00e9vu le 31 d\u00e9cembre via la page Facebook du festival et la cha\u00eene YouTube, ainsi que le site web officiel.","breadcrumb":{"@id":"https:\/\/www.exitfest.org\/fr\/exit-tv#breadcrumb"},"inLanguage":"fr-FR","potentialAction":[{"@type":"ReadAction","target":["https:\/\/www.exitfest.org\/fr\/exit-tv"]}]},{"@type":"ImageObject","inLanguage":"fr-FR","@id":"https:\/\/www.exitfest.org\/fr\/exit-tv#primaryimage","url":"https:\/\/www.exitfest.org\/wp-content\/uploads\/2021\/05\/1200x630_EXIT-TV-vol4.jpg","contentUrl":"https:\/\/www.exitfest.org\/wp-content\/uploads\/2021\/05\/1200x630_EXIT-TV-vol4.jpg","width":1200,"height":630,"caption":"EXIT TV"},{"@type":"BreadcrumbList","@id":"https:\/\/www.exitfest.org\/fr\/exit-tv#breadcrumb","itemListElement":[{"@type":"ListItem","position":1,"name":"Home","item":"https:\/\/www.exitfest.org\/fr"},{"@type":"ListItem","position":2,"name":"EXIT TV"}]},{"@type":"WebSite","@id":"https:\/\/www.exitfest.org\/fr#website","url":"https:\/\/www.exitfest.org\/fr","name":"EXIT Festival 2025","description":"","publisher":{"@id":"https:\/\/www.exitfest.org\/fr#organization"},"alternateName":"EXIT Festival","potentialAction":[{"@type":"SearchAction","target":{"@type":"EntryPoint","urlTemplate":"https:\/\/www.exitfest.org\/fr?s={search_term_string}"},"query-input":{"@type":"PropertyValueSpecification","valueRequired":true,"valueName":"search_term_string"}}],"inLanguage":"fr-FR"},{"@type":"Organization","@id":"https:\/\/www.exitfest.org\/fr#organization","name":"EXIT Festival","alternateName":"EXIT","url":"https:\/\/www.exitfest.org\/fr","logo":{"@type":"ImageObject","inLanguage":"fr-FR","@id":"https:\/\/www.exitfest.org\/fr#\/schema\/logo\/image\/","url":"https:\/\/www.exitfest.org\/wp-content\/uploads\/2023\/04\/exit-logo-696px.svg","contentUrl":"https:\/\/www.exitfest.org\/wp-content\/uploads\/2023\/04\/exit-logo-696px.svg","width":1,"height":1,"caption":"EXIT Festival"},"image":{"@id":"https:\/\/www.exitfest.org\/fr#\/schema\/logo\/image\/"},"sameAs":["https:\/\/www.facebook.com\/exit.festival","https:\/\/x.com\/exitfestival","https:\/\/instagram.com\/exitfestival","https:\/\/www.linkedin.com\/company\/exit-festival\/","https:\/\/www.youtube.com\/user\/EXITFestivalTV","https:\/\/en.wikipedia.org\/wiki\/Exit_festival","https:\/\/www.tiktok.com\/@exit_festival","https:\/\/www.flickr.com\/photos\/exitfestival","https:\/\/soundcloud.com\/exitfestival","https:\/\/www.mixcloud.com\/exitfestival\/","https:\/\/vb.me\/b827f5","https:\/\/www.deezer.com\/en\/profile\/1441778382","https:\/\/vk.com\/exitfestival"]}]}},"_links":{"self":[{"href":"https:\/\/www.exitfest.org\/fr\/wp-json\/wp\/v2\/pages\/119465","targetHints":{"allow":["GET"]}}],"collection":[{"href":"https:\/\/www.exitfest.org\/fr\/wp-json\/wp\/v2\/pages"}],"about":[{"href":"https:\/\/www.exitfest.org\/fr\/wp-json\/wp\/v2\/types\/page"}],"author":[{"embeddable":true,"href":"https:\/\/www.exitfest.org\/fr\/wp-json\/wp\/v2\/users\/1"}],"replies":[{"embeddable":true,"href":"https:\/\/www.exitfest.org\/fr\/wp-json\/wp\/v2\/comments?post=119465"}],"version-history":[{"count":0,"href":"https:\/\/www.exitfest.org\/fr\/wp-json\/wp\/v2\/pages\/119465\/revisions"}],"wp:featuredmedia":[{"embeddable":true,"href":"https:\/\/www.exitfest.org\/fr\/wp-json\/wp\/v2\/media\/126659"}],"wp:attachment":[{"href":"https:\/\/www.exitfest.org\/fr\/wp-json\/wp\/v2\/media?parent=119465"}],"curies":[{"name":"wp","href":"https:\/\/api.w.org\/{rel}","templated":true}]}}