{"id":122635,"date":"2021-03-10T16:25:58","date_gmt":"2021-03-10T15:25:58","guid":{"rendered":"https:\/\/www.exitfest.org\/?page_id=122635"},"modified":"2021-05-11T15:49:19","modified_gmt":"2021-05-11T13:49:19","slug":"payment-plan","status":"publish","type":"page","link":"https:\/\/www.exitfest.org\/fr\/payment-plan","title":{"rendered":"Plan de Paiement"},"content":{"rendered":"<div class=\"wpb-content-wrapper\"><p>[vc_row el_class=\u00a0\u00bbcontainer-single uk-container-center\u00a0\u00bb css=\u00a0\u00bb.vc_custom_1550725142174{padding-top: 80px !important;padding-bottom: 80px !important;}\u00a0\u00bb][vc_column][vc_column_text]<strong>L&rsquo;offre de plan de paiement est disponible jusqu&rsquo;au 28 mai \u00e0 minuit.<\/strong><\/p>\n<p>Vous avez la possibilit\u00e9 d&rsquo;acheter des billets ou des services de notre webshop en plusieurs versements et de les payer sur 2 mois.[\/vc_column_text][vc_column_text]<\/p>\n<h2>Voyons \u00e0 quoi ressemblera l&rsquo;ensemble du processus :<\/h2>\n<p>[\/vc_column_text][vc_column_text]1. Si vous ajoutez \u00e0 votre panier des billets et des articles d&rsquo;une valeur totale sup\u00e9rieure \u00e0 100 \u20ac, vous pourrez s\u00e9lectionner l&rsquo;option de paiement \u00ab\u00a0Plan de paiement\u00a0\u00bb lors de votre passage \u00e0 la caisse dans la boutique en ligne. Si vous le faites, tous les d\u00e9tails de votre plan de paiement seront indiqu\u00e9s. \u00c0 la fin de la proc\u00e9dure de paiement, vous ne devrez payer que la premi\u00e8re partie du paiement.<\/p>\n<p>2. Une fois la transaction r\u00e9ussie, les autres parties du paiement seront pr\u00e9lev\u00e9es mensuellement sur votre carte bancaire. La m\u00eame carte bancaire est utilis\u00e9e pour la transaction, veuillez donc vous assurer qu&rsquo;elle sera pr\u00eate pour les paiements. Si l&rsquo;une des parties du paiement ne peut pas \u00eatre retir\u00e9e de votre carte, nous vous enverrons deux e-mails de rappel avant de prendre des mesures.<\/p>\n<p>3. Si tout se passe comme pr\u00e9vu et que toutes les parties du paiement sont pay\u00e9es, nous vous enverrons vos billets et les articles que vous avez achet\u00e9s par courrier \u00e9lectronique.[\/vc_column_text][vc_column_text]<\/p>\n<h2>Et si vous changez d&rsquo;avis ?<\/h2>\n<p>[\/vc_column_text][vc_column_text]Vous pouvez renoncer \u00e0 l&rsquo;achat en envoyant un courrier \u00e9lectronique en anglais \u00e0 l&rsquo;adresse suivante <a href=\"mailto:tickets@netpositive.hu\" target=\"_blank\" rel=\"noopener\">tickets@netpositive.hu<\/a> apr\u00e8s le premier, mais avant le dernier paiement. Dans ce cas, nous vous rembourserons le montant de vos paiements d\u00e9j\u00e0 effectu\u00e9s sur votre carte bancaire utilis\u00e9e pour ces transactions (\u00e0 l&rsquo;exception du montant total des frais de dossier, \u00e0 titre de retenue).[\/vc_column_text][vc_column_text]<\/p>\n<h2>Que faire si vous ne pouvez pas payer toutes les parties ?<\/h2>\n<p>[\/vc_column_text][vc_column_text]Si les \u00e9l\u00e9ments de paiement ne peuvent \u00eatre retir\u00e9s de votre carte bancaire \u00e0 l&rsquo;\u00e9ch\u00e9ance, nous vous en informons par e-mail et tentons de les retirer de votre carte bancaire trois jours plus tard. Si la deuxi\u00e8me tentative est \u00e9galement infructueuse, nous vous en informons \u00e0 nouveau par e-mail et essayons de les retirer de votre carte bancaire trois jours plus tard. Apr\u00e8s la troisi\u00e8me tentative infructueuse, Netpositive peut refuser l&rsquo;achat. Si les paiements ne peuvent plus \u00eatre retir\u00e9s de votre carte bancaire pour des raisons ind\u00e9pendantes de votre volont\u00e9 (par exemple, la carte a expir\u00e9), mais que vous souhaitez n\u00e9anmoins continuer \u00e0 effectuer les paiements, vous pouvez terminer le processus par le biais de liens de paiement ou de virements bancaires. Pour plus de d\u00e9tails, veuillez nous contacter \u00e0 l&rsquo;adresse <a href=\"mailto:tickets@netpositive.hu\" target=\"_blank\" rel=\"noopener\">tickets@netpositive.hu <\/a>et nous vous informerons de ce que vous devez faire exactement.<\/p>\n<p>Si vous avez d&rsquo;autres questions concernant le plan de paiement, veuillez nous en faire part par e-mail. Veuillez \u00e9galement noter qu&rsquo;il ne s&rsquo;agit que de directives destin\u00e9es \u00e0 vous aider. Notre CGC est disponible <a href=\"https:\/\/erp5-exit.cdn-netpositive.com\/legal\/netpositive_webshop_gtc_20200101.pdf\" target=\"_blank\" rel=\"noopener\">ici<\/a> au cas o\u00f9 vous souhaiteriez v\u00e9rifier les conditions l\u00e9gales de votre achat.[\/vc_column_text][\/vc_column][\/vc_row]<\/p>\n<\/div>","protected":false},"excerpt":{"rendered":"<p>[vc_row el_class=\u00a0\u00bbcontainer-single uk-container-center\u00a0\u00bb css=\u00a0\u00bb.vc_custom_1550725142174{padding-top: 80px !important;padding-bottom: 80px !important;}\u00a0\u00bb][vc_column][vc_column_text]L&rsquo;offre de plan de paiement est disponible jusqu&rsquo;au 28 mai \u00e0 minuit. Vous avez la possibilit\u00e9 d&rsquo;acheter des billets ou des services de<\/p>\n","protected":false},"author":1,"featured_media":124758,"parent":0,"menu_order":21,"comment_status":"closed","ping_status":"closed","template":"page-with-hero.php","meta":{"_acf_changed":false,"footnotes":""},"class_list":["post-122635","page","type-page","status-publish","has-post-thumbnail","hentry"],"acf":[],"yoast_head":"<!-- This site is optimized with the Yoast SEO plugin v25.6 - https:\/\/yoast.com\/wordpress\/plugins\/seo\/ -->\n<title>Plan de Paiement - EXIT Festival 2025<\/title>\n<meta name=\"description\" content=\"Vous avez la possibilit\u00e9 d&#039;acheter des billets ou des services de notre webshop en plusieurs versements et de les payer sur une p\u00e9riode allant jusqu&#039;\u00e0 3 mois.\" \/>\n<meta name=\"robots\" content=\"index, follow, max-snippet:-1, max-image-preview:large, max-video-preview:-1\" \/>\n<link rel=\"canonical\" href=\"https:\/\/www.exitfest.org\/fr\/payment-plan\" \/>\n<meta property=\"og:locale\" content=\"fr_FR\" \/>\n<meta property=\"og:type\" content=\"article\" \/>\n<meta property=\"og:title\" content=\"Plan de Paiement - EXIT Festival 2025\" \/>\n<meta property=\"og:description\" content=\"Vous avez la possibilit\u00e9 d&#039;acheter des billets ou des services de notre webshop en plusieurs versements et de les payer sur une p\u00e9riode allant jusqu&#039;\u00e0 3 mois.\" \/>\n<meta property=\"og:url\" content=\"https:\/\/www.exitfest.org\/fr\/payment-plan\" \/>\n<meta property=\"og:site_name\" content=\"EXIT Festival 2025\" \/>\n<meta property=\"article:publisher\" content=\"https:\/\/www.facebook.com\/exit.festival\" \/>\n<meta property=\"article:modified_time\" content=\"2021-05-11T13:49:19+00:00\" \/>\n<meta property=\"og:image\" content=\"https:\/\/www.exitfest.org\/wp-content\/uploads\/2021\/04\/featured_EXIT-KV-CELEBRATE-LIFE_en.jpg\" \/>\n\t<meta property=\"og:image:width\" content=\"1200\" \/>\n\t<meta property=\"og:image:height\" content=\"630\" \/>\n\t<meta property=\"og:image:type\" content=\"image\/jpeg\" \/>\n<meta name=\"twitter:card\" content=\"summary_large_image\" \/>\n<meta name=\"twitter:site\" content=\"@exitfestival\" \/>\n<script type=\"application\/ld+json\" class=\"yoast-schema-graph\">{\"@context\":\"https:\/\/schema.org\",\"@graph\":[{\"@type\":\"WebPage\",\"@id\":\"https:\/\/www.exitfest.org\/fr\/payment-plan\",\"url\":\"https:\/\/www.exitfest.org\/fr\/payment-plan\",\"name\":\"Plan de Paiement - EXIT Festival 2025\",\"isPartOf\":{\"@id\":\"https:\/\/www.exitfest.org\/fr#website\"},\"primaryImageOfPage\":{\"@id\":\"https:\/\/www.exitfest.org\/fr\/payment-plan#primaryimage\"},\"image\":{\"@id\":\"https:\/\/www.exitfest.org\/fr\/payment-plan#primaryimage\"},\"thumbnailUrl\":\"https:\/\/www.exitfest.org\/wp-content\/uploads\/2021\/04\/featured_EXIT-KV-CELEBRATE-LIFE_en.jpg\",\"datePublished\":\"2021-03-10T15:25:58+00:00\",\"dateModified\":\"2021-05-11T13:49:19+00:00\",\"description\":\"Vous avez la possibilit\u00e9 d'acheter des billets ou des services de notre webshop en plusieurs versements et de les payer sur une p\u00e9riode allant jusqu'\u00e0 3 mois.\",\"breadcrumb\":{\"@id\":\"https:\/\/www.exitfest.org\/fr\/payment-plan#breadcrumb\"},\"inLanguage\":\"fr-FR\",\"potentialAction\":[{\"@type\":\"ReadAction\",\"target\":[\"https:\/\/www.exitfest.org\/fr\/payment-plan\"]}]},{\"@type\":\"ImageObject\",\"inLanguage\":\"fr-FR\",\"@id\":\"https:\/\/www.exitfest.org\/fr\/payment-plan#primaryimage\",\"url\":\"https:\/\/www.exitfest.org\/wp-content\/uploads\/2021\/04\/featured_EXIT-KV-CELEBRATE-LIFE_en.jpg\",\"contentUrl\":\"https:\/\/www.exitfest.org\/wp-content\/uploads\/2021\/04\/featured_EXIT-KV-CELEBRATE-LIFE_en.jpg\",\"width\":1200,\"height\":630,\"caption\":\"EXIT Festival 2021 - Celebrate life\"},{\"@type\":\"BreadcrumbList\",\"@id\":\"https:\/\/www.exitfest.org\/fr\/payment-plan#breadcrumb\",\"itemListElement\":[{\"@type\":\"ListItem\",\"position\":1,\"name\":\"Home\",\"item\":\"https:\/\/www.exitfest.org\/fr\"},{\"@type\":\"ListItem\",\"position\":2,\"name\":\"Plan de Paiement\"}]},{\"@type\":\"WebSite\",\"@id\":\"https:\/\/www.exitfest.org\/fr#website\",\"url\":\"https:\/\/www.exitfest.org\/fr\",\"name\":\"EXIT Festival 2025\",\"description\":\"\",\"publisher\":{\"@id\":\"https:\/\/www.exitfest.org\/fr#organization\"},\"alternateName\":\"EXIT Festival\",\"potentialAction\":[{\"@type\":\"SearchAction\",\"target\":{\"@type\":\"EntryPoint\",\"urlTemplate\":\"https:\/\/www.exitfest.org\/fr?s={search_term_string}\"},\"query-input\":{\"@type\":\"PropertyValueSpecification\",\"valueRequired\":true,\"valueName\":\"search_term_string\"}}],\"inLanguage\":\"fr-FR\"},{\"@type\":\"Organization\",\"@id\":\"https:\/\/www.exitfest.org\/fr#organization\",\"name\":\"EXIT Festival\",\"alternateName\":\"EXIT\",\"url\":\"https:\/\/www.exitfest.org\/fr\",\"logo\":{\"@type\":\"ImageObject\",\"inLanguage\":\"fr-FR\",\"@id\":\"https:\/\/www.exitfest.org\/fr#\/schema\/logo\/image\/\",\"url\":\"https:\/\/www.exitfest.org\/wp-content\/uploads\/2023\/04\/exit-logo-696px.svg\",\"contentUrl\":\"https:\/\/www.exitfest.org\/wp-content\/uploads\/2023\/04\/exit-logo-696px.svg\",\"width\":1,\"height\":1,\"caption\":\"EXIT Festival\"},\"image\":{\"@id\":\"https:\/\/www.exitfest.org\/fr#\/schema\/logo\/image\/\"},\"sameAs\":[\"https:\/\/www.facebook.com\/exit.festival\",\"https:\/\/x.com\/exitfestival\",\"https:\/\/instagram.com\/exitfestival\",\"https:\/\/www.linkedin.com\/company\/exit-festival\/\",\"https:\/\/www.youtube.com\/user\/EXITFestivalTV\",\"https:\/\/en.wikipedia.org\/wiki\/Exit_festival\",\"https:\/\/www.tiktok.com\/@exit_festival\",\"https:\/\/www.flickr.com\/photos\/exitfestival\",\"https:\/\/soundcloud.com\/exitfestival\",\"https:\/\/www.mixcloud.com\/exitfestival\/\",\"https:\/\/vb.me\/b827f5\",\"https:\/\/www.deezer.com\/en\/profile\/1441778382\",\"https:\/\/vk.com\/exitfestival\"]}]}<\/script>\n<!-- \/ Yoast SEO plugin. -->","yoast_head_json":{"title":"Plan de Paiement - EXIT Festival 2025","description":"Vous avez la possibilit\u00e9 d'acheter des billets ou des services de notre webshop en plusieurs versements et de les payer sur une p\u00e9riode allant jusqu'\u00e0 3 mois.","robots":{"index":"index","follow":"follow","max-snippet":"max-snippet:-1","max-image-preview":"max-image-preview:large","max-video-preview":"max-video-preview:-1"},"canonical":"https:\/\/www.exitfest.org\/fr\/payment-plan","og_locale":"fr_FR","og_type":"article","og_title":"Plan de Paiement - EXIT Festival 2025","og_description":"Vous avez la possibilit\u00e9 d'acheter des billets ou des services de notre webshop en plusieurs versements et de les payer sur une p\u00e9riode allant jusqu'\u00e0 3 mois.","og_url":"https:\/\/www.exitfest.org\/fr\/payment-plan","og_site_name":"EXIT Festival 2025","article_publisher":"https:\/\/www.facebook.com\/exit.festival","article_modified_time":"2021-05-11T13:49:19+00:00","og_image":[{"width":1200,"height":630,"url":"https:\/\/www.exitfest.org\/wp-content\/uploads\/2021\/04\/featured_EXIT-KV-CELEBRATE-LIFE_en.jpg","type":"image\/jpeg"}],"twitter_card":"summary_large_image","twitter_site":"@exitfestival","schema":{"@context":"https:\/\/schema.org","@graph":[{"@type":"WebPage","@id":"https:\/\/www.exitfest.org\/fr\/payment-plan","url":"https:\/\/www.exitfest.org\/fr\/payment-plan","name":"Plan de Paiement - EXIT Festival 2025","isPartOf":{"@id":"https:\/\/www.exitfest.org\/fr#website"},"primaryImageOfPage":{"@id":"https:\/\/www.exitfest.org\/fr\/payment-plan#primaryimage"},"image":{"@id":"https:\/\/www.exitfest.org\/fr\/payment-plan#primaryimage"},"thumbnailUrl":"https:\/\/www.exitfest.org\/wp-content\/uploads\/2021\/04\/featured_EXIT-KV-CELEBRATE-LIFE_en.jpg","datePublished":"2021-03-10T15:25:58+00:00","dateModified":"2021-05-11T13:49:19+00:00","description":"Vous avez la possibilit\u00e9 d'acheter des billets ou des services de notre webshop en plusieurs versements et de les payer sur une p\u00e9riode allant jusqu'\u00e0 3 mois.","breadcrumb":{"@id":"https:\/\/www.exitfest.org\/fr\/payment-plan#breadcrumb"},"inLanguage":"fr-FR","potentialAction":[{"@type":"ReadAction","target":["https:\/\/www.exitfest.org\/fr\/payment-plan"]}]},{"@type":"ImageObject","inLanguage":"fr-FR","@id":"https:\/\/www.exitfest.org\/fr\/payment-plan#primaryimage","url":"https:\/\/www.exitfest.org\/wp-content\/uploads\/2021\/04\/featured_EXIT-KV-CELEBRATE-LIFE_en.jpg","contentUrl":"https:\/\/www.exitfest.org\/wp-content\/uploads\/2021\/04\/featured_EXIT-KV-CELEBRATE-LIFE_en.jpg","width":1200,"height":630,"caption":"EXIT Festival 2021 - Celebrate life"},{"@type":"BreadcrumbList","@id":"https:\/\/www.exitfest.org\/fr\/payment-plan#breadcrumb","itemListElement":[{"@type":"ListItem","position":1,"name":"Home","item":"https:\/\/www.exitfest.org\/fr"},{"@type":"ListItem","position":2,"name":"Plan de Paiement"}]},{"@type":"WebSite","@id":"https:\/\/www.exitfest.org\/fr#website","url":"https:\/\/www.exitfest.org\/fr","name":"EXIT Festival 2025","description":"","publisher":{"@id":"https:\/\/www.exitfest.org\/fr#organization"},"alternateName":"EXIT Festival","potentialAction":[{"@type":"SearchAction","target":{"@type":"EntryPoint","urlTemplate":"https:\/\/www.exitfest.org\/fr?s={search_term_string}"},"query-input":{"@type":"PropertyValueSpecification","valueRequired":true,"valueName":"search_term_string"}}],"inLanguage":"fr-FR"},{"@type":"Organization","@id":"https:\/\/www.exitfest.org\/fr#organization","name":"EXIT Festival","alternateName":"EXIT","url":"https:\/\/www.exitfest.org\/fr","logo":{"@type":"ImageObject","inLanguage":"fr-FR","@id":"https:\/\/www.exitfest.org\/fr#\/schema\/logo\/image\/","url":"https:\/\/www.exitfest.org\/wp-content\/uploads\/2023\/04\/exit-logo-696px.svg","contentUrl":"https:\/\/www.exitfest.org\/wp-content\/uploads\/2023\/04\/exit-logo-696px.svg","width":1,"height":1,"caption":"EXIT Festival"},"image":{"@id":"https:\/\/www.exitfest.org\/fr#\/schema\/logo\/image\/"},"sameAs":["https:\/\/www.facebook.com\/exit.festival","https:\/\/x.com\/exitfestival","https:\/\/instagram.com\/exitfestival","https:\/\/www.linkedin.com\/company\/exit-festival\/","https:\/\/www.youtube.com\/user\/EXITFestivalTV","https:\/\/en.wikipedia.org\/wiki\/Exit_festival","https:\/\/www.tiktok.com\/@exit_festival","https:\/\/www.flickr.com\/photos\/exitfestival","https:\/\/soundcloud.com\/exitfestival","https:\/\/www.mixcloud.com\/exitfestival\/","https:\/\/vb.me\/b827f5","https:\/\/www.deezer.com\/en\/profile\/1441778382","https:\/\/vk.com\/exitfestival"]}]}},"_links":{"self":[{"href":"https:\/\/www.exitfest.org\/fr\/wp-json\/wp\/v2\/pages\/122635","targetHints":{"allow":["GET"]}}],"collection":[{"href":"https:\/\/www.exitfest.org\/fr\/wp-json\/wp\/v2\/pages"}],"about":[{"href":"https:\/\/www.exitfest.org\/fr\/wp-json\/wp\/v2\/types\/page"}],"author":[{"embeddable":true,"href":"https:\/\/www.exitfest.org\/fr\/wp-json\/wp\/v2\/users\/1"}],"replies":[{"embeddable":true,"href":"https:\/\/www.exitfest.org\/fr\/wp-json\/wp\/v2\/comments?post=122635"}],"version-history":[{"count":1,"href":"https:\/\/www.exitfest.org\/fr\/wp-json\/wp\/v2\/pages\/122635\/revisions"}],"predecessor-version":[{"id":293614,"href":"https:\/\/www.exitfest.org\/fr\/wp-json\/wp\/v2\/pages\/122635\/revisions\/293614"}],"wp:featuredmedia":[{"embeddable":true,"href":"https:\/\/www.exitfest.org\/fr\/wp-json\/wp\/v2\/media\/124758"}],"wp:attachment":[{"href":"https:\/\/www.exitfest.org\/fr\/wp-json\/wp\/v2\/media?parent=122635"}],"curies":[{"name":"wp","href":"https:\/\/api.w.org\/{rel}","templated":true}]}}