{"id":143092,"date":"2021-09-09T16:11:20","date_gmt":"2021-09-09T14:11:20","guid":{"rendered":"https:\/\/www.exitfest.org\/terms-of-ticket-transfer-to-2022"},"modified":"2021-09-13T05:02:42","modified_gmt":"2021-09-13T03:02:42","slug":"terms-of-ticket-transfer-to-2022-fr","status":"publish","type":"page","link":"https:\/\/www.exitfest.org\/fr\/terms-of-ticket-transfer-to-2022-fr","title":{"rendered":"Conditions de report des billets pour 2022"},"content":{"rendered":"<div class=\"wpb-content-wrapper\"><p>[vc_row el_class=\u00a0\u00bbcontainer-single uk-container-center\u00a0\u00bb css=\u00a0\u00bb.vc_custom_1597312867243{padding-top: 40px !important;padding-bottom: 70px !important;}\u00a0\u00bb][vc_column][vc_column_text]<\/p>\n<h1 class=\"uk-display-block uk-margin-large-top\">Conditions de report des billets pour 2022<\/h1>\n<p>[\/vc_column_text][vc_separator][vc_column_text]<span class=\"s1\">Si vous n&rsquo;avez pas pu participer \u00e0 l\u2019EXIT Festival de cette ann\u00e9e pour des raisons de crise sanitaire (voir d\u00e9finition exacte ci-dessous), vous avez la possibilit\u00e9 de demander la prolongation de votre\/vos ticket(s) jusqu&rsquo;en 2022. Ceci inclut tous les billets (entr\u00e9e, camping, casiers). Veuillez noter que la date limite de transfert des billets peut varier d&rsquo;un revendeur \u00e0 l&rsquo;autre, et que vous devez donc consulter celui aupr\u00e8s duquel vous avez achet\u00e9 votre billet le plus t\u00f4t possible (et au plus tard le 31 octobre, qui est notre date limite centralis\u00e9e pour toutes les billetterie).<\/span><\/p>\n<p><span class=\"s1\">La demande de transfert du billet doit \u00eatre envoy\u00e9e directement \u00e0 votre revendeur, en indiquant clairement les raisons. Ce dernier vous informera de notre d\u00e9cision dans un d\u00e9lai approximatif d&rsquo;une semaine apr\u00e8s r\u00e9ception de votre demande.<\/span><\/p>\n<p><span class=\"s1\">D\u00e9finition des \u00ab\u00a0raisons \u00e9pid\u00e9miques\u00a0\u00bb<\/span>&lsquo;:<\/p>\n<p>\u2022L<span class=\"s1\">a fronti\u00e8re entre votre pays et la Serbie \u00e9tait ferm\u00e9e pendant la dur\u00e9e de l&rsquo;\u00e9v\u00e9nement<\/span><\/p>\n<p>\u2022L<span class=\"s1\">e voyage en Serbie aurait entra\u00een\u00e9 une mise en quarantaine apr\u00e8s votre retour (m\u00eame si vous avez effectu\u00e9 le test PCR)<\/span><\/p>\n<p>\u2022U<span class=\"s1\">n voyage en Serbie pour des raisons touristiques aurait entra\u00een\u00e9 une p\u00e9nalit\u00e9 financi\u00e8re \u00e0 votre retour (m\u00eame si vous avez fait le test PCR).<\/span><\/p>\n<p>\u2022V<span class=\"s1\">ous avez \u00e9t\u00e9 test\u00e9 positif avant d&rsquo;entrer en Serbie et n&rsquo;avez pas pu entrer dans le pays.<\/span><\/p>\n<p class=\"p1\"><span class=\"s1\">VEUILLEZ NOTER : le fait de devoir passer un test Covid pour entrer en Serbie (ou pour retourner dans le pays d&rsquo;origine) ne constitue pas en soi une \u00ab\u00a0raison \u00e9pid\u00e9mique\u00a0\u00bb.<\/span><\/p>\n<p class=\"p1\"><span class=\"s1\">Si vous avez d&rsquo;autres raisons, non \u00e9num\u00e9r\u00e9es ci-dessus, qui, selon vous, devraient \u00eatre consid\u00e9r\u00e9es comme une \u00ab\u00a0raison \u00e9pid\u00e9mique\u00a0\u00bb, veuillez en faire part \u00e0 votre d\u00e9taillant, car nous prendrons les d\u00e9cisions au cas par cas.<\/span><\/p>\n<p class=\"p1\"><span class=\"s1\">Pour plus d&rsquo;informations, n&rsquo;h\u00e9sitez pas \u00e0 contacter en anglais notre service d&rsquo;assistance \u00e0 l&rsquo;adresse : <\/span><a href=\"mailto:answerme@exitfest.org\">answerme@exitfest.org<\/a><\/p>\n<p>[\/vc_column_text][\/vc_column][\/vc_row]<\/p>\n<\/div>","protected":false},"excerpt":{"rendered":"<p>[vc_row el_class=\u00a0\u00bbcontainer-single uk-container-center\u00a0\u00bb css=\u00a0\u00bb.vc_custom_1597312867243{padding-top: 40px !important;padding-bottom: 70px !important;}\u00a0\u00bb][vc_column][vc_column_text] Conditions de report des billets pour 2022 [\/vc_column_text][vc_separator][vc_column_text]Si vous n&rsquo;avez pas pu participer \u00e0 l\u2019EXIT Festival de cette ann\u00e9e pour des raisons<\/p>\n","protected":false},"author":1,"featured_media":0,"parent":0,"menu_order":74,"comment_status":"closed","ping_status":"closed","template":"page-with-hero.php","meta":{"_acf_changed":false,"footnotes":""},"class_list":["post-143092","page","type-page","status-publish","hentry"],"acf":[],"yoast_head":"<!-- This site is optimized with the Yoast SEO plugin v25.6 - https:\/\/yoast.com\/wordpress\/plugins\/seo\/ -->\n<title>Conditions de report des billets pour 2022 - EXIT Festival 2025<\/title>\n<meta name=\"description\" content=\"If you couldn\u2019t take part in this year\u2019s EXIT Festival due to epidemical reasons (see exact definition below), you have the possibility to request prolonging your ticket(s) to 2022.\" \/>\n<meta name=\"robots\" content=\"index, follow, max-snippet:-1, max-image-preview:large, max-video-preview:-1\" \/>\n<link rel=\"canonical\" href=\"https:\/\/www.exitfest.org\/fr\/terms-of-ticket-transfer-to-2022-fr\" \/>\n<meta property=\"og:locale\" content=\"fr_FR\" \/>\n<meta property=\"og:type\" content=\"article\" \/>\n<meta property=\"og:title\" content=\"Conditions de report des billets pour 2022 - EXIT Festival 2025\" \/>\n<meta property=\"og:description\" content=\"If you couldn\u2019t take part in this year\u2019s EXIT Festival due to epidemical reasons (see exact definition below), you have the possibility to request prolonging your ticket(s) to 2022.\" \/>\n<meta property=\"og:url\" content=\"https:\/\/www.exitfest.org\/fr\/terms-of-ticket-transfer-to-2022-fr\" \/>\n<meta property=\"og:site_name\" content=\"EXIT Festival 2025\" \/>\n<meta property=\"article:publisher\" content=\"https:\/\/www.facebook.com\/exit.festival\" \/>\n<meta property=\"article:modified_time\" content=\"2021-09-13T03:02:42+00:00\" \/>\n<meta property=\"og:image\" content=\"https:\/\/www.exitfest.org\/wp-content\/uploads\/2024\/11\/state-of-exit-og-image-2025-exit.jpg\" \/>\n\t<meta property=\"og:image:width\" content=\"1920\" \/>\n\t<meta property=\"og:image:height\" content=\"1080\" \/>\n\t<meta property=\"og:image:type\" content=\"image\/jpeg\" \/>\n<meta name=\"twitter:card\" content=\"summary_large_image\" \/>\n<meta name=\"twitter:site\" content=\"@exitfestival\" \/>\n<script type=\"application\/ld+json\" class=\"yoast-schema-graph\">{\"@context\":\"https:\/\/schema.org\",\"@graph\":[{\"@type\":\"WebPage\",\"@id\":\"https:\/\/www.exitfest.org\/fr\/terms-of-ticket-transfer-to-2022-fr\",\"url\":\"https:\/\/www.exitfest.org\/fr\/terms-of-ticket-transfer-to-2022-fr\",\"name\":\"Conditions de report des billets pour 2022 - EXIT Festival 2025\",\"isPartOf\":{\"@id\":\"https:\/\/www.exitfest.org\/fr#website\"},\"datePublished\":\"2021-09-09T14:11:20+00:00\",\"dateModified\":\"2021-09-13T03:02:42+00:00\",\"description\":\"If you couldn\u2019t take part in this year\u2019s EXIT Festival due to epidemical reasons (see exact definition below), you have the possibility to request prolonging your ticket(s) to 2022.\",\"breadcrumb\":{\"@id\":\"https:\/\/www.exitfest.org\/fr\/terms-of-ticket-transfer-to-2022-fr#breadcrumb\"},\"inLanguage\":\"fr-FR\",\"potentialAction\":[{\"@type\":\"ReadAction\",\"target\":[\"https:\/\/www.exitfest.org\/fr\/terms-of-ticket-transfer-to-2022-fr\"]}]},{\"@type\":\"BreadcrumbList\",\"@id\":\"https:\/\/www.exitfest.org\/fr\/terms-of-ticket-transfer-to-2022-fr#breadcrumb\",\"itemListElement\":[{\"@type\":\"ListItem\",\"position\":1,\"name\":\"Home\",\"item\":\"https:\/\/www.exitfest.org\/fr\"},{\"@type\":\"ListItem\",\"position\":2,\"name\":\"Terms of Ticket Transfer to 2022\"}]},{\"@type\":\"WebSite\",\"@id\":\"https:\/\/www.exitfest.org\/fr#website\",\"url\":\"https:\/\/www.exitfest.org\/fr\",\"name\":\"EXIT Festival 2025\",\"description\":\"\",\"publisher\":{\"@id\":\"https:\/\/www.exitfest.org\/fr#organization\"},\"alternateName\":\"EXIT Festival\",\"potentialAction\":[{\"@type\":\"SearchAction\",\"target\":{\"@type\":\"EntryPoint\",\"urlTemplate\":\"https:\/\/www.exitfest.org\/fr?s={search_term_string}\"},\"query-input\":{\"@type\":\"PropertyValueSpecification\",\"valueRequired\":true,\"valueName\":\"search_term_string\"}}],\"inLanguage\":\"fr-FR\"},{\"@type\":\"Organization\",\"@id\":\"https:\/\/www.exitfest.org\/fr#organization\",\"name\":\"EXIT Festival\",\"alternateName\":\"EXIT\",\"url\":\"https:\/\/www.exitfest.org\/fr\",\"logo\":{\"@type\":\"ImageObject\",\"inLanguage\":\"fr-FR\",\"@id\":\"https:\/\/www.exitfest.org\/fr#\/schema\/logo\/image\/\",\"url\":\"https:\/\/www.exitfest.org\/wp-content\/uploads\/2023\/04\/exit-logo-696px.svg\",\"contentUrl\":\"https:\/\/www.exitfest.org\/wp-content\/uploads\/2023\/04\/exit-logo-696px.svg\",\"width\":1,\"height\":1,\"caption\":\"EXIT Festival\"},\"image\":{\"@id\":\"https:\/\/www.exitfest.org\/fr#\/schema\/logo\/image\/\"},\"sameAs\":[\"https:\/\/www.facebook.com\/exit.festival\",\"https:\/\/x.com\/exitfestival\",\"https:\/\/instagram.com\/exitfestival\",\"https:\/\/www.linkedin.com\/company\/exit-festival\/\",\"https:\/\/www.youtube.com\/user\/EXITFestivalTV\",\"https:\/\/en.wikipedia.org\/wiki\/Exit_festival\",\"https:\/\/www.tiktok.com\/@exit_festival\",\"https:\/\/www.flickr.com\/photos\/exitfestival\",\"https:\/\/soundcloud.com\/exitfestival\",\"https:\/\/www.mixcloud.com\/exitfestival\/\",\"https:\/\/vb.me\/b827f5\",\"https:\/\/www.deezer.com\/en\/profile\/1441778382\",\"https:\/\/vk.com\/exitfestival\"]}]}<\/script>\n<!-- \/ Yoast SEO plugin. -->","yoast_head_json":{"title":"Conditions de report des billets pour 2022 - EXIT Festival 2025","description":"If you couldn\u2019t take part in this year\u2019s EXIT Festival due to epidemical reasons (see exact definition below), you have the possibility to request prolonging your ticket(s) to 2022.","robots":{"index":"index","follow":"follow","max-snippet":"max-snippet:-1","max-image-preview":"max-image-preview:large","max-video-preview":"max-video-preview:-1"},"canonical":"https:\/\/www.exitfest.org\/fr\/terms-of-ticket-transfer-to-2022-fr","og_locale":"fr_FR","og_type":"article","og_title":"Conditions de report des billets pour 2022 - EXIT Festival 2025","og_description":"If you couldn\u2019t take part in this year\u2019s EXIT Festival due to epidemical reasons (see exact definition below), you have the possibility to request prolonging your ticket(s) to 2022.","og_url":"https:\/\/www.exitfest.org\/fr\/terms-of-ticket-transfer-to-2022-fr","og_site_name":"EXIT Festival 2025","article_publisher":"https:\/\/www.facebook.com\/exit.festival","article_modified_time":"2021-09-13T03:02:42+00:00","og_image":[{"width":1920,"height":1080,"url":"https:\/\/www.exitfest.org\/wp-content\/uploads\/2024\/11\/state-of-exit-og-image-2025-exit.jpg","type":"image\/jpeg"}],"twitter_card":"summary_large_image","twitter_site":"@exitfestival","schema":{"@context":"https:\/\/schema.org","@graph":[{"@type":"WebPage","@id":"https:\/\/www.exitfest.org\/fr\/terms-of-ticket-transfer-to-2022-fr","url":"https:\/\/www.exitfest.org\/fr\/terms-of-ticket-transfer-to-2022-fr","name":"Conditions de report des billets pour 2022 - EXIT Festival 2025","isPartOf":{"@id":"https:\/\/www.exitfest.org\/fr#website"},"datePublished":"2021-09-09T14:11:20+00:00","dateModified":"2021-09-13T03:02:42+00:00","description":"If you couldn\u2019t take part in this year\u2019s EXIT Festival due to epidemical reasons (see exact definition below), you have the possibility to request prolonging your ticket(s) to 2022.","breadcrumb":{"@id":"https:\/\/www.exitfest.org\/fr\/terms-of-ticket-transfer-to-2022-fr#breadcrumb"},"inLanguage":"fr-FR","potentialAction":[{"@type":"ReadAction","target":["https:\/\/www.exitfest.org\/fr\/terms-of-ticket-transfer-to-2022-fr"]}]},{"@type":"BreadcrumbList","@id":"https:\/\/www.exitfest.org\/fr\/terms-of-ticket-transfer-to-2022-fr#breadcrumb","itemListElement":[{"@type":"ListItem","position":1,"name":"Home","item":"https:\/\/www.exitfest.org\/fr"},{"@type":"ListItem","position":2,"name":"Terms of Ticket Transfer to 2022"}]},{"@type":"WebSite","@id":"https:\/\/www.exitfest.org\/fr#website","url":"https:\/\/www.exitfest.org\/fr","name":"EXIT Festival 2025","description":"","publisher":{"@id":"https:\/\/www.exitfest.org\/fr#organization"},"alternateName":"EXIT Festival","potentialAction":[{"@type":"SearchAction","target":{"@type":"EntryPoint","urlTemplate":"https:\/\/www.exitfest.org\/fr?s={search_term_string}"},"query-input":{"@type":"PropertyValueSpecification","valueRequired":true,"valueName":"search_term_string"}}],"inLanguage":"fr-FR"},{"@type":"Organization","@id":"https:\/\/www.exitfest.org\/fr#organization","name":"EXIT Festival","alternateName":"EXIT","url":"https:\/\/www.exitfest.org\/fr","logo":{"@type":"ImageObject","inLanguage":"fr-FR","@id":"https:\/\/www.exitfest.org\/fr#\/schema\/logo\/image\/","url":"https:\/\/www.exitfest.org\/wp-content\/uploads\/2023\/04\/exit-logo-696px.svg","contentUrl":"https:\/\/www.exitfest.org\/wp-content\/uploads\/2023\/04\/exit-logo-696px.svg","width":1,"height":1,"caption":"EXIT Festival"},"image":{"@id":"https:\/\/www.exitfest.org\/fr#\/schema\/logo\/image\/"},"sameAs":["https:\/\/www.facebook.com\/exit.festival","https:\/\/x.com\/exitfestival","https:\/\/instagram.com\/exitfestival","https:\/\/www.linkedin.com\/company\/exit-festival\/","https:\/\/www.youtube.com\/user\/EXITFestivalTV","https:\/\/en.wikipedia.org\/wiki\/Exit_festival","https:\/\/www.tiktok.com\/@exit_festival","https:\/\/www.flickr.com\/photos\/exitfestival","https:\/\/soundcloud.com\/exitfestival","https:\/\/www.mixcloud.com\/exitfestival\/","https:\/\/vb.me\/b827f5","https:\/\/www.deezer.com\/en\/profile\/1441778382","https:\/\/vk.com\/exitfestival"]}]}},"_links":{"self":[{"href":"https:\/\/www.exitfest.org\/fr\/wp-json\/wp\/v2\/pages\/143092","targetHints":{"allow":["GET"]}}],"collection":[{"href":"https:\/\/www.exitfest.org\/fr\/wp-json\/wp\/v2\/pages"}],"about":[{"href":"https:\/\/www.exitfest.org\/fr\/wp-json\/wp\/v2\/types\/page"}],"author":[{"embeddable":true,"href":"https:\/\/www.exitfest.org\/fr\/wp-json\/wp\/v2\/users\/1"}],"replies":[{"embeddable":true,"href":"https:\/\/www.exitfest.org\/fr\/wp-json\/wp\/v2\/comments?post=143092"}],"version-history":[{"count":0,"href":"https:\/\/www.exitfest.org\/fr\/wp-json\/wp\/v2\/pages\/143092\/revisions"}],"wp:attachment":[{"href":"https:\/\/www.exitfest.org\/fr\/wp-json\/wp\/v2\/media?parent=143092"}],"curies":[{"name":"wp","href":"https:\/\/api.w.org\/{rel}","templated":true}]}}