{"id":203469,"date":"2022-06-13T05:31:55","date_gmt":"2022-06-13T03:31:55","guid":{"rendered":"https:\/\/www.exitfest.org\/?page_id=203469"},"modified":"2022-06-13T13:00:49","modified_gmt":"2022-06-13T11:00:49","slug":"comment-sy-rendre","status":"publish","type":"page","link":"https:\/\/www.exitfest.org\/fr\/comment-sy-rendre","title":{"rendered":"Comment s&rsquo;y rendre"},"content":{"rendered":"<div class=\"wpb-content-wrapper\"><p>[vc_row el_class=\u00a0\u00bbcontainer-single uk-container-center\u00a0\u00bb css=\u00a0\u00bb.vc_custom_1550725142174{padding-top: 80px !important;padding-bottom: 80px !important;}\u00a0\u00bb][vc_column width=\u00a0\u00bb1\/6&Prime;][\/vc_column][vc_column width=\u00a0\u00bb2\/3&Prime;][vc_column_text]Vous voulez venir avec nous \u00e0 l\u2019EXIT et vous avez besoin d&rsquo;aide pour r\u00e9server votre voyage ? Nous avons ce qu&rsquo;il vous faut!<\/p>\n<p>Pour notre \u00e9dition 2022, <strong>Kombo<\/strong> vous permet de voyager en train, en bus ou en avion depuis la France \u00e0 moindre co\u00fbt gr\u00e2ce \u00e0 un code promo sp\u00e9cial pour notre festival!<\/p>\n<p style=\"font-weight: 400;\">Sur Kombo, r\u00e9servez directement vos <a href=\"https:\/\/www.kombo.co\/fr\/train\/SNCF\" target=\"_blank\" rel=\"noopener\">billets de train (SNCF, TGV, Inoui&#8230;)<\/a>, <a href=\"https:\/\/www.kombo.co\/fr\/bus-pas-cher\" target=\"_blank\" rel=\"noopener\">de bus (Flixbus, Blablabus&#8230;)<\/a> et <a href=\"https:\/\/www.kombo.co\/fr\/vol\/AirFrance\" target=\"_blank\" rel=\"noopener\">d\u2019avion sur toutes les compagnies (Air France, Easyjet, Ryanair\u2026)<\/a>.<\/p>\n<p style=\"font-weight: 400;\">\u00c9conomisez 10 euros sur tous les billets pour venir \u00e0 l&rsquo;Exit Festival 2022 avec le code <strong>EXITFEST22<\/strong><\/p>\n<p>Conditions: trajet du 6 au 11 Juillet 2022. Valable pour un premier achat.<\/p>\n<p>[\/vc_column_text][vc_btn title=\u00a0\u00bbR\u00e9servez maintenant\u00a0\u00bb style=\u00a0\u00bbcustom\u00a0\u00bb custom_background=\u00a0\u00bb#e30613&Prime; custom_text=\u00a0\u00bb#ffffff\u00a0\u00bb size=\u00a0\u00bbsm\u00a0\u00bb i_align=\u00a0\u00bbright\u00a0\u00bb i_icon_fontawesome=\u00a0\u00bbfas fa-external-link-alt\u00a0\u00bb add_icon=\u00a0\u00bbtrue\u00a0\u00bb link=\u00a0\u00bburl:https%3A%2F%2Fwww.kombo.co%2Fen|title:R%C3%A9servez%20maintenant|target:_blank\u00a0\u00bb][vc_column_text]\u00c9galement, <strong>EXIT Trip<\/strong> est le service touristique officiel de l&rsquo;EXIT Festival qui vous fournit toutes les informations n\u00e9cessaires concernant le transport vers Novi Sad, l&rsquo;h\u00e9bergement, ainsi que tout autre service dont vous pourriez avoir besoin pendant votre s\u00e9jour \u00e0 Novi Sad. Pour toutes vos questions, le service client\u00e8le d&rsquo;EXIT Trip est \u00e0 votre disposition, en anglais, 24 heures sur 24, 7 jours sur 7. [\/vc_column_text][vc_single_image image=\u00a0\u00bb203109&Prime; img_size=\u00a0\u00bbfull\u00a0\u00bb add_caption=\u00a0\u00bbyes\u00a0\u00bb alignment=\u00a0\u00bbcenter\u00a0\u00bb][vc_column_text]<\/p>\n<h2>Aller &#8211; retour vers \/ Depuis L&rsquo;EXIT Festival<\/h2>\n<p>[\/vc_column_text][vc_column_text]L&rsquo;a\u00e9roport le plus proche de l\u2019EXIT Festival (Novi Sad, Serbie) est l&rsquo;a\u00e9roport Nikola Tesla de Belgrade, qui se trouve \u00e0 80 km ou 1 heure et demie de route et qui est bien desservi par les vols internationaux et nationaux.<\/p>\n<p>Une autre bonne solution est l&rsquo;a\u00e9roport de Budapest en Hongrie. \u00c0 seulement 286 km (4-5 heures) de Novi Sad, l&rsquo;a\u00e9roport de Budapest propose chaque jour un large \u00e9ventail de vols en provenance de toute l&rsquo;Europe et du monde entier.<\/p>\n<p>Les a\u00e9roports environnants que nous vous sugg\u00e9rons d&rsquo;utiliser sont en Roumanie: Timi\u0219oara (154km\/ 2H30-3 heures) et en Croatie: Zagreb (374km\/ 4H30-5H30).[\/vc_column_text][vc_column_text]<\/p>\n<h3>EXIT organise-t-il un service de navette depuis les a\u00e9roports environnants vers\/depuis le festival EXIT?<\/h3>\n<p>[\/vc_column_text][vc_column_text]OUI! Depuis\/vers les a\u00e9roports environnants, vous pouvez prendre un bus officiel EXIT pour Novi Sad.<br \/>\nLe bus met 1H30 depuis Belgrade et 4-5 heures depuis Budapest. Un service de navette est \u00e9galement organis\u00e9 pour les autres a\u00e9roports. Les prix commencent \u00e0 14,99 EUR.[\/vc_column_text][vc_btn title=\u00a0\u00bbR\u00e9servez maintenant\u00a0\u00bb style=\u00a0\u00bbcustom\u00a0\u00bb custom_background=\u00a0\u00bb#e30613&Prime; custom_text=\u00a0\u00bb#ffffff\u00a0\u00bb size=\u00a0\u00bbsm\u00a0\u00bb i_align=\u00a0\u00bbright\u00a0\u00bb i_icon_fontawesome=\u00a0\u00bbfas fa-external-link-alt\u00a0\u00bb add_icon=\u00a0\u00bbtrue\u00a0\u00bb link=\u00a0\u00bburl:https%3A%2F%2Fwww.exittrip.org%2Fen%2Ftravel%2Fexit|title:R%C3%A9servez%20maintenant|target:_blank\u00a0\u00bb][vc_column_text]<\/p>\n<h3>La navette est-elle la seule option pour un transfert direct de\/vers le festival Exit ?<\/h3>\n<p>[\/vc_column_text][vc_column_text]Vous cherchez quelque chose de plus exclusif pour vous et vos amis? Nous avons ce qu&rsquo;il vous faut! Cliquez sur le lien ci-dessous et choisissez entre un transfert en voiture priv\u00e9e ou en van depuis les a\u00e9roports voisins ou bien am\u00e9liorez votre voyage en optant pour un service de transfert VIP.[\/vc_column_text][vc_btn title=\u00a0\u00bbR\u00e9servez maintenant\u00a0\u00bb style=\u00a0\u00bbcustom\u00a0\u00bb custom_background=\u00a0\u00bb#e30613&Prime; custom_text=\u00a0\u00bb#ffffff\u00a0\u00bb size=\u00a0\u00bbsm\u00a0\u00bb i_align=\u00a0\u00bbright\u00a0\u00bb i_icon_fontawesome=\u00a0\u00bbfas fa-external-link-alt\u00a0\u00bb add_icon=\u00a0\u00bbtrue\u00a0\u00bb link=\u00a0\u00bburl:https%3A%2F%2Fwww.exittrip.org%2Fen%2Ftravel%2Fexit|title:R%C3%A9servez%20maintenant|target:_blank\u00a0\u00bb][vc_column_text]<\/p>\n<h3>O\u00f9 dormir @ EXIT Festival (Novi sad, Serbie)?<\/h3>\n<p>[\/vc_column_text][vc_column_text]Choisissez parmi les diff\u00e9rents types d&rsquo;h\u00e9bergement propos\u00e9s par le service touristique officiel de l&rsquo;EXIT: campings, appartements, auberges et h\u00f4tels.[\/vc_column_text][vc_btn title=\u00a0\u00bbVoir l&rsquo;h\u00e9bergement\u00a0\u00bb style=\u00a0\u00bbcustom\u00a0\u00bb custom_background=\u00a0\u00bb#e30613&Prime; custom_text=\u00a0\u00bb#ffffff\u00a0\u00bb size=\u00a0\u00bbsm\u00a0\u00bb i_align=\u00a0\u00bbright\u00a0\u00bb i_icon_fontawesome=\u00a0\u00bbfas fa-external-link-alt\u00a0\u00bb add_icon=\u00a0\u00bbtrue\u00a0\u00bb link=\u00a0\u00bburl:https%3A%2F%2Fwww.exitfest.org%2Ffr%2Fbillets|title:Voir%20l&rsquo;h%C3%A9bergement|target:_blank\u00a0\u00bb][\/vc_column][vc_column width=\u00a0\u00bb1\/6&Prime;][\/vc_column][\/vc_row]<\/p>\n<\/div>","protected":false},"excerpt":{"rendered":"<p>[vc_row el_class=\u00a0\u00bbcontainer-single uk-container-center\u00a0\u00bb css=\u00a0\u00bb.vc_custom_1550725142174{padding-top: 80px !important;padding-bottom: 80px !important;}\u00a0\u00bb][vc_column width=\u00a0\u00bb1\/6&Prime;][\/vc_column][vc_column width=\u00a0\u00bb2\/3&Prime;][vc_column_text]Vous voulez venir avec nous \u00e0 l\u2019EXIT et vous avez besoin d&rsquo;aide pour r\u00e9server votre voyage ? Nous avons ce qu&rsquo;il<\/p>\n","protected":false},"author":1,"featured_media":0,"parent":0,"menu_order":21,"comment_status":"closed","ping_status":"closed","template":"page-with-hero.php","meta":{"_acf_changed":false,"footnotes":""},"class_list":["post-203469","page","type-page","status-publish","hentry"],"acf":[],"yoast_head":"<!-- This site is optimized with the Yoast SEO plugin v25.6 - https:\/\/yoast.com\/wordpress\/plugins\/seo\/ -->\n<title>Comment s&#039;y rendre - EXIT Festival 2025<\/title>\n<meta name=\"description\" content=\"Vous voulez venir avec nous \u00e0 l\u2019EXIT et vous avez besoin d&#039;aide pour r\u00e9server votre voyage? Nous avons ce qu&#039;il vous faut !\" \/>\n<meta name=\"robots\" content=\"index, follow, max-snippet:-1, max-image-preview:large, max-video-preview:-1\" \/>\n<link rel=\"canonical\" href=\"https:\/\/www.exitfest.org\/fr\/comment-sy-rendre\" \/>\n<meta property=\"og:locale\" content=\"fr_FR\" \/>\n<meta property=\"og:type\" content=\"article\" \/>\n<meta property=\"og:title\" content=\"Comment s&#039;y rendre - EXIT Festival 2025\" \/>\n<meta property=\"og:description\" content=\"Vous voulez venir avec nous \u00e0 l\u2019EXIT et vous avez besoin d&#039;aide pour r\u00e9server votre voyage? Nous avons ce qu&#039;il vous faut !\" \/>\n<meta property=\"og:url\" content=\"https:\/\/www.exitfest.org\/fr\/comment-sy-rendre\" \/>\n<meta property=\"og:site_name\" content=\"EXIT Festival 2025\" \/>\n<meta property=\"article:publisher\" content=\"https:\/\/www.facebook.com\/exit.festival\" \/>\n<meta property=\"article:modified_time\" content=\"2022-06-13T11:00:49+00:00\" \/>\n<meta property=\"og:image\" content=\"https:\/\/www.exitfest.org\/wp-content\/uploads\/2024\/11\/state-of-exit-og-image-2025-exit.jpg\" \/>\n\t<meta property=\"og:image:width\" content=\"1920\" \/>\n\t<meta property=\"og:image:height\" content=\"1080\" \/>\n\t<meta property=\"og:image:type\" content=\"image\/jpeg\" \/>\n<meta name=\"twitter:card\" content=\"summary_large_image\" \/>\n<meta name=\"twitter:site\" content=\"@exitfestival\" \/>\n<script type=\"application\/ld+json\" class=\"yoast-schema-graph\">{\"@context\":\"https:\/\/schema.org\",\"@graph\":[{\"@type\":\"WebPage\",\"@id\":\"https:\/\/www.exitfest.org\/fr\/comment-sy-rendre\",\"url\":\"https:\/\/www.exitfest.org\/fr\/comment-sy-rendre\",\"name\":\"Comment s'y rendre - EXIT Festival 2025\",\"isPartOf\":{\"@id\":\"https:\/\/www.exitfest.org\/fr#website\"},\"datePublished\":\"2022-06-13T03:31:55+00:00\",\"dateModified\":\"2022-06-13T11:00:49+00:00\",\"description\":\"Vous voulez venir avec nous \u00e0 l\u2019EXIT et vous avez besoin d'aide pour r\u00e9server votre voyage? Nous avons ce qu'il vous faut !\",\"breadcrumb\":{\"@id\":\"https:\/\/www.exitfest.org\/fr\/comment-sy-rendre#breadcrumb\"},\"inLanguage\":\"fr-FR\",\"potentialAction\":[{\"@type\":\"ReadAction\",\"target\":[\"https:\/\/www.exitfest.org\/fr\/comment-sy-rendre\"]}]},{\"@type\":\"BreadcrumbList\",\"@id\":\"https:\/\/www.exitfest.org\/fr\/comment-sy-rendre#breadcrumb\",\"itemListElement\":[{\"@type\":\"ListItem\",\"position\":1,\"name\":\"Home\",\"item\":\"https:\/\/www.exitfest.org\/fr\"},{\"@type\":\"ListItem\",\"position\":2,\"name\":\"Comment s'y rendre\"}]},{\"@type\":\"WebSite\",\"@id\":\"https:\/\/www.exitfest.org\/fr#website\",\"url\":\"https:\/\/www.exitfest.org\/fr\",\"name\":\"EXIT Festival 2025\",\"description\":\"\",\"publisher\":{\"@id\":\"https:\/\/www.exitfest.org\/fr#organization\"},\"alternateName\":\"EXIT Festival\",\"potentialAction\":[{\"@type\":\"SearchAction\",\"target\":{\"@type\":\"EntryPoint\",\"urlTemplate\":\"https:\/\/www.exitfest.org\/fr?s={search_term_string}\"},\"query-input\":{\"@type\":\"PropertyValueSpecification\",\"valueRequired\":true,\"valueName\":\"search_term_string\"}}],\"inLanguage\":\"fr-FR\"},{\"@type\":\"Organization\",\"@id\":\"https:\/\/www.exitfest.org\/fr#organization\",\"name\":\"EXIT Festival\",\"alternateName\":\"EXIT\",\"url\":\"https:\/\/www.exitfest.org\/fr\",\"logo\":{\"@type\":\"ImageObject\",\"inLanguage\":\"fr-FR\",\"@id\":\"https:\/\/www.exitfest.org\/fr#\/schema\/logo\/image\/\",\"url\":\"https:\/\/www.exitfest.org\/wp-content\/uploads\/2023\/04\/exit-logo-696px.svg\",\"contentUrl\":\"https:\/\/www.exitfest.org\/wp-content\/uploads\/2023\/04\/exit-logo-696px.svg\",\"width\":1,\"height\":1,\"caption\":\"EXIT Festival\"},\"image\":{\"@id\":\"https:\/\/www.exitfest.org\/fr#\/schema\/logo\/image\/\"},\"sameAs\":[\"https:\/\/www.facebook.com\/exit.festival\",\"https:\/\/x.com\/exitfestival\",\"https:\/\/instagram.com\/exitfestival\",\"https:\/\/www.linkedin.com\/company\/exit-festival\/\",\"https:\/\/www.youtube.com\/user\/EXITFestivalTV\",\"https:\/\/en.wikipedia.org\/wiki\/Exit_festival\",\"https:\/\/www.tiktok.com\/@exit_festival\",\"https:\/\/www.flickr.com\/photos\/exitfestival\",\"https:\/\/soundcloud.com\/exitfestival\",\"https:\/\/www.mixcloud.com\/exitfestival\/\",\"https:\/\/vb.me\/b827f5\",\"https:\/\/www.deezer.com\/en\/profile\/1441778382\",\"https:\/\/vk.com\/exitfestival\"]}]}<\/script>\n<!-- \/ Yoast SEO plugin. -->","yoast_head_json":{"title":"Comment s'y rendre - EXIT Festival 2025","description":"Vous voulez venir avec nous \u00e0 l\u2019EXIT et vous avez besoin d'aide pour r\u00e9server votre voyage? Nous avons ce qu'il vous faut !","robots":{"index":"index","follow":"follow","max-snippet":"max-snippet:-1","max-image-preview":"max-image-preview:large","max-video-preview":"max-video-preview:-1"},"canonical":"https:\/\/www.exitfest.org\/fr\/comment-sy-rendre","og_locale":"fr_FR","og_type":"article","og_title":"Comment s'y rendre - EXIT Festival 2025","og_description":"Vous voulez venir avec nous \u00e0 l\u2019EXIT et vous avez besoin d'aide pour r\u00e9server votre voyage? Nous avons ce qu'il vous faut !","og_url":"https:\/\/www.exitfest.org\/fr\/comment-sy-rendre","og_site_name":"EXIT Festival 2025","article_publisher":"https:\/\/www.facebook.com\/exit.festival","article_modified_time":"2022-06-13T11:00:49+00:00","og_image":[{"width":1920,"height":1080,"url":"https:\/\/www.exitfest.org\/wp-content\/uploads\/2024\/11\/state-of-exit-og-image-2025-exit.jpg","type":"image\/jpeg"}],"twitter_card":"summary_large_image","twitter_site":"@exitfestival","schema":{"@context":"https:\/\/schema.org","@graph":[{"@type":"WebPage","@id":"https:\/\/www.exitfest.org\/fr\/comment-sy-rendre","url":"https:\/\/www.exitfest.org\/fr\/comment-sy-rendre","name":"Comment s'y rendre - EXIT Festival 2025","isPartOf":{"@id":"https:\/\/www.exitfest.org\/fr#website"},"datePublished":"2022-06-13T03:31:55+00:00","dateModified":"2022-06-13T11:00:49+00:00","description":"Vous voulez venir avec nous \u00e0 l\u2019EXIT et vous avez besoin d'aide pour r\u00e9server votre voyage? Nous avons ce qu'il vous faut !","breadcrumb":{"@id":"https:\/\/www.exitfest.org\/fr\/comment-sy-rendre#breadcrumb"},"inLanguage":"fr-FR","potentialAction":[{"@type":"ReadAction","target":["https:\/\/www.exitfest.org\/fr\/comment-sy-rendre"]}]},{"@type":"BreadcrumbList","@id":"https:\/\/www.exitfest.org\/fr\/comment-sy-rendre#breadcrumb","itemListElement":[{"@type":"ListItem","position":1,"name":"Home","item":"https:\/\/www.exitfest.org\/fr"},{"@type":"ListItem","position":2,"name":"Comment s'y rendre"}]},{"@type":"WebSite","@id":"https:\/\/www.exitfest.org\/fr#website","url":"https:\/\/www.exitfest.org\/fr","name":"EXIT Festival 2025","description":"","publisher":{"@id":"https:\/\/www.exitfest.org\/fr#organization"},"alternateName":"EXIT Festival","potentialAction":[{"@type":"SearchAction","target":{"@type":"EntryPoint","urlTemplate":"https:\/\/www.exitfest.org\/fr?s={search_term_string}"},"query-input":{"@type":"PropertyValueSpecification","valueRequired":true,"valueName":"search_term_string"}}],"inLanguage":"fr-FR"},{"@type":"Organization","@id":"https:\/\/www.exitfest.org\/fr#organization","name":"EXIT Festival","alternateName":"EXIT","url":"https:\/\/www.exitfest.org\/fr","logo":{"@type":"ImageObject","inLanguage":"fr-FR","@id":"https:\/\/www.exitfest.org\/fr#\/schema\/logo\/image\/","url":"https:\/\/www.exitfest.org\/wp-content\/uploads\/2023\/04\/exit-logo-696px.svg","contentUrl":"https:\/\/www.exitfest.org\/wp-content\/uploads\/2023\/04\/exit-logo-696px.svg","width":1,"height":1,"caption":"EXIT Festival"},"image":{"@id":"https:\/\/www.exitfest.org\/fr#\/schema\/logo\/image\/"},"sameAs":["https:\/\/www.facebook.com\/exit.festival","https:\/\/x.com\/exitfestival","https:\/\/instagram.com\/exitfestival","https:\/\/www.linkedin.com\/company\/exit-festival\/","https:\/\/www.youtube.com\/user\/EXITFestivalTV","https:\/\/en.wikipedia.org\/wiki\/Exit_festival","https:\/\/www.tiktok.com\/@exit_festival","https:\/\/www.flickr.com\/photos\/exitfestival","https:\/\/soundcloud.com\/exitfestival","https:\/\/www.mixcloud.com\/exitfestival\/","https:\/\/vb.me\/b827f5","https:\/\/www.deezer.com\/en\/profile\/1441778382","https:\/\/vk.com\/exitfestival"]}]}},"_links":{"self":[{"href":"https:\/\/www.exitfest.org\/fr\/wp-json\/wp\/v2\/pages\/203469","targetHints":{"allow":["GET"]}}],"collection":[{"href":"https:\/\/www.exitfest.org\/fr\/wp-json\/wp\/v2\/pages"}],"about":[{"href":"https:\/\/www.exitfest.org\/fr\/wp-json\/wp\/v2\/types\/page"}],"author":[{"embeddable":true,"href":"https:\/\/www.exitfest.org\/fr\/wp-json\/wp\/v2\/users\/1"}],"replies":[{"embeddable":true,"href":"https:\/\/www.exitfest.org\/fr\/wp-json\/wp\/v2\/comments?post=203469"}],"version-history":[{"count":0,"href":"https:\/\/www.exitfest.org\/fr\/wp-json\/wp\/v2\/pages\/203469\/revisions"}],"wp:attachment":[{"href":"https:\/\/www.exitfest.org\/fr\/wp-json\/wp\/v2\/media?parent=203469"}],"curies":[{"name":"wp","href":"https:\/\/api.w.org\/{rel}","templated":true}]}}