{"id":143091,"date":"2021-09-09T16:11:20","date_gmt":"2021-09-09T14:11:20","guid":{"rendered":"https:\/\/www.exitfest.org\/terms-of-ticket-transfer-to-2022"},"modified":"2021-09-20T10:07:15","modified_gmt":"2021-09-20T08:07:15","slug":"voorwaarden-ticket-transfer-naar-2022","status":"publish","type":"page","link":"https:\/\/www.exitfest.org\/nl\/voorwaarden-ticket-transfer-naar-2022","title":{"rendered":"Voorwaarden Ticket Transfer naar 2022"},"content":{"rendered":"<div class=\"wpb-content-wrapper\"><p>[vc_row el_class=&#8221;container-single uk-container-center&#8221; css=&#8221;.vc_custom_1597312867243{padding-top: 40px !important;padding-bottom: 70px !important;}&#8221;][vc_column][vc_column_text]<\/p>\n<h2>Voorwaarden Ticket Transfer naar 2022<\/h2>\n<p>[\/vc_column_text][vc_separator][vc_column_text]Als je dit jaar niet naar EXIT Festival kon gaan vanwege \u2018epidemische redenen\u2019 (exacte definitie vind je verder op deze pagina), heb je de mogelijkheid om je ticket(s) om te zetten naar 2022. Dit geldt voor alle tickets (festival, camping, lockers). Let op: de deadline voor het overboeken van tickets die via de Nederlandse EXIT pagina zijn gekocht is woensdag 6 oktober 2021.<\/p>\n<p>Het verzoek van de Ticket Transfer kan je sturen naar info@exitfest.nl, inclusief een duidelijke motivering. We zullen dan binnen een week laten weten of je in aanmerking komt voor een Ticket Transfer.<\/p>\n<p>Definitie van \u2018epidemische redenen\u2019:<br \/>\n\u2022 de grens tussen het land waar jij vandaan komt en Servi\u00eb was tijdens het evenement gesloten<br \/>\n\u2022 reizen naar Servi\u00eb zouden hebben geleid tot quarantaine na thuiskomst (zelfs als je een PCR-test zou hebben gedaan)<br \/>\n\u2022 reizen naar Servi\u00eb om toeristische redenen zou hebben geleid tot een financi\u00eble boete na thuiskomst (zelfs als je een PCR-test zou hebben gedaan)<br \/>\n\u2022 je bent positief getest voordat je Servi\u00eb binnenkwam en kon het land niet in<\/p>\n<p>Let op: een Covid-test moeten afleggen om Servi\u00eb binnen te komen is g\u00e9\u00e9n geldige \u2018epidemische reden\u2019.<\/p>\n<p>Als je een andere reden hebt, die hierboven niet is vermeld en die volgens jou als een &#8216;epidemische reden&#8217; moet worden aangemerkt, deel dit dan met ons. We bepalen per geval of je in aanmerking komt.<\/p>\n<p>Heb je vragen? Ook dan kan je contact met ons opnemen via info@exitfest.nl.[\/vc_column_text][\/vc_column][\/vc_row]<\/p>\n<\/div>","protected":false},"excerpt":{"rendered":"<p>[vc_row el_class=&#8221;container-single uk-container-center&#8221; css=&#8221;.vc_custom_1597312867243{padding-top: 40px !important;padding-bottom: 70px !important;}&#8221;][vc_column][vc_column_text] Voorwaarden Ticket Transfer naar 2022 [\/vc_column_text][vc_separator][vc_column_text]Als je dit jaar niet naar EXIT Festival kon gaan vanwege \u2018epidemische redenen\u2019 (exacte definitie vind je<\/p>\n","protected":false},"author":1,"featured_media":0,"parent":0,"menu_order":74,"comment_status":"closed","ping_status":"closed","template":"page-with-hero.php","meta":{"_acf_changed":false,"footnotes":""},"class_list":["post-143091","page","type-page","status-publish","hentry"],"acf":[],"yoast_head":"<!-- This site is optimized with the Yoast SEO plugin v25.6 - https:\/\/yoast.com\/wordpress\/plugins\/seo\/ -->\n<title>Voorwaarden Ticket Transfer naar 2022 - EXIT Festival 2025<\/title>\n<meta name=\"description\" content=\"Als je dit jaar niet naar EXIT Festival kon gaan vanwege \u2018epidemische redenen\u2019, heb je de mogelijkheid om je ticket(s) om te zetten naar 2022.\" \/>\n<meta name=\"robots\" content=\"index, follow, max-snippet:-1, max-image-preview:large, max-video-preview:-1\" \/>\n<link rel=\"canonical\" href=\"https:\/\/www.exitfest.org\/nl\/voorwaarden-ticket-transfer-naar-2022\" \/>\n<meta property=\"og:locale\" content=\"nl_NL\" \/>\n<meta property=\"og:type\" content=\"article\" \/>\n<meta property=\"og:title\" content=\"Voorwaarden Ticket Transfer naar 2022 - EXIT Festival 2025\" \/>\n<meta property=\"og:description\" content=\"Als je dit jaar niet naar EXIT Festival kon gaan vanwege \u2018epidemische redenen\u2019, heb je de mogelijkheid om je ticket(s) om te zetten naar 2022.\" \/>\n<meta property=\"og:url\" content=\"https:\/\/www.exitfest.org\/nl\/voorwaarden-ticket-transfer-naar-2022\" \/>\n<meta property=\"og:site_name\" content=\"EXIT Festival 2025\" \/>\n<meta property=\"article:publisher\" content=\"https:\/\/www.facebook.com\/exit.festival\" \/>\n<meta property=\"article:modified_time\" content=\"2021-09-20T08:07:15+00:00\" \/>\n<meta property=\"og:image\" content=\"https:\/\/www.exitfest.org\/wp-content\/uploads\/2024\/11\/state-of-exit-og-image-2025-exit.jpg\" \/>\n\t<meta property=\"og:image:width\" content=\"1920\" \/>\n\t<meta property=\"og:image:height\" content=\"1080\" \/>\n\t<meta property=\"og:image:type\" content=\"image\/jpeg\" \/>\n<meta name=\"twitter:card\" content=\"summary_large_image\" \/>\n<meta name=\"twitter:site\" content=\"@exitfestival\" \/>\n<script type=\"application\/ld+json\" class=\"yoast-schema-graph\">{\"@context\":\"https:\/\/schema.org\",\"@graph\":[{\"@type\":\"WebPage\",\"@id\":\"https:\/\/www.exitfest.org\/nl\/voorwaarden-ticket-transfer-naar-2022\",\"url\":\"https:\/\/www.exitfest.org\/nl\/voorwaarden-ticket-transfer-naar-2022\",\"name\":\"Voorwaarden Ticket Transfer naar 2022 - EXIT Festival 2025\",\"isPartOf\":{\"@id\":\"https:\/\/www.exitfest.org\/nl#website\"},\"datePublished\":\"2021-09-09T14:11:20+00:00\",\"dateModified\":\"2021-09-20T08:07:15+00:00\",\"description\":\"Als je dit jaar niet naar EXIT Festival kon gaan vanwege \u2018epidemische redenen\u2019, heb je de mogelijkheid om je ticket(s) om te zetten naar 2022.\",\"breadcrumb\":{\"@id\":\"https:\/\/www.exitfest.org\/nl\/voorwaarden-ticket-transfer-naar-2022#breadcrumb\"},\"inLanguage\":\"nl-NL\",\"potentialAction\":[{\"@type\":\"ReadAction\",\"target\":[\"https:\/\/www.exitfest.org\/nl\/voorwaarden-ticket-transfer-naar-2022\"]}]},{\"@type\":\"BreadcrumbList\",\"@id\":\"https:\/\/www.exitfest.org\/nl\/voorwaarden-ticket-transfer-naar-2022#breadcrumb\",\"itemListElement\":[{\"@type\":\"ListItem\",\"position\":1,\"name\":\"Startpagina\",\"item\":\"https:\/\/www.exitfest.org\/nl\"},{\"@type\":\"ListItem\",\"position\":2,\"name\":\"Terms of Ticket Transfer to 2022\"}]},{\"@type\":\"WebSite\",\"@id\":\"https:\/\/www.exitfest.org\/nl#website\",\"url\":\"https:\/\/www.exitfest.org\/nl\",\"name\":\"EXIT Festival 2025\",\"description\":\"\",\"publisher\":{\"@id\":\"https:\/\/www.exitfest.org\/nl#organization\"},\"alternateName\":\"EXIT Festival\",\"potentialAction\":[{\"@type\":\"SearchAction\",\"target\":{\"@type\":\"EntryPoint\",\"urlTemplate\":\"https:\/\/www.exitfest.org\/nl?s={search_term_string}\"},\"query-input\":{\"@type\":\"PropertyValueSpecification\",\"valueRequired\":true,\"valueName\":\"search_term_string\"}}],\"inLanguage\":\"nl-NL\"},{\"@type\":\"Organization\",\"@id\":\"https:\/\/www.exitfest.org\/nl#organization\",\"name\":\"EXIT Festival\",\"alternateName\":\"EXIT\",\"url\":\"https:\/\/www.exitfest.org\/nl\",\"logo\":{\"@type\":\"ImageObject\",\"inLanguage\":\"nl-NL\",\"@id\":\"https:\/\/www.exitfest.org\/nl#\/schema\/logo\/image\/\",\"url\":\"https:\/\/www.exitfest.org\/wp-content\/uploads\/2023\/04\/exit-logo-696px.svg\",\"contentUrl\":\"https:\/\/www.exitfest.org\/wp-content\/uploads\/2023\/04\/exit-logo-696px.svg\",\"width\":1,\"height\":1,\"caption\":\"EXIT Festival\"},\"image\":{\"@id\":\"https:\/\/www.exitfest.org\/nl#\/schema\/logo\/image\/\"},\"sameAs\":[\"https:\/\/www.facebook.com\/exit.festival\",\"https:\/\/x.com\/exitfestival\",\"https:\/\/instagram.com\/exitfestival\",\"https:\/\/www.linkedin.com\/company\/exit-festival\/\",\"https:\/\/www.youtube.com\/user\/EXITFestivalTV\",\"https:\/\/en.wikipedia.org\/wiki\/Exit_festival\",\"https:\/\/www.tiktok.com\/@exit_festival\",\"https:\/\/www.flickr.com\/photos\/exitfestival\",\"https:\/\/soundcloud.com\/exitfestival\",\"https:\/\/www.mixcloud.com\/exitfestival\/\",\"https:\/\/vb.me\/b827f5\",\"https:\/\/www.deezer.com\/en\/profile\/1441778382\",\"https:\/\/vk.com\/exitfestival\"]}]}<\/script>\n<!-- \/ Yoast SEO plugin. -->","yoast_head_json":{"title":"Voorwaarden Ticket Transfer naar 2022 - EXIT Festival 2025","description":"Als je dit jaar niet naar EXIT Festival kon gaan vanwege \u2018epidemische redenen\u2019, heb je de mogelijkheid om je ticket(s) om te zetten naar 2022.","robots":{"index":"index","follow":"follow","max-snippet":"max-snippet:-1","max-image-preview":"max-image-preview:large","max-video-preview":"max-video-preview:-1"},"canonical":"https:\/\/www.exitfest.org\/nl\/voorwaarden-ticket-transfer-naar-2022","og_locale":"nl_NL","og_type":"article","og_title":"Voorwaarden Ticket Transfer naar 2022 - EXIT Festival 2025","og_description":"Als je dit jaar niet naar EXIT Festival kon gaan vanwege \u2018epidemische redenen\u2019, heb je de mogelijkheid om je ticket(s) om te zetten naar 2022.","og_url":"https:\/\/www.exitfest.org\/nl\/voorwaarden-ticket-transfer-naar-2022","og_site_name":"EXIT Festival 2025","article_publisher":"https:\/\/www.facebook.com\/exit.festival","article_modified_time":"2021-09-20T08:07:15+00:00","og_image":[{"width":1920,"height":1080,"url":"https:\/\/www.exitfest.org\/wp-content\/uploads\/2024\/11\/state-of-exit-og-image-2025-exit.jpg","type":"image\/jpeg"}],"twitter_card":"summary_large_image","twitter_site":"@exitfestival","schema":{"@context":"https:\/\/schema.org","@graph":[{"@type":"WebPage","@id":"https:\/\/www.exitfest.org\/nl\/voorwaarden-ticket-transfer-naar-2022","url":"https:\/\/www.exitfest.org\/nl\/voorwaarden-ticket-transfer-naar-2022","name":"Voorwaarden Ticket Transfer naar 2022 - EXIT Festival 2025","isPartOf":{"@id":"https:\/\/www.exitfest.org\/nl#website"},"datePublished":"2021-09-09T14:11:20+00:00","dateModified":"2021-09-20T08:07:15+00:00","description":"Als je dit jaar niet naar EXIT Festival kon gaan vanwege \u2018epidemische redenen\u2019, heb je de mogelijkheid om je ticket(s) om te zetten naar 2022.","breadcrumb":{"@id":"https:\/\/www.exitfest.org\/nl\/voorwaarden-ticket-transfer-naar-2022#breadcrumb"},"inLanguage":"nl-NL","potentialAction":[{"@type":"ReadAction","target":["https:\/\/www.exitfest.org\/nl\/voorwaarden-ticket-transfer-naar-2022"]}]},{"@type":"BreadcrumbList","@id":"https:\/\/www.exitfest.org\/nl\/voorwaarden-ticket-transfer-naar-2022#breadcrumb","itemListElement":[{"@type":"ListItem","position":1,"name":"Startpagina","item":"https:\/\/www.exitfest.org\/nl"},{"@type":"ListItem","position":2,"name":"Terms of Ticket Transfer to 2022"}]},{"@type":"WebSite","@id":"https:\/\/www.exitfest.org\/nl#website","url":"https:\/\/www.exitfest.org\/nl","name":"EXIT Festival 2025","description":"","publisher":{"@id":"https:\/\/www.exitfest.org\/nl#organization"},"alternateName":"EXIT Festival","potentialAction":[{"@type":"SearchAction","target":{"@type":"EntryPoint","urlTemplate":"https:\/\/www.exitfest.org\/nl?s={search_term_string}"},"query-input":{"@type":"PropertyValueSpecification","valueRequired":true,"valueName":"search_term_string"}}],"inLanguage":"nl-NL"},{"@type":"Organization","@id":"https:\/\/www.exitfest.org\/nl#organization","name":"EXIT Festival","alternateName":"EXIT","url":"https:\/\/www.exitfest.org\/nl","logo":{"@type":"ImageObject","inLanguage":"nl-NL","@id":"https:\/\/www.exitfest.org\/nl#\/schema\/logo\/image\/","url":"https:\/\/www.exitfest.org\/wp-content\/uploads\/2023\/04\/exit-logo-696px.svg","contentUrl":"https:\/\/www.exitfest.org\/wp-content\/uploads\/2023\/04\/exit-logo-696px.svg","width":1,"height":1,"caption":"EXIT Festival"},"image":{"@id":"https:\/\/www.exitfest.org\/nl#\/schema\/logo\/image\/"},"sameAs":["https:\/\/www.facebook.com\/exit.festival","https:\/\/x.com\/exitfestival","https:\/\/instagram.com\/exitfestival","https:\/\/www.linkedin.com\/company\/exit-festival\/","https:\/\/www.youtube.com\/user\/EXITFestivalTV","https:\/\/en.wikipedia.org\/wiki\/Exit_festival","https:\/\/www.tiktok.com\/@exit_festival","https:\/\/www.flickr.com\/photos\/exitfestival","https:\/\/soundcloud.com\/exitfestival","https:\/\/www.mixcloud.com\/exitfestival\/","https:\/\/vb.me\/b827f5","https:\/\/www.deezer.com\/en\/profile\/1441778382","https:\/\/vk.com\/exitfestival"]}]}},"_links":{"self":[{"href":"https:\/\/www.exitfest.org\/nl\/wp-json\/wp\/v2\/pages\/143091","targetHints":{"allow":["GET"]}}],"collection":[{"href":"https:\/\/www.exitfest.org\/nl\/wp-json\/wp\/v2\/pages"}],"about":[{"href":"https:\/\/www.exitfest.org\/nl\/wp-json\/wp\/v2\/types\/page"}],"author":[{"embeddable":true,"href":"https:\/\/www.exitfest.org\/nl\/wp-json\/wp\/v2\/users\/1"}],"replies":[{"embeddable":true,"href":"https:\/\/www.exitfest.org\/nl\/wp-json\/wp\/v2\/comments?post=143091"}],"version-history":[{"count":0,"href":"https:\/\/www.exitfest.org\/nl\/wp-json\/wp\/v2\/pages\/143091\/revisions"}],"wp:attachment":[{"href":"https:\/\/www.exitfest.org\/nl\/wp-json\/wp\/v2\/media?parent=143091"}],"curies":[{"name":"wp","href":"https:\/\/api.w.org\/{rel}","templated":true}]}}